{"id":9016,"date":"2025-07-01T14:37:05","date_gmt":"2025-07-01T12:37:05","guid":{"rendered":"https:\/\/www.biokari.sk\/produkt\/gal-vitamin-pouzivajte-pred-cez-a-po-tehotenstve-30-davok\/"},"modified":"2026-02-12T18:02:08","modified_gmt":"2026-02-12T17:02:08","slug":"gal-vitamin-pouzivajte-pred-cez-a-po-tehotenstve-30-davok","status":"publish","type":"product","link":"https:\/\/www.biokari.sk\/hu\/termek\/gal-vitamin-pouzivajte-pred-cez-a-po-tehotenstve-30-davok\/","title":{"rendered":"Gal Vitam\u00edn Pou\u017e\u00edvajte pred, cez a po tehotenstve 30 d\u00e1vok"},"content":{"rendered":"<p data-start=\"153\" data-end=\"451\"><strong data-start=\"153\" data-end=\"177\">Vitam\u00edn<\/strong> bol vyvinut\u00fd na z\u00e1klade najnov\u0161\u00edch vedeck\u00fdch poznatkov, s d\u00f4razom na prirodzenos\u0165 a realistick\u00e9 denn\u00e9 d\u00e1vky.<br data-start=\"286\" data-end=\"289\" \/>Obsahuje v\u0161etky vitam\u00edny, miner\u00e1ly a stopov\u00e9 prvky v <strong data-start=\"342\" data-end=\"386\">ide\u00e1lnych form\u00e1ch, mno\u017estv\u00e1ch a pomeroch<\/strong>, podobne ako by sme ich prij\u00edmali z pestrej a v\u00fd\u017eivnej stravy.<\/p>\n<p data-start=\"453\" data-end=\"699\">\u00da\u010dinn\u00e9 l\u00e1tky s\u00fa pr\u00edtomn\u00e9 v <strong data-start=\"480\" data-end=\"502\">pr\u00edrodn\u00fdch form\u00e1ch<\/strong>, z ve\u013ekej \u010dasti poch\u00e1dzaj\u00fa z organick\u00e9ho (bio) pestovania lie\u010div\u00fdch a aromatick\u00fdch rastl\u00edn. Obsahuj\u00fa aj <strong data-start=\"607\" data-end=\"621\">ko-faktory<\/strong>, ktor\u00e9 sa prirodzene nach\u00e1dzaj\u00fa v rastlin\u00e1ch spolu s vitam\u00ednmi a miner\u00e1lmi.<\/p>\n<p data-start=\"701\" data-end=\"798\">Denn\u00e1 d\u00e1vka poskytuje <strong data-start=\"723\" data-end=\"742\">\u00fa\u010dinn\u00e9 mno\u017estvo<\/strong>, no neprekra\u010duje hranicu re\u00e1lne prijate\u013en\u00fa zo stravy.<\/p>\n<h2 data-start=\"805\" data-end=\"820\"><strong data-start=\"808\" data-end=\"820\">U\u017e\u00edvanie<\/strong><\/h2>\n<ul data-start=\"822\" data-end=\"977\">\n<li data-start=\"822\" data-end=\"914\">\n<p data-start=\"824\" data-end=\"914\">Odpor\u00fa\u010da sa u\u017e od f\u00e1zy pl\u00e1novania die\u0165a\u0165a, ide\u00e1lne <strong data-start=\"875\" data-end=\"911\">minim\u00e1lne 3 mesiace pred po\u010dat\u00edm<\/strong>.<\/p>\n<\/li>\n<li data-start=\"915\" data-end=\"977\">\n<p data-start=\"917\" data-end=\"977\">U\u017e\u00edvajte po\u010das tehotenstva a doj\u010denia, pr\u00edpadne aj dlh\u0161ie.<\/p>\n<\/li>\n<\/ul>\n<p data-start=\"979\" data-end=\"997\"><strong data-start=\"979\" data-end=\"995\">Napi adag:<\/strong><\/p>\n<ul data-start=\"998\" data-end=\"1136\">\n<li data-start=\"998\" data-end=\"1042\">\n<p data-start=\"1000\" data-end=\"1042\">1 ks <em data-start=\"1005\" data-end=\"1032\">Lipofiln\u00e1 olejov\u00e1 kapsula<\/em> (hned\u00e1)<\/p>\n<\/li>\n<li data-start=\"1043\" data-end=\"1092\">\n<p data-start=\"1045\" data-end=\"1092\">2 ks <em data-start=\"1050\" data-end=\"1079\">Hydrofiln\u00e1 pr\u00e1\u0161kov\u00e1 kapsula<\/em> (oran\u017eov\u00e1)<\/p>\n<\/li>\n<li data-start=\"1093\" data-end=\"1136\">\n<p data-start=\"1095\" data-end=\"1136\">5 ml (4,4 g) <em data-start=\"1108\" data-end=\"1134\">doplnkov\u00fd pr\u00e1\u0161kov\u00fd n\u00e1poj<\/em><\/p>\n<\/li>\n<\/ul>\n<p data-start=\"1138\" data-end=\"1164\"><strong data-start=\"1138\" data-end=\"1162\">Odpor\u00fa\u010dan\u00e9 u\u017e\u00edvanie:<\/strong><\/p>\n<ul data-start=\"1165\" data-end=\"1332\">\n<li data-start=\"1165\" data-end=\"1243\">\n<p data-start=\"1167\" data-end=\"1243\">Kapsuly: po\u010das jedla, najlep\u0161ie pri ra\u0148ajk\u00e1ch alebo obede, nie pri ve\u010deri.<\/p>\n<\/li>\n<li data-start=\"1244\" data-end=\"1332\">\n<p data-start=\"1246\" data-end=\"1332\">Pr\u00e1\u0161kov\u00fd n\u00e1poj: rozpusti\u0165 vo vode. Najlep\u0161ie rozdeli\u0165 na 2 d\u00e1vky (r\u00e1no + popoludn\u00ed).<\/p>\n<\/li>\n<\/ul>\n<h2 data-start=\"1339\" data-end=\"1371\"><strong data-start=\"1342\" data-end=\"1371\">Zlo\u017eenie \u2013 v dennej d\u00e1vke<\/strong><\/h2>\n<h3 data-start=\"1373\" data-end=\"1385\">Vitaminok<\/h3>\n<ul data-start=\"1386\" data-end=\"1725\">\n<li data-start=\"1386\" data-end=\"1409\">\n<p data-start=\"1388\" data-end=\"1409\">Vitam\u00edn A: 1 500 \u00b5g<\/p>\n<\/li>\n<li data-start=\"1410\" data-end=\"1431\">\n<p data-start=\"1412\" data-end=\"1431\">Vitam\u00edn B1: 50 mg<\/p>\n<\/li>\n<li data-start=\"1432\" data-end=\"1453\">\n<p data-start=\"1434\" data-end=\"1453\">Vitam\u00edn B2: 20 mg<\/p>\n<\/li>\n<li data-start=\"1454\" data-end=\"1475\">\n<p data-start=\"1456\" data-end=\"1475\">Vitam\u00edn B3: 16 mg<\/p>\n<\/li>\n<li data-start=\"1476\" data-end=\"1498\">\n<p data-start=\"1478\" data-end=\"1498\">Vitam\u00edn B5: 100 mg<\/p>\n<\/li>\n<li data-start=\"1499\" data-end=\"1520\">\n<p data-start=\"1501\" data-end=\"1520\">Vitam\u00edn B6: 25 mg<\/p>\n<\/li>\n<li data-start=\"1521\" data-end=\"1546\">\n<p data-start=\"1523\" data-end=\"1546\">Biot\u00edn (B7): 1 000 \u00b5g<\/p>\n<\/li>\n<li data-start=\"1547\" data-end=\"1564\">\n<p data-start=\"1549\" data-end=\"1564\">Fol\u00e1t: 600 \u00b5g<\/p>\n<\/li>\n<li data-start=\"1565\" data-end=\"1585\">\n<p data-start=\"1567\" data-end=\"1585\">Inozitol: 100 mg<\/p>\n<\/li>\n<li data-start=\"1586\" data-end=\"1609\">\n<p data-start=\"1588\" data-end=\"1609\">Vitam\u00edn B12: 300 \u00b5g<\/p>\n<\/li>\n<li data-start=\"1610\" data-end=\"1633\">\n<p data-start=\"1612\" data-end=\"1633\">Vitam\u00edn C: 2 000 mg<\/p>\n<\/li>\n<li data-start=\"1634\" data-end=\"1658\">\n<p data-start=\"1636\" data-end=\"1658\">Vitam\u00edn D3: 4 000 IU<\/p>\n<\/li>\n<li data-start=\"1659\" data-end=\"1679\">\n<p data-start=\"1661\" data-end=\"1679\">Vitam\u00edn E: 67 mg<\/p>\n<\/li>\n<li data-start=\"1680\" data-end=\"1702\">\n<p data-start=\"1682\" data-end=\"1702\">Vitam\u00edn K1: 900 \u00b5g<\/p>\n<\/li>\n<li data-start=\"1703\" data-end=\"1725\">\n<p data-start=\"1705\" data-end=\"1725\">Vitam\u00edn K2: 100 \u00b5g<\/p>\n<\/li>\n<\/ul>\n<h3 data-start=\"1727\" data-end=\"1755\">Miner\u00e1ly a stopov\u00e9 prvky<\/h3>\n<ul data-start=\"1756\" data-end=\"1911\">\n<li data-start=\"1756\" data-end=\"1774\">\n<p data-start=\"1758\" data-end=\"1774\">Hor\u010d\u00edk: 250 mg<\/p>\n<\/li>\n<li data-start=\"1775\" data-end=\"1790\">\n<p data-start=\"1777\" data-end=\"1790\">J\u00f3d: 225 \u00b5g<\/p>\n<\/li>\n<li data-start=\"1791\" data-end=\"1807\">\n<p data-start=\"1793\" data-end=\"1807\">Zinok: 15 mg<\/p>\n<\/li>\n<li data-start=\"1808\" data-end=\"1823\">\n<p data-start=\"1810\" data-end=\"1823\">Me\u010f: 1,5 mg<\/p>\n<\/li>\n<li data-start=\"1824\" data-end=\"1841\">\n<p data-start=\"1826\" data-end=\"1841\">Sel\u00e9n: 120 \u00b5g<\/p>\n<\/li>\n<li data-start=\"1842\" data-end=\"1858\">\n<p data-start=\"1844\" data-end=\"1858\">Chr\u00f3m: 60 \u00b5g<\/p>\n<\/li>\n<li data-start=\"1859\" data-end=\"1879\">\n<p data-start=\"1861\" data-end=\"1879\">Molibd\u00e9n: 100 \u00b5g<\/p>\n<\/li>\n<li data-start=\"1880\" data-end=\"1893\">\n<p data-start=\"1882\" data-end=\"1893\">B\u00f3r: 2 mg<\/p>\n<\/li>\n<li data-start=\"1894\" data-end=\"1911\">\n<p data-start=\"1896\" data-end=\"1911\">Krem\u00edk: 25 mg<\/p>\n<\/li>\n<\/ul>\n<h3 data-start=\"1913\" data-end=\"1937\">Ostatn\u00e9 \u00fa\u010dinn\u00e9 l\u00e1tky<\/h3>\n<ul data-start=\"1938\" data-end=\"2038\">\n<li data-start=\"1938\" data-end=\"1987\">\n<p data-start=\"1940\" data-end=\"1987\">BioPerine\u00ae extrakt z \u010dierneho korenia: 2,5 mg<\/p>\n<\/li>\n<li data-start=\"1988\" data-end=\"2019\">\n<p data-start=\"1990\" data-end=\"2019\">List gr\u00e9ckej \u0161alvie: 2,5 mg<\/p>\n<\/li>\n<li data-start=\"2020\" data-end=\"2038\">\n<p data-start=\"2022\" data-end=\"2038\">Taur\u00edn: 500 mg<\/p>\n<\/li>\n<\/ul>\n<p data-start=\"2040\" data-end=\"2138\">\u26a0\ufe0f <strong data-start=\"2043\" data-end=\"2054\">\u017delezo:<\/strong> produkt neobsahuje. U\u017e\u00edvajte iba pri preuk\u00e1zanom nedostatku a po kontrole hlad\u00edn.<\/p>","protected":false},"excerpt":{"rendered":"<p>Vitam\u00edn bol vyvinut\u00fd na z\u00e1klade najnov\u0161\u00edch vedeck\u00fdch poznatkov, s d\u00f4razom na prirodzenos\u0165 a realistick\u00e9 denn\u00e9 d\u00e1vky.Obsahuje v\u0161etky vitam\u00edny, miner\u00e1ly a stopov\u00e9 prvky v ide\u00e1lnych form\u00e1ch, mno\u017estv\u00e1ch a pomeroch, podobne ako by sme ich prij\u00edmali z pestrej a v\u00fd\u017eivnej stravy. \u00da\u010dinn\u00e9 l\u00e1tky s\u00fa pr\u00edtomn\u00e9 v pr\u00edrodn\u00fdch form\u00e1ch, z ve\u013ekej \u010dasti poch\u00e1dzaj\u00fa z organick\u00e9ho (bio) pestovania lie\u010div\u00fdch [&hellip;]<\/p>","protected":false},"featured_media":10052,"comment_status":"open","ping_status":"closed","template":"","meta":{"inline_featured_image":false},"product_brand":[113],"product_cat":[69],"product_tag":[],"class_list":{"0":"post-9016","1":"product","2":"type-product","3":"status-publish","4":"has-post-thumbnail","6":"product_brand-gal","7":"product_cat-vyzivove-doplnky","9":"first","10":"instock","11":"taxable","12":"shipping-taxable","13":"purchasable","14":"product-type-simple"},"aioseo_notices":[],"_links":{"self":[{"href":"https:\/\/www.biokari.sk\/hu\/wp-json\/wp\/v2\/product\/9016","targetHints":{"allow":["GET"]}}],"collection":[{"href":"https:\/\/www.biokari.sk\/hu\/wp-json\/wp\/v2\/product"}],"about":[{"href":"https:\/\/www.biokari.sk\/hu\/wp-json\/wp\/v2\/types\/product"}],"replies":[{"embeddable":true,"href":"https:\/\/www.biokari.sk\/hu\/wp-json\/wp\/v2\/comments?post=9016"}],"wp:featuredmedia":[{"embeddable":true,"href":"https:\/\/www.biokari.sk\/hu\/wp-json\/wp\/v2\/media\/10052"}],"wp:attachment":[{"href":"https:\/\/www.biokari.sk\/hu\/wp-json\/wp\/v2\/media?parent=9016"}],"wp:term":[{"taxonomy":"product_brand","embeddable":true,"href":"https:\/\/www.biokari.sk\/hu\/wp-json\/wp\/v2\/product_brand?post=9016"},{"taxonomy":"product_cat","embeddable":true,"href":"https:\/\/www.biokari.sk\/hu\/wp-json\/wp\/v2\/product_cat?post=9016"},{"taxonomy":"product_tag","embeddable":true,"href":"https:\/\/www.biokari.sk\/hu\/wp-json\/wp\/v2\/product_tag?post=9016"}],"curies":[{"name":"wp","href":"https:\/\/api.w.org\/{rel}","templated":true}]}}