{"id":9052,"date":"2025-07-01T14:37:13","date_gmt":"2025-07-01T12:37:13","guid":{"rendered":"https:\/\/www.biokari.sk\/produkt\/bioco-cd-junior-vitamin-100ks\/"},"modified":"2026-04-29T22:09:02","modified_gmt":"2026-04-29T20:09:02","slug":"bioco-cd-junior-vitamin-100ks","status":"publish","type":"product","link":"https:\/\/www.biokari.sk\/hu\/termek\/bioco-cd-junior-vitamin-100ks\/","title":{"rendered":"Bioco C+D Junior Vitam\u00edn 100ks"},"content":{"rendered":"<h4 data-start=\"222\" data-end=\"269\">V\u00fd\u017eivov\u00fd doplnok s vysok\u00fdm obsahom vitam\u00ednov:<\/h4>\n<ul data-start=\"270\" data-end=\"378\">\n<li data-start=\"270\" data-end=\"319\">\n<h4 data-start=\"272\" data-end=\"319\"><strong data-start=\"272\" data-end=\"293\">500 mg vitam\u00ednu C<\/strong> v 1 tablete (625 % NRV)<\/h4>\n<\/li>\n<li data-start=\"320\" data-end=\"378\">\n<h4 data-start=\"322\" data-end=\"378\"><strong data-start=\"322\" data-end=\"352\">20 \u00b5g (800 IU) vitam\u00ednu D3<\/strong> v 1 tablete (400 % NRV)<\/h4>\n<\/li>\n<\/ul>\n<h4 data-start=\"380\" data-end=\"522\">\u2705 Potrebn\u00e9 pre rast a v\u00fdvoj kost\u00ed u det\u00ed<br data-start=\"420\" data-end=\"423\" \/>\u2705 Podpora imunity a vitality<br data-start=\"451\" data-end=\"454\" \/>\u2705 Ide\u00e1lne v zimn\u00fdch mesiacoch alebo pri zv\u00fd\u0161enej potrebe vitam\u00ednov<\/h4>\n<h4 data-start=\"524\" data-end=\"551\">Odpor\u00fa\u010dan\u00e9 d\u00e1vkovanie<\/h4>\n<h4 data-start=\"552\" data-end=\"641\">Deti od 3 rokov: <strong data-start=\"569\" data-end=\"596\">1 \u017euvacia tableta denne<\/strong>, po jedle, roz\u017eu\u0165 alebo pomaly rozslopka\u0165.<\/h4>\n<h4 data-start=\"643\" data-end=\"673\">\u00da\u010dinn\u00e9 l\u00e1tky v 1 tablete<\/h4>\n<ul data-start=\"674\" data-end=\"754\">\n<li data-start=\"674\" data-end=\"709\">\n<h4 data-start=\"676\" data-end=\"709\">Vitam\u00edn C \u2013 500 mg (625 % NRV*)<\/h4>\n<\/li>\n<li data-start=\"710\" data-end=\"754\">\n<h4 data-start=\"712\" data-end=\"754\">Vitam\u00edn D3 \u2013 20 \u00b5g = 800 IU (400 % NRV*)<\/h4>\n<\/li>\n<\/ul>\n<h4 data-start=\"756\" data-end=\"807\">*NRV = Referen\u010dn\u00e1 v\u00fd\u017eivov\u00e1 hodnota pre dospel\u00fdch<\/h4>\n<h4 data-start=\"809\" data-end=\"823\"><strong>\u00d6sszet\u00e9tel:<\/strong>\u00a0Dextr\u00f3za, sodn\u00e1 so\u013e askorbovej kyseliny, L-askorbov\u00e1 kyselina, po\u0165ahov\u00e1 l\u00e1tka (mastn\u00e9 kyseliny), maltodextr\u00edn, ar\u00f3ma lesn\u00e1 zmes, protihrudkuj\u00face l\u00e1tky (oxid kremi\u010dit\u00fd), sladidl\u00e1 (sukral\u00f3za, sodn\u00e1 so\u013e cyklamovej kyseliny), kolekalciferol.<\/h4>\n<h4 data-start=\"1065\" data-end=\"1082\"><strong>T\u00e1rol\u00e1s:<\/strong>\u00a0Uchov\u00e1vajte na suchom mieste, chr\u00e1nenom pred slne\u010dn\u00fdm \u017eiaren\u00edm, pri izbovej teplote (15\u201325 \u00b0C).<br data-start=\"1178\" data-end=\"1181\" \/>Po otvoren\u00ed starostlivo uzatv\u00e1ra\u0165 vie\u010dko. Po prvom otvoren\u00ed odpor\u00fa\u010dame spotrebova\u0165 do 2 mesiacov. Chr\u00e1ni\u0165 pred vlhkos\u0165ou!<\/h4>\n<h4 data-start=\"1306\" data-end=\"1323\"><strong>\u00c9rtes\u00edt\u00e9s<\/strong>:\u00a0Neprekra\u010dujte odpor\u00fa\u010dan\u00fa denn\u00fa d\u00e1vku.\u00a0V\u00fd\u017eivov\u00fd doplnok nie je n\u00e1hradou pestrej a vyv\u00e1\u017eenej stravy a zdrav\u00e9ho \u017eivotn\u00e9ho \u0161t\u00fdlu.\u00a0Uchov\u00e1vajte mimo dosahu det\u00ed. Nevhodn\u00e9 pre osoby s precitlivenos\u0165ou na niektor\u00fa zo zlo\u017eiek. \u201eBioCo\u201c je registrovan\u00fd n\u00e1zov spolo\u010dnosti, nejde o ekologick\u00fa certifik\u00e1ciu.<\/h4>\n<p><strong data-start=\"111\" data-end=\"123\">Csomagol\u00e1s:<\/strong> 100 \u017euvac\u00edch tabliet (140 g)<\/p>","protected":false},"excerpt":{"rendered":"<p>V\u00fd\u017eivov\u00fd doplnok s vysok\u00fdm obsahom vitam\u00ednov: 500 mg vitam\u00ednu C v 1 tablete (625 % NRV) 20 \u00b5g (800 IU) vitam\u00ednu D3 v 1 tablete (400 % NRV) \u2705 Potrebn\u00e9 pre rast a v\u00fdvoj kost\u00ed u det\u00ed\u2705 Podpora imunity a vitality\u2705 Ide\u00e1lne v zimn\u00fdch mesiacoch alebo pri zv\u00fd\u0161enej potrebe vitam\u00ednov Odpor\u00fa\u010dan\u00e9 d\u00e1vkovanie Deti od 3 [&hellip;]<\/p>","protected":false},"featured_media":10000,"comment_status":"open","ping_status":"closed","template":"","meta":{"inline_featured_image":false},"product_brand":[305],"product_cat":[385,380,69,140],"product_tag":[],"class_list":{"0":"post-9052","1":"product","2":"type-product","3":"status-publish","4":"has-post-thumbnail","6":"product_brand-bioco","7":"product_cat-pre-deti","8":"product_cat-tabletky-posilnenie-imunity","9":"product_cat-vyzivove-doplnky","10":"product_cat-posilnenie-imunity","12":"first","13":"instock","14":"taxable","15":"shipping-taxable","16":"purchasable","17":"product-type-simple"},"aioseo_notices":[],"_links":{"self":[{"href":"https:\/\/www.biokari.sk\/hu\/wp-json\/wp\/v2\/product\/9052","targetHints":{"allow":["GET"]}}],"collection":[{"href":"https:\/\/www.biokari.sk\/hu\/wp-json\/wp\/v2\/product"}],"about":[{"href":"https:\/\/www.biokari.sk\/hu\/wp-json\/wp\/v2\/types\/product"}],"replies":[{"embeddable":true,"href":"https:\/\/www.biokari.sk\/hu\/wp-json\/wp\/v2\/comments?post=9052"}],"wp:featuredmedia":[{"embeddable":true,"href":"https:\/\/www.biokari.sk\/hu\/wp-json\/wp\/v2\/media\/10000"}],"wp:attachment":[{"href":"https:\/\/www.biokari.sk\/hu\/wp-json\/wp\/v2\/media?parent=9052"}],"wp:term":[{"taxonomy":"product_brand","embeddable":true,"href":"https:\/\/www.biokari.sk\/hu\/wp-json\/wp\/v2\/product_brand?post=9052"},{"taxonomy":"product_cat","embeddable":true,"href":"https:\/\/www.biokari.sk\/hu\/wp-json\/wp\/v2\/product_cat?post=9052"},{"taxonomy":"product_tag","embeddable":true,"href":"https:\/\/www.biokari.sk\/hu\/wp-json\/wp\/v2\/product_tag?post=9052"}],"curies":[{"name":"wp","href":"https:\/\/api.w.org\/{rel}","templated":true}]}}