{"id":9056,"date":"2025-07-01T14:37:13","date_gmt":"2025-07-01T12:37:13","guid":{"rendered":"https:\/\/www.biokari.sk\/produkt\/gal-multivitamin-90-davok\/"},"modified":"2026-04-14T12:09:23","modified_gmt":"2026-04-14T10:09:23","slug":"gal-multivitamin-90-davok","status":"publish","type":"product","link":"https:\/\/www.biokari.sk\/hu\/termek\/gal-multivitamin-90-davok\/","title":{"rendered":"Gal Multivitamin 90 d\u00e1vok"},"content":{"rendered":"<p data-start=\"146\" data-end=\"164\"><strong data-start=\"146\" data-end=\"162\">Napi adag:<\/strong><\/p>\n<ul data-start=\"165\" data-end=\"293\">\n<li data-start=\"165\" data-end=\"202\">\n<p data-start=\"167\" data-end=\"202\">1\u00d7 kapsula <strong data-start=\"178\" data-end=\"192\">C-vitaminu<\/strong> (biela)<\/p>\n<\/li>\n<li data-start=\"203\" data-end=\"247\">\n<p data-start=\"205\" data-end=\"247\">1\u00d7 kapsula <strong data-start=\"216\" data-end=\"237\">Lipofil \u2013 olejov\u00e1<\/strong> (hned\u00e1)<\/p>\n<\/li>\n<li data-start=\"248\" data-end=\"293\">\n<p data-start=\"250\" data-end=\"293\">2\u00d7 kapsuly <strong data-start=\"261\" data-end=\"284\">Hydrofil \u2013 pr\u00e1\u0161kov\u00e1<\/strong> (\u017elt\u00e1)<\/p>\n<\/li>\n<\/ul>\n<h4 data-start=\"295\" data-end=\"309\"><strong>Alkalmaz\u00e1s:<\/strong>\u00a0Po pou\u017eit\u00ed vytla\u010dte zo s\u00e1\u010dku \u010do najviac vzduchu a d\u00f4kladne uzavrite zipsov\u00fd uz\u00e1ver, aby sa zachovala \u010derstvos\u0165.<\/h4>\n<ul data-start=\"455\" data-end=\"864\">\n<li data-start=\"455\" data-end=\"504\">\n<h4 data-start=\"457\" data-end=\"504\">Vyvinut\u00fd pod\u013ea najnov\u0161\u00edch vedeck\u00fdch poznatkov<\/h4>\n<\/li>\n<li data-start=\"505\" data-end=\"599\">\n<h4 data-start=\"507\" data-end=\"599\">Obsahuje v\u0161etky vitam\u00edny, miner\u00e1ly a stopov\u00e9 prvky v <strong data-start=\"560\" data-end=\"597\">ide\u00e1lnej forme, mno\u017estve a pomere<\/strong><\/h4>\n<\/li>\n<li data-start=\"600\" data-end=\"704\">\n<h4 data-start=\"602\" data-end=\"704\">\u010cas\u0165 \u00fa\u010dinn\u00fdch l\u00e1tok poch\u00e1dza z <strong data-start=\"633\" data-end=\"665\">organick\u00e9ho pestovania (bio)<\/strong> \u2013 z lie\u010div\u00fdch a koreninov\u00fdch rastl\u00edn<\/h4>\n<\/li>\n<li data-start=\"705\" data-end=\"828\">\n<h4 data-start=\"707\" data-end=\"828\">Denn\u00e1 d\u00e1vka obsahuje <strong data-start=\"728\" data-end=\"764\">\u00fa\u010dinn\u00e9, ale realistick\u00e9 mno\u017estv\u00e1<\/strong>, ktor\u00e9 zodpovedaj\u00fa prirodzene dosiahnute\u013en\u00e9mu pr\u00edjmu potravou<\/h4>\n<\/li>\n<li data-start=\"829\" data-end=\"864\">\n<h4 data-start=\"831\" data-end=\"864\">Bez zbyto\u010dn\u00fdch pr\u00eddavn\u00fdch l\u00e1tok<\/h4>\n<\/li>\n<\/ul>\n<h4 data-start=\"866\" data-end=\"902\">Odpor\u00fa\u010dan\u00e9 doplnky (volite\u013en\u00e9)<\/h4>\n<ul data-start=\"903\" data-end=\"1172\">\n<li data-start=\"903\" data-end=\"1008\">\n<h4 data-start=\"905\" data-end=\"1008\">Ak nekonzumujete <strong data-start=\"922\" data-end=\"954\">morsk\u00e9 ryby alebo plody mora<\/strong> aspo\u0148 1\u20132\u00d7 t\u00fd\u017edenne: odpor\u00fa\u010dame <strong data-start=\"987\" data-end=\"1006\">GAL Omega-3 Eco<\/strong><\/h4>\n<\/li>\n<li data-start=\"1009\" data-end=\"1172\">\n<h4 data-start=\"1011\" data-end=\"1172\">Ak je va\u0161a strava <strong data-start=\"1029\" data-end=\"1051\">chudobn\u00e1 na hor\u010d\u00edk<\/strong> (m\u00e1lo diviny, m\u00e4kk\u00fd\u0161ov, zelen\u00fdch listov\u00fdch rastl\u00edn, quinoy, tekvice): odpor\u00fa\u010dame kvalitn\u00fd hor\u010d\u00edk (v ponuke 2 varianty)<\/h4>\n<\/li>\n<\/ul>\n<h4 data-start=\"1174\" data-end=\"1191\"><strong>Figyelmeztet\u00e9s:<\/strong> Neprekra\u010dujte odpor\u00fa\u010dan\u00fa denn\u00fa d\u00e1vku. V\u00fd\u017eivov\u00fd doplnok nenahr\u00e1dza pestr\u00fa a vyv\u00e1\u017een\u00fa stravu ani zdrav\u00fd \u017eivotn\u00fd \u0161t\u00fdl. Uchov\u00e1vajte mimo dosahu det\u00ed.<\/h4>","protected":false},"excerpt":{"rendered":"<p>Denn\u00e1 d\u00e1vka: 1\u00d7 kapsula C-vitaminu (biela) 1\u00d7 kapsula Lipofil \u2013 olejov\u00e1 (hned\u00e1) 2\u00d7 kapsuly Hydrofil \u2013 pr\u00e1\u0161kov\u00e1 (\u017elt\u00e1) Pou\u017eitie:\u00a0Po pou\u017eit\u00ed vytla\u010dte zo s\u00e1\u010dku \u010do najviac vzduchu a d\u00f4kladne uzavrite zipsov\u00fd uz\u00e1ver, aby sa zachovala \u010derstvos\u0165. Vyvinut\u00fd pod\u013ea najnov\u0161\u00edch vedeck\u00fdch poznatkov Obsahuje v\u0161etky vitam\u00edny, miner\u00e1ly a stopov\u00e9 prvky v ide\u00e1lnej forme, mno\u017estve a pomere \u010cas\u0165 \u00fa\u010dinn\u00fdch [&hellip;]<\/p>","protected":false},"featured_media":10002,"comment_status":"open","ping_status":"closed","template":"","meta":{"inline_featured_image":false},"product_brand":[113],"product_cat":[69],"product_tag":[],"class_list":{"0":"post-9056","1":"product","2":"type-product","3":"status-publish","4":"has-post-thumbnail","6":"product_brand-gal","7":"product_cat-vyzivove-doplnky","9":"first","10":"onbackorder","11":"taxable","12":"shipping-taxable","13":"purchasable","14":"product-type-simple"},"aioseo_notices":[],"_links":{"self":[{"href":"https:\/\/www.biokari.sk\/hu\/wp-json\/wp\/v2\/product\/9056","targetHints":{"allow":["GET"]}}],"collection":[{"href":"https:\/\/www.biokari.sk\/hu\/wp-json\/wp\/v2\/product"}],"about":[{"href":"https:\/\/www.biokari.sk\/hu\/wp-json\/wp\/v2\/types\/product"}],"replies":[{"embeddable":true,"href":"https:\/\/www.biokari.sk\/hu\/wp-json\/wp\/v2\/comments?post=9056"}],"wp:featuredmedia":[{"embeddable":true,"href":"https:\/\/www.biokari.sk\/hu\/wp-json\/wp\/v2\/media\/10002"}],"wp:attachment":[{"href":"https:\/\/www.biokari.sk\/hu\/wp-json\/wp\/v2\/media?parent=9056"}],"wp:term":[{"taxonomy":"product_brand","embeddable":true,"href":"https:\/\/www.biokari.sk\/hu\/wp-json\/wp\/v2\/product_brand?post=9056"},{"taxonomy":"product_cat","embeddable":true,"href":"https:\/\/www.biokari.sk\/hu\/wp-json\/wp\/v2\/product_cat?post=9056"},{"taxonomy":"product_tag","embeddable":true,"href":"https:\/\/www.biokari.sk\/hu\/wp-json\/wp\/v2\/product_tag?post=9056"}],"curies":[{"name":"wp","href":"https:\/\/api.w.org\/{rel}","templated":true}]}}