{"id":9062,"date":"2025-07-01T14:37:15","date_gmt":"2025-07-01T12:37:15","guid":{"rendered":"https:\/\/www.biokari.sk\/produkt\/bioco-granatove-jablko-kapsuly-80ks\/"},"modified":"2026-03-20T18:01:41","modified_gmt":"2026-03-20T17:01:41","slug":"bioco-granatove-jablko-kapsuly-80ks","status":"publish","type":"product","link":"https:\/\/www.biokari.sk\/hu\/termek\/bioco-granatove-jablko-kapsuly-80ks\/","title":{"rendered":"Bioco Gr\u00e1n\u00e1tov\u00e9 jablko kapsuly 80ks"},"content":{"rendered":"<h4 data-start=\"216\" data-end=\"497\">Pr\u00edpravok obsahuje <strong data-start=\"235\" data-end=\"283\">\u0161tandardizovan\u00fd extrakt z gran\u00e1tov\u00e9ho jablka<\/strong> s vysokou koncentr\u00e1ciou \u2013 <strong data-start=\"310\" data-end=\"337\">40 % ellagovej kyseliny<\/strong> v ka\u017edej tablete.<br data-start=\"355\" data-end=\"358\" \/>Odpor\u00fa\u010da sa v\u0161etk\u00fdm, ktor\u00ed venuj\u00fa zv\u00fd\u0161en\u00fa pozornos\u0165 zdraviu srdcovo-cievneho syst\u00e9mu, ochrane buniek a udr\u017eiavaniu norm\u00e1lneho stavu ciev.<\/h4>\n<ul data-start=\"499\" data-end=\"932\">\n<li data-start=\"499\" data-end=\"564\">\n<h4 data-start=\"501\" data-end=\"564\"><strong data-start=\"501\" data-end=\"516\">Resveratrol<\/strong> prispieva k zdraviu srdcovo-cievneho syst\u00e9mu.<\/h4>\n<\/li>\n<li data-start=\"565\" data-end=\"680\">\n<h4 data-start=\"567\" data-end=\"680\"><strong data-start=\"567\" data-end=\"587\">Kyselina listov\u00e1<\/strong> podporuje norm\u00e1lnu krvotvorbu, metabolizmus homocyste\u00ednu, imunitn\u00fd syst\u00e9m a zni\u017euje \u00fanavu.<\/h4>\n<\/li>\n<li data-start=\"681\" data-end=\"767\">\n<h4 data-start=\"683\" data-end=\"767\"><strong data-start=\"683\" data-end=\"696\">Vitam\u00edn C<\/strong> prispieva k tvorbe kolag\u00e9nu a t\u00fdm k norm\u00e1lnemu stavu a funkcii ciev.<\/h4>\n<\/li>\n<li data-start=\"768\" data-end=\"876\">\n<h4 data-start=\"770\" data-end=\"876\"><strong data-start=\"770\" data-end=\"784\">Vitam\u00edn B2<\/strong> pom\u00e1ha chr\u00e1ni\u0165 bunky pred oxida\u010dn\u00fdm stresom a podporuje norm\u00e1lny stav \u010derven\u00fdch krviniek.<\/h4>\n<\/li>\n<li data-start=\"877\" data-end=\"932\">\n<h4 data-start=\"879\" data-end=\"932\"><strong data-start=\"879\" data-end=\"893\">Vitam\u00edn B1<\/strong> prispieva k spr\u00e1vnej \u010dinnosti srdca.<\/h4>\n<\/li>\n<\/ul>\n<h4 data-start=\"934\" data-end=\"961\">Odpor\u00fa\u010dan\u00e9 d\u00e1vkovanie<\/h4>\n<h4 data-start=\"962\" data-end=\"1031\">Dospel\u00ed: <strong data-start=\"971\" data-end=\"990\">2 tablety denne<\/strong>, zapi\u0165 dostato\u010dn\u00fdm mno\u017estvom tekutiny.<\/h4>\n<h4 data-start=\"1033\" data-end=\"1078\">\u00da\u010dinn\u00e9 l\u00e1tky v dennej d\u00e1vke (2 tablety)<\/h4>\n<ul data-start=\"1079\" data-end=\"1359\">\n<li data-start=\"1079\" data-end=\"1124\">\n<h4 data-start=\"1081\" data-end=\"1124\">Vitam\u00edn B1 (tiam\u00edn) \u2013 1,1 mg (100 % NRV*)<\/h4>\n<\/li>\n<li data-start=\"1125\" data-end=\"1174\">\n<h4 data-start=\"1127\" data-end=\"1174\">Vitam\u00edn B2 (riboflav\u00edn) \u2013 1,4 mg (100 % NRV*)<\/h4>\n<\/li>\n<li data-start=\"1175\" data-end=\"1209\">\n<h4 data-start=\"1177\" data-end=\"1209\">Vitam\u00edn C \u2013 80 mg (100 % NRV*)<\/h4>\n<\/li>\n<li data-start=\"1210\" data-end=\"1252\">\n<h4 data-start=\"1212\" data-end=\"1252\">Kyselina listov\u00e1 \u2013 200 \u00b5g (100 % NRV*)<\/h4>\n<\/li>\n<li data-start=\"1253\" data-end=\"1276\">\n<h4 data-start=\"1255\" data-end=\"1276\">Resveratrol \u2013 10 mg<\/h4>\n<\/li>\n<li data-start=\"1277\" data-end=\"1359\">\n<h4 data-start=\"1279\" data-end=\"1318\">Extrakt z gran\u00e1tov\u00e9ho jablka \u2013 600 mg<\/h4>\n<ul data-start=\"1322\" data-end=\"1359\">\n<li data-start=\"1322\" data-end=\"1359\">\n<h4 data-start=\"1324\" data-end=\"1359\">z toho ellagov\u00e1 kyselina \u2013 240 mg<\/h4>\n<\/li>\n<\/ul>\n<\/li>\n<\/ul>\n<h4 data-start=\"1361\" data-end=\"1412\">*NRV \u2013 referen\u010dn\u00e1 v\u00fd\u017eivov\u00e1 hodnota pre dospel\u00fdch<\/h4>\n<h4 data-start=\"1414\" data-end=\"1428\"><strong>\u00d6sszet\u00e9tel:\u00a0<\/strong>Extrakt z gran\u00e1tov\u00e9ho jablka (300 mg\/tableta), plnivo (mikrokry\u0161talick\u00e1 celul\u00f3za), maltodextr\u00edn, L-askorbov\u00e1 kyselina, po\u0165ahov\u00e1 l\u00e1tka (mastn\u00e9 kyseliny), protihrudkuj\u00face l\u00e1tky (mastencov\u00fd pr\u00e1\u0161ok, oxid kremi\u010dit\u00fd), resveratrol (5 mg\/tableta), riboflav\u00edn, tiam\u00edn-mononitr\u00e1t, kyselina listov\u00e1 (pteroilmonoglutam\u00e1t).<\/h4>\n<h4 data-start=\"1743\" data-end=\"1766\"><strong>Tov\u00e1bbi inform\u00e1ci\u00f3k:\u00a0<\/strong><\/h4>\n<ul data-start=\"1767\" data-end=\"2005\">\n<li data-start=\"1811\" data-end=\"1956\">\n<h4 data-start=\"1813\" data-end=\"1956\"><strong data-start=\"1813\" data-end=\"1829\">T\u00e1rol\u00e1s:<\/strong> Na suchom a chladnom mieste, chr\u00e1nenom pred slne\u010dn\u00fdm \u017eiaren\u00edm, pri izbovej teplote (15\u201325 \u00b0C). Uchov\u00e1vajte mimo dosahu det\u00ed.<\/h4>\n<\/li>\n<li data-start=\"1957\" data-end=\"2005\">\n<h4 data-start=\"1959\" data-end=\"2005\"><strong data-start=\"1959\" data-end=\"1985\">Minim\u00e1lna trvanlivos\u0165:<\/strong> uveden\u00e1 na obale.<\/h4>\n<\/li>\n<\/ul>\n<h4 data-start=\"2007\" data-end=\"2024\"><strong>Figyelmeztet\u00e9s:<\/strong>\u00a0Neprekra\u010dujte odpor\u00fa\u010dan\u00fa denn\u00fa d\u00e1vku.\u00a0V\u00fd\u017eivov\u00fd doplnok sa nesmie pou\u017e\u00edva\u0165 ako n\u00e1hrada pestrej a vyv\u00e1\u017eenej stravy a zdrav\u00e9ho \u017eivotn\u00e9ho \u0161t\u00fdlu.\u00a0Uchov\u00e1vajte mimo dosahu det\u00ed. Neu\u017e\u00edvajte v pr\u00edpade alergie alebo precitlivenosti na niektor\u00fa zo zlo\u017eiek.<\/h4>\n\n\n<p><strong>Csomagol\u00e1s:<\/strong> 80 tabliet<br><strong>\u010cist\u00e1 hmotnos\u0165:<\/strong> 80 g<\/p>","protected":false},"excerpt":{"rendered":"<p>Pr\u00edpravok obsahuje \u0161tandardizovan\u00fd extrakt z gran\u00e1tov\u00e9ho jablka s vysokou koncentr\u00e1ciou \u2013 40 % ellagovej kyseliny v ka\u017edej tablete.Odpor\u00fa\u010da sa v\u0161etk\u00fdm, ktor\u00ed venuj\u00fa zv\u00fd\u0161en\u00fa pozornos\u0165 zdraviu srdcovo-cievneho syst\u00e9mu, ochrane buniek a udr\u017eiavaniu norm\u00e1lneho stavu ciev. Resveratrol prispieva k zdraviu srdcovo-cievneho syst\u00e9mu. Kyselina listov\u00e1 podporuje norm\u00e1lnu krvotvorbu, metabolizmus homocyste\u00ednu, imunitn\u00fd syst\u00e9m a zni\u017euje \u00fanavu. Vitam\u00edn C prispieva [&hellip;]<\/p>","protected":false},"featured_media":9998,"comment_status":"open","ping_status":"closed","template":"","meta":{"inline_featured_image":false},"product_brand":[],"product_cat":[69],"product_tag":[],"class_list":{"0":"post-9062","1":"product","2":"type-product","3":"status-publish","4":"has-post-thumbnail","6":"product_cat-vyzivove-doplnky","8":"first","9":"onbackorder","10":"taxable","11":"shipping-taxable","12":"purchasable","13":"product-type-simple"},"aioseo_notices":[],"_links":{"self":[{"href":"https:\/\/www.biokari.sk\/hu\/wp-json\/wp\/v2\/product\/9062","targetHints":{"allow":["GET"]}}],"collection":[{"href":"https:\/\/www.biokari.sk\/hu\/wp-json\/wp\/v2\/product"}],"about":[{"href":"https:\/\/www.biokari.sk\/hu\/wp-json\/wp\/v2\/types\/product"}],"replies":[{"embeddable":true,"href":"https:\/\/www.biokari.sk\/hu\/wp-json\/wp\/v2\/comments?post=9062"}],"wp:featuredmedia":[{"embeddable":true,"href":"https:\/\/www.biokari.sk\/hu\/wp-json\/wp\/v2\/media\/9998"}],"wp:attachment":[{"href":"https:\/\/www.biokari.sk\/hu\/wp-json\/wp\/v2\/media?parent=9062"}],"wp:term":[{"taxonomy":"product_brand","embeddable":true,"href":"https:\/\/www.biokari.sk\/hu\/wp-json\/wp\/v2\/product_brand?post=9062"},{"taxonomy":"product_cat","embeddable":true,"href":"https:\/\/www.biokari.sk\/hu\/wp-json\/wp\/v2\/product_cat?post=9062"},{"taxonomy":"product_tag","embeddable":true,"href":"https:\/\/www.biokari.sk\/hu\/wp-json\/wp\/v2\/product_tag?post=9062"}],"curies":[{"name":"wp","href":"https:\/\/api.w.org\/{rel}","templated":true}]}}