{"id":9066,"date":"2025-07-01T14:37:16","date_gmt":"2025-07-01T12:37:16","guid":{"rendered":"https:\/\/www.biokari.sk\/produkt\/gyorgytea-hloh-100g\/"},"modified":"2026-04-27T19:02:08","modified_gmt":"2026-04-27T17:02:08","slug":"gyorgytea-hloh-100g","status":"publish","type":"product","link":"https:\/\/www.biokari.sk\/hu\/termek\/gyorgytea-hloh-100g\/","title":{"rendered":"Gy\u00f6rgytea Hloh 100g"},"content":{"rendered":"<p data-start=\"115\" data-end=\"412\">\u010caj z kvitn\u00facej v\u0148ate hlohu (Crataegi folium cum flore) je u\u017e odd\u00e1vna zn\u00e1my ako <strong data-start=\"195\" data-end=\"246\">posil\u0148uj\u00faci a upokojuj\u00faci prostriedok pre srdce<\/strong>. M\u00f4\u017ee zlep\u0161i\u0165 prekrvenie srdcov\u00e9ho svalu, roz\u0161irova\u0165 cievy, prispieva\u0165 k zn\u00ed\u017eeniu krvn\u00e9ho tlaku, zmierni\u0165 probl\u00e9my s krvn\u00fdm obehom a zn\u00ed\u017ei\u0165 riziko art\u00e9rioskler\u00f3zy.<\/p>\n<p data-start=\"414\" data-end=\"440\"><strong data-start=\"414\" data-end=\"438\">Odpor\u00fa\u010dan\u00e9 pou\u017eitie: <\/strong>pri ochoreniach vencovit\u00fdch tepien, starobn\u00fdch srdcov\u00fdch \u0165a\u017ekostiach, na zmiernenie z\u00e1vratov, \u00fazkosti, b\u00fa\u0161enia srdca a kr\u00e1tkeho dychu, na odb\u00faranie stresu, upokojenie a podporu sp\u00e1nku, v obdob\u00ed klimakt\u00e9ria na zmiernenie v\u00fdkyvov n\u00e1lad a n\u00e1valov tepla.<\/p>\n<p data-start=\"414\" data-end=\"440\"><strong data-start=\"709\" data-end=\"722\">El\u0151k\u00e9sz\u00edt\u00e9s: <\/strong>1 zarovnan\u00fa polievkov\u00fa ly\u017eicu (3 g) byliny zalia\u0165 2,5 dl vriacej vody. Necha\u0165 l\u00fahova\u0165 15 min\u00fat a potom scedi\u0165. Nepou\u017e\u00edva\u0165 kovov\u00e9 sitko.<\/p>\n<p data-start=\"864\" data-end=\"947\"><strong data-start=\"864\" data-end=\"879\">Adagol\u00e1s: <\/strong>1\u20132 \u0161\u00e1lky denne, k\u00farovito, pred jedlom, najlep\u0161ie bez pr\u00edchute. na upokojenie: ve\u010der pred span\u00edm, na odvodnenie: po\u010das d\u0148a. Na prevenciu posta\u010duje 1 \u0161\u00e1lka t\u00fd\u017edenne.<\/p>\n<p data-start=\"1060\" data-end=\"1115\"><strong data-start=\"1060\" data-end=\"1080\">Ellenjavallatok: <\/strong>Nevhodn\u00e9 pre deti do 12 rokov.<\/p>\n<p data-start=\"1117\" data-end=\"1224\"><strong data-start=\"1117\" data-end=\"1133\">T\u00e1rol\u00e1s: <\/strong>Uchov\u00e1vajte na suchom a chladnom mieste, mimo dosahu det\u00ed. Po otvoren\u00ed dobre uzavrie\u0165.<\/p>\n<p data-start=\"1117\" data-end=\"1224\"><strong>S\u00faly:<\/strong> 100g<\/p>","protected":false},"excerpt":{"rendered":"<p>\u010caj z kvitn\u00facej v\u0148ate hlohu (Crataegi folium cum flore) je u\u017e odd\u00e1vna zn\u00e1my ako posil\u0148uj\u00faci a upokojuj\u00faci prostriedok pre srdce<\/p>","protected":false},"featured_media":9985,"comment_status":"open","ping_status":"closed","template":"","meta":{"inline_featured_image":false},"product_brand":[274],"product_cat":[148,151],"product_tag":[310],"class_list":{"0":"post-9066","1":"product","2":"type-product","3":"status-publish","4":"has-post-thumbnail","6":"product_brand-gyorgytea","7":"product_cat-liecive-rastliny","8":"product_cat-srdcovo-cievny-system-liecive-rastliny","9":"product_tag-top-liecive-rastliny","11":"first","12":"instock","13":"taxable","14":"shipping-taxable","15":"purchasable","16":"product-type-simple"},"aioseo_notices":[],"_links":{"self":[{"href":"https:\/\/www.biokari.sk\/hu\/wp-json\/wp\/v2\/product\/9066","targetHints":{"allow":["GET"]}}],"collection":[{"href":"https:\/\/www.biokari.sk\/hu\/wp-json\/wp\/v2\/product"}],"about":[{"href":"https:\/\/www.biokari.sk\/hu\/wp-json\/wp\/v2\/types\/product"}],"replies":[{"embeddable":true,"href":"https:\/\/www.biokari.sk\/hu\/wp-json\/wp\/v2\/comments?post=9066"}],"wp:featuredmedia":[{"embeddable":true,"href":"https:\/\/www.biokari.sk\/hu\/wp-json\/wp\/v2\/media\/9985"}],"wp:attachment":[{"href":"https:\/\/www.biokari.sk\/hu\/wp-json\/wp\/v2\/media?parent=9066"}],"wp:term":[{"taxonomy":"product_brand","embeddable":true,"href":"https:\/\/www.biokari.sk\/hu\/wp-json\/wp\/v2\/product_brand?post=9066"},{"taxonomy":"product_cat","embeddable":true,"href":"https:\/\/www.biokari.sk\/hu\/wp-json\/wp\/v2\/product_cat?post=9066"},{"taxonomy":"product_tag","embeddable":true,"href":"https:\/\/www.biokari.sk\/hu\/wp-json\/wp\/v2\/product_tag?post=9066"}],"curies":[{"name":"wp","href":"https:\/\/api.w.org\/{rel}","templated":true}]}}