{"id":9068,"date":"2025-07-01T14:37:16","date_gmt":"2025-07-01T12:37:16","guid":{"rendered":"https:\/\/www.biokari.sk\/produkt\/natur-tanya-zinok-bysglicinaty-60ks\/"},"modified":"2026-04-20T19:01:59","modified_gmt":"2026-04-20T17:01:59","slug":"natur-tanya-zinok-bysglicinaty-60ks","status":"publish","type":"product","link":"https:\/\/www.biokari.sk\/hu\/termek\/natur-tanya-zinok-bysglicinaty-60ks\/","title":{"rendered":"Natur Tanya Zinok bysglicin\u00e1ty 60ks"},"content":{"rendered":"<p data-start=\"114\" data-end=\"350\"><strong data-start=\"114\" data-end=\"225\">Vysoko vstrebate\u013en\u00e1 forma zinku \u2013 a\u017e o 143,4 % lep\u0161ia biologick\u00e1 dostupnos\u0165 v porovnan\u00ed so zinok-glukon\u00e1tom<\/strong> (Gandia et al., 2007). Zinok sa vstreb\u00e1va akt\u00edvnym transportom v tenkom \u010dreve, viazan\u00fd na aminokyseliny a mal\u00e9 bielkoviny.<\/p>\n<h4 data-start=\"352\" data-end=\"378\"><strong>Hlavn\u00e9 \u00fa\u010dinky zinku:<\/strong><\/h4>\n<ul data-start=\"379\" data-end=\"628\">\n<li data-start=\"379\" data-end=\"431\">\n<h4 data-start=\"381\" data-end=\"431\">prispieva k spr\u00e1vnej funkcii imunitn\u00e9ho syst\u00e9mu,<\/h4>\n<\/li>\n<li data-start=\"432\" data-end=\"484\">\n<h4 data-start=\"434\" data-end=\"484\">podporuje zdrav\u00e9 kosti, vlasy, nechty a poko\u017eku,<\/h4>\n<\/li>\n<li data-start=\"485\" data-end=\"528\">\n<h4 data-start=\"487\" data-end=\"528\">zohr\u00e1va \u00falohu v procese delenia buniek,<\/h4>\n<\/li>\n<li data-start=\"529\" data-end=\"577\">\n<h4 data-start=\"531\" data-end=\"577\">pom\u00e1ha chr\u00e1ni\u0165 bunky pred oxida\u010dn\u00fdm stresom,<\/h4>\n<\/li>\n<li data-start=\"578\" data-end=\"628\">\n<h4 data-start=\"580\" data-end=\"628\">prispieva k norm\u00e1lnej plodnosti a reprodukcii.<\/h4>\n<\/li>\n<\/ul>\n<h4 data-start=\"635\" data-end=\"662\">Odpor\u00fa\u010dan\u00e9 d\u00e1vkovanie<\/h4>\n<h4 data-start=\"663\" data-end=\"757\">1 filmom obalen\u00e1 tableta denne, najlep\u0161ie po\u010das jedla, zapi\u0165 dostato\u010dn\u00fdm mno\u017estvom tekutiny.<\/h4>\n<h4 data-start=\"759\" data-end=\"817\">D\u013a\u017eka u\u017e\u00edvania: <strong data-start=\"775\" data-end=\"814\">minim\u00e1lne 60 dn\u00ed, maxim\u00e1lne 120 dn\u00ed<\/strong>.<\/h4>\n<h4 data-start=\"824\" data-end=\"869\">\u00da\u010dinn\u00e9 l\u00e1tky v dennej d\u00e1vke (1 tableta)<\/h4>\n<ul data-start=\"870\" data-end=\"938\">\n<li data-start=\"870\" data-end=\"938\">\n<h4 data-start=\"872\" data-end=\"938\">Organick\u00fd zinok (zo zinok-bisglycin\u00e1tu): <strong data-start=\"913\" data-end=\"936\">25 mg (250 % NRV*)<\/strong><\/h4>\n<\/li>\n<\/ul>\n<h4 data-start=\"940\" data-end=\"991\">*NRV = Referen\u010dn\u00e1 v\u00fd\u017eivov\u00e1 hodnota pre dospel\u00fdch<\/h4>\n<h4 data-start=\"993\" data-end=\"1060\">92,693 mg zinok-bisglycin\u00e1tu zodpoved\u00e1 25 mg element\u00e1rneho zinku.<\/h4>\n<h4 data-start=\"1067\" data-end=\"1081\"><strong>\u00d6sszet\u00e9tel:\u00a0<\/strong>Plnidlo (mikrokry\u0161talick\u00e1 celul\u00f3za), protihrudkuj\u00face l\u00e1tky (fosfore\u010dnany v\u00e1penat\u00e9, oxid kremi\u010dit\u00fd, soli mastn\u00fdch kysel\u00edn), organick\u00fd zinok (zinok-bisglycin\u00e1t), po\u0165ahov\u00e1 l\u00e1tka (mastn\u00e9 kyseliny), \u010d\u00edry obal [plniv\u00e1 (hydroxypropylmetylcelul\u00f3za, hydroxypropylcelul\u00f3za), zvlh\u010dovadlo (glycer\u00edn)].<\/h4>\n<h4 data-start=\"1380\" data-end=\"1397\"><strong>Figyelmeztet\u00e9s:<\/strong> Neprekra\u010dujte odpor\u00fa\u010dan\u00fa denn\u00fa d\u00e1vku. V\u00fd\u017eivov\u00fd doplnok sa nesmie pou\u017e\u00edva\u0165 ako n\u00e1hrada pestrej, vyv\u00e1\u017eenej stravy a zdrav\u00e9ho \u017eivotn\u00e9ho \u0161t\u00fdlu. Nevhodn\u00e9 pre deti do 12 rokov. Od 12 rokov odpor\u00fa\u010dan\u00fd <strong data-start=\"1602\" data-end=\"1628\">polovi\u010dn\u00fd denn\u00fd pr\u00edjem<\/strong>.<\/h4>\n<ul data-start=\"1398\" data-end=\"1749\">\n<li data-start=\"1632\" data-end=\"1749\">\n<h4 data-start=\"1634\" data-end=\"1749\">Vhodn\u00e9 aj pri u\u017e\u00edvan\u00ed liekov na riedenie krvi, cukrovke, po\u010das tehotenstva a doj\u010denia (po konzult\u00e1cii s lek\u00e1rom).<\/h4>\n<\/li>\n<\/ul>\n<h4 data-start=\"1756\" data-end=\"1773\"><strong>Skladovanie<\/strong>: Uchov\u00e1vajte v suchu, chlade, mimo dosahu det\u00ed! Obal v\u017edy starostlivo uzatvorte.<\/h4>\n<p data-start=\"1857\" data-end=\"1896\"><strong data-start=\"1857\" data-end=\"1876\">\u010cist\u00e1 hmotnos\u0165:<\/strong> 30 g (60 tabliet)<\/p>","protected":false},"excerpt":{"rendered":"<p>Vysoko vstrebate\u013en\u00e1 forma zinku \u2013 a\u017e o 143,4 % lep\u0161ia biologick\u00e1 dostupnos\u0165 v porovnan\u00ed so zinok-glukon\u00e1tom (Gandia et al., 2007). Zinok sa vstreb\u00e1va akt\u00edvnym transportom v tenkom \u010dreve, viazan\u00fd na aminokyseliny a mal\u00e9 bielkoviny. Hlavn\u00e9 \u00fa\u010dinky zinku: prispieva k spr\u00e1vnej funkcii imunitn\u00e9ho syst\u00e9mu, podporuje zdrav\u00e9 kosti, vlasy, nechty a poko\u017eku, zohr\u00e1va \u00falohu v procese delenia [&hellip;]<\/p>","protected":false},"featured_media":9987,"comment_status":"open","ping_status":"closed","template":"","meta":{"inline_featured_image":false},"product_brand":[],"product_cat":[69,140],"product_tag":[],"class_list":{"0":"post-9068","1":"product","2":"type-product","3":"status-publish","4":"has-post-thumbnail","6":"product_cat-vyzivove-doplnky","7":"product_cat-posilnenie-imunity","9":"first","10":"instock","11":"taxable","12":"shipping-taxable","13":"purchasable","14":"product-type-simple"},"aioseo_notices":[],"_links":{"self":[{"href":"https:\/\/www.biokari.sk\/hu\/wp-json\/wp\/v2\/product\/9068","targetHints":{"allow":["GET"]}}],"collection":[{"href":"https:\/\/www.biokari.sk\/hu\/wp-json\/wp\/v2\/product"}],"about":[{"href":"https:\/\/www.biokari.sk\/hu\/wp-json\/wp\/v2\/types\/product"}],"replies":[{"embeddable":true,"href":"https:\/\/www.biokari.sk\/hu\/wp-json\/wp\/v2\/comments?post=9068"}],"wp:featuredmedia":[{"embeddable":true,"href":"https:\/\/www.biokari.sk\/hu\/wp-json\/wp\/v2\/media\/9987"}],"wp:attachment":[{"href":"https:\/\/www.biokari.sk\/hu\/wp-json\/wp\/v2\/media?parent=9068"}],"wp:term":[{"taxonomy":"product_brand","embeddable":true,"href":"https:\/\/www.biokari.sk\/hu\/wp-json\/wp\/v2\/product_brand?post=9068"},{"taxonomy":"product_cat","embeddable":true,"href":"https:\/\/www.biokari.sk\/hu\/wp-json\/wp\/v2\/product_cat?post=9068"},{"taxonomy":"product_tag","embeddable":true,"href":"https:\/\/www.biokari.sk\/hu\/wp-json\/wp\/v2\/product_tag?post=9068"}],"curies":[{"name":"wp","href":"https:\/\/api.w.org\/{rel}","templated":true}]}}