{"id":9088,"date":"2025-07-01T14:37:19","date_gmt":"2025-07-01T12:37:19","guid":{"rendered":"https:\/\/www.biokari.sk\/produkt\/szafi-free-mucna-zmes-na-ovocne-chlebycky-255g\/"},"modified":"2026-01-27T08:41:52","modified_gmt":"2026-01-27T07:41:52","slug":"szafi-free-mucna-zmes-na-ovocne-chlebycky-255g","status":"publish","type":"product","link":"https:\/\/www.biokari.sk\/hu\/termek\/szafi-free-mucna-zmes-na-ovocne-chlebycky-255g\/","title":{"rendered":"Szafi free M\u00fa\u010dn\u00e1 zmes na ovocn\u00e9 chleb\u00fd\u010dky 255g"},"content":{"rendered":"<p><strong>Bez lepku, bez mlieka, bez vajec, bez dro\u017edia a bez pridan\u00e9ho oleja!<\/strong><br>Z tejto zmesi si priprav\u00edte ovocn\u00fd chlieb, ktor\u00fd ostane m\u00e4kk\u00fd aj po nieko\u013ek\u00fdch d\u0148och.<\/p>\n\n\n\n<p>\u2705 <strong>Bez lepku, bez mlieka a bez vajec<\/strong> \u2013 vhodn\u00e9 pre potravinov\u00e9 intolerancie<br>\u2705 <strong>Bez dro\u017edia a oleja<\/strong> \u2013 \u013eah\u0161ie str\u00e1vite\u013en\u00e1 alternat\u00edva<br>\u2705 <strong>Dlho \u010derstv\u00fd a nad\u00fdchan\u00fd<\/strong> \u2013 aj po nieko\u013ek\u00fdch d\u0148och si zachov\u00e1 svoju m\u00e4kkos\u0165<\/p>\n\n\n\n<h3 class=\"wp-block-heading\">Odpor\u00fa\u010dan\u00fd recept (na ovocn\u00fd chlieb cca 640 g):<\/h3>\n\n\n\n<p><strong>Ingrediencie:<\/strong> 210 g vla\u017enej vody, 60 g \u010derstvo vytla\u010denej citr\u00f3novej \u0161\u0165avy (nie kupovanej!), 65 g pr\u00e1\u0161kov\u00e9ho eritritu (alebo in\u00e9ho pr\u00e1\u0161kov\u00e9ho sladidla\/cukru), 1,5 g himal\u00e1jskej soli (z oby\u010dajnej soli sta\u010d\u00ed 1 g), 10 g str\u00fahanej su\u0161enej bio citr\u00f3novej k\u00f4ry, cca 150 g su\u0161en\u00e9ho ovocia, orechov, k\u00faskov \u010dokol\u00e1dy, kandizovanej k\u00f4ry pod\u013ea chuti a di\u00e9ty, 255 g <strong>Szafi Free zmesi na ovocn\u00fd chlieb<\/strong><\/p>\n\n\n\n<p><strong>El\u0151k\u00e9sz\u00edt\u00e9s:<\/strong><\/p>\n\n\n\n<ol class=\"wp-block-list\">\n<li>Ingrediencie zmie\u0161ajte vo ve\u013ekej miske v uvedenom porad\u00ed, zmes pridajte ako posledn\u00fa.<\/li>\n\n\n\n<li>Cesto vlejte do silik\u00f3novej formy (20 \u00d7 10 cm).<\/li>\n\n\n\n<li>Pe\u010dte v predhriatej r\u00fare na 210 \u00b0C (horn\u00fd + doln\u00fd ohrev) pribli\u017ene 60 min\u00fat.<\/li>\n\n\n\n<li>Nechajte vychladn\u00fa\u0165 na mrie\u017eke a a\u017e potom kr\u00e1jajte!<\/li>\n<\/ol>\n\n\n\n<p>\ud83d\udca1 Pozn\u00e1mka: Pri pou\u017eit\u00ed pr\u00e1\u0161kov\u00e9ho cukru sta\u010d\u00ed 45 g, preto\u017ee sladivos\u0165 je vy\u0161\u0161ia ako pri eritrite.<\/p>\n\n\n\n<h3 class=\"wp-block-heading\">Zlo\u017eenie: poh\u00e1nkov\u00e1 m\u00faka (56%), tapiokov\u00fd \u0161krob, proso (m\u00faka), psyllium (\u0161upka semien), kypriaca l\u00e1tka (hydrog\u00e9nuhli\u010ditan sodn\u00fd), bambusov\u00e1 vl\u00e1knina, regul\u00e1tor kyslosti (kyselina citr\u00f3nov\u00e1), ar\u00f3ma (vanil\u00edn).<\/h3>\n\n\n\n<h3 class=\"wp-block-heading\">Priemern\u00e9 v\u00fd\u017eivov\u00e9 hodnoty v 100 g zmesi:<\/h3>\n\n\n\n<ul class=\"wp-block-list\">\n<li>Energia: 1435 kJ \/ 339 kcal<\/li>\n\n\n\n<li>Tuky: 1,8 g\n<ul class=\"wp-block-list\">\n<li>z toho nas\u00fdten\u00e9 mastn\u00e9 kyseliny: 0,4 g<\/li>\n<\/ul>\n<\/li>\n\n\n\n<li>Sacharidy: 67,8 g\n<ul class=\"wp-block-list\">\n<li>z toho cukry: 1,4 g<\/li>\n<\/ul>\n<\/li>\n\n\n\n<li>Vl\u00e1knina: 9,2 g<\/li>\n\n\n\n<li>Bielkoviny: 8,4 g<\/li>\n\n\n\n<li>So\u013e: 0,01 g<\/li>\n<\/ul>\n\n\n\n<p><strong>Bez pridan\u00e9ho cukru. Obsahuje prirodzene sa vyskytuj\u00face cukry.<\/strong><\/p>\n\n\n\n<p>\u26a0\ufe0f M\u00f4\u017ee obsahova\u0165 sezam, hor\u010di\u010dn\u00e9 semienka, zeler, orechy, siri\u010ditany a vl\u010d\u00ed b\u00f4b.<\/p>\n\n\n\n<p><strong>Csomag s\u00falya:<\/strong> 255 g<br><strong>Krajina p\u00f4vodu:<\/strong> Ma\u010farsko<\/p>","protected":false},"excerpt":{"rendered":"<p>&#8230; <a class=\"more-link\" href=\"#tab-description\">B\u0151vebben<\/a><\/p>","protected":false},"featured_media":9971,"comment_status":"open","ping_status":"closed","template":"","meta":{"inline_featured_image":false},"product_brand":[],"product_cat":[71],"product_tag":[],"class_list":{"0":"post-9088","1":"product","2":"type-product","3":"status-publish","4":"has-post-thumbnail","6":"product_cat-potraviny","8":"first","9":"instock","10":"taxable","11":"shipping-taxable","12":"purchasable","13":"product-type-simple"},"aioseo_notices":[],"_links":{"self":[{"href":"https:\/\/www.biokari.sk\/hu\/wp-json\/wp\/v2\/product\/9088","targetHints":{"allow":["GET"]}}],"collection":[{"href":"https:\/\/www.biokari.sk\/hu\/wp-json\/wp\/v2\/product"}],"about":[{"href":"https:\/\/www.biokari.sk\/hu\/wp-json\/wp\/v2\/types\/product"}],"replies":[{"embeddable":true,"href":"https:\/\/www.biokari.sk\/hu\/wp-json\/wp\/v2\/comments?post=9088"}],"wp:featuredmedia":[{"embeddable":true,"href":"https:\/\/www.biokari.sk\/hu\/wp-json\/wp\/v2\/media\/9971"}],"wp:attachment":[{"href":"https:\/\/www.biokari.sk\/hu\/wp-json\/wp\/v2\/media?parent=9088"}],"wp:term":[{"taxonomy":"product_brand","embeddable":true,"href":"https:\/\/www.biokari.sk\/hu\/wp-json\/wp\/v2\/product_brand?post=9088"},{"taxonomy":"product_cat","embeddable":true,"href":"https:\/\/www.biokari.sk\/hu\/wp-json\/wp\/v2\/product_cat?post=9088"},{"taxonomy":"product_tag","embeddable":true,"href":"https:\/\/www.biokari.sk\/hu\/wp-json\/wp\/v2\/product_tag?post=9088"}],"curies":[{"name":"wp","href":"https:\/\/api.w.org\/{rel}","templated":true}]}}