{"id":9089,"date":"2025-07-01T14:37:19","date_gmt":"2025-07-01T12:37:19","guid":{"rendered":"https:\/\/www.biokari.sk\/produkt\/gal-k2d3-kvapky-forte-20ml\/"},"modified":"2026-04-14T12:09:23","modified_gmt":"2026-04-14T10:09:23","slug":"gal-k2d3-kvapky-forte-20ml","status":"publish","type":"product","link":"https:\/\/www.biokari.sk\/hu\/termek\/gal-k2d3-kvapky-forte-20ml\/","title":{"rendered":"Gal K2+D3 kvapky &#8211; FORTE 20ml"},"content":{"rendered":"<p data-start=\"98\" data-end=\"183\"><strong data-start=\"98\" data-end=\"181\">GAL K-komplex + D3 vitam\u00edn \u2013 kvapky (1000 \u03bcg K-komplex + 4000 IU D3) \u2013 60 d\u00e1vok<\/strong><\/p>\n<p data-start=\"185\" data-end=\"266\">V\u00fd\u017eivov\u00fd doplnok s obsahom <strong data-start=\"212\" data-end=\"236\">D3, K1 a K2 vitam\u00ednu<\/strong> vo forme bioakt\u00edvneho MK-7.<\/p>\n<p data-start=\"268\" data-end=\"682\">Pre optim\u00e1lnu <strong data-start=\"282\" data-end=\"312\">stabilitu a vstrebate\u013enos\u0165<\/strong> s\u00fa \u00fa\u010dinn\u00e9 l\u00e1tky rozpusten\u00e9 v MCT oleji poch\u00e1dzaj\u00facom z palmov\u00e9ho a kokosov\u00e9ho oleja s <strong data-start=\"399\" data-end=\"421\">RSPO certifik\u00e1ciou<\/strong> (udr\u017eate\u013en\u00e9 hospod\u00e1rstvo, \u201epriate\u013esk\u00e9 k orangutanom\u201c). Produkt obsahuje vitam\u00edny v prirodzenej forme \u2013 D3, K1 a K2 (bioakt\u00edvna MK-7 trans forma, bez s\u00f3jov\u00fdch alerg\u00e9nov).<br data-start=\"591\" data-end=\"594\" \/><em data-start=\"594\" data-end=\"680\">Na rozdiel od niektor\u00fdch in\u00fdch pr\u00edpravkov neobsahuje menej \u00fa\u010dinn\u00fa cis-formu K2 MK-7.<\/em><\/p>\n<h4 data-start=\"689\" data-end=\"716\"><strong>Aj\u00e1nlott adagol\u00e1s:<\/strong>\u00a012 kvapiek denne, nakvapka\u0165 na ly\u017ei\u010dku alebo prida\u0165 do jedla. Najlep\u0161ie u\u017e\u00edva\u0165 pri prvom dennom jedle. <strong data-start=\"820\" data-end=\"844\">Nemie\u0161a\u0165 do tekut\u00edn!<\/strong><\/h4>\n<h4 data-start=\"853\" data-end=\"870\"><strong>Figyelmeztet\u00e9s:<\/strong> Neprekra\u010dujte odpor\u00fa\u010dan\u00fa denn\u00fa d\u00e1vku. V\u00fd\u017eivov\u00fd doplnok nie je n\u00e1hradou pestrej a vyv\u00e1\u017eenej stravy a zdrav\u00e9ho \u017eivotn\u00e9ho \u0161t\u00fdlu. Uchov\u00e1vajte mimo dosahu det\u00ed.<\/h4>\n<p data-start=\"1045\" data-end=\"1076\"><strong data-start=\"1045\" data-end=\"1055\">K\u00f6tet:<\/strong> 20 ml (\u2248 60 d\u00e1vok)<\/p>","protected":false},"excerpt":{"rendered":"<p>GAL K-komplex + D3 vitam\u00edn \u2013 kvapky (1000 \u03bcg K-komplex + 4000 IU D3) \u2013 60 d\u00e1vok V\u00fd\u017eivov\u00fd doplnok s obsahom D3, K1 a K2 vitam\u00ednu vo forme bioakt\u00edvneho MK-7. Pre optim\u00e1lnu stabilitu a vstrebate\u013enos\u0165 s\u00fa \u00fa\u010dinn\u00e9 l\u00e1tky rozpusten\u00e9 v MCT oleji poch\u00e1dzaj\u00facom z palmov\u00e9ho a kokosov\u00e9ho oleja s RSPO certifik\u00e1ciou (udr\u017eate\u013en\u00e9 hospod\u00e1rstvo, \u201epriate\u013esk\u00e9 k [&hellip;]<\/p>","protected":false},"featured_media":9969,"comment_status":"open","ping_status":"closed","template":"","meta":{"inline_featured_image":false},"product_brand":[113],"product_cat":[69],"product_tag":[],"class_list":{"0":"post-9089","1":"product","2":"type-product","3":"status-publish","4":"has-post-thumbnail","6":"product_brand-gal","7":"product_cat-vyzivove-doplnky","9":"first","10":"onbackorder","11":"taxable","12":"shipping-taxable","13":"purchasable","14":"product-type-simple"},"aioseo_notices":[],"_links":{"self":[{"href":"https:\/\/www.biokari.sk\/hu\/wp-json\/wp\/v2\/product\/9089","targetHints":{"allow":["GET"]}}],"collection":[{"href":"https:\/\/www.biokari.sk\/hu\/wp-json\/wp\/v2\/product"}],"about":[{"href":"https:\/\/www.biokari.sk\/hu\/wp-json\/wp\/v2\/types\/product"}],"replies":[{"embeddable":true,"href":"https:\/\/www.biokari.sk\/hu\/wp-json\/wp\/v2\/comments?post=9089"}],"wp:featuredmedia":[{"embeddable":true,"href":"https:\/\/www.biokari.sk\/hu\/wp-json\/wp\/v2\/media\/9969"}],"wp:attachment":[{"href":"https:\/\/www.biokari.sk\/hu\/wp-json\/wp\/v2\/media?parent=9089"}],"wp:term":[{"taxonomy":"product_brand","embeddable":true,"href":"https:\/\/www.biokari.sk\/hu\/wp-json\/wp\/v2\/product_brand?post=9089"},{"taxonomy":"product_cat","embeddable":true,"href":"https:\/\/www.biokari.sk\/hu\/wp-json\/wp\/v2\/product_cat?post=9089"},{"taxonomy":"product_tag","embeddable":true,"href":"https:\/\/www.biokari.sk\/hu\/wp-json\/wp\/v2\/product_tag?post=9089"}],"curies":[{"name":"wp","href":"https:\/\/api.w.org\/{rel}","templated":true}]}}