{"id":9099,"date":"2025-07-01T14:37:21","date_gmt":"2025-07-01T12:37:21","guid":{"rendered":"https:\/\/www.biokari.sk\/produkt\/natur-tanya-koprove-semienko-a-chrom-kapsuly-60ks\/"},"modified":"2026-04-28T19:01:56","modified_gmt":"2026-04-28T17:01:56","slug":"natur-tanya-koprove-semienko-a-chrom-kapsuly-60ks","status":"publish","type":"product","link":"https:\/\/www.biokari.sk\/hu\/termek\/natur-tanya-koprove-semienko-a-chrom-kapsuly-60ks\/","title":{"rendered":"Natur Tanya K\u00f4prov\u00e9 semienko a Chr\u00f3m kapsuly 60ks"},"content":{"rendered":"<p data-start=\"146\" data-end=\"522\">Anglick\u00fd n\u00e1zov <em data-start=\"161\" data-end=\"167\">dill<\/em> poch\u00e1dza pravdepodobne zo staroanglick\u00e9ho alebo staroskandin\u00e1vskeho slova \u201edylle\u201c, \u010do znamen\u00e1 upokoji\u0165, utlmi\u0165 \u2013 odkazuj\u00fac na jeho tradi\u010dn\u00e9 tr\u00e1viace \u00fa\u010dinky. Prv\u00e9 zmienky o kapre poch\u00e1dzaj\u00fa zo starovek\u00e9ho Egypta (cca 3000 rokov pred n. l.), spom\u00edna sa aj v Biblii (Mat\u00fa\u0161 23:23) a bol jednou z deviatich \u201eposv\u00e4tn\u00fdch byl\u00edn\u201c n\u00e1jden\u00fdch na hrobe Panny M\u00e1rie.<\/p>\n<p data-start=\"524\" data-end=\"882\">V antickom Gr\u00e9cku symbolizoval kapor bohatstvo, Rimania verili, \u017ee prin\u00e1\u0161a \u0161\u0165astie, a v Eur\u00f3pe ho zavesen\u00fd nad dverami chr\u00e1nil domy pred bosorkami. V stredoveku ho vyu\u017e\u00edvali aj \u010darodejn\u00edci \u2013 napr\u00edklad v kombin\u00e1cii s v\u00ednom mal podporova\u0165 romantick\u00e9 dobrodru\u017estv\u00e1. Hippokrates, \u201eotec medic\u00edny\u201c, zasa pripravil prv\u00fa zn\u00e1mu recept\u00faru \u00fastnej vody pr\u00e1ve s kaprom.<\/p>\n<h3 data-start=\"884\" data-end=\"929\">\u00da\u010dinn\u00e9 l\u00e1tky v 1 tablete (denn\u00e1 d\u00e1vka):<\/h3>\n<ul data-start=\"930\" data-end=\"1112\">\n<li data-start=\"930\" data-end=\"1048\">\n<p data-start=\"932\" data-end=\"1048\">Extrakt zo semien kapra (Anethum graveolens L.) 10:1 \u2013 300 mg<br data-start=\"993\" data-end=\"996\" \/>\u2013 zodpoved\u00e1 3000 mg su\u0161enej drogovej substancie<\/p>\n<\/li>\n<li data-start=\"1049\" data-end=\"1112\">\n<p data-start=\"1051\" data-end=\"1112\">Organick\u00fd chr\u00f3m (z pikolin\u00e1tu chr\u00f3mu) \u2013 120 \u00b5g (300 % NRV*)<\/p>\n<\/li>\n<\/ul>\n<p data-start=\"1114\" data-end=\"1166\">* NRV = referen\u010dn\u00e1 v\u00fd\u017eivov\u00e1 hodnota pre dospel\u00fdch<\/p>\n<h3 data-start=\"1168\" data-end=\"1196\">Aj\u00e1nlott adagol\u00e1s:<\/h3>\n<p data-start=\"1197\" data-end=\"1253\">Naponta 1 tabletta elegend\u0151 folyad\u00e9kkal.<\/p>\n<h3 data-start=\"1255\" data-end=\"1282\">Po\u010det d\u00e1vok v balen\u00ed:<\/h3>\n<p data-start=\"1283\" data-end=\"1309\">60 tabliet (netto: 54 g)<\/p>\n<h4 data-start=\"1311\" data-end=\"1326\"><strong>\u00d6sszet\u00e9tel:<\/strong> xtrakt zo semien kapra (Anethum graveolens L.) 10:1, plnidlo (mikrokry\u0161talick\u00e1 celul\u00f3za), maltodextr\u00edn, protihrudkuj\u00face l\u00e1tky (mastenc, oxid kremi\u010dit\u00fd), po\u0165ahov\u00e1 l\u00e1tka (mastn\u00e9 kyseliny), organick\u00fd chr\u00f3m (chr\u00f3m(III)-pikolin\u00e1t).<\/h4>\n<p>Upozornenia: Neprekra\u010dujte odpor\u00fa\u010dan\u00fa denn\u00fa d\u00e1vku! V\u00fd\u017eivov\u00fd doplnok sa nesmie pou\u017e\u00edva\u0165 ako n\u00e1hrada pestrej a vyv\u00e1\u017eenej stravy a zdrav\u00e9ho \u017eivotn\u00e9ho \u0161t\u00fdlu. Vhodn\u00e9 <strong data-start=\"1740\" data-end=\"1754\">od 6 rokov<\/strong>. Nevhodn\u00e9 pri u\u017e\u00edvan\u00ed liekov na riedenie krvi. Pri cukrovke m\u00f4\u017ee by\u0165 potrebn\u00e1 \u00faprava d\u00e1vok inzul\u00ednu alebo peror\u00e1lnych antidiabet\u00edk. Nevhodn\u00e9 pre tehotn\u00e9 a doj\u010diace \u017eeny.<\/p>\n<p data-start=\"1940\" data-end=\"2014\"><strong data-start=\"1940\" data-end=\"1956\">T\u00e1rol\u00e1s:<\/strong> uchov\u00e1va\u0165 na suchom, chladnom mieste, mimo dosahu det\u00ed.<\/p>\n<p data-start=\"1940\" data-end=\"2014\"><strong>Csomagol\u00e1s:<\/strong> 60db<\/p>","protected":false},"excerpt":{"rendered":"<p>Anglick\u00fd n\u00e1zov dill poch\u00e1dza pravdepodobne zo staroanglick\u00e9ho alebo staroskandin\u00e1vskeho slova \u201edylle\u201c, \u010do znamen\u00e1 upokoji\u0165, utlmi\u0165 \u2013 odkazuj\u00fac na jeho tradi\u010dn\u00e9 tr\u00e1viace \u00fa\u010dinky. Prv\u00e9 zmienky o kapre poch\u00e1dzaj\u00fa zo starovek\u00e9ho Egypta (cca 3000 rokov pred n. l.), spom\u00edna sa aj v Biblii (Mat\u00fa\u0161 23:23) a bol jednou z deviatich \u201eposv\u00e4tn\u00fdch byl\u00edn\u201c n\u00e1jden\u00fdch na hrobe Panny M\u00e1rie. [&hellip;]<\/p>","protected":false},"featured_media":9959,"comment_status":"open","ping_status":"closed","template":"","meta":{"inline_featured_image":false},"product_brand":[],"product_cat":[69],"product_tag":[],"class_list":{"0":"post-9099","1":"product","2":"type-product","3":"status-publish","4":"has-post-thumbnail","6":"product_cat-vyzivove-doplnky","8":"first","9":"instock","10":"taxable","11":"shipping-taxable","12":"purchasable","13":"product-type-simple"},"aioseo_notices":[],"_links":{"self":[{"href":"https:\/\/www.biokari.sk\/hu\/wp-json\/wp\/v2\/product\/9099","targetHints":{"allow":["GET"]}}],"collection":[{"href":"https:\/\/www.biokari.sk\/hu\/wp-json\/wp\/v2\/product"}],"about":[{"href":"https:\/\/www.biokari.sk\/hu\/wp-json\/wp\/v2\/types\/product"}],"replies":[{"embeddable":true,"href":"https:\/\/www.biokari.sk\/hu\/wp-json\/wp\/v2\/comments?post=9099"}],"wp:featuredmedia":[{"embeddable":true,"href":"https:\/\/www.biokari.sk\/hu\/wp-json\/wp\/v2\/media\/9959"}],"wp:attachment":[{"href":"https:\/\/www.biokari.sk\/hu\/wp-json\/wp\/v2\/media?parent=9099"}],"wp:term":[{"taxonomy":"product_brand","embeddable":true,"href":"https:\/\/www.biokari.sk\/hu\/wp-json\/wp\/v2\/product_brand?post=9099"},{"taxonomy":"product_cat","embeddable":true,"href":"https:\/\/www.biokari.sk\/hu\/wp-json\/wp\/v2\/product_cat?post=9099"},{"taxonomy":"product_tag","embeddable":true,"href":"https:\/\/www.biokari.sk\/hu\/wp-json\/wp\/v2\/product_tag?post=9099"}],"curies":[{"name":"wp","href":"https:\/\/api.w.org\/{rel}","templated":true}]}}