{"id":9127,"date":"2025-07-01T14:37:26","date_gmt":"2025-07-01T12:37:26","guid":{"rendered":"https:\/\/www.biokari.sk\/produkt\/gal-kapsuly-na-nervy-60ks\/"},"modified":"2026-01-27T08:41:53","modified_gmt":"2026-01-27T07:41:53","slug":"gal-kapsuly-na-nervy-60ks","status":"publish","type":"product","link":"https:\/\/www.biokari.sk\/hu\/termek\/gal-kapsuly-na-nervy-60ks\/","title":{"rendered":"Gal Kapsuly na nervy 60ks"},"content":{"rendered":"<p data-start=\"188\" data-end=\"508\">V\u010faka zmen\u00e1m v regul\u00e1cii m\u00f4\u017ee n\u00e1\u0161 \u00faspe\u0161n\u00fd produkt op\u00e4\u0165 o\u017ei\u0165 \u2013 teraz obsahuje nielen extrakt z citr\u00f3novej m\u00e4ty a aminokyselinu L-tean\u00edn z\u00edskan\u00fa zo zelen\u00e9ho \u010daju, ale aj extrakt z mu\u010denky a neurotransmiter GABA (kyselina gama-aminomaslov\u00e1), ktor\u00fd sa prirodzene nach\u00e1dza v potravin\u00e1ch a vyr\u00e1ba sa rastlinnou ferment\u00e1ciou.<\/p>\n<p data-start=\"510\" data-end=\"804\">Zelen\u00fd \u010daj m\u00e1 s\u00edce v\u0161eobecne stimula\u010dn\u00e9 \u00fa\u010dinky, no niektor\u00e9 jeho druhy obsahuj\u00fa vysok\u00e9 mno\u017estv\u00e1 L-tean\u00ednu a GABA, a t\u00fdm p\u00f4sobia upokojuj\u00faco. N\u00e1\u0161 produkt obsahuje v jednej kapsule v\u00fdrazne viac z t\u00fdchto l\u00e1tok, ne\u017e je be\u017en\u00e9 pri konzum\u00e1cii \u010daju, navy\u0161e obohaten\u00fd o silu citr\u00f3novej m\u00e4ty a mu\u010denky.<\/p>\n<p data-start=\"806\" data-end=\"834\"><strong data-start=\"806\" data-end=\"832\">Aj\u00e1nlott adagol\u00e1s:<\/strong><\/p>\n<ul data-start=\"835\" data-end=\"1349\">\n<li data-start=\"835\" data-end=\"915\">\n<p data-start=\"837\" data-end=\"915\"><strong data-start=\"837\" data-end=\"872\">Ka\u017edodenn\u00e9 u\u017e\u00edvanie pri strese:<\/strong> 2\u00d7 denne (r\u00e1no a popoludn\u00ed) 1\u20132 kapsuly.<\/p>\n<\/li>\n<li data-start=\"916\" data-end=\"1000\">\n<p data-start=\"918\" data-end=\"1000\"><strong data-start=\"918\" data-end=\"971\">Ob\u010dasn\u00e9 u\u017e\u00edvanie pri nepokoji, nervozite, nap\u00e4t\u00ed:<\/strong> 1\u20133 kapsuly pod\u013ea potreby.<\/p>\n<\/li>\n<li data-start=\"1001\" data-end=\"1082\">\n<p data-start=\"1003\" data-end=\"1082\">Produkt nesp\u00f4sobuje ospalos\u0165, preto je vhodn\u00fd aj po\u010das d\u0148a \u2013 napr. pri pr\u00e1ci.<\/p>\n<\/li>\n<li data-start=\"1083\" data-end=\"1159\">\n<p data-start=\"1085\" data-end=\"1159\">Pom\u00e1ha aj pri \u0165a\u017ekostiach so zasp\u00e1van\u00edm z d\u00f4vodu nepokoja (1\u20133 kapsuly).<\/p>\n<\/li>\n<li data-start=\"1160\" data-end=\"1276\">\n<p data-start=\"1162\" data-end=\"1276\">Odpor\u00fa\u010dame vysk\u00fa\u0161a\u0165 aj spolu s k\u00e1vou: zachov\u00e1 stimula\u010dn\u00fd \u00fa\u010dinok bez nepr\u00edjemn\u00e9ho pocitu nervozity (1\u20132 kapsuly).<\/p>\n<\/li>\n<li data-start=\"1277\" data-end=\"1349\">\n<p data-start=\"1279\" data-end=\"1349\"><strong data-start=\"1279\" data-end=\"1299\">Maxim\u00e1lna d\u00e1vka:<\/strong> neprekra\u010dujte 3 kapsuly naraz a 6 kaps\u00fal denne.<\/p>\n<\/li>\n<\/ul>\n<p data-start=\"1351\" data-end=\"1369\"><strong data-start=\"1351\" data-end=\"1367\">Figyelmeztet\u00e9s: <\/strong>Po\u010das tehotenstva u\u017e\u00edvajte iba so s\u00fahlasom lek\u00e1ra. Neprekra\u010dujte odpor\u00fa\u010dan\u00fa denn\u00fa d\u00e1vku. V\u00fd\u017eivov\u00fd doplnok nie je n\u00e1hradou pestrej a vyv\u00e1\u017eenej stravy a zdrav\u00e9ho \u017eivotn\u00e9ho \u0161t\u00fdlu. Uchov\u00e1vajte mimo dosahu det\u00ed.<\/p>\n<p><strong>Csomagol\u00e1s:<\/strong> 60db<\/p>","protected":false},"excerpt":{"rendered":"<p>V\u010faka zmen\u00e1m v regul\u00e1cii m\u00f4\u017ee n\u00e1\u0161 \u00faspe\u0161n\u00fd produkt op\u00e4\u0165 o\u017ei\u0165 \u2013 teraz obsahuje nielen extrakt z citr\u00f3novej m\u00e4ty a aminokyselinu L-tean\u00edn z\u00edskan\u00fa zo zelen\u00e9ho \u010daju, ale aj extrakt z mu\u010denky a neurotransmiter GABA (kyselina gama-aminomaslov\u00e1), ktor\u00fd sa prirodzene nach\u00e1dza v potravin\u00e1ch a vyr\u00e1ba sa rastlinnou ferment\u00e1ciou. Zelen\u00fd \u010daj m\u00e1 s\u00edce v\u0161eobecne stimula\u010dn\u00e9 \u00fa\u010dinky, no niektor\u00e9 [&hellip;]<\/p>","protected":false},"featured_media":9935,"comment_status":"open","ping_status":"closed","template":"","meta":{"inline_featured_image":false},"product_brand":[113],"product_cat":[69],"product_tag":[],"class_list":{"0":"post-9127","1":"product","2":"type-product","3":"status-publish","4":"has-post-thumbnail","6":"product_brand-gal","7":"product_cat-vyzivove-doplnky","9":"first","10":"onbackorder","11":"taxable","12":"shipping-taxable","13":"purchasable","14":"product-type-simple"},"aioseo_notices":[],"_links":{"self":[{"href":"https:\/\/www.biokari.sk\/hu\/wp-json\/wp\/v2\/product\/9127","targetHints":{"allow":["GET"]}}],"collection":[{"href":"https:\/\/www.biokari.sk\/hu\/wp-json\/wp\/v2\/product"}],"about":[{"href":"https:\/\/www.biokari.sk\/hu\/wp-json\/wp\/v2\/types\/product"}],"replies":[{"embeddable":true,"href":"https:\/\/www.biokari.sk\/hu\/wp-json\/wp\/v2\/comments?post=9127"}],"wp:featuredmedia":[{"embeddable":true,"href":"https:\/\/www.biokari.sk\/hu\/wp-json\/wp\/v2\/media\/9935"}],"wp:attachment":[{"href":"https:\/\/www.biokari.sk\/hu\/wp-json\/wp\/v2\/media?parent=9127"}],"wp:term":[{"taxonomy":"product_brand","embeddable":true,"href":"https:\/\/www.biokari.sk\/hu\/wp-json\/wp\/v2\/product_brand?post=9127"},{"taxonomy":"product_cat","embeddable":true,"href":"https:\/\/www.biokari.sk\/hu\/wp-json\/wp\/v2\/product_cat?post=9127"},{"taxonomy":"product_tag","embeddable":true,"href":"https:\/\/www.biokari.sk\/hu\/wp-json\/wp\/v2\/product_tag?post=9127"}],"curies":[{"name":"wp","href":"https:\/\/api.w.org\/{rel}","templated":true}]}}