{"id":9139,"date":"2025-07-01T14:37:29","date_gmt":"2025-07-01T12:37:29","guid":{"rendered":"https:\/\/www.biokari.sk\/produkt\/nordvital-horucy-napoj-na-imunitu-30ks\/"},"modified":"2026-03-05T18:01:18","modified_gmt":"2026-03-05T17:01:18","slug":"nordvital-horucy-napoj-na-imunitu-30ks","status":"publish","type":"product","link":"https:\/\/www.biokari.sk\/hu\/termek\/nordvital-horucy-napoj-na-imunitu-30ks\/","title":{"rendered":"Nordvital Hor\u00fac\u00fd n\u00e1poj na imunitu 30ks"},"content":{"rendered":"<p data-start=\"274\" data-end=\"541\">Nordvital Herbal Hot Drink je hor\u00faci n\u00e1pojov\u00fd pr\u00e1\u0161ok, ktor\u00fd pon\u00faka jedine\u010dn\u00fa zmes pr\u00edrodn\u00fdch byl\u00edn a extraktov, \u0161peci\u00e1lne pre podporu v\u00e1\u0161ho zdravia a pohody. Tento v\u00fdnimo\u010dn\u00fd n\u00e1poj je balen\u00fd v 30 vrec\u00fa\u0161kach, aby ste si mohli ka\u017ed\u00fd de\u0148 vychutna\u0165 lie\u010div\u00fa silu pr\u00edrody.<\/p>\n<p data-start=\"543\" data-end=\"1024\">Nordvital Herbal Hot Drink kombinuje tie najlep\u0161ie byliny a rastlinn\u00e9 extrakty, ktor\u00e9 sa tradi\u010dne pou\u017e\u00edvaj\u00fa na podporu d\u00fdchac\u00edch ciest, zmiernenie pr\u00edznakov nachladnutia a chr\u00edpky, ako aj na posilnenie imunitn\u00e9ho syst\u00e9mu. Tymian a oregano maj\u00fa prirodzen\u00e9 antibakteri\u00e1lne a protiz\u00e1palov\u00e9 vlastnosti, zatia\u013e \u010do baza \u010dierna a lipov\u00fd kvet s\u00fa zn\u00e1me svojimi imunostimula\u010dn\u00fdmi \u00fa\u010dinkami. Skorocel kopijovit\u00fd a islandsk\u00fd li\u0161ajn\u00edk m\u00f4\u017eu pom\u00f4c\u0165 pri zmiernen\u00ed ka\u0161\u013ea a upokojen\u00ed bolesti hrdla.<\/p>\n<p data-start=\"1026\" data-end=\"1339\">\u013dahko sa pripravuje a m\u00e1 pr\u00edjemn\u00fa chu\u0165 \u2013 Nordvital Herbal Hot Drink je ide\u00e1lnou vo\u013ebou pre ka\u017ed\u00e9ho, kto h\u013ead\u00e1 prirodzen\u00e9 rie\u0161enie na chladn\u00e9 dni pre pocit tepla a pohody. Pripravte si hor\u00faci n\u00e1poj kedyko\u013evek po\u010das d\u0148a, aby ste vyu\u017eili priazniv\u00e9 \u00fa\u010dinky byl\u00edn, pri\u010dom z\u00e1rove\u0148 hydratujete a posil\u0148ujete svoje telo.<\/p>\n<p data-start=\"1341\" data-end=\"1409\"><strong data-start=\"1341\" data-end=\"1371\">\u00da\u010dinn\u00e9 l\u00e1tky \/ 1 vrec\u00fa\u0161ko:<\/strong><br data-start=\"1371\" data-end=\"1374\" \/>Zmes rastlinn\u00fdch extraktov 180 mg<\/p>\n<p data-start=\"1411\" data-end=\"2211\"><strong data-start=\"1411\" data-end=\"1424\">\u00d6sszet\u00e9tel:<\/strong> plnidlo (maltodextr\u00edn), ar\u00f3my (med, mentol), extrakt z listu tymianu (10:1 Thymus satureioides Coss 20 mg\/d\u00e1vka), extrakt z rastliny islandsk\u00e9ho li\u0161ajn\u00edka (10:1 Cetraria islandica 20 mg\/d\u00e1vka), extrakt z listu skorocelu kopijovit\u00e9ho (10:1 Plantago lanceolata 20 mg\/d\u00e1vka), extrakt z kvetu bazy \u010diernej (10:1 Sambucus nigra 20 mg\/d\u00e1vka), extrakt z lipov\u00e9ho kvetu (10:1 Tilia cordata Miller 20 mg\/d\u00e1vka), extrakt z rastliny rebr\u00ed\u010dka oby\u010dajn\u00e9ho (10:1 Achillea millefolium 20 mg\/d\u00e1vka), extrakt z listu oregana (10:1 Origanum vulgare 20 mg\/d\u00e1vka), extrakt z kvetu harman\u010deka (10:1 Matricaria chamomilla 20 mg\/d\u00e1vka), extrakt z v\u0148a\u0165ovej \u010dasti jabl\u010dn\u00edka oby\u010dajn\u00e9ho (10:1 Marrubium vulgare 10 mg\/d\u00e1vka), extrakt z plodu badi\u00e1nu (10:1 Illicium verum 10 mg\/d\u00e1vka), sladidlo (st\u00e9violglykozidy).<\/p>\n<p data-start=\"2213\" data-end=\"2379\"><strong data-start=\"2213\" data-end=\"2228\">Adagol\u00e1s:<\/strong> 1 vrec\u00fa\u0161ko pr\u00e1\u0161ku (3 g) rozpustite v poh\u00e1ri hor\u00facej \u2013 nie v\u0161ak vriacej \u2013 vody. Konzum\u00e1ciu je mo\u017en\u00e9 zopakova\u0165 ka\u017ed\u00e9 3 hodiny, maxim\u00e1lne 6-kr\u00e1t denne.<\/p>\n<p data-start=\"2381\" data-end=\"2476\"><strong data-start=\"2381\" data-end=\"2414\">Odpor\u00fa\u010dan\u00e9 doplnky do n\u00e1poja:<\/strong> med \/ citr\u00f3n \/ z\u00e1zvor. Deti od 12 rokov. Neobsahuje kofe\u00edn.<\/p>\n<p data-start=\"2478\" data-end=\"2717\"><strong data-start=\"2478\" data-end=\"2494\">Figyelmeztet\u00e9s:<\/strong> V\u00fd\u017eivov\u00fd doplnok sa nesmie pou\u017e\u00edva\u0165 ako n\u00e1hrada vyv\u00e1\u017eenej a rozmanitej stravy a zdrav\u00e9ho \u017eivotn\u00e9ho \u0161t\u00fdlu. Neprekra\u010dujte odpor\u00fa\u010dan\u00fa denn\u00fa d\u00e1vku! Neu\u017e\u00edvajte pr\u00edpravok, ak ste citliv\u00ed alebo alergick\u00ed na niektor\u00fa zo zlo\u017eiek.<\/p>\n<p data-start=\"2719\" data-end=\"2745\"><strong data-start=\"2719\" data-end=\"2731\">Csomagol\u00e1s:<\/strong> 30 vrec\u00fa\u0161ok<\/p>","protected":false},"excerpt":{"rendered":"<p>Nordvital Herbal Hot Drink je hor\u00faci n\u00e1pojov\u00fd pr\u00e1\u0161ok, ktor\u00fd pon\u00faka jedine\u010dn\u00fa zmes pr\u00edrodn\u00fdch byl\u00edn a extraktov, \u0161peci\u00e1lne pre podporu v\u00e1\u0161ho zdravia a pohody. Tento v\u00fdnimo\u010dn\u00fd n\u00e1poj je balen\u00fd v 30 vrec\u00fa\u0161kach, aby ste si mohli ka\u017ed\u00fd de\u0148 vychutna\u0165 lie\u010div\u00fa silu pr\u00edrody. Nordvital Herbal Hot Drink kombinuje tie najlep\u0161ie byliny a rastlinn\u00e9 extrakty, ktor\u00e9 sa tradi\u010dne [&hellip;]<\/p>","protected":false},"featured_media":9925,"comment_status":"open","ping_status":"closed","template":"","meta":{"inline_featured_image":false},"product_brand":[112],"product_cat":[69],"product_tag":[],"class_list":{"0":"post-9139","1":"product","2":"type-product","3":"status-publish","4":"has-post-thumbnail","6":"product_brand-nordvital","7":"product_cat-vyzivove-doplnky","9":"first","10":"instock","11":"taxable","12":"shipping-taxable","13":"purchasable","14":"product-type-simple"},"aioseo_notices":[],"_links":{"self":[{"href":"https:\/\/www.biokari.sk\/hu\/wp-json\/wp\/v2\/product\/9139","targetHints":{"allow":["GET"]}}],"collection":[{"href":"https:\/\/www.biokari.sk\/hu\/wp-json\/wp\/v2\/product"}],"about":[{"href":"https:\/\/www.biokari.sk\/hu\/wp-json\/wp\/v2\/types\/product"}],"replies":[{"embeddable":true,"href":"https:\/\/www.biokari.sk\/hu\/wp-json\/wp\/v2\/comments?post=9139"}],"wp:featuredmedia":[{"embeddable":true,"href":"https:\/\/www.biokari.sk\/hu\/wp-json\/wp\/v2\/media\/9925"}],"wp:attachment":[{"href":"https:\/\/www.biokari.sk\/hu\/wp-json\/wp\/v2\/media?parent=9139"}],"wp:term":[{"taxonomy":"product_brand","embeddable":true,"href":"https:\/\/www.biokari.sk\/hu\/wp-json\/wp\/v2\/product_brand?post=9139"},{"taxonomy":"product_cat","embeddable":true,"href":"https:\/\/www.biokari.sk\/hu\/wp-json\/wp\/v2\/product_cat?post=9139"},{"taxonomy":"product_tag","embeddable":true,"href":"https:\/\/www.biokari.sk\/hu\/wp-json\/wp\/v2\/product_tag?post=9139"}],"curies":[{"name":"wp","href":"https:\/\/api.w.org\/{rel}","templated":true}]}}