{"id":9141,"date":"2025-07-01T14:37:30","date_gmt":"2025-07-01T12:37:30","guid":{"rendered":"https:\/\/www.biokari.sk\/produkt\/nordvital-mct-olej-500ml\/"},"modified":"2026-04-27T19:02:09","modified_gmt":"2026-04-27T17:02:09","slug":"nordvital-mct-olej-500ml","status":"publish","type":"product","link":"https:\/\/www.biokari.sk\/hu\/termek\/nordvital-mct-olej-500ml\/","title":{"rendered":"Nordvital MCT olej 500ml"},"content":{"rendered":"<p data-start=\"201\" data-end=\"407\">N\u00e1\u0161 <strong data-start=\"205\" data-end=\"217\">MCT olej<\/strong> poch\u00e1dza v\u00fdhradne z <strong data-start=\"238\" data-end=\"301\">udr\u017eate\u013en\u00e9ho hospod\u00e1rstva (RSPO certifikovan\u00fd palmov\u00fd olej)<\/strong> a je bohat\u00fdm zdrojom <strong data-start=\"323\" data-end=\"404\">mastn\u00fdch kysel\u00edn so stredne dlh\u00fdm re\u0165azcom (MCT \u2013 Medium Chain Triglycerides)<\/strong>.<\/p>\n<p data-start=\"409\" data-end=\"655\">Obsahuje ide\u00e1lnu kombin\u00e1ciu <strong data-start=\"437\" data-end=\"473\">kyseliny kaprylovej a kapr\u00ednovej<\/strong>, ktor\u00e9 sa \u010dasto vyu\u017e\u00edvaj\u00fa v stravovan\u00ed, kde s\u00fa preferovan\u00e9 r\u00fdchlo vyu\u017eite\u013en\u00e9 tuky. Predstavuje alternat\u00edvu ku kokosov\u00e9mu tuku, pri\u010dom pon\u00faka odli\u0161n\u00e9 zlo\u017eenie ako kyselina laurov\u00e1.<\/p>\n<h4 data-start=\"657\" data-end=\"696\"><strong data-start=\"661\" data-end=\"694\">Obsah \u00fa\u010dinn\u00fdch l\u00e1tok (10 ml):<\/strong><\/h4>\n<ul data-start=\"697\" data-end=\"805\">\n<li data-start=\"697\" data-end=\"805\">\n<h4 data-start=\"699\" data-end=\"805\"><strong data-start=\"699\" data-end=\"711\">MCT olej<\/strong> \u2013 10 ml<br data-start=\"719\" data-end=\"722\" \/>\u2003\u2003z toho <strong data-start=\"731\" data-end=\"753\">kyselina kaprylov\u00e1<\/strong>: 5,86 g<br data-start=\"761\" data-end=\"764\" \/>\u2003\u2003z toho <strong data-start=\"773\" data-end=\"795\">kyselina kapr\u00ednov\u00e1<\/strong>: 4,14 g<\/h4>\n<\/li>\n<\/ul>\n<h4 data-start=\"807\" data-end=\"826\"><strong data-start=\"811\" data-end=\"824\">\u00d6sszet\u00e9tel:\u00a0<\/strong>100 % MCT olej (z RSPO certifikovan\u00e9ho palmov\u00e9ho oleja).<\/h4>\n<h4 data-start=\"887\" data-end=\"917\"><strong data-start=\"891\" data-end=\"915\">Odpor\u00fa\u010dan\u00e9 pou\u017eitie: <\/strong>konzumova\u0165 samostatne, prida\u0165 do \u0161al\u00e1tov alebo hotov\u00fdch jed\u00e1l. \u00a0Nevhodn\u00e9 na varenie a vypr\u00e1\u017eanie!<\/h4>\n<h4 data-start=\"1028\" data-end=\"1102\"><strong data-start=\"1028\" data-end=\"1049\">Odpor\u00fa\u010dan\u00e1 d\u00e1vka:<\/strong> 10 ml naraz. Vy\u0161\u0161ie mno\u017estvo m\u00f4\u017ee sp\u00f4sobi\u0165 hna\u010dku.<\/h4>\n<h4 data-start=\"1104\" data-end=\"1126\"><strong data-start=\"1108\" data-end=\"1124\">T\u00e1rol\u00e1s:\u00a0<\/strong>Na suchom mieste, chr\u00e1nenom pred slne\u010dn\u00fdm \u017eiaren\u00edm, pri izbovej teplote. Uchov\u00e1va\u0165 mimo dosahu det\u00ed.<\/h4>\n<h4 data-start=\"1231\" data-end=\"1253\"><strong data-start=\"1235\" data-end=\"1251\">Figyelmeztet\u00e9s: <\/strong>Neprekra\u010dujte odpor\u00fa\u010dan\u00fa denn\u00fa d\u00e1vku. V\u00fd\u017eivov\u00fd doplnok nenahr\u00e1dza pestr\u00fa a vyv\u00e1\u017een\u00fa stravu ani zdrav\u00fd \u017eivotn\u00fd \u0161t\u00fdl. Neu\u017e\u00edvajte, ak ste alergick\u00ed alebo precitliven\u00ed na niektor\u00fa zo zlo\u017eiek.<\/h4>\n<p data-start=\"1455\" data-end=\"1474\"><strong data-start=\"1455\" data-end=\"1472\">Objem: 500 ml<\/strong><\/p>","protected":false},"excerpt":{"rendered":"<p>N\u00e1\u0161 MCT olej poch\u00e1dza v\u00fdhradne z udr\u017eate\u013en\u00e9ho hospod\u00e1rstva (RSPO certifikovan\u00fd palmov\u00fd olej) a je bohat\u00fdm zdrojom mastn\u00fdch kysel\u00edn so stredne dlh\u00fdm re\u0165azcom (MCT \u2013 Medium Chain Triglycerides). Obsahuje ide\u00e1lnu kombin\u00e1ciu kyseliny kaprylovej a kapr\u00ednovej, ktor\u00e9 sa \u010dasto vyu\u017e\u00edvaj\u00fa v stravovan\u00ed, kde s\u00fa preferovan\u00e9 r\u00fdchlo vyu\u017eite\u013en\u00e9 tuky. Predstavuje alternat\u00edvu ku kokosov\u00e9mu tuku, pri\u010dom pon\u00faka odli\u0161n\u00e9 zlo\u017eenie [&hellip;]<\/p>","protected":false},"featured_media":9916,"comment_status":"open","ping_status":"closed","template":"","meta":{"inline_featured_image":false},"product_brand":[112],"product_cat":[69],"product_tag":[],"class_list":{"0":"post-9141","1":"product","2":"type-product","3":"status-publish","4":"has-post-thumbnail","6":"product_brand-nordvital","7":"product_cat-vyzivove-doplnky","9":"first","10":"instock","11":"taxable","12":"shipping-taxable","13":"purchasable","14":"product-type-simple"},"aioseo_notices":[],"_links":{"self":[{"href":"https:\/\/www.biokari.sk\/hu\/wp-json\/wp\/v2\/product\/9141","targetHints":{"allow":["GET"]}}],"collection":[{"href":"https:\/\/www.biokari.sk\/hu\/wp-json\/wp\/v2\/product"}],"about":[{"href":"https:\/\/www.biokari.sk\/hu\/wp-json\/wp\/v2\/types\/product"}],"replies":[{"embeddable":true,"href":"https:\/\/www.biokari.sk\/hu\/wp-json\/wp\/v2\/comments?post=9141"}],"wp:featuredmedia":[{"embeddable":true,"href":"https:\/\/www.biokari.sk\/hu\/wp-json\/wp\/v2\/media\/9916"}],"wp:attachment":[{"href":"https:\/\/www.biokari.sk\/hu\/wp-json\/wp\/v2\/media?parent=9141"}],"wp:term":[{"taxonomy":"product_brand","embeddable":true,"href":"https:\/\/www.biokari.sk\/hu\/wp-json\/wp\/v2\/product_brand?post=9141"},{"taxonomy":"product_cat","embeddable":true,"href":"https:\/\/www.biokari.sk\/hu\/wp-json\/wp\/v2\/product_cat?post=9141"},{"taxonomy":"product_tag","embeddable":true,"href":"https:\/\/www.biokari.sk\/hu\/wp-json\/wp\/v2\/product_tag?post=9141"}],"curies":[{"name":"wp","href":"https:\/\/api.w.org\/{rel}","templated":true}]}}