{"id":9145,"date":"2025-07-01T14:37:31","date_gmt":"2025-07-01T12:37:31","guid":{"rendered":"https:\/\/www.biokari.sk\/produkt\/nordvital-vitamin-b9-a-b12-kapsuly-60ks\/"},"modified":"2026-04-26T19:01:53","modified_gmt":"2026-04-26T17:01:53","slug":"nordvital-vitamin-b9-a-b12-kapsuly-60ks","status":"publish","type":"product","link":"https:\/\/www.biokari.sk\/hu\/termek\/nordvital-vitamin-b9-a-b12-kapsuly-60ks\/","title":{"rendered":"Nordvital Vitam\u00edn B9 a B12 kapsuly 60ks"},"content":{"rendered":"<p data-start=\"32\" data-end=\"570\">je vysoko kvalitn\u00fd pr\u00edpravok, ktor\u00fd poskytuje bioakt\u00edvny fol\u00e1t s optim\u00e1lnou vstrebate\u013enos\u0165ou. Vitam\u00edn B9 zohr\u00e1va nevyhnutn\u00fa \u00falohu pri delen\u00ed buniek a pri tvorbe genetick\u00e9ho materi\u00e1lu \u2013 RNA a DNA. D\u00e1vka 800 mcg je ide\u00e1lna na podporu zdrav\u00e9ho tehotenstva a udr\u017eanie kardiovaskul\u00e1rneho zdravia. Nordvital Bioakt\u00edvny Fol\u00e1t je ide\u00e1lnou vo\u013ebou pre v\u0161etk\u00fdch, ktor\u00ed si chc\u00fa zabezpe\u010di\u0165 spr\u00e1vnu hladinu fol\u00e1tu v organizme, najm\u00e4 po\u010das tehotenstva alebo pri zv\u00fd\u0161enej potrebe kyseliny listovej.<\/p>\n<p data-start=\"572\" data-end=\"603\"><strong data-start=\"572\" data-end=\"601\">\u00da\u010dinn\u00e9 l\u00e1tky \/ 1 kapsula:<\/strong><\/p>\n<ul data-start=\"604\" data-end=\"700\">\n<li data-start=\"604\" data-end=\"654\">\n<p data-start=\"606\" data-end=\"654\">Vitam\u00edn B9 (kalcium-L-metylfol\u00e1t) 800 \u03bcg 400 %<\/p>\n<\/li>\n<li data-start=\"655\" data-end=\"700\">\n<p data-start=\"657\" data-end=\"700\">Vitam\u00edn B12 (metylkobalam\u00edn) 50 \u03bcg 2000 %<\/p>\n<\/li>\n<\/ul>\n<p data-start=\"702\" data-end=\"822\"><strong data-start=\"702\" data-end=\"715\">\u00d6sszet\u00e9tel:<\/strong> ry\u017eov\u00e1 m\u00faka, kapsulov\u00e1 ob\u00e1lka (hydroxypropylmetylcelul\u00f3za), leuc\u00edn, kalcium-L-metylfol\u00e1t, metylkobalam\u00edn<\/p>\n<p data-start=\"824\" data-end=\"866\"><strong data-start=\"824\" data-end=\"839\">Adagol\u00e1s:<\/strong> 1 kapsula denne po jedle<\/p>\n<p data-start=\"868\" data-end=\"1107\"><strong data-start=\"868\" data-end=\"884\">Figyelmeztet\u00e9s:<\/strong> V\u00fd\u017eivov\u00fd doplnok sa nesmie pou\u017e\u00edva\u0165 ako n\u00e1hrada vyv\u00e1\u017eenej a rozmanitej stravy a zdrav\u00e9ho \u017eivotn\u00e9ho \u0161t\u00fdlu. Neprekra\u010dujte odpor\u00fa\u010dan\u00fa denn\u00fa d\u00e1vku! Neu\u017e\u00edvajte pr\u00edpravok, ak ste citliv\u00ed alebo alergick\u00ed na niektor\u00fa zo zlo\u017eiek.<\/p>\n<p data-start=\"868\" data-end=\"1107\"><strong>Csomagol\u00e1s:<\/strong> 60db<\/p>","protected":false},"excerpt":{"rendered":"<p>je vysoko kvalitn\u00fd pr\u00edpravok, ktor\u00fd poskytuje bioakt\u00edvny fol\u00e1t s optim\u00e1lnou vstrebate\u013enos\u0165ou. Vitam\u00edn B9 zohr\u00e1va nevyhnutn\u00fa \u00falohu pri delen\u00ed buniek a pri tvorbe genetick\u00e9ho materi\u00e1lu \u2013 RNA a DNA. D\u00e1vka 800 mcg je ide\u00e1lna na podporu zdrav\u00e9ho tehotenstva a udr\u017eanie kardiovaskul\u00e1rneho zdravia. Nordvital Bioakt\u00edvny Fol\u00e1t je ide\u00e1lnou vo\u013ebou pre v\u0161etk\u00fdch, ktor\u00ed si chc\u00fa zabezpe\u010di\u0165 spr\u00e1vnu hladinu [&hellip;]<\/p>","protected":false},"featured_media":9923,"comment_status":"open","ping_status":"closed","template":"","meta":{"inline_featured_image":false},"product_brand":[112],"product_cat":[69],"product_tag":[],"class_list":{"0":"post-9145","1":"product","2":"type-product","3":"status-publish","4":"has-post-thumbnail","6":"product_brand-nordvital","7":"product_cat-vyzivove-doplnky","9":"first","10":"instock","11":"taxable","12":"shipping-taxable","13":"purchasable","14":"product-type-simple"},"aioseo_notices":[],"_links":{"self":[{"href":"https:\/\/www.biokari.sk\/hu\/wp-json\/wp\/v2\/product\/9145","targetHints":{"allow":["GET"]}}],"collection":[{"href":"https:\/\/www.biokari.sk\/hu\/wp-json\/wp\/v2\/product"}],"about":[{"href":"https:\/\/www.biokari.sk\/hu\/wp-json\/wp\/v2\/types\/product"}],"replies":[{"embeddable":true,"href":"https:\/\/www.biokari.sk\/hu\/wp-json\/wp\/v2\/comments?post=9145"}],"wp:featuredmedia":[{"embeddable":true,"href":"https:\/\/www.biokari.sk\/hu\/wp-json\/wp\/v2\/media\/9923"}],"wp:attachment":[{"href":"https:\/\/www.biokari.sk\/hu\/wp-json\/wp\/v2\/media?parent=9145"}],"wp:term":[{"taxonomy":"product_brand","embeddable":true,"href":"https:\/\/www.biokari.sk\/hu\/wp-json\/wp\/v2\/product_brand?post=9145"},{"taxonomy":"product_cat","embeddable":true,"href":"https:\/\/www.biokari.sk\/hu\/wp-json\/wp\/v2\/product_cat?post=9145"},{"taxonomy":"product_tag","embeddable":true,"href":"https:\/\/www.biokari.sk\/hu\/wp-json\/wp\/v2\/product_tag?post=9145"}],"curies":[{"name":"wp","href":"https:\/\/api.w.org\/{rel}","templated":true}]}}