{"id":9161,"date":"2025-07-01T14:37:34","date_gmt":"2025-07-01T12:37:34","guid":{"rendered":"https:\/\/www.biokari.sk\/produkt\/dia-wellness-bezcukrove-cokoladove-kusky-odolny-voci-peceniu\/"},"modified":"2026-05-01T19:01:09","modified_gmt":"2026-05-01T17:01:09","slug":"dia-wellness-bezcukrove-cokoladove-kusky-odolny-voci-peceniu","status":"publish","type":"product","link":"https:\/\/www.biokari.sk\/hu\/termek\/dia-wellness-bezcukrove-cokoladove-kusky-odolny-voci-peceniu\/","title":{"rendered":"Dia-wellness Bezcukrov\u00e9 \u010dokol\u00e1dov\u00e9 k\u00fasky (odoln\u00fd vo\u010di pe\u010deniu)"},"content":{"rendered":"<p data-start=\"144\" data-end=\"205\"><strong data-start=\"144\" data-end=\"178\">Kakaov\u00e1 su\u0161ina minim\u00e1lne: 48 %<\/strong><\/p>\n<h4 data-start=\"207\" data-end=\"226\"><strong data-start=\"211\" data-end=\"224\">\u00d6sszet\u00e9tel:\u00a0<\/strong>sladidlo: maltitol, kakaov\u00e1 hmota, emulg\u00e1tor: s\u00f3jov\u00fd lecit\u00edn, odtu\u010dnen\u00fd kakaov\u00fd pr\u00e1\u0161ok, pr\u00edrodn\u00e1 vanilkov\u00e1 ar\u00f3ma<\/h4>\n<h4 data-start=\"343\" data-end=\"362\"><strong data-start=\"347\" data-end=\"360\">Allerg\u00e9nek:\u00a0<\/strong>Tartalmazza a  c\u00edmet. <strong data-start=\"372\" data-end=\"380\">s\u00f3ju<\/strong>. M\u00f4\u017ee obsahova\u0165 stopy <strong data-start=\"403\" data-end=\"413\">mlieka<\/strong>.<\/h4>\n<h4 data-start=\"418\" data-end=\"440\"><strong data-start=\"422\" data-end=\"438\">T\u00e1rol\u00e1s:\u00a0<\/strong>Uchov\u00e1vajte na suchom a chladnom mieste.<\/h4>\n<p><strong data-start=\"494\" data-end=\"524\">V\u00fd\u017eivov\u00e9 hodnoty na 100 g:<\/strong><\/p>\n<ul data-start=\"527\" data-end=\"746\">\n<li data-start=\"527\" data-end=\"562\">\n<p data-start=\"529\" data-end=\"562\">Energia: <strong data-start=\"538\" data-end=\"560\">2053 kJ \/ 478 kcal<\/strong><\/p>\n<\/li>\n<li data-start=\"563\" data-end=\"627\">\n<p data-start=\"565\" data-end=\"627\">Tuky: <strong data-start=\"571\" data-end=\"579\">36 g <\/strong>z toho nas\u00fdten\u00e9 mastn\u00e9 kyseliny: <strong data-start=\"617\" data-end=\"625\">21 g<\/strong><\/p>\n<\/li>\n<li data-start=\"628\" data-end=\"679\">\n<p data-start=\"630\" data-end=\"679\">Sacharidy: <strong data-start=\"641\" data-end=\"649\">52 g <\/strong>z toho cukry: <strong data-start=\"668\" data-end=\"677\">0,0 g<\/strong><\/p>\n<\/li>\n<li data-start=\"680\" data-end=\"701\">\n<p data-start=\"682\" data-end=\"701\">Vl\u00e1knina: <strong data-start=\"692\" data-end=\"699\">8 g<\/strong><\/p>\n<\/li>\n<li data-start=\"702\" data-end=\"727\">\n<p data-start=\"704\" data-end=\"727\">Bielkoviny: <strong data-start=\"716\" data-end=\"725\">6,0 g<\/strong><\/p>\n<\/li>\n<li data-start=\"728\" data-end=\"746\">\n<p data-start=\"730\" data-end=\"746\">So\u013e: <strong data-start=\"735\" data-end=\"744\">0,0 g<\/strong><\/p>\n<\/li>\n<\/ul>\n\n\n<p><strong>S\u00faly:<\/strong> 150g<\/p>","protected":false},"excerpt":{"rendered":"<p>Kakaov\u00e1 su\u0161ina minim\u00e1lne: 48 % Zlo\u017eenie:\u00a0sladidlo: maltitol, kakaov\u00e1 hmota, emulg\u00e1tor: s\u00f3jov\u00fd lecit\u00edn, odtu\u010dnen\u00fd kakaov\u00fd pr\u00e1\u0161ok, pr\u00edrodn\u00e1 vanilkov\u00e1 ar\u00f3ma Alerg\u00e9ny:\u00a0Obsahuje s\u00f3ju. M\u00f4\u017ee obsahova\u0165 stopy mlieka. Skladovanie:\u00a0Uchov\u00e1vajte na suchom a chladnom mieste. V\u00fd\u017eivov\u00e9 hodnoty na 100 g: Energia: 2053 kJ \/ 478 kcal Tuky: 36 g z toho nas\u00fdten\u00e9 mastn\u00e9 kyseliny: 21 g Sacharidy: 52 g z [&hellip;]<\/p>","protected":false},"featured_media":9903,"comment_status":"open","ping_status":"closed","template":"","meta":{"inline_featured_image":false},"product_brand":[],"product_cat":[71],"product_tag":[],"class_list":{"0":"post-9161","1":"product","2":"type-product","3":"status-publish","4":"has-post-thumbnail","6":"product_cat-potraviny","8":"first","9":"instock","10":"taxable","11":"shipping-taxable","12":"purchasable","13":"product-type-simple"},"aioseo_notices":[],"_links":{"self":[{"href":"https:\/\/www.biokari.sk\/hu\/wp-json\/wp\/v2\/product\/9161","targetHints":{"allow":["GET"]}}],"collection":[{"href":"https:\/\/www.biokari.sk\/hu\/wp-json\/wp\/v2\/product"}],"about":[{"href":"https:\/\/www.biokari.sk\/hu\/wp-json\/wp\/v2\/types\/product"}],"replies":[{"embeddable":true,"href":"https:\/\/www.biokari.sk\/hu\/wp-json\/wp\/v2\/comments?post=9161"}],"wp:featuredmedia":[{"embeddable":true,"href":"https:\/\/www.biokari.sk\/hu\/wp-json\/wp\/v2\/media\/9903"}],"wp:attachment":[{"href":"https:\/\/www.biokari.sk\/hu\/wp-json\/wp\/v2\/media?parent=9161"}],"wp:term":[{"taxonomy":"product_brand","embeddable":true,"href":"https:\/\/www.biokari.sk\/hu\/wp-json\/wp\/v2\/product_brand?post=9161"},{"taxonomy":"product_cat","embeddable":true,"href":"https:\/\/www.biokari.sk\/hu\/wp-json\/wp\/v2\/product_cat?post=9161"},{"taxonomy":"product_tag","embeddable":true,"href":"https:\/\/www.biokari.sk\/hu\/wp-json\/wp\/v2\/product_tag?post=9161"}],"curies":[{"name":"wp","href":"https:\/\/api.w.org\/{rel}","templated":true}]}}