{"id":9163,"date":"2025-07-01T14:37:34","date_gmt":"2025-07-01T12:37:34","guid":{"rendered":"https:\/\/www.biokari.sk\/produkt\/natur-tanya-chili-tabletky-30ks\/"},"modified":"2026-01-27T08:41:54","modified_gmt":"2026-01-27T07:41:54","slug":"natur-tanya-chili-tabletky-30ks","status":"publish","type":"product","link":"https:\/\/www.biokari.sk\/hu\/termek\/natur-tanya-chili-tabletky-30ks\/","title":{"rendered":"Natur tanya Chili tabletky 30ks"},"content":{"rendered":"<p data-start=\"221\" data-end=\"263\"><strong data-start=\"221\" data-end=\"261\">V\u00fd\u017eivov\u00fd doplnok \u2013 30 tabliet (21 g)<\/strong><\/p>\n<h3 data-start=\"265\" data-end=\"318\"><strong data-start=\"269\" data-end=\"316\">Komu odpor\u00fa\u010dame Natur Tanya\u00ae Chili tabletu?<\/strong><\/h3>\n<ul data-start=\"319\" data-end=\"731\">\n<li data-start=\"319\" data-end=\"426\">\n<p data-start=\"321\" data-end=\"426\">t\u00fdm, ktor\u00ed chc\u00fa doplni\u0165 stravu o <strong data-start=\"354\" data-end=\"384\">patentovan\u00fd extrakt chilli<\/strong> so \u0161tandardizovan\u00fdmi 3 \u00fa\u010dinn\u00fdmi l\u00e1tkami<\/p>\n<\/li>\n<li data-start=\"427\" data-end=\"535\">\n<p data-start=\"429\" data-end=\"535\">t\u00fdm, ktor\u00ed h\u013eadaj\u00fa pr\u00edpravok s koncentrovan\u00fdm chilli extraktom bez podr\u00e1\u017edenia a bez tr\u00e1viacich \u0165a\u017ekost\u00ed<\/p>\n<\/li>\n<li data-start=\"536\" data-end=\"586\">\n<p data-start=\"538\" data-end=\"586\">osob\u00e1m na di\u00e9te so zn\u00ed\u017een\u00fdm obsahom sacharidov<\/p>\n<\/li>\n<li data-start=\"587\" data-end=\"669\">\n<p data-start=\"589\" data-end=\"669\">\u013eu\u010fom, ktor\u00ed chudn\u00fa \u2013 na podporu reduk\u010dn\u00e9ho re\u017eimu so zn\u00ed\u017een\u00fdm pr\u00edjmom kal\u00f3ri\u00ed<\/p>\n<\/li>\n<li data-start=\"670\" data-end=\"709\">\n<p data-start=\"672\" data-end=\"709\">\u0161portovcom a akt\u00edvne \u017eij\u00facim osob\u00e1m<\/p>\n<\/li>\n<li data-start=\"710\" data-end=\"731\">\n<p data-start=\"712\" data-end=\"731\">pre \u017eeny aj mu\u017eov<\/p>\n<\/li>\n<\/ul>\n<h4 data-start=\"733\" data-end=\"765\"><strong data-start=\"737\" data-end=\"763\">Aj\u00e1nlott adagol\u00e1s:\u00a0<\/strong><strong data-start=\"766\" data-end=\"787\">1\u20132 tablety denne<\/strong>, zapi\u0165 dostato\u010dn\u00fdm mno\u017estvom vody. Odpor\u00fa\u010dan\u00e1 doba u\u017e\u00edvania: min. <strong data-start=\"859\" data-end=\"869\">60 dn\u00ed<\/strong>, max.\u00a0<strong data-start=\"876\" data-end=\"887\">120 dn\u00ed <\/strong>Po\u010det d\u00e1vok v balen\u00ed: <strong data-start=\"914\" data-end=\"923\">15\u201330<\/strong><\/h4>\n<h4 data-start=\"932\" data-end=\"951\"><strong data-start=\"936\" data-end=\"949\">\u00d6sszet\u00e9tel:\u00a0<\/strong>plnidlo (sorbitol), <strong data-start=\"972\" data-end=\"985\">Frutafit\u00ae<\/strong> [90 % inul\u00edn \u2013 z kore\u0148a \u010dakanky (Cichorium intybus L.), 10 % pr\u00edrodn\u00e9 sacharidy], <strong data-start=\"1070\" data-end=\"1084\">zelen\u00fd \u010daj<\/strong> [Camellia sinensis (L.) Kuntze] \u2013 extrakt listu, \u0161tandardizovan\u00fd na 70 % EGCG (epigalokatech\u00edn-gall\u00e1t), <strong data-start=\"1191\" data-end=\"1241\">MaxiTherm\u00ae chilli paprika (Capsicum annuum L.)<\/strong> \u2013 extrakt plodu 10\u201312:1, \u0161tandardizovan\u00fd na 2 % kapsaicinoidov, protihrudkuj\u00face l\u00e1tky (magn\u00e9zium soli mastn\u00fdch kysel\u00edn, oxid kremi\u010dit\u00fd).<\/h4>\n<p data-start=\"1384\" data-end=\"1483\">*SHU: Scoville Heat Unit (Scovillove jednotky p\u00e1livosti), vz\u0165ahuj\u00face sa na obsah kapsaicinoidov.<\/p>\n<p data-start=\"1485\" data-end=\"1546\"><strong data-start=\"1485\" data-end=\"1544\">Laborat\u00f3rne testovan\u00fd v\u00fdrobok. Bez lepku a bez lakt\u00f3zy!<\/strong><\/p>\n<h3 data-start=\"1553\" data-end=\"1599\"><strong data-start=\"1557\" data-end=\"1597\">Obsah \u00fa\u010dinn\u00fdch l\u00e1tok v dennej d\u00e1vke:<\/strong><\/h3>\n<div class=\"_tableContainer_1rjym_1\">\n<div class=\"group _tableWrapper_1rjym_13 flex w-fit flex-col-reverse\">\n<table class=\"w-fit min-w-(--thread-content-width)\" data-start=\"1601\" data-end=\"1914\">\n<thead data-start=\"1601\" data-end=\"1630\">\n<tr data-start=\"1601\" data-end=\"1630\">\n<th data-start=\"1601\" data-end=\"1609\" data-col-size=\"sm\">Anyag<\/th>\n<th data-start=\"1609\" data-end=\"1618\" data-col-size=\"sm\">1 tbl.<\/th>\n<th data-start=\"1618\" data-end=\"1630\" data-col-size=\"sm\">2 tbl.<\/th>\n<\/tr>\n<\/thead>\n<tbody data-start=\"1661\" data-end=\"1914\">\n<tr data-start=\"1661\" data-end=\"1727\">\n<td data-start=\"1661\" data-end=\"1701\" data-col-size=\"sm\">Inul\u00edn (Frutafit\u00ae \u2013 z kore\u0148a \u010dakanky)<\/td>\n<td data-start=\"1701\" data-end=\"1713\" data-col-size=\"sm\">124,65 mg<\/td>\n<td data-start=\"1713\" data-end=\"1727\" data-col-size=\"sm\">249,3 mg<\/td>\n<\/tr>\n<tr data-start=\"1728\" data-end=\"1776\">\n<td data-start=\"1728\" data-end=\"1756\" data-col-size=\"sm\">MaxiTherm\u00ae chilli extrakt<\/td>\n<td data-start=\"1756\" data-end=\"1764\" data-col-size=\"sm\">50 mg<\/td>\n<td data-start=\"1764\" data-end=\"1776\" data-col-size=\"sm\">100 mg<\/td>\n<\/tr>\n<tr data-start=\"1777\" data-end=\"1819\">\n<td data-start=\"1777\" data-end=\"1802\" data-col-size=\"sm\">\u2026 z toho kapsaicinoidy<\/td>\n<td data-start=\"1802\" data-end=\"1809\" data-col-size=\"sm\">1 mg<\/td>\n<td data-start=\"1809\" data-end=\"1819\" data-col-size=\"sm\">2 mg<\/td>\n<\/tr>\n<tr data-start=\"1820\" data-end=\"1870\">\n<td data-start=\"1820\" data-end=\"1849\" data-col-size=\"sm\">Zelen\u00fd \u010daj \u2013 extrakt listu<\/td>\n<td data-start=\"1849\" data-end=\"1858\" data-col-size=\"sm\">100 mg<\/td>\n<td data-start=\"1858\" data-end=\"1870\" data-col-size=\"sm\">200 mg<\/td>\n<\/tr>\n<tr data-start=\"1871\" data-end=\"1914\">\n<td data-start=\"1871\" data-end=\"1894\" data-col-size=\"sm\">\u2026 z toho EGCG (70 %)<\/td>\n<td data-start=\"1894\" data-end=\"1902\" data-col-size=\"sm\">70 mg<\/td>\n<td data-start=\"1902\" data-end=\"1914\" data-col-size=\"sm\">140 mg<\/td>\n<\/tr>\n<\/tbody>\n<\/table>\n<\/div>\n<\/div>\n\n\n<p><\/p>","protected":false},"excerpt":{"rendered":"<p>V\u00fd\u017eivov\u00fd doplnok \u2013 30 tabliet (21 g) Komu odpor\u00fa\u010dame Natur Tanya\u00ae Chili tabletu? t\u00fdm, ktor\u00ed chc\u00fa doplni\u0165 stravu o patentovan\u00fd extrakt chilli so \u0161tandardizovan\u00fdmi 3 \u00fa\u010dinn\u00fdmi l\u00e1tkami t\u00fdm, ktor\u00ed h\u013eadaj\u00fa pr\u00edpravok s koncentrovan\u00fdm chilli extraktom bez podr\u00e1\u017edenia a bez tr\u00e1viacich \u0165a\u017ekost\u00ed osob\u00e1m na di\u00e9te so zn\u00ed\u017een\u00fdm obsahom sacharidov \u013eu\u010fom, ktor\u00ed chudn\u00fa \u2013 na podporu reduk\u010dn\u00e9ho [&hellip;]<\/p>","protected":false},"featured_media":9905,"comment_status":"open","ping_status":"closed","template":"","meta":{"inline_featured_image":false},"product_brand":[],"product_cat":[69],"product_tag":[],"class_list":{"0":"post-9163","1":"product","2":"type-product","3":"status-publish","4":"has-post-thumbnail","6":"product_cat-vyzivove-doplnky","8":"first","9":"instock","10":"taxable","11":"shipping-taxable","12":"purchasable","13":"product-type-simple"},"aioseo_notices":[],"_links":{"self":[{"href":"https:\/\/www.biokari.sk\/hu\/wp-json\/wp\/v2\/product\/9163","targetHints":{"allow":["GET"]}}],"collection":[{"href":"https:\/\/www.biokari.sk\/hu\/wp-json\/wp\/v2\/product"}],"about":[{"href":"https:\/\/www.biokari.sk\/hu\/wp-json\/wp\/v2\/types\/product"}],"replies":[{"embeddable":true,"href":"https:\/\/www.biokari.sk\/hu\/wp-json\/wp\/v2\/comments?post=9163"}],"wp:featuredmedia":[{"embeddable":true,"href":"https:\/\/www.biokari.sk\/hu\/wp-json\/wp\/v2\/media\/9905"}],"wp:attachment":[{"href":"https:\/\/www.biokari.sk\/hu\/wp-json\/wp\/v2\/media?parent=9163"}],"wp:term":[{"taxonomy":"product_brand","embeddable":true,"href":"https:\/\/www.biokari.sk\/hu\/wp-json\/wp\/v2\/product_brand?post=9163"},{"taxonomy":"product_cat","embeddable":true,"href":"https:\/\/www.biokari.sk\/hu\/wp-json\/wp\/v2\/product_cat?post=9163"},{"taxonomy":"product_tag","embeddable":true,"href":"https:\/\/www.biokari.sk\/hu\/wp-json\/wp\/v2\/product_tag?post=9163"}],"curies":[{"name":"wp","href":"https:\/\/api.w.org\/{rel}","templated":true}]}}