{"id":9171,"date":"2025-07-01T14:37:36","date_gmt":"2025-07-01T12:37:36","guid":{"rendered":"https:\/\/www.biokari.sk\/produkt\/gyorgytea-filtrovana-cajova-zmes-hviezdica-prostredna-20ks\/"},"modified":"2026-04-29T19:03:14","modified_gmt":"2026-04-29T17:03:14","slug":"gyorgytea-filtrovana-cajova-zmes-hviezdica-prostredna-20ks","status":"publish","type":"product","link":"https:\/\/www.biokari.sk\/hu\/termek\/gyorgytea-filtrovana-cajova-zmes-hviezdica-prostredna-20ks\/","title":{"rendered":"Gy\u00f6rgytea Filtrovan\u00e1 \u010cajov\u00e1 zmes &#8211; Hviezdica prostredna 20ks"},"content":{"rendered":"<p data-start=\"218\" data-end=\"604\"><strong data-start=\"218\" data-end=\"247\">\u010cajov\u00e1 zmes s hviezdnicou<\/strong>, zn\u00e1ma aj ako <strong data-start=\"262\" data-end=\"282\">\u010caj priate\u013e ciev<\/strong>, je bylinn\u00e1 zmes ur\u010den\u00e1 na podporu zdravia srdcovo-cievneho syst\u00e9mu. Hlavnou zlo\u017ekou je <strong data-start=\"373\" data-end=\"416\">hviezdnica prostredn\u00e1 (Stellaria media)<\/strong>, ktor\u00e1 je u\u017e dlho zn\u00e1ma svojimi prirodzen\u00fdmi schopnos\u0165ami zni\u017eova\u0165 hladinu cholesterolu a \u010disti\u0165 cievy. Pravideln\u00e1 konzum\u00e1cia \u010daju m\u00f4\u017ee pom\u00f4c\u0165 zlep\u0161i\u0165 krvn\u00fd obeh a udr\u017ea\u0165 pru\u017enos\u0165 ciev.<\/p>\n<h3 data-start=\"606\" data-end=\"629\"><strong data-start=\"610\" data-end=\"627\">Hlavn\u00e9 v\u00fdhody<\/strong><\/h3>\n<ul data-start=\"630\" data-end=\"1031\">\n<li data-start=\"630\" data-end=\"731\">\n<p data-start=\"632\" data-end=\"731\"><strong data-start=\"632\" data-end=\"675\">\u010cistenie ciev a zni\u017eovanie cholesterolu<\/strong> \u2013 m\u00f4\u017ee prispie\u0165 k zn\u00ed\u017eeniu rizika srdcov\u00fdch ochoren\u00ed.<\/p>\n<\/li>\n<li data-start=\"732\" data-end=\"841\">\n<p data-start=\"734\" data-end=\"841\"><strong data-start=\"734\" data-end=\"759\">Podpora krvn\u00e9ho obehu<\/strong> \u2013 kombin\u00e1cia viacer\u00fdch byl\u00edn pom\u00e1ha udr\u017eiava\u0165 zdravie srdcovo-cievneho syst\u00e9mu.<\/p>\n<\/li>\n<li data-start=\"842\" data-end=\"945\">\n<p data-start=\"844\" data-end=\"945\"><strong data-start=\"844\" data-end=\"867\">Jednoduch\u00e1 pr\u00edprava<\/strong> \u2013 praktick\u00e9 vrec\u00fa\u0161ka umo\u017e\u0148uj\u00fa \u013eahk\u00fa a r\u00fdchlu pr\u00edpravu kedyko\u013evek po\u010das d\u0148a.<\/p>\n<\/li>\n<li data-start=\"946\" data-end=\"1031\">\n<p data-start=\"948\" data-end=\"1031\"><strong data-start=\"948\" data-end=\"966\">100 % pr\u00edrodn\u00e9<\/strong> \u2013 obsahuje iba starostlivo vybran\u00e9 byliny, bez umel\u00fdch pr\u00edsad.<\/p>\n<\/li>\n<\/ul>\n<h4 data-start=\"1033\" data-end=\"1051\"><strong data-start=\"1037\" data-end=\"1049\">\u00d6sszet\u00e9tel: <\/strong>V\u0148a\u0165 hviezdnice prostrednej (40 %), V\u0148a\u0165 veroniky lek\u00e1rskej, Kvety a v\u0148a\u0165 hlohu, V\u0148a\u0165 rebr\u00ed\u010dka oby\u010dajn\u00e9ho, List \u0161alvie lek\u00e1rskej<\/h4>\n<h4 data-start=\"1198\" data-end=\"1229\"><strong data-start=\"1202\" data-end=\"1227\">Pr\u00edprava a konzum\u00e1cia: <\/strong>Prevar <strong data-start=\"1239\" data-end=\"1254\">2,5 dl vody<\/strong> a zalej \u0148ou jedno vrec\u00fa\u0161ko. <strong data-start=\"1287\" data-end=\"1314\">Nechaj l\u00fahova\u0165 15 min\u00fat<\/strong> pod pokrievkou, potom vrec\u00fa\u0161ko vyber. Odpor\u00fa\u010dan\u00e1 konzum\u00e1cia: <strong data-start=\"1380\" data-end=\"1399\">1\u20132 \u0161\u00e1lky denne<\/strong>, najlep\u0161ie <strong data-start=\"1411\" data-end=\"1444\">pred jedlom, bez dochucovania<\/strong>.<\/h4>\n<h4 data-start=\"1449\" data-end=\"1474\"><strong data-start=\"1453\" data-end=\"1472\">K\u00farov\u00e9 pou\u017eitie <\/strong>Odpor\u00fa\u010da sa <strong data-start=\"1489\" data-end=\"1506\">1 cs\u00e9sze naponta<\/strong>. \u010caj je vhodn\u00e9 pi\u0165 <strong data-start=\"1530\" data-end=\"1568\">k\u00farovito a\u017e do vymiznutia \u0165a\u017ekost\u00ed<\/strong>.<\/h4>","protected":false},"excerpt":{"rendered":"<p>\u010cajov\u00e1 zmes s hviezdnicou, zn\u00e1ma aj ako \u010caj priate\u013e ciev, je bylinn\u00e1 zmes ur\u010den\u00e1 na podporu zdravia srdcovo-cievneho syst\u00e9mu. Hlavnou zlo\u017ekou je hviezdnica prostredn\u00e1 (Stellaria media), ktor\u00e1 je u\u017e dlho zn\u00e1ma svojimi prirodzen\u00fdmi schopnos\u0165ami zni\u017eova\u0165 hladinu cholesterolu a \u010disti\u0165 cievy. Pravideln\u00e1 konzum\u00e1cia \u010daju m\u00f4\u017ee pom\u00f4c\u0165 zlep\u0161i\u0165 krvn\u00fd obeh a udr\u017ea\u0165 pru\u017enos\u0165 ciev. Hlavn\u00e9 v\u00fdhody \u010cistenie [&hellip;]<\/p>","protected":false},"featured_media":9891,"comment_status":"open","ping_status":"closed","template":"","meta":{"inline_featured_image":false},"product_brand":[],"product_cat":[148],"product_tag":[],"class_list":{"0":"post-9171","1":"product","2":"type-product","3":"status-publish","4":"has-post-thumbnail","6":"product_cat-liecive-rastliny","8":"first","9":"instock","10":"taxable","11":"shipping-taxable","12":"purchasable","13":"product-type-simple"},"aioseo_notices":[],"_links":{"self":[{"href":"https:\/\/www.biokari.sk\/hu\/wp-json\/wp\/v2\/product\/9171","targetHints":{"allow":["GET"]}}],"collection":[{"href":"https:\/\/www.biokari.sk\/hu\/wp-json\/wp\/v2\/product"}],"about":[{"href":"https:\/\/www.biokari.sk\/hu\/wp-json\/wp\/v2\/types\/product"}],"replies":[{"embeddable":true,"href":"https:\/\/www.biokari.sk\/hu\/wp-json\/wp\/v2\/comments?post=9171"}],"wp:featuredmedia":[{"embeddable":true,"href":"https:\/\/www.biokari.sk\/hu\/wp-json\/wp\/v2\/media\/9891"}],"wp:attachment":[{"href":"https:\/\/www.biokari.sk\/hu\/wp-json\/wp\/v2\/media?parent=9171"}],"wp:term":[{"taxonomy":"product_brand","embeddable":true,"href":"https:\/\/www.biokari.sk\/hu\/wp-json\/wp\/v2\/product_brand?post=9171"},{"taxonomy":"product_cat","embeddable":true,"href":"https:\/\/www.biokari.sk\/hu\/wp-json\/wp\/v2\/product_cat?post=9171"},{"taxonomy":"product_tag","embeddable":true,"href":"https:\/\/www.biokari.sk\/hu\/wp-json\/wp\/v2\/product_tag?post=9171"}],"curies":[{"name":"wp","href":"https:\/\/api.w.org\/{rel}","templated":true}]}}