{"id":9185,"date":"2025-07-01T14:37:39","date_gmt":"2025-07-01T12:37:39","guid":{"rendered":"https:\/\/www.biokari.sk\/produkt\/gal-glicinovy-prasok-250g\/"},"modified":"2026-01-27T08:41:54","modified_gmt":"2026-01-27T07:41:54","slug":"gal-glicinovy-prasok-250g","status":"publish","type":"product","link":"https:\/\/www.biokari.sk\/hu\/termek\/gal-glicinovy-prasok-250g\/","title":{"rendered":"Gal Glicinov\u00fd pr\u00e1\u0161ok 250g"},"content":{"rendered":"<p data-start=\"32\" data-end=\"349\"><strong data-start=\"32\" data-end=\"42\">Glyc\u00edn<\/strong> je prirodzen\u00e1 aminokyselina, ktor\u00e1 sa vo ve\u013ekom mno\u017estve nach\u00e1dza v kolag\u00e9ne. V\u010faka svojej sladkej chuti bez pachu\u0165e je vhodn\u00fd aj na sladenie jed\u00e1l a n\u00e1pojov. Je tepelne stabiln\u00fd, tak\u017ee ho mo\u017eno pou\u017ei\u0165 aj do pe\u010diva a hor\u00facich n\u00e1pojov. Jeho sladivos\u0165 je pribli\u017ene rovnak\u00e1 ako pri be\u017enom kry\u0161t\u00e1lovom cukre.<\/p>\n<p data-start=\"351\" data-end=\"960\">Glyc\u00edn je aminokyselina, ktor\u00e1 sa vyskytuje v kolag\u00e9nov\u00fdch bielkovin\u00e1ch v najv\u00e4\u010d\u0161om mno\u017estve. V in\u00fdch zdrojoch bielkov\u00edn sa nach\u00e1dza len v mal\u00fdch mno\u017estv\u00e1ch. Dnes prij\u00edmame ove\u013ea menej kolag\u00e9nov\u00e9ho typu bielkov\u00edn ne\u017e na\u0161i predkovia, ke\u010f\u017ee jedl\u00e1 ako dr\u017ekov\u00e1 polievka, huspenina \u010di v\u00fdvary z kost\u00ed u\u017e nie s\u00fa ve\u013emi roz\u0161\u00edren\u00e9. V d\u00f4sledku toho sa posunul pomer aminokysel\u00edn prij\u00edman\u00fdch z bielkov\u00edn \u2013 napr\u00edklad zn\u00ed\u017eil sa podiel glyc\u00ednu. Z evolu\u010dn\u00e9ho h\u013eadiska to pre \u010dloveka nebolo typick\u00e9, preto sa predpoklad\u00e1, \u017ee to m\u00f4\u017ee ma\u0165 nepriazniv\u00e9 n\u00e1sledky. Pozit\u00edvne \u00fa\u010dinky dop\u013a\u0148ania glyc\u00ednu t\u00fato domnienku len potvrdzuj\u00fa.<\/p>\n<p data-start=\"962\" data-end=\"990\"><strong data-start=\"962\" data-end=\"988\">Aj\u00e1nlott adagol\u00e1s:<\/strong><\/p>\n<ul data-start=\"991\" data-end=\"1541\">\n<li data-start=\"991\" data-end=\"1152\">\n<p data-start=\"993\" data-end=\"1152\">Pred span\u00edm rozpustite 1 vrchovat\u00fa \u010dajov\u00fa ly\u017ei\u010dku v 1\u20132 dl vla\u017enej vody (alebo inej tekutiny) a pomaly vypite, pr\u00edpadne nechajte rozpusti\u0165 v \u00fastach bez vody.<\/p>\n<\/li>\n<li data-start=\"1153\" data-end=\"1359\">\n<p data-start=\"1155\" data-end=\"1359\">Odpor\u00fa\u010da sa tie\u017e po jedle u\u017ei\u0165 men\u0161ie mno\u017estvo (1 zarovnan\u00fa \u010dajov\u00fa ly\u017ei\u010dku alebo 1 mokka ly\u017ei\u010dku), ak jedlo neobsahovalo kolag\u00e9nov\u00fd typ bielkov\u00edn. Takto prijat\u00fd glyc\u00edn pom\u00e1ha vyv\u00e1\u017ei\u0165 pomer aminokysel\u00edn.<\/p>\n<\/li>\n<li data-start=\"1360\" data-end=\"1541\">\n<p data-start=\"1362\" data-end=\"1541\">Mo\u017eno prid\u00e1va\u0165 aj do k\u00e1vy, n\u00e1pojov alebo pe\u010diva. M\u00e1 pr\u00edjemn\u00fa sladk\u00fa chu\u0165 bez ved\u013eaj\u0161ej pachuti (pri konzum\u00e1cii pr\u00e1\u0161ku priamo do \u00fast m\u00f4\u017ee by\u0165 sladivos\u0165 a\u017e nepr\u00edjemne intenz\u00edvna).<\/p>\n<\/li>\n<\/ul>\n<p data-start=\"1543\" data-end=\"1717\"><strong data-start=\"1543\" data-end=\"1559\">Figyelmeztet\u00e9s:<\/strong> Neprekra\u010dujte odpor\u00fa\u010dan\u00fa denn\u00fa d\u00e1vku! V\u00fd\u017eivov\u00fd doplnok nie je n\u00e1hradou pestrej a vyv\u00e1\u017eenej stravy a zdrav\u00e9ho \u017eivotn\u00e9ho \u0161t\u00fdlu. Uchov\u00e1vajte mimo dosahu det\u00ed.<\/p>\n<p data-start=\"1719\" data-end=\"1740\"><strong data-start=\"1719\" data-end=\"1732\">S\u00faly:<\/strong> 250 g<\/p>","protected":false},"excerpt":{"rendered":"<p>Glyc\u00edn je prirodzen\u00e1 aminokyselina, ktor\u00e1 sa vo ve\u013ekom mno\u017estve nach\u00e1dza v kolag\u00e9ne. V\u010faka svojej sladkej chuti bez pachu\u0165e je vhodn\u00fd aj na sladenie jed\u00e1l a n\u00e1pojov. Je tepelne stabiln\u00fd, tak\u017ee ho mo\u017eno pou\u017ei\u0165 aj do pe\u010diva a hor\u00facich n\u00e1pojov. Jeho sladivos\u0165 je pribli\u017ene rovnak\u00e1 ako pri be\u017enom kry\u0161t\u00e1lovom cukre. Glyc\u00edn je aminokyselina, ktor\u00e1 sa vyskytuje [&hellip;]<\/p>","protected":false},"featured_media":9846,"comment_status":"open","ping_status":"closed","template":"","meta":{"inline_featured_image":false},"product_brand":[113],"product_cat":[69],"product_tag":[],"class_list":{"0":"post-9185","1":"product","2":"type-product","3":"status-publish","4":"has-post-thumbnail","6":"product_brand-gal","7":"product_cat-vyzivove-doplnky","9":"first","10":"onbackorder","11":"taxable","12":"shipping-taxable","13":"purchasable","14":"product-type-simple"},"aioseo_notices":[],"_links":{"self":[{"href":"https:\/\/www.biokari.sk\/hu\/wp-json\/wp\/v2\/product\/9185","targetHints":{"allow":["GET"]}}],"collection":[{"href":"https:\/\/www.biokari.sk\/hu\/wp-json\/wp\/v2\/product"}],"about":[{"href":"https:\/\/www.biokari.sk\/hu\/wp-json\/wp\/v2\/types\/product"}],"replies":[{"embeddable":true,"href":"https:\/\/www.biokari.sk\/hu\/wp-json\/wp\/v2\/comments?post=9185"}],"wp:featuredmedia":[{"embeddable":true,"href":"https:\/\/www.biokari.sk\/hu\/wp-json\/wp\/v2\/media\/9846"}],"wp:attachment":[{"href":"https:\/\/www.biokari.sk\/hu\/wp-json\/wp\/v2\/media?parent=9185"}],"wp:term":[{"taxonomy":"product_brand","embeddable":true,"href":"https:\/\/www.biokari.sk\/hu\/wp-json\/wp\/v2\/product_brand?post=9185"},{"taxonomy":"product_cat","embeddable":true,"href":"https:\/\/www.biokari.sk\/hu\/wp-json\/wp\/v2\/product_cat?post=9185"},{"taxonomy":"product_tag","embeddable":true,"href":"https:\/\/www.biokari.sk\/hu\/wp-json\/wp\/v2\/product_tag?post=9185"}],"curies":[{"name":"wp","href":"https:\/\/api.w.org\/{rel}","templated":true}]}}