{"id":9189,"date":"2025-07-01T14:37:40","date_gmt":"2025-07-01T12:37:40","guid":{"rendered":"https:\/\/www.biokari.sk\/produkt\/nordvital-horcik-bisglicinaty-vitamin-b6-90ks\/"},"modified":"2026-04-30T19:01:25","modified_gmt":"2026-04-30T17:01:25","slug":"nordvital-horcik-bisglicinaty-vitamin-b6-90ks","status":"publish","type":"product","link":"https:\/\/www.biokari.sk\/hu\/termek\/nordvital-horcik-bisglicinaty-vitamin-b6-90ks\/","title":{"rendered":"Nordvital Hor\u010d\u00edk bisglicin\u00e1ty + Vitam\u00edn B6 90ks"},"content":{"rendered":"<div id=\"tab-description\" class=\"woocommerce-Tabs-panel woocommerce-Tabs-panel--description panel entry-content wc-tab\" role=\"tabpanel\" aria-labelledby=\"tab-title-description\">\n<p data-start=\"1576\" data-end=\"1892\">Nordvital hor\u010d\u00edk-bisglycin\u00e1t + B6 obsahuje organicky viazan\u00fd hor\u010d\u00edk a akt\u00edvnu formu vitam\u00ednu B6 (pyridoxal-5-fosf\u00e1t).<br data-start=\"1700\" data-end=\"1703\" \/>Bisglycin\u00e1tov\u00e1 forma je \u0161etrn\u00e1 k \u017eal\u00fadku a dobre vstrebate\u013en\u00e1. Pr\u00edpravok je vhodn\u00fd pri stresovej z\u00e1\u0165a\u017ei, fyzickej aktivite alebo pre \u013eud\u00ed, ktor\u00ed dbaj\u00fa na vedom\u00e9 dop\u013a\u0148anie \u017eiv\u00edn.<\/p>\n<p data-start=\"1894\" data-end=\"1938\"><strong data-start=\"1894\" data-end=\"1938\">\u00da\u010dinn\u00e9 l\u00e1tky v dennej d\u00e1vke (2 kapsuly):<\/strong><\/p>\n<p data-start=\"1941\" data-end=\"2021\">Hor\u010d\u00edk-bisglycin\u00e1t \u2013 1600 mg<br data-start=\"1969\" data-end=\"1972\" \/>z toho element\u00e1rny hor\u010d\u00edk \u2013 200 mg (53\u202f% RVH*)<br \/>\nVitam\u00edn B6 (vo forme pyridoxal-5-fosf\u00e1tu) \u2013 4 mg (286\u202f% RVH*)<\/p>\n<p data-start=\"2087\" data-end=\"2138\">(*) RVH = Referen\u010dn\u00e1 v\u00fd\u017eivov\u00e1 hodnota pre dospel\u00fdch<\/p>\n<p data-start=\"2140\" data-end=\"2273\"><strong data-start=\"2140\" data-end=\"2153\">\u00d6sszet\u00e9tel: <\/strong>Hor\u010d\u00edk-bisglycin\u00e1t, hydroxypropylmetylcelul\u00f3za (veg\u00e1nska kapsula), leuc\u00edn (protihrudkuj\u00faca l\u00e1tka), pyridoxal-5-fosf\u00e1t<\/p>\n<p data-start=\"2275\" data-end=\"2374\"><strong data-start=\"2275\" data-end=\"2290\">Adagol\u00e1s: <\/strong>2\u00d71 kapsula denne po jedle. Odpor\u00fa\u010da sa u\u017ei\u0165 jednu kapsulu ve\u010der pred span\u00edm.<\/p>\n<p data-start=\"2376\" data-end=\"2507\"><strong data-start=\"2376\" data-end=\"2392\">T\u00e1rol\u00e1s: <\/strong>Skladujte na suchom mieste, chr\u00e1nenom pred slne\u010dn\u00fdm \u017eiaren\u00edm, pri izbovej teplote. Uchov\u00e1vajte mimo dosahu det\u00ed.<\/p>\n<p data-start=\"2509\" data-end=\"2708\"><strong data-start=\"2509\" data-end=\"2525\">Figyelmeztet\u00e9s: <\/strong>V\u00fd\u017eivov\u00fd doplnok nie je n\u00e1hradou pestrej a vyv\u00e1\u017eenej stravy ani zdrav\u00e9ho \u017eivotn\u00e9ho \u0161t\u00fdlu. Neprekra\u010dujte odpor\u00fa\u010dan\u00fa denn\u00fa d\u00e1vku! Neu\u017e\u00edvajte, ak ste alergick\u00fd na niektor\u00fa zo zlo\u017eiek.<\/p>\n<p data-start=\"2509\" data-end=\"2708\"><strong>Mno\u017estvo<\/strong>: 90ks<\/p>\n<\/div>","protected":false},"excerpt":{"rendered":"<p>Nordvital hor\u010d\u00edk-bisglycin\u00e1t + B6 obsahuje organicky viazan\u00fd hor\u010d\u00edk a akt\u00edvnu formu vitam\u00ednu B6 (pyridoxal-5-fosf\u00e1t).Bisglycin\u00e1tov\u00e1 forma je \u0161etrn\u00e1 k \u017eal\u00fadku a dobre vstrebate\u013en\u00e1. Pr\u00edpravok je vhodn\u00fd pri stresovej z\u00e1\u0165a\u017ei, fyzickej aktivite alebo pre \u013eud\u00ed, ktor\u00ed dbaj\u00fa na vedom\u00e9 dop\u013a\u0148anie \u017eiv\u00edn. \u00da\u010dinn\u00e9 l\u00e1tky v dennej d\u00e1vke (2 kapsuly): Hor\u010d\u00edk-bisglycin\u00e1t \u2013 1600 mgz toho element\u00e1rny hor\u010d\u00edk \u2013 200 [&hellip;]<\/p>","protected":false},"featured_media":9843,"comment_status":"open","ping_status":"closed","template":"","meta":{"inline_featured_image":false},"product_brand":[112],"product_cat":[69],"product_tag":[],"class_list":{"0":"post-9189","1":"product","2":"type-product","3":"status-publish","4":"has-post-thumbnail","6":"product_brand-nordvital","7":"product_cat-vyzivove-doplnky","9":"first","10":"instock","11":"taxable","12":"shipping-taxable","13":"purchasable","14":"product-type-simple"},"aioseo_notices":[],"_links":{"self":[{"href":"https:\/\/www.biokari.sk\/hu\/wp-json\/wp\/v2\/product\/9189","targetHints":{"allow":["GET"]}}],"collection":[{"href":"https:\/\/www.biokari.sk\/hu\/wp-json\/wp\/v2\/product"}],"about":[{"href":"https:\/\/www.biokari.sk\/hu\/wp-json\/wp\/v2\/types\/product"}],"replies":[{"embeddable":true,"href":"https:\/\/www.biokari.sk\/hu\/wp-json\/wp\/v2\/comments?post=9189"}],"wp:featuredmedia":[{"embeddable":true,"href":"https:\/\/www.biokari.sk\/hu\/wp-json\/wp\/v2\/media\/9843"}],"wp:attachment":[{"href":"https:\/\/www.biokari.sk\/hu\/wp-json\/wp\/v2\/media?parent=9189"}],"wp:term":[{"taxonomy":"product_brand","embeddable":true,"href":"https:\/\/www.biokari.sk\/hu\/wp-json\/wp\/v2\/product_brand?post=9189"},{"taxonomy":"product_cat","embeddable":true,"href":"https:\/\/www.biokari.sk\/hu\/wp-json\/wp\/v2\/product_cat?post=9189"},{"taxonomy":"product_tag","embeddable":true,"href":"https:\/\/www.biokari.sk\/hu\/wp-json\/wp\/v2\/product_tag?post=9189"}],"curies":[{"name":"wp","href":"https:\/\/api.w.org\/{rel}","templated":true}]}}