{"id":9193,"date":"2025-07-01T14:37:40","date_gmt":"2025-07-01T12:37:40","guid":{"rendered":"https:\/\/www.biokari.sk\/produkt\/nordvital-kapsuly-na-spanie-60ks\/"},"modified":"2026-04-27T19:02:09","modified_gmt":"2026-04-27T17:02:09","slug":"nordvital-kapsuly-na-spanie-60ks","status":"publish","type":"product","link":"https:\/\/www.biokari.sk\/hu\/termek\/nordvital-kapsuly-na-spanie-60ks\/","title":{"rendered":"Nordvital Kapsuly na spanie 60ks"},"content":{"rendered":"<p data-start=\"32\" data-end=\"407\"><strong data-start=\"32\" data-end=\"51\">Tento pr\u00edpravok<\/strong> obsahuje hor\u010d\u00edk, ako aj valeri\u00e1nu, harman\u010dek a medovku \u2013 rastlinn\u00e9 zlo\u017eky, ktor\u00e9 sa v tradi\u010dnom pou\u017e\u00edvan\u00ed \u010dasto sp\u00e1jali s podporou ve\u010dern\u00e9ho upokojenia a relax\u00e1cie. Hor\u010d\u00edk je d\u00f4le\u017eit\u00fd mikronutrient, ktor\u00fd sa podie\u013ea na viacer\u00fdch fyziologick\u00fdch procesoch. Formula sa dobre hod\u00ed ako s\u00fa\u010das\u0165 dennej suplement\u00e1cie, najm\u00e4 ako doplnok pokojnej ve\u010dernej rutiny.<\/p>\n<p data-start=\"409\" data-end=\"454\"><strong data-start=\"409\" data-end=\"452\">Zlo\u017eenie (v 2 kapsul\u00e1ch \/ denn\u00e1 d\u00e1vka):<\/strong><\/p>\n<ul data-start=\"455\" data-end=\"915\">\n<li data-start=\"455\" data-end=\"497\">\n<p data-start=\"457\" data-end=\"497\">Hor\u010d\u00edk (z hor\u010d\u00edk-bisglycin\u00e1tu) \u2013 69 mg<\/p>\n<\/li>\n<li data-start=\"498\" data-end=\"522\">\n<p data-start=\"500\" data-end=\"522\">L-tryptof\u00e1n \u2013 250 mg<\/p>\n<\/li>\n<li data-start=\"523\" data-end=\"569\">\n<p data-start=\"525\" data-end=\"569\">GABA (kyselina gama-aminomaslov\u00e1) \u2013 400 mg<\/p>\n<\/li>\n<li data-start=\"570\" data-end=\"618\">\n<p data-start=\"572\" data-end=\"618\">Extrakt z mu\u010denky (5 % flavonoidov) \u2013 100 mg<\/p>\n<\/li>\n<li data-start=\"619\" data-end=\"695\">\n<p data-start=\"621\" data-end=\"695\">Extrakt z levandule lek\u00e1rskej (10:1, zodpoved\u00e1 800 mg levandule) \u2013 80 mg<\/p>\n<\/li>\n<li data-start=\"696\" data-end=\"767\">\n<p data-start=\"698\" data-end=\"767\">Extrakt z valeri\u00e1ny lek\u00e1rskej (0,8 % kyseliny valeri\u00e1novej) \u2013 80 mg<\/p>\n<\/li>\n<li data-start=\"768\" data-end=\"843\">\n<p data-start=\"770\" data-end=\"843\">Extrakt z harman\u010deka prav\u00e9ho (4:1, zodpoved\u00e1 200 mg harman\u010deka) \u2013 50 mg<\/p>\n<\/li>\n<li data-start=\"844\" data-end=\"915\">\n<p data-start=\"846\" data-end=\"915\">Extrakt z medovky lek\u00e1rskej (4:1, zodpoved\u00e1 200 mg medovky) \u2013 50 mg<\/p>\n<\/li>\n<\/ul>\n<p data-start=\"917\" data-end=\"1254\"><strong data-start=\"917\" data-end=\"935\">\u00d6sszet\u00e9tel:<\/strong> hor\u010d\u00edk-bisglycin\u00e1t, kyselina gama-aminomaslov\u00e1 (GABA), hydroxypropylmetylcelul\u00f3za (veg\u00e1nska kapsula), L-tryptof\u00e1n, extrakt z kvetu mu\u010denky, extrakt z kore\u0148a valeri\u00e1ny lek\u00e1rskej, extrakt z kvetu levandule lek\u00e1rskej, extrakt z kvetu harman\u010deka prav\u00e9ho, extrakt z listu medovky lek\u00e1rskej, protihrudkuj\u00faca l\u00e1tka: leuc\u00edn.<\/p>\n<p data-start=\"1256\" data-end=\"1313\"><strong data-start=\"1256\" data-end=\"1282\">Aj\u00e1nlott adagol\u00e1s:<\/strong> 2 kapsuly denne pred span\u00edm.<\/p>\n<p data-start=\"1315\" data-end=\"1672\"><strong data-start=\"1315\" data-end=\"1331\">Figyelmeztet\u00e9s:<\/strong> Uchov\u00e1vajte na suchom mieste, chr\u00e1nenom pred slne\u010dn\u00fdm \u017eiaren\u00edm, pri izbovej teplote. Uchov\u00e1vajte mimo dosahu det\u00ed. V\u00fd\u017eivov\u00fd doplnok sa nesmie pou\u017e\u00edva\u0165 ako n\u00e1hrada pestrej a vyv\u00e1\u017eenej stravy a zdrav\u00e9ho \u017eivotn\u00e9ho \u0161t\u00fdlu. Neprekra\u010dujte odpor\u00fa\u010dan\u00fa denn\u00fa d\u00e1vku! Neu\u017e\u00edvajte, ak ste precitliven\u00ed alebo alergick\u00ed na ktor\u00fako\u013evek zlo\u017eku pr\u00edpravku.<\/p>\n<p data-start=\"1674\" data-end=\"1698\"><strong data-start=\"1674\" data-end=\"1686\">Csomagol\u00e1s:<\/strong> 60db<\/p>","protected":false},"excerpt":{"rendered":"<p>Tento pr\u00edpravok obsahuje hor\u010d\u00edk, ako aj valeri\u00e1nu, harman\u010dek a medovku \u2013 rastlinn\u00e9 zlo\u017eky, ktor\u00e9 sa v tradi\u010dnom pou\u017e\u00edvan\u00ed \u010dasto sp\u00e1jali s podporou ve\u010dern\u00e9ho upokojenia a relax\u00e1cie. Hor\u010d\u00edk je d\u00f4le\u017eit\u00fd mikronutrient, ktor\u00fd sa podie\u013ea na viacer\u00fdch fyziologick\u00fdch procesoch. Formula sa dobre hod\u00ed ako s\u00fa\u010das\u0165 dennej suplement\u00e1cie, najm\u00e4 ako doplnok pokojnej ve\u010dernej rutiny. Zlo\u017eenie (v 2 kapsul\u00e1ch [&hellip;]<\/p>","protected":false},"featured_media":9842,"comment_status":"open","ping_status":"closed","template":"","meta":{"inline_featured_image":false},"product_brand":[112],"product_cat":[69],"product_tag":[],"class_list":{"0":"post-9193","1":"product","2":"type-product","3":"status-publish","4":"has-post-thumbnail","6":"product_brand-nordvital","7":"product_cat-vyzivove-doplnky","9":"first","10":"onbackorder","11":"taxable","12":"shipping-taxable","13":"purchasable","14":"product-type-simple"},"aioseo_notices":[],"_links":{"self":[{"href":"https:\/\/www.biokari.sk\/hu\/wp-json\/wp\/v2\/product\/9193","targetHints":{"allow":["GET"]}}],"collection":[{"href":"https:\/\/www.biokari.sk\/hu\/wp-json\/wp\/v2\/product"}],"about":[{"href":"https:\/\/www.biokari.sk\/hu\/wp-json\/wp\/v2\/types\/product"}],"replies":[{"embeddable":true,"href":"https:\/\/www.biokari.sk\/hu\/wp-json\/wp\/v2\/comments?post=9193"}],"wp:featuredmedia":[{"embeddable":true,"href":"https:\/\/www.biokari.sk\/hu\/wp-json\/wp\/v2\/media\/9842"}],"wp:attachment":[{"href":"https:\/\/www.biokari.sk\/hu\/wp-json\/wp\/v2\/media?parent=9193"}],"wp:term":[{"taxonomy":"product_brand","embeddable":true,"href":"https:\/\/www.biokari.sk\/hu\/wp-json\/wp\/v2\/product_brand?post=9193"},{"taxonomy":"product_cat","embeddable":true,"href":"https:\/\/www.biokari.sk\/hu\/wp-json\/wp\/v2\/product_cat?post=9193"},{"taxonomy":"product_tag","embeddable":true,"href":"https:\/\/www.biokari.sk\/hu\/wp-json\/wp\/v2\/product_tag?post=9193"}],"curies":[{"name":"wp","href":"https:\/\/api.w.org\/{rel}","templated":true}]}}