{"id":9197,"date":"2025-07-01T14:37:41","date_gmt":"2025-07-01T12:37:41","guid":{"rendered":"https:\/\/www.biokari.sk\/produkt\/gal-bimuno-flora-vlaknina-180g\/"},"modified":"2026-04-02T19:03:28","modified_gmt":"2026-04-02T17:03:28","slug":"gal-bimuno-flora-vlaknina-180g","status":"publish","type":"product","link":"https:\/\/www.biokari.sk\/hu\/termek\/gal-bimuno-flora-vlaknina-180g\/","title":{"rendered":"Gal Bimuno flora vl\u00e1knina 180g"},"content":{"rendered":"<p data-start=\"32\" data-end=\"338\"><strong data-start=\"32\" data-end=\"63\">Galaktooligosacharidy (GOS)<\/strong> s\u00fa skupinou vo vode rozpustnej vl\u00e1kniny. Rozli\u0161ujeme 2 hlavn\u00e9 typy. <strong data-start=\"132\" data-end=\"144\">Alfa-GOS<\/strong> sa nach\u00e1dzaj\u00fa v niektor\u00fdch rastlinn\u00fdch potravin\u00e1ch a nie s\u00fa obzvl\u00e1\u0161\u0165 selekt\u00edvne, na rozdiel od <strong data-start=\"240\" data-end=\"252\">beta-GOS<\/strong>. V materskom mlieku vznik\u00e1 zmes beta-GOS s presne ur\u010den\u00fdm pomerom r\u00f4znych \u0161trukt\u00far.<\/p>\n<p data-start=\"340\" data-end=\"858\">Mnoh\u00e9 beta-GOS suroviny sa vyr\u00e1baj\u00fa pomocou enz\u00fdmu produkovan\u00e9ho ples\u0148ami alebo bakt\u00e9riami, ktor\u00e9 sa v materskom mlieku nevyskytuj\u00fa. To s\u00edce nepredstavuje probl\u00e9m, ale v\u00fdsledkom je GOS zmes s odli\u0161n\u00fdm pomerom \u0161trukt\u00far, ne\u017e ak\u00fd je v materskom mlieku. Preto v na\u0161om produkte pou\u017e\u00edvame <strong data-start=\"623\" data-end=\"634\">Bimuno\u00ae<\/strong>, ktor\u00e9 sa vyr\u00e1ba rovnak\u00fdm sp\u00f4sobom, ako vznik\u00e1 lakt\u00f3za v materskom mlieku \u2013 enz\u00fdmami <strong data-start=\"720\" data-end=\"747\">Bifidobacterium bifidum<\/strong> pr\u00edtomn\u00fdmi v mlie\u010dnych \u017e\u013eaz\u00e1ch. Takto vznik\u00e1 GOS zmes s rovnak\u00fdm \u0161trukt\u00farnym pomerom ako v materskom mlieku.<\/p>\n<p data-start=\"860\" data-end=\"978\">Na u\u013eah\u010denie manipul\u00e1cie a d\u00e1vkovania sme ju zmie\u0161ali s hypoalerg\u00e9nnou, takmer nefermentuj\u00facou bambusovou vl\u00e1kninou.<\/p>\n<p data-start=\"980\" data-end=\"1289\"><strong data-start=\"980\" data-end=\"1004\">Odpor\u00fa\u010dan\u00e9 pou\u017eitie:<\/strong> Rozmie\u0161a\u0165 v tekutine. Odpor\u00fa\u010dan\u00e1 denn\u00e1 d\u00e1vka je 3 g (~10 ml), ktor\u00e1 sa m\u00f4\u017ee zv\u00fd\u0161i\u0165 a\u017e na 6 g. Najvhodnej\u0161ie je u\u017ei\u0165 r\u00e1no nala\u010dno, ale d\u00e1vku mo\u017eno rozdeli\u0165 aj po\u010das d\u0148a. Ak produkt u\u017e\u00edvate prv\u00fdkr\u00e1t, za\u010dnite s 1 g a ka\u017ed\u00e9 dva dni d\u00e1vku zvy\u0161ujte o 0,5 g, a\u017e k\u00fdm nedosiahnete 3 g denne.<\/p>\n<p data-start=\"1291\" data-end=\"1501\"><strong data-start=\"1291\" data-end=\"1353\">Upozornenie pre osoby s intoleranciou na mlieko a lakt\u00f3zu:<\/strong> Denn\u00e1 d\u00e1vka produktu obsahuje pribli\u017ene to\u013eko lakt\u00f3zy ako 1 \u010dajov\u00e1 ly\u017ei\u010dka mlieka a menej mlie\u010dnej bielkoviny, ako obsahuje jedin\u00e1 kvapka mlieka.<\/p>\n<p data-start=\"1503\" data-end=\"1650\">Neprekra\u010dujte odpor\u00fa\u010dan\u00fa denn\u00fa d\u00e1vku! V\u00fd\u017eivov\u00fd doplnok nenahr\u00e1dza pestr\u00fa a vyv\u00e1\u017een\u00fa stravu ani zdrav\u00fd \u017eivotn\u00fd \u0161t\u00fdl. Uchov\u00e1vajte mimo dosahu det\u00ed.<\/p>\n<p data-start=\"1652\" data-end=\"1673\"><strong data-start=\"1652\" data-end=\"1665\">S\u00faly:<\/strong> 180 g<\/p>","protected":false},"excerpt":{"rendered":"<p>Galaktooligosacharidy (GOS) s\u00fa skupinou vo vode rozpustnej vl\u00e1kniny. Rozli\u0161ujeme 2 hlavn\u00e9 typy. Alfa-GOS sa nach\u00e1dzaj\u00fa v niektor\u00fdch rastlinn\u00fdch potravin\u00e1ch a nie s\u00fa obzvl\u00e1\u0161\u0165 selekt\u00edvne, na rozdiel od beta-GOS. V materskom mlieku vznik\u00e1 zmes beta-GOS s presne ur\u010den\u00fdm pomerom r\u00f4znych \u0161trukt\u00far. Mnoh\u00e9 beta-GOS suroviny sa vyr\u00e1baj\u00fa pomocou enz\u00fdmu produkovan\u00e9ho ples\u0148ami alebo bakt\u00e9riami, ktor\u00e9 sa v materskom [&hellip;]<\/p>","protected":false},"featured_media":9837,"comment_status":"open","ping_status":"closed","template":"","meta":{"inline_featured_image":false},"product_brand":[113],"product_cat":[69,141,143],"product_tag":[],"class_list":{"0":"post-9197","1":"product","2":"type-product","3":"status-publish","4":"has-post-thumbnail","6":"product_brand-gal","7":"product_cat-vyzivove-doplnky","8":"product_cat-chudnutie","9":"product_cat-zaludok-a-crevna-cinnost","11":"first","12":"instock","13":"taxable","14":"shipping-taxable","15":"purchasable","16":"product-type-simple"},"aioseo_notices":[],"_links":{"self":[{"href":"https:\/\/www.biokari.sk\/hu\/wp-json\/wp\/v2\/product\/9197","targetHints":{"allow":["GET"]}}],"collection":[{"href":"https:\/\/www.biokari.sk\/hu\/wp-json\/wp\/v2\/product"}],"about":[{"href":"https:\/\/www.biokari.sk\/hu\/wp-json\/wp\/v2\/types\/product"}],"replies":[{"embeddable":true,"href":"https:\/\/www.biokari.sk\/hu\/wp-json\/wp\/v2\/comments?post=9197"}],"wp:featuredmedia":[{"embeddable":true,"href":"https:\/\/www.biokari.sk\/hu\/wp-json\/wp\/v2\/media\/9837"}],"wp:attachment":[{"href":"https:\/\/www.biokari.sk\/hu\/wp-json\/wp\/v2\/media?parent=9197"}],"wp:term":[{"taxonomy":"product_brand","embeddable":true,"href":"https:\/\/www.biokari.sk\/hu\/wp-json\/wp\/v2\/product_brand?post=9197"},{"taxonomy":"product_cat","embeddable":true,"href":"https:\/\/www.biokari.sk\/hu\/wp-json\/wp\/v2\/product_cat?post=9197"},{"taxonomy":"product_tag","embeddable":true,"href":"https:\/\/www.biokari.sk\/hu\/wp-json\/wp\/v2\/product_tag?post=9197"}],"curies":[{"name":"wp","href":"https:\/\/api.w.org\/{rel}","templated":true}]}}