{"id":9203,"date":"2025-07-01T14:37:42","date_gmt":"2025-07-01T12:37:42","guid":{"rendered":"https:\/\/www.biokari.sk\/produkt\/nordvital-boswella-kurkuma-komplex-kapsuly-60ks\/"},"modified":"2026-04-29T19:03:15","modified_gmt":"2026-04-29T17:03:15","slug":"nordvital-boswella-kurkuma-komplex-kapsuly-60ks","status":"publish","type":"product","link":"https:\/\/www.biokari.sk\/hu\/termek\/nordvital-boswella-kurkuma-komplex-kapszula-60db\/","title":{"rendered":"Nordvital Boswella-kukorica komplex kapszula 60db"},"content":{"rendered":"<p data-start=\"44\" data-end=\"341\">Speci\u00e1lisan \u00f6ssze\u00e1ll\u00edtott formul\u00e1nk olyan gy\u00f3gyn\u00f6v\u00e9nyeket tartalmaz, mint a Boswellin\u00ae, a fekete bors \u00e9s a gy\u00f6mb\u00e9r. A hagyom\u00e1nyos haszn\u00e1latban ezek a n\u00f6v\u00e9nyi kivonatok gyakran t\u00e1rsultak a fokozott testmozg\u00e1s \u00e9s a kiegyens\u00falyozott \u00e9letm\u00f3d id\u0151szakaihoz. A gondosan kiv\u00e1lasztott \u00f6sszetev\u0151k j\u00f3l integr\u00e1lhat\u00f3k a napi t\u00e1pl\u00e1l\u00e9kkieg\u00e9sz\u00edt\u00e9sbe.<\/p>\n<p data-start=\"343\" data-end=\"374\"><strong data-start=\"343\" data-end=\"372\">Hat\u00f3anyagok 1 kapszul\u00e1ban:<br \/>\n<\/strong>Frankincense (Boswellia serrata) kivonat (20:1 kivonat, ami 4000 mg t\u00f6mj\u00e9nnek felel meg) - 200 mg<br \/>\nGy\u00f6mb\u00e9rpor - 100 mg<br \/>\nKurkuma kivonat (Curcuma longa) (25:1 kivonat, ami 1750 mg kurkum\u00e1nak felel meg) - 70 mg<br \/>\nShiitake gomba (Lentinula edodes) kivonat (15:1 kivonat, ami 750 mg gomb\u00e1nak felel meg) - 50 mg<br \/>\nReishi gomba (Ganoderma lucidum) kivonat (15:1 kivonat, ami 750 mg gomb\u00e1nak felel meg) - 50 mg<br \/>\nBioPerine\u00ae (fekete bors kivonat [Piper nigrum], 95 % piperine) - 2 mg<\/p>\n<p data-start=\"864\" data-end=\"1133\"><strong data-start=\"864\" data-end=\"877\">\u00d6sszet\u00e9tel:<\/strong> Frankincense kivonat, gy\u00f6mb\u00e9rgy\u00f6k\u00e9r por, hidroxipropil-metilcellul\u00f3z (veg\u00e1n kapszula), kurkuma gy\u00f6k\u00e9r kivonat, Shiitake gomba kivonat, Reishi gomba kivonat, csom\u00f3sod\u00e1sg\u00e1tl\u00f3: leucin, BioPerine\u00ae (fekete bors kivonat).<\/p>\n<p data-start=\"1135\" data-end=\"1185\"><strong data-start=\"1135\" data-end=\"1150\">Adagol\u00e1s:<\/strong> Napi 1 kapszula \u00e9tkez\u00e9s k\u00f6zben.<\/p>\n<p data-start=\"1187\" data-end=\"1308\"><strong data-start=\"1187\" data-end=\"1203\">T\u00e1rol\u00e1s:<\/strong> Sz\u00e1raz, napf\u00e9nyt\u0151l v\u00e9dett helyen, szobah\u0151m\u00e9rs\u00e9kleten, gyermekek el\u0151l elz\u00e1rva t\u00e1roland\u00f3.<\/p>\n<p data-start=\"1310\" data-end=\"1471\"><strong data-start=\"1310\" data-end=\"1326\">Figyelmeztet\u00e9s:<\/strong> Gyermekek el\u0151l elz\u00e1rva tartand\u00f3! Ne l\u00e9pje t\u00fal az aj\u00e1nlott napi adagot! Az \u00e9trend-kieg\u00e9sz\u00edt\u0151 nem helyettes\u00edti a kiegyens\u00falyozott, v\u00e1ltozatos \u00e9trendet \u00e9s az eg\u00e9szs\u00e9ges \u00e9letm\u00f3dot.<\/p>\n<p data-start=\"1310\" data-end=\"1471\"><strong>Mennyis\u00e9g:<\/strong> 60db<br \/>\nT\u00e1rolja h\u0171v\u00f6s helyen.<\/p>","protected":false},"excerpt":{"rendered":"<p>Na\u0161a \u0161peci\u00e1lne zostaven\u00e1 formula obsahuje rastliny ako Boswellin\u00ae, \u010dierne korenie a z\u00e1zvor. Tieto rastlinn\u00e9 extrakty sa v tradi\u010dnom pou\u017e\u00edvan\u00ed \u010dasto sp\u00e1jali s obdob\u00edm zv\u00fd\u0161en\u00e9ho pohybu a vyv\u00e1\u017een\u00fdm \u017eivotn\u00fdm \u0161t\u00fdlom. Starostlivo vybran\u00e9 zlo\u017eky sa dobre za\u010dle\u0148uj\u00fa do ka\u017edodenn\u00e9ho dop\u013a\u0148ania v\u00fd\u017eivy. \u00da\u010dinn\u00e9 l\u00e1tky v 1 kapsule: Extrakt z kadidlovn\u00edka (Boswellia serrata) (20:1 extrakt, zodpoved\u00e1 4000 mg kadidlovn\u00edka) [&hellip;]<\/p>","protected":false},"featured_media":9641,"comment_status":"open","ping_status":"closed","template":"","meta":{"inline_featured_image":false},"product_brand":[112],"product_cat":[69,146],"product_tag":[],"class_list":{"0":"post-9203","1":"product","2":"type-product","3":"status-publish","4":"has-post-thumbnail","6":"product_brand-nordvital","7":"product_cat-vyzivove-doplnky","8":"product_cat-klby-a-reuma","10":"first","11":"instock","12":"taxable","13":"shipping-taxable","14":"purchasable","15":"product-type-simple"},"aioseo_notices":[],"_links":{"self":[{"href":"https:\/\/www.biokari.sk\/hu\/wp-json\/wp\/v2\/product\/9203","targetHints":{"allow":["GET"]}}],"collection":[{"href":"https:\/\/www.biokari.sk\/hu\/wp-json\/wp\/v2\/product"}],"about":[{"href":"https:\/\/www.biokari.sk\/hu\/wp-json\/wp\/v2\/types\/product"}],"replies":[{"embeddable":true,"href":"https:\/\/www.biokari.sk\/hu\/wp-json\/wp\/v2\/comments?post=9203"}],"wp:featuredmedia":[{"embeddable":true,"href":"https:\/\/www.biokari.sk\/hu\/wp-json\/wp\/v2\/media\/9641"}],"wp:attachment":[{"href":"https:\/\/www.biokari.sk\/hu\/wp-json\/wp\/v2\/media?parent=9203"}],"wp:term":[{"taxonomy":"product_brand","embeddable":true,"href":"https:\/\/www.biokari.sk\/hu\/wp-json\/wp\/v2\/product_brand?post=9203"},{"taxonomy":"product_cat","embeddable":true,"href":"https:\/\/www.biokari.sk\/hu\/wp-json\/wp\/v2\/product_cat?post=9203"},{"taxonomy":"product_tag","embeddable":true,"href":"https:\/\/www.biokari.sk\/hu\/wp-json\/wp\/v2\/product_tag?post=9203"}],"curies":[{"name":"wp","href":"https:\/\/api.w.org\/{rel}","templated":true}]}}