{"id":9205,"date":"2025-07-01T14:37:42","date_gmt":"2025-07-01T12:37:42","guid":{"rendered":"https:\/\/www.biokari.sk\/produkt\/nordvital-sypany-cajova-zmes-na-spanie-90ks\/"},"modified":"2026-01-27T08:41:54","modified_gmt":"2026-01-27T07:41:54","slug":"nordvital-sypany-cajova-zmes-na-spanie-90ks","status":"publish","type":"product","link":"https:\/\/www.biokari.sk\/hu\/termek\/nordvital-sypany-cajova-zmes-na-spanie-90ks\/","title":{"rendered":"Nordvital Sypan\u00fd \u010dajov\u00e1 zmes na spanie 90ks"},"content":{"rendered":"<p data-start=\"32\" data-end=\"366\"><strong data-start=\"32\" data-end=\"65\">\u010cajov\u00e1 zmes \u201ePrin\u00e1\u0161aj\u00faca sny\u201c <\/strong>Obsahuje harmonick\u00fa kombin\u00e1ciu listu medovky, levandule, \u0161i\u0161t\u00edc chme\u013eu, semien an\u00edzu a feniklu. Tieto byliny sa tradi\u010dne pou\u017e\u00edvaj\u00fa na podporu ve\u010dernej relax\u00e1cie. V\u010faka pr\u00edjemnej chuti je ide\u00e1lnou vo\u013ebou pre pokojn\u00e9 chv\u00edle pred span\u00edm. U\u017e\u00edvajte si jemn\u00fa harm\u00f3niu pr\u00edrodn\u00fdch zlo\u017eiek v ka\u017edej \u0161\u00e1lke!<\/p>\n<p data-start=\"368\" data-end=\"545\"><strong data-start=\"368\" data-end=\"381\">\u00d6sszet\u00e9tel:<\/strong> list medovky (Melissae folium), levandu\u013ea (Lavandulae flos), \u0161i\u0161tice chme\u013eu (Lupuli strobulus), semen\u00e1 an\u00edzu (Anisi fructus), semen\u00e1 feniklu (Foeniculi fructus).<\/p>\n<p data-start=\"547\" data-end=\"659\"><strong data-start=\"547\" data-end=\"571\">Odpor\u00fa\u010dan\u00e9 pou\u017eitie:<\/strong> \u00d6nts\u00fcnk 2 te\u00e1skan\u00e1lnyi kever\u00e9ket 2,5 dl forr\u00f3 v\u00edzzel, fedj\u00fck le, \u00e9s hagyjuk \u00e1llni 15 percig.<\/p>\n<p data-start=\"661\" data-end=\"1029\"><strong data-start=\"661\" data-end=\"681\">Ellenjavallatok:<\/strong> tehotenstvo, doj\u010denie. \u010cajov\u00e1 zmes <strong>p<\/strong><strong data-start=\"719\" data-end=\"748\">rin\u00e1\u0161aj\u00faca sny<\/strong> je potravinov\u00fd v\u00fdrobok, jej pou\u017eitie nenahr\u00e1dza potrebn\u00fa lek\u00e1rsku lie\u010dbu! Pri precitlivenosti na ktor\u00fako\u013evek zlo\u017eku \u010dajovej zmesi sa u\u017e\u00edvanie neodpor\u00fa\u010da. Ak pravidelne u\u017e\u00edvate lieky alebo podstupujete dlhodob\u00fa lie\u010dbu, pora\u010fte sa pred pou\u017eit\u00edm so svoj\u00edm lek\u00e1rom alebo lek\u00e1rnikom.<\/p>\n<p data-start=\"1031\" data-end=\"1051\"><strong data-start=\"1031\" data-end=\"1044\">S\u00faly:<\/strong> 90 g<\/p>\n\n\n<p><\/p>","protected":false},"excerpt":{"rendered":"<p>\u010cajov\u00e1 zmes \u201ePrin\u00e1\u0161aj\u00faca sny\u201c Obsahuje harmonick\u00fa kombin\u00e1ciu listu medovky, levandule, \u0161i\u0161t\u00edc chme\u013eu, semien an\u00edzu a feniklu. Tieto byliny sa tradi\u010dne pou\u017e\u00edvaj\u00fa na podporu ve\u010dernej relax\u00e1cie. V\u010faka pr\u00edjemnej chuti je ide\u00e1lnou vo\u013ebou pre pokojn\u00e9 chv\u00edle pred span\u00edm. U\u017e\u00edvajte si jemn\u00fa harm\u00f3niu pr\u00edrodn\u00fdch zlo\u017eiek v ka\u017edej \u0161\u00e1lke! Zlo\u017eenie: list medovky (Melissae folium), levandu\u013ea (Lavandulae flos), \u0161i\u0161tice chme\u013eu [&hellip;]<\/p>","protected":false},"featured_media":9836,"comment_status":"open","ping_status":"closed","template":"","meta":{"inline_featured_image":false},"product_brand":[112],"product_cat":[148],"product_tag":[],"class_list":{"0":"post-9205","1":"product","2":"type-product","3":"status-publish","4":"has-post-thumbnail","6":"product_brand-nordvital","7":"product_cat-liecive-rastliny","9":"first","10":"instock","11":"taxable","12":"shipping-taxable","13":"purchasable","14":"product-type-simple"},"aioseo_notices":[],"_links":{"self":[{"href":"https:\/\/www.biokari.sk\/hu\/wp-json\/wp\/v2\/product\/9205","targetHints":{"allow":["GET"]}}],"collection":[{"href":"https:\/\/www.biokari.sk\/hu\/wp-json\/wp\/v2\/product"}],"about":[{"href":"https:\/\/www.biokari.sk\/hu\/wp-json\/wp\/v2\/types\/product"}],"replies":[{"embeddable":true,"href":"https:\/\/www.biokari.sk\/hu\/wp-json\/wp\/v2\/comments?post=9205"}],"wp:featuredmedia":[{"embeddable":true,"href":"https:\/\/www.biokari.sk\/hu\/wp-json\/wp\/v2\/media\/9836"}],"wp:attachment":[{"href":"https:\/\/www.biokari.sk\/hu\/wp-json\/wp\/v2\/media?parent=9205"}],"wp:term":[{"taxonomy":"product_brand","embeddable":true,"href":"https:\/\/www.biokari.sk\/hu\/wp-json\/wp\/v2\/product_brand?post=9205"},{"taxonomy":"product_cat","embeddable":true,"href":"https:\/\/www.biokari.sk\/hu\/wp-json\/wp\/v2\/product_cat?post=9205"},{"taxonomy":"product_tag","embeddable":true,"href":"https:\/\/www.biokari.sk\/hu\/wp-json\/wp\/v2\/product_tag?post=9205"}],"curies":[{"name":"wp","href":"https:\/\/api.w.org\/{rel}","templated":true}]}}