{"id":9212,"date":"2025-07-01T14:37:43","date_gmt":"2025-07-01T12:37:43","guid":{"rendered":"https:\/\/www.biokari.sk\/produkt\/dia-wellness-zmrzlinovy-prasok-joghurt-250hg\/"},"modified":"2026-01-27T08:41:54","modified_gmt":"2026-01-27T07:41:54","slug":"dia-wellness-zmrzlinovy-prasok-joghurt-250hg","status":"publish","type":"product","link":"https:\/\/www.biokari.sk\/hu\/termek\/dia-wellness-zmrzlinovy-prasok-joghurt-250hg\/","title":{"rendered":"Dia-Wellness Zmrzlinov\u00fd pr\u00e1\u0161ok &#8211; Joghurt 250hg"},"content":{"rendered":"<p data-start=\"198\" data-end=\"408\">DIA-Wellness zmrzlinov\u00e9 zmesi v\u010faka \u0161peci\u00e1lnemu zlo\u017eeniu zabezpe\u010duj\u00fa pr\u00edjemn\u00fa chu\u0165 a hodv\u00e1bnu konzistenciu. Ide o zn\u00ed\u017een\u00fd obsah sacharidov a energie, pri\u010dom chu\u0165 a konzistencia sa vyrovn\u00e1 tradi\u010dn\u00fdm zmrzlin\u00e1m.<\/p>\n<p data-start=\"410\" data-end=\"500\">Vyroben\u00e9 s frukt\u00f3zou a sladidlom, vhodn\u00e9 na pr\u00edpravu dom\u00e1cej n\u00edzkosacharidovej zmrzliny.<\/p>\n<h3 data-start=\"507\" data-end=\"528\">V\u00fdhody produktu:<\/h3>\n<ul data-start=\"529\" data-end=\"690\">\n<li data-start=\"529\" data-end=\"569\">\n<p data-start=\"531\" data-end=\"569\">\u2705 Zn\u00ed\u017een\u00fd obsah sacharidov a energie<\/p>\n<\/li>\n<li data-start=\"570\" data-end=\"612\">\n<p data-start=\"572\" data-end=\"612\">\u2705 Kr\u00e9mov\u00e1 konzistencia a pr\u00edjemn\u00e1 chu\u0165<\/p>\n<\/li>\n<li data-start=\"613\" data-end=\"660\">\n<p data-start=\"615\" data-end=\"660\">\u2705 Jednoduch\u00e1 pr\u00edprava \u2013 aj bez zmrzlinova\u010da<\/p>\n<\/li>\n<li data-start=\"661\" data-end=\"690\">\n<p data-start=\"663\" data-end=\"690\">\u2705 Ide\u00e1lne pre cel\u00fa rodinu<\/p>\n<\/li>\n<\/ul>\n<h3 data-start=\"697\" data-end=\"712\"><strong>Alkalmaz\u00e1s:<\/strong> Obsah vrecka (250 g) zmie\u0161ajte s mliekom, nechajte odst\u00e1\u0165 20 min\u00fat a pripravte zmrzlinu v stroji.<\/h3>\n<ol data-start=\"713\" data-end=\"1086\">\n<li data-start=\"816\" data-end=\"1025\">\n<p data-start=\"819\" data-end=\"1025\">Alternat\u00edvne: 2 dl studen\u00e9ho mlieka vylejte do n\u00e1doby, pridajte 70 g pr\u00e1\u0161ku a mixujte ru\u010dn\u00fdm mix\u00e9rom \u2013 najprv na n\u00edzkych, potom na vy\u0161\u0161\u00edch ot\u00e1\u010dkach, pribli\u017ene 3 min\u00faty, k\u00fdm nez\u00edskate kr\u00e9mov\u00fa konzistenciu.<\/p>\n<\/li>\n<li data-start=\"1026\" data-end=\"1086\">\n<p data-start=\"1029\" data-end=\"1086\">Hmotu nalejte do poh\u00e1rov a dajte zmrazi\u0165 pod\u013ea potreby.<\/p>\n<\/li>\n<\/ol>\n<p data-start=\"1088\" data-end=\"1190\"><em data-start=\"1088\" data-end=\"1099\">Pozn\u00e1mka:<\/em> Pri dlhodobom skladovan\u00ed v dom\u00e1cej mrazni\u010dke m\u00f4\u017ee zmrzlina strati\u0165 kr\u00e9movos\u0165 a stvrdn\u00fa\u0165.<\/p>\n<h4 data-start=\"1197\" data-end=\"1212\"><strong>\u00d6sszet\u00e9tel:\u00a0<\/strong>rastlinn\u00fd tukov\u00fd pr\u00e1\u0161ok (gluk\u00f3za, rastlinn\u00fd tuk a \u00faplne hydrogenovan\u00fd rastlinn\u00fd tuk [palmov\u00fd olej], emulg\u00e1tor: E471, E472a, mlie\u010dna bielkovina, stabiliz\u00e1tor: E340ii), sladidl\u00e1 (erytritol, xylitol), zahus\u0165ovadl\u00e1 (modifikovan\u00fd kukuri\u010dn\u00fd \u0161krob, karubinov\u00e1 m\u00faka), emulg\u00e1tor (E473), plnidlo (polydextr\u00f3za), plnotu\u010dn\u00e9 su\u0161en\u00e9 mlieko, dextr\u00f3za, kyselina L-askorbov\u00e1, srv\u00e1tkov\u00fd pr\u00e1\u0161ok, \u017eelat\u00edna, ar\u00f3my, so\u013e.<\/h4>\n<h4 data-start=\"1620\" data-end=\"1668\"><strong>Priemern\u00e1 v\u00fd\u017eivov\u00e1 hodnota v 100 g pr\u00e1\u0161ku:<\/strong><br \/>\nEnergia: 1489 kJ \/ 354 kcal,\u00a0 Bielkoviny: 13 g,<br \/>\nSacharidy: 57,5 g (z toho polyoly: 31,7 g, z toho neabsorbovate\u013en\u00e9: 15,8 g),<br \/>\nTuky: 17,9 g Str\u00e1vite\u013en\u00e9 sacharidy celkom: 35,3 g<\/h4>\n<h4 data-start=\"1861\" data-end=\"1923\"><strong>Priemern\u00e1 v\u00fd\u017eivov\u00e1 hodnota v 100 g pripravenej zmrzliny:<\/strong><br \/>\nEnergia: 537 kJ \/ 128 kcal,<br \/>\nBielkoviny: 6,2 g Sacharidy: 19 g (z toho polyoly: 8 g, z toho neabsorbovate\u013en\u00e9: 3,9 g)<br \/>\nTuky: 4,5 g<br \/>\nStr\u00e1vite\u013en\u00e9 sacharidy celkom: 13,5 g<\/h4>\n<h4 data-start=\"2114\" data-end=\"2132\"><strong>Upozornenia:<\/strong> Vyroben\u00e9 v z\u00e1vode, ktor\u00fd spracov\u00e1va aj su\u0161en\u00e9 mlieko. Nadmern\u00e1 konzum\u00e1cia m\u00f4\u017ee ma\u0165 laxat\u00edvne \u00fa\u010dinky.<\/h4>\n<p data-start=\"2248\" data-end=\"2313\"><strong data-start=\"2248\" data-end=\"2267\">\u010cist\u00e1 hmotnos\u0165:<\/strong> 250 g\/vrecko<br data-start=\"2280\" data-end=\"2283\" \/><strong data-start=\"2283\" data-end=\"2302\">Krajina p\u00f4vodu:<\/strong> Ma\u010farsko<\/p>","protected":false},"excerpt":{"rendered":"<p>R\u00f6vid le\u00edr\u00e1s:<br \/>\nN\u00edzkoenergetick\u00fd pr\u00e1\u0161ok na pr\u00edpravu \u013eahkej jogurtovej zmrzliny \u2013 osvie\u017euj\u00faci dezert bez pridania cukru. Vhodn\u00fd pre diabetikov a v\u0161etk\u00fdch, ktor\u00ed sa chc\u00fa stravova\u0165 zdravo. Jednoduch\u00e1 pr\u00edprava za studena zabezpe\u010d\u00ed kr\u00e9mov\u00fd a svie\u017ei v\u00fdsledok.<\/p>\n<p>\u00d6sszet\u00e9tel:<\/p>\n<p>Zmes rastlinn\u00fdch tukov a stabili&#8230; <a class=\"more-link\" href=\"#tab-description\">B\u0151vebben<\/a><\/p>","protected":false},"featured_media":9977,"comment_status":"open","ping_status":"closed","template":"","meta":{"inline_featured_image":false},"product_brand":[],"product_cat":[71],"product_tag":[],"class_list":{"0":"post-9212","1":"product","2":"type-product","3":"status-publish","4":"has-post-thumbnail","6":"product_cat-potraviny","8":"first","9":"onbackorder","10":"taxable","11":"shipping-taxable","12":"purchasable","13":"product-type-simple"},"aioseo_notices":[],"_links":{"self":[{"href":"https:\/\/www.biokari.sk\/hu\/wp-json\/wp\/v2\/product\/9212","targetHints":{"allow":["GET"]}}],"collection":[{"href":"https:\/\/www.biokari.sk\/hu\/wp-json\/wp\/v2\/product"}],"about":[{"href":"https:\/\/www.biokari.sk\/hu\/wp-json\/wp\/v2\/types\/product"}],"replies":[{"embeddable":true,"href":"https:\/\/www.biokari.sk\/hu\/wp-json\/wp\/v2\/comments?post=9212"}],"wp:featuredmedia":[{"embeddable":true,"href":"https:\/\/www.biokari.sk\/hu\/wp-json\/wp\/v2\/media\/9977"}],"wp:attachment":[{"href":"https:\/\/www.biokari.sk\/hu\/wp-json\/wp\/v2\/media?parent=9212"}],"wp:term":[{"taxonomy":"product_brand","embeddable":true,"href":"https:\/\/www.biokari.sk\/hu\/wp-json\/wp\/v2\/product_brand?post=9212"},{"taxonomy":"product_cat","embeddable":true,"href":"https:\/\/www.biokari.sk\/hu\/wp-json\/wp\/v2\/product_cat?post=9212"},{"taxonomy":"product_tag","embeddable":true,"href":"https:\/\/www.biokari.sk\/hu\/wp-json\/wp\/v2\/product_tag?post=9212"}],"curies":[{"name":"wp","href":"https:\/\/api.w.org\/{rel}","templated":true}]}}