{"id":9216,"date":"2025-07-01T14:37:44","date_gmt":"2025-07-01T12:37:44","guid":{"rendered":"https:\/\/www.biokari.sk\/produkt\/nordvital-cierny-cesnak-kapsuly-60ks-500mg\/"},"modified":"2026-04-26T19:01:53","modified_gmt":"2026-04-26T17:01:53","slug":"nordvital-cierny-cesnak-kapsuly-60ks-500mg","status":"publish","type":"product","link":"https:\/\/www.biokari.sk\/hu\/termek\/nordvital-cierny-cesnak-kapsuly-60ks-500mg\/","title":{"rendered":"Nordvital \u010ciern\u00fd cesnak kapsuly 60ks 500mg"},"content":{"rendered":"<hr data-start=\"27\" data-end=\"30\" \/>\n<p data-start=\"32\" data-end=\"312\"><strong data-start=\"32\" data-end=\"79\">Nordvital Fermentovan\u00fd \u010cierny Cesnak 500 mg<\/strong> kapsula obsahuje fermentovan\u00fd \u010dierny cesnak. V tradi\u010dnom pou\u017e\u00edvan\u00ed bol \u010dierny cesnak \u010dasto sp\u00e1jan\u00fd so \u017eivotnou energiou a celkovou vitalitou. Balenie obsahuje 60 kaps\u00fal, \u010do umo\u017e\u0148uje dlhodobej\u0161ie zaradenie do vedomej suplement\u00e1cie.<\/p>\n<p data-start=\"314\" data-end=\"343\"><strong data-start=\"314\" data-end=\"341\">\u00d6sszetev\u0151k (1 kapszul\u00e1ban):\u00a0 <\/strong>Fermentovan\u00fd \u010dierny cesnakov\u00fd extrakt (Allium sativum L., cibu\u013ea) \u2013 500 mg<br data-start=\"420\" data-end=\"423\" \/>\u00a0\u00a0\u00a0z toho alic\u00edn 0,5 % = 2,5 mg<\/p>\n<p data-start=\"473\" data-end=\"638\"><strong data-start=\"473\" data-end=\"491\">Pomocn\u00e9 l\u00e1tky:<\/strong> fermentovan\u00fd \u010dierny cesnakov\u00fd extrakt, hydroxypropylmetylcelul\u00f3za (veg\u00e1nska kapsula), ry\u017eov\u00e1 m\u00faka, protihrudkuj\u00faca l\u00e1tka (aminokyselina leuc\u00edn).<\/p>\n<p data-start=\"640\" data-end=\"745\"><strong data-start=\"640\" data-end=\"666\">Aj\u00e1nlott adagol\u00e1s:<\/strong> 1\u20132 kapsuly denne, najlep\u0161ie po\u010das jedla a zapi\u0165 dostato\u010dn\u00fdm mno\u017estvom vody.<\/p>\n<p data-start=\"747\" data-end=\"1114\"><strong data-start=\"747\" data-end=\"763\">Figyelmeztet\u00e9s: <\/strong>Uchov\u00e1vajte na suchom mieste, chr\u00e1nenom pred priamym slne\u010dn\u00fdm \u017eiaren\u00edm, pri izbovej teplote. Uchov\u00e1vajte mimo dosahu det\u00ed. V\u00fd\u017eivov\u00fd doplnok sa nesmie pou\u017e\u00edva\u0165 ako n\u00e1hrada pestrej a vyv\u00e1\u017eenej stravy a zdrav\u00e9ho \u017eivotn\u00e9ho \u0161t\u00fdlu. Neprekra\u010dujte odpor\u00fa\u010dan\u00fa denn\u00fa d\u00e1vku! Neu\u017e\u00edvajte, ak ste precitliven\u00ed alebo alergick\u00ed na ktor\u00fako\u013evek zlo\u017eku pr\u00edpravku.<\/p>\n<p data-start=\"1116\" data-end=\"1140\"><strong data-start=\"1116\" data-end=\"1128\">Mennyis\u00e9g: <\/strong>60ks\/balenie<\/p>\n\n\n<p><\/p>","protected":false},"excerpt":{"rendered":"<p>Nordvital Fermentovan\u00fd \u010cierny Cesnak 500 mg kapsula obsahuje fermentovan\u00fd \u010dierny cesnak. V tradi\u010dnom pou\u017e\u00edvan\u00ed bol \u010dierny cesnak \u010dasto sp\u00e1jan\u00fd so \u017eivotnou energiou a celkovou vitalitou. Balenie obsahuje 60 kaps\u00fal, \u010do umo\u017e\u0148uje dlhodobej\u0161ie zaradenie do vedomej suplement\u00e1cie. Zlo\u017eenie (v 1 kapsule):\u00a0 Fermentovan\u00fd \u010dierny cesnakov\u00fd extrakt (Allium sativum L., cibu\u013ea) \u2013 500 mg\u00a0\u00a0\u00a0z toho alic\u00edn 0,5 % [&hellip;]<\/p>","protected":false},"featured_media":9827,"comment_status":"open","ping_status":"closed","template":"","meta":{"inline_featured_image":false},"product_brand":[112],"product_cat":[69],"product_tag":[],"class_list":{"0":"post-9216","1":"product","2":"type-product","3":"status-publish","4":"has-post-thumbnail","6":"product_brand-nordvital","7":"product_cat-vyzivove-doplnky","9":"first","10":"instock","11":"taxable","12":"shipping-taxable","13":"purchasable","14":"product-type-simple"},"aioseo_notices":[],"_links":{"self":[{"href":"https:\/\/www.biokari.sk\/hu\/wp-json\/wp\/v2\/product\/9216","targetHints":{"allow":["GET"]}}],"collection":[{"href":"https:\/\/www.biokari.sk\/hu\/wp-json\/wp\/v2\/product"}],"about":[{"href":"https:\/\/www.biokari.sk\/hu\/wp-json\/wp\/v2\/types\/product"}],"replies":[{"embeddable":true,"href":"https:\/\/www.biokari.sk\/hu\/wp-json\/wp\/v2\/comments?post=9216"}],"wp:featuredmedia":[{"embeddable":true,"href":"https:\/\/www.biokari.sk\/hu\/wp-json\/wp\/v2\/media\/9827"}],"wp:attachment":[{"href":"https:\/\/www.biokari.sk\/hu\/wp-json\/wp\/v2\/media?parent=9216"}],"wp:term":[{"taxonomy":"product_brand","embeddable":true,"href":"https:\/\/www.biokari.sk\/hu\/wp-json\/wp\/v2\/product_brand?post=9216"},{"taxonomy":"product_cat","embeddable":true,"href":"https:\/\/www.biokari.sk\/hu\/wp-json\/wp\/v2\/product_cat?post=9216"},{"taxonomy":"product_tag","embeddable":true,"href":"https:\/\/www.biokari.sk\/hu\/wp-json\/wp\/v2\/product_tag?post=9216"}],"curies":[{"name":"wp","href":"https:\/\/api.w.org\/{rel}","templated":true}]}}