{"id":9218,"date":"2025-07-01T14:37:44","date_gmt":"2025-07-01T12:37:44","guid":{"rendered":"https:\/\/www.biokari.sk\/produkt\/nordvital-kuracy-kolagenovy-prasok-90g\/"},"modified":"2026-01-27T08:41:54","modified_gmt":"2026-01-27T07:41:54","slug":"nordvital-kuracy-kolagenovy-prasok-90g","status":"publish","type":"product","link":"https:\/\/www.biokari.sk\/hu\/termek\/nordvital-kuracy-kolagenovy-prasok-90g\/","title":{"rendered":"Nordvital Csirke kollag\u00e9n por 90g"},"content":{"rendered":"<p data-start=\"243\" data-end=\"697\"><strong data-start=\"243\" data-end=\"300\">Nordvital Kurac\u00ed chrupavkov\u00fd kolag\u00e9n \u2013 K\u013abov\u00fd komplex<\/strong> je v\u00fd\u017eivov\u00fd doplnok obsahuj\u00faci kolag\u00e9n z kuracej chrupavky, glukozam\u00edn, chondroit\u00edn a MSM. Tieto zlo\u017eky sa \u010dasto pou\u017e\u00edvaj\u00fa ako doplnok stravy pre udr\u017eanie komfortu k\u013abov a pohybov\u00e9ho apar\u00e1tu. Starostlivo zostaven\u00e1 formula sa \u013eahko zarad\u00ed do dennej rutiny, najm\u00e4 pre t\u00fdch, ktor\u00ed dbaj\u00fa na zdravie svojho pohybov\u00e9ho syst\u00e9mu. Pred pou\u017eit\u00edm sa odpor\u00fa\u010da konzult\u00e1cia so zdravotn\u00edckym odborn\u00edkom.<\/p>\n<p data-start=\"699\" data-end=\"742\"><strong data-start=\"699\" data-end=\"740\">Akt\u00edvna l\u00e1tka v dennej d\u00e1vke (1,5 g):<\/strong><\/p>\n<ul data-start=\"743\" data-end=\"912\">\n<li data-start=\"743\" data-end=\"912\">\n<p data-start=\"745\" data-end=\"802\"><strong data-start=\"745\" data-end=\"790\">Chondractive\u00ae extrakt z kuracej chrupavky<\/strong> \u2013 1500 mg<\/p>\n<ul data-start=\"806\" data-end=\"912\">\n<li data-start=\"806\" data-end=\"849\">\n<p data-start=\"808\" data-end=\"849\">\u0161tandardizovan\u00fd na 70 % kolag\u00e9n typu II<\/p>\n<\/li>\n<li data-start=\"853\" data-end=\"880\">\n<p data-start=\"855\" data-end=\"880\">10 % chondroit\u00edn-sulf\u00e1t<\/p>\n<\/li>\n<li data-start=\"884\" data-end=\"912\">\n<p data-start=\"886\" data-end=\"912\">1 % kyselina hyalur\u00f3nov\u00e1<\/p>\n<\/li>\n<\/ul>\n<\/li>\n<\/ul>\n<p data-start=\"914\" data-end=\"974\"><strong data-start=\"914\" data-end=\"927\">\u00d6sszet\u00e9tel: <\/strong>Chondractive\u00ae extrakt z kuracej chrupavky.<\/p>\n<p data-start=\"976\" data-end=\"1320\"><strong data-start=\"976\" data-end=\"1002\">Aj\u00e1nlott adagol\u00e1s: <\/strong>Denn\u00e1 d\u00e1vka: 1,5 g (cca 1 \u010dajov\u00e1 ly\u017ei\u010dka) kolag\u00e9nu rozpusten\u00e9ho v tekutine.<br data-start=\"1080\" data-end=\"1083\" \/>Mo\u017eno u\u017e\u00edva\u0165 kedyko\u013evek po\u010das d\u0148a, nez\u00e1visle od jedla, ide\u00e1lne v\u0161ak kr\u00e1tko pred pohybom (napr. prech\u00e1dzka, \u0161port).<br data-start=\"1197\" data-end=\"1200\" \/>Odpor\u00fa\u010da sa rozmie\u0161a\u0165 v ochutenej tekutine pre pr\u00edjemnej\u0161iu chu\u0165 a vypi\u0165 naraz s men\u0161\u00edm mno\u017estvom tekutiny (cca 2 dl).<\/p>\n<p data-start=\"1322\" data-end=\"1462\"><strong data-start=\"1322\" data-end=\"1338\">T\u00e1rol\u00e1s: <\/strong>Sz\u00e1raz, k\u00f6zvetlen napf\u00e9nyt\u0151l v\u00e9dett helyen, szobah\u0151m\u00e9rs\u00e9kleten t\u00e1rolja. Gyermekek el\u0151l elz\u00e1rva tartand\u00f3.<\/p>\n<p data-start=\"1464\" data-end=\"1482\"><strong data-start=\"1464\" data-end=\"1480\">Figyelmeztet\u00e9s:\u00a0<\/strong>Gyermekek el\u0151l elz\u00e1rva tartand\u00f3! Az aj\u00e1nlott napi adagot nem szabad t\u00fall\u00e9pni. Az \u00e9trend-kieg\u00e9sz\u00edt\u0151 nem helyettes\u00edtheti a v\u00e1ltozatos \u00e9s kiegyens\u00falyozott \u00e9trendet \u00e9s az eg\u00e9szs\u00e9ges \u00e9letm\u00f3dot. Ne haszn\u00e1lja, ha \u00e9rz\u00e9keny vagy allergi\u00e1s a term\u00e9k b\u00e1rmely \u00f6sszetev\u0151j\u00e9re.\u00a0<\/p>\n<p data-start=\"1759\" data-end=\"1779\"><strong data-start=\"1759\" data-end=\"1772\">S\u00faly:<\/strong> 90 g<\/p>\n\n\n<p><\/p>","protected":false},"excerpt":{"rendered":"<p>Nordvital Kurac\u00ed chrupavkov\u00fd kolag\u00e9n \u2013 K\u013abov\u00fd komplex je v\u00fd\u017eivov\u00fd doplnok obsahuj\u00faci kolag\u00e9n z kuracej chrupavky, glukozam\u00edn, chondroit\u00edn a MSM. Tieto zlo\u017eky sa \u010dasto pou\u017e\u00edvaj\u00fa ako doplnok stravy pre udr\u017eanie komfortu k\u013abov a pohybov\u00e9ho apar\u00e1tu. Starostlivo zostaven\u00e1 formula sa \u013eahko zarad\u00ed do dennej rutiny, najm\u00e4 pre t\u00fdch, ktor\u00ed dbaj\u00fa na zdravie svojho pohybov\u00e9ho syst\u00e9mu. Pred pou\u017eit\u00edm [&hellip;]<\/p>","protected":false},"featured_media":9820,"comment_status":"open","ping_status":"closed","template":"","meta":{"inline_featured_image":false},"product_brand":[112],"product_cat":[69,145,140],"product_tag":[],"class_list":{"0":"post-9218","1":"product","2":"type-product","3":"status-publish","4":"has-post-thumbnail","6":"product_brand-nordvital","7":"product_cat-vyzivove-doplnky","8":"product_cat-krasa","9":"product_cat-posilnenie-imunity","11":"first","12":"instock","13":"taxable","14":"shipping-taxable","15":"purchasable","16":"product-type-simple"},"aioseo_notices":[],"_links":{"self":[{"href":"https:\/\/www.biokari.sk\/hu\/wp-json\/wp\/v2\/product\/9218","targetHints":{"allow":["GET"]}}],"collection":[{"href":"https:\/\/www.biokari.sk\/hu\/wp-json\/wp\/v2\/product"}],"about":[{"href":"https:\/\/www.biokari.sk\/hu\/wp-json\/wp\/v2\/types\/product"}],"replies":[{"embeddable":true,"href":"https:\/\/www.biokari.sk\/hu\/wp-json\/wp\/v2\/comments?post=9218"}],"wp:featuredmedia":[{"embeddable":true,"href":"https:\/\/www.biokari.sk\/hu\/wp-json\/wp\/v2\/media\/9820"}],"wp:attachment":[{"href":"https:\/\/www.biokari.sk\/hu\/wp-json\/wp\/v2\/media?parent=9218"}],"wp:term":[{"taxonomy":"product_brand","embeddable":true,"href":"https:\/\/www.biokari.sk\/hu\/wp-json\/wp\/v2\/product_brand?post=9218"},{"taxonomy":"product_cat","embeddable":true,"href":"https:\/\/www.biokari.sk\/hu\/wp-json\/wp\/v2\/product_cat?post=9218"},{"taxonomy":"product_tag","embeddable":true,"href":"https:\/\/www.biokari.sk\/hu\/wp-json\/wp\/v2\/product_tag?post=9218"}],"curies":[{"name":"wp","href":"https:\/\/api.w.org\/{rel}","templated":true}]}}