{"id":9222,"date":"2025-07-01T14:37:45","date_gmt":"2025-07-01T12:37:45","guid":{"rendered":"https:\/\/www.biokari.sk\/produkt\/nordvital-kapsuly-na-oka-60ks\/"},"modified":"2026-04-29T19:03:15","modified_gmt":"2026-04-29T17:03:15","slug":"nordvital-kapsuly-na-oka-60ks","status":"publish","type":"product","link":"https:\/\/www.biokari.sk\/hu\/termek\/nordvital-kapsuly-na-oka-60ks\/","title":{"rendered":"Nordvital Kapsuly na oka 60ks"},"content":{"rendered":"<p data-start=\"312\" data-end=\"399\">\u0160peci\u00e1lne zlo\u017eky, ako <strong data-start=\"334\" data-end=\"344\">brahmi<\/strong> a <strong data-start=\"347\" data-end=\"364\">ginkgo biloba<\/strong>, zlep\u0161uj\u00fa pam\u00e4\u0165 a du\u0161evn\u00fd v\u00fdkon.\u00a0Obsah <strong data-start=\"433\" data-end=\"457\">lute\u00ednu a zeaxant\u00ednu<\/strong> pom\u00e1ha chr\u00e1ni\u0165 zrak a podporuje zdravie o\u010d\u00ed.\u00a0Zlo\u017eky ako <strong data-start=\"544\" data-end=\"575\">ru\u017ea zlat\u00e1 (Rhodiola Rosea)<\/strong> a <strong data-start=\"578\" data-end=\"591\">BioPerine<\/strong> pom\u00e1haj\u00fa chr\u00e1ni\u0165 bunky pred oxida\u010dn\u00fdm stresom.\u00a0Bylinn\u00e9 extrakty a vitam\u00edny v jednom\u00a0Kombin\u00e1cia rastlinn\u00fdch extraktov a vitam\u00ednov prispieva k udr\u017eaniu dobrej psychickej kond\u00edcie a zdravia o\u010d\u00ed.<\/p>\n<h4 data-start=\"801\" data-end=\"833\"><strong>Hat\u00f3anyagok 1 kapszul\u00e1ban:<\/strong><\/h4>\n<ul data-start=\"834\" data-end=\"1368\">\n<li data-start=\"834\" data-end=\"885\">\n<p data-start=\"836\" data-end=\"885\">Rhodiola rosea extrakt z kore\u0148a (10:1) \u2013 150 mg<\/p>\n<\/li>\n<li data-start=\"886\" data-end=\"980\">\n<p data-start=\"888\" data-end=\"942\">Brahmi (Bacopa Monnieri) extrakt z rastliny \u2013 150 mg<\/p>\n<ul data-start=\"946\" data-end=\"980\">\n<li data-start=\"946\" data-end=\"980\">\n<p data-start=\"948\" data-end=\"980\">z toho sapon\u00edny (20 %) \u2013 30 mg<\/p>\n<\/li>\n<\/ul>\n<\/li>\n<li data-start=\"981\" data-end=\"1115\">\n<p data-start=\"983\" data-end=\"1024\">Ginkgo biloba extrakt z listov \u2013 120 mg<\/p>\n<ul data-start=\"1028\" data-end=\"1115\">\n<li data-start=\"1028\" data-end=\"1078\">\n<p data-start=\"1030\" data-end=\"1078\">z toho ginkgo flavonglykozidy (24 %) \u2013 28,8 mg<\/p>\n<\/li>\n<li data-start=\"1082\" data-end=\"1115\">\n<p data-start=\"1084\" data-end=\"1115\">terp\u00e9n-laktony (6 %) \u2013 7,2 mg<\/p>\n<\/li>\n<\/ul>\n<\/li>\n<li data-start=\"1116\" data-end=\"1211\">\n<p data-start=\"1118\" data-end=\"1164\">ZeaLutein (lute\u00edn : zeaxant\u00edn = 5:1) \u2013 12 mg<\/p>\n<ul data-start=\"1168\" data-end=\"1211\">\n<li data-start=\"1168\" data-end=\"1211\">\n<p data-start=\"1170\" data-end=\"1211\">z toho lute\u00edn \u2013 10 mg, zeaxant\u00edn \u2013 2 mg<\/p>\n<\/li>\n<\/ul>\n<\/li>\n<li data-start=\"1212\" data-end=\"1263\">\n<p data-start=\"1214\" data-end=\"1263\">Vitam\u00edn A (retinyl-palmit\u00e1t) \u2013 600 \u03bcg = 2000 IU<\/p>\n<\/li>\n<li data-start=\"1264\" data-end=\"1327\">\n<p data-start=\"1266\" data-end=\"1327\">BioPerine (extrakt z \u010dierneho korenia, 95 % piper\u00edn) \u2013 2 mg<\/p>\n<\/li>\n<li data-start=\"1328\" data-end=\"1368\">\n<p data-start=\"1330\" data-end=\"1368\">Vitam\u00edn B12 (metylkobalam\u00edn) \u2013 50 \u03bcg<\/p>\n<\/li>\n<\/ul>\n<h4 data-start=\"1375\" data-end=\"1390\"><strong>\u00d6sszet\u00e9tel:\u00a0<\/strong>extrakt z kore\u0148a Rhodiola rosea, extrakt z Bacopa monnieri, ry\u017eov\u00e1 m\u00faka, extrakt z listov Ginkgo biloba, hydroxypropylmetylcelul\u00f3za (veg\u00e1nska kapsula), ZeaLutein, protihrudkuj\u00faca l\u00e1tka (aminokyselina leuc\u00edn), vitam\u00edn A (retinyl-palmit\u00e1t), BioPerine, vitam\u00edn B12 (metylkobalam\u00edn).<\/h4>\n<h4 data-start=\"1679\" data-end=\"1707\"><strong>Aj\u00e1nlott adagol\u00e1s:<\/strong>\u00a01 kapsula denne, po\u010das jedla.<\/h4>\n<h4 data-start=\"1772\" data-end=\"1790\"><strong>T\u00e1rol\u00e1s:<\/strong>\u00a0Sz\u00e1raz, k\u00f6zvetlen napf\u00e9nyt\u0151l v\u00e9dett helyen, szobah\u0151m\u00e9rs\u00e9kleten t\u00e1rolja. Gyermekek el\u0151l elz\u00e1rva tartand\u00f3.<\/h4>\n<h4 data-start=\"1919\" data-end=\"1937\"><strong>Figyelmeztet\u00e9s:\u00a0<\/strong>Uchov\u00e1vajte mimo dosahu det\u00ed! Odpor\u00fa\u010dan\u00e1 denn\u00e1 d\u00e1vka sa nesmie prekro\u010di\u0165. V\u00fd\u017eivov\u00fd doplnok sa nesmie pou\u017e\u00edva\u0165 ako n\u00e1hrada pestrej a vyv\u00e1\u017eenej stravy a zdrav\u00e9ho \u017eivotn\u00e9ho \u0161t\u00fdlu. Nepou\u017e\u00edvajte, ak ste precitliven\u00ed alebo alergick\u00ed na ktor\u00fako\u013evek zo zlo\u017eiek pr\u00edpravku.<\/h4>\n<p data-start=\"2219\" data-end=\"2243\"><strong data-start=\"2219\" data-end=\"2231\">Mennyis\u00e9g:<\/strong> 50db<\/p>","protected":false},"excerpt":{"rendered":"<p>\u0160peci\u00e1lne zlo\u017eky, ako brahmi a ginkgo biloba, zlep\u0161uj\u00fa pam\u00e4\u0165 a du\u0161evn\u00fd v\u00fdkon.\u00a0Obsah lute\u00ednu a zeaxant\u00ednu pom\u00e1ha chr\u00e1ni\u0165 zrak a podporuje zdravie o\u010d\u00ed.\u00a0Zlo\u017eky ako ru\u017ea zlat\u00e1 (Rhodiola Rosea) a BioPerine pom\u00e1haj\u00fa chr\u00e1ni\u0165 bunky pred oxida\u010dn\u00fdm stresom.\u00a0Bylinn\u00e9 extrakty a vitam\u00edny v jednom\u00a0Kombin\u00e1cia rastlinn\u00fdch extraktov a vitam\u00ednov prispieva k udr\u017eaniu dobrej psychickej kond\u00edcie a zdravia o\u010d\u00ed. Akt\u00edvne l\u00e1tky [&hellip;]<\/p>","protected":false},"featured_media":9818,"comment_status":"open","ping_status":"closed","template":"","meta":{"inline_featured_image":false},"product_brand":[112],"product_cat":[69],"product_tag":[],"class_list":{"0":"post-9222","1":"product","2":"type-product","3":"status-publish","4":"has-post-thumbnail","6":"product_brand-nordvital","7":"product_cat-vyzivove-doplnky","9":"first","10":"instock","11":"taxable","12":"shipping-taxable","13":"purchasable","14":"product-type-simple"},"aioseo_notices":[],"_links":{"self":[{"href":"https:\/\/www.biokari.sk\/hu\/wp-json\/wp\/v2\/product\/9222","targetHints":{"allow":["GET"]}}],"collection":[{"href":"https:\/\/www.biokari.sk\/hu\/wp-json\/wp\/v2\/product"}],"about":[{"href":"https:\/\/www.biokari.sk\/hu\/wp-json\/wp\/v2\/types\/product"}],"replies":[{"embeddable":true,"href":"https:\/\/www.biokari.sk\/hu\/wp-json\/wp\/v2\/comments?post=9222"}],"wp:featuredmedia":[{"embeddable":true,"href":"https:\/\/www.biokari.sk\/hu\/wp-json\/wp\/v2\/media\/9818"}],"wp:attachment":[{"href":"https:\/\/www.biokari.sk\/hu\/wp-json\/wp\/v2\/media?parent=9222"}],"wp:term":[{"taxonomy":"product_brand","embeddable":true,"href":"https:\/\/www.biokari.sk\/hu\/wp-json\/wp\/v2\/product_brand?post=9222"},{"taxonomy":"product_cat","embeddable":true,"href":"https:\/\/www.biokari.sk\/hu\/wp-json\/wp\/v2\/product_cat?post=9222"},{"taxonomy":"product_tag","embeddable":true,"href":"https:\/\/www.biokari.sk\/hu\/wp-json\/wp\/v2\/product_tag?post=9222"}],"curies":[{"name":"wp","href":"https:\/\/api.w.org\/{rel}","templated":true}]}}