{"id":9224,"date":"2025-07-01T14:37:45","date_gmt":"2025-07-01T12:37:45","guid":{"rendered":"https:\/\/www.biokari.sk\/produkt\/nordvital-b-komplex-kapsuly-60ks\/"},"modified":"2026-04-26T19:01:53","modified_gmt":"2026-04-26T17:01:53","slug":"nordvital-b-komplex-kapsuly-60ks","status":"publish","type":"product","link":"https:\/\/www.biokari.sk\/hu\/termek\/nordvital-b-komplex-kapsuly-60ks\/","title":{"rendered":"Nordvital B-komplex kapszula 60db"},"content":{"rendered":"<p data-start=\"195\" data-end=\"538\"><strong data-start=\"195\" data-end=\"224\">Nordvital B-komplex Veg\u00e1n<\/strong> tartalmazza az \u00f6sszes fontos B-vitamint, bele\u00e9rtve a B1-, B2-, B3-, B5-, B6-, B7-, B9- \u00e9s B12-vitamint.<br data-start=\"322\" data-end=\"325\" \/>Kifejezetten a n\u00f6v\u00e9nyi alap\u00fa \u00e9trenden \u00e9l\u0151k sz\u00e1m\u00e1ra k\u00e9sz\u00fclt, k\u00f6nnyen adagolhat\u00f3 form\u00e1ban.<br data-start=\"408\" data-end=\"411\" \/>A B-vitaminok a tudatos t\u00e1pl\u00e1l\u00e9kkieg\u00e9sz\u00edt\u00e9s gyakori r\u00e9sz\u00e9t k\u00e9pezik, \u00e9s ez a term\u00e9k k\u00f6nnyen be\u00e9p\u00edthet\u0151 a napi rutinba.<\/p>\n<p data-start=\"540\" data-end=\"572\"><strong data-start=\"540\" data-end=\"570\">Hat\u00f3anyagok 1 kapszul\u00e1ban:<\/strong><\/p>\n<ul data-start=\"573\" data-end=\"1165\">\n<li data-start=\"573\" data-end=\"631\">\n<p data-start=\"575\" data-end=\"631\">B1-vitamin (tiamin-hidroklorid) - 20 mg (1818 % RVH*)<\/p>\n<\/li>\n<li data-start=\"632\" data-end=\"696\">\n<p data-start=\"634\" data-end=\"696\">B2-vitamin (riboflavin-5-n\u00e1trium-foszf\u00e1t) - 20 mg (1429 % RVH)<\/p>\n<\/li>\n<li data-start=\"697\" data-end=\"744\">\n<p data-start=\"699\" data-end=\"744\">B3-vitamin (nikotinamid) - 15 mg (94 % RVH)<\/p>\n<\/li>\n<li data-start=\"745\" data-end=\"803\">\n<p data-start=\"747\" data-end=\"803\">B5-vitamin (D-kalcium-pantoten\u00e1t) - 100 mg (1667 % RVH)<\/p>\n<\/li>\n<li data-start=\"804\" data-end=\"860\">\n<p data-start=\"806\" data-end=\"860\">B6-vitamin (piridoxal-5-foszf\u00e1t) - 25 mg (1786 % RVH)<\/p>\n<\/li>\n<li data-start=\"861\" data-end=\"908\">\n<p data-start=\"863\" data-end=\"908\">B7-vitamin (D-biotin) - 500 \u03bcg (1000 % RVH)<\/p>\n<\/li>\n<li data-start=\"909\" data-end=\"968\">\n<p data-start=\"911\" data-end=\"968\">B9-vitamin (kalcium-L-metilfol\u00e1t) - 400 \u03bcg (200 % RVH)<\/p>\n<\/li>\n<li data-start=\"969\" data-end=\"1022\">\n<p data-start=\"971\" data-end=\"1022\">B12-vitamin (metilkobalamin) - 50 \u03bcg (2000 % RVH)<\/p>\n<\/li>\n<li data-start=\"1023\" data-end=\"1079\">\n<p data-start=\"1025\" data-end=\"1079\">B12-vitamin (adenozil-kobalamin) - 50 \u03bcg (2000 % RVH)<\/p>\n<\/li>\n<li data-start=\"1080\" data-end=\"1165\">\n<p data-start=\"1082\" data-end=\"1165\">Kolin (kolin-bitartar\u00e1tb\u00f3l, szerves form\u00e1ban) - 30 mg (<strong data-start=\"1138\" data-end=\"1162\">A k\u00f6zgy\u0171l\u00e9s nem j\u00f6tt l\u00e9tre<\/strong>)<\/p>\n<\/li>\n<\/ul>\n<p data-start=\"1167\" data-end=\"1218\">*RVH = \u00e9trendi referencia\u00e9rt\u00e9k feln\u0151ttek sz\u00e1m\u00e1ra<\/p>\n<p data-start=\"1220\" data-end=\"1572\"><strong data-start=\"1220\" data-end=\"1233\">\u00d6sszet\u00e9tel: <\/strong>Rizsliszt, D-kalcium-pantoten\u00e1t, kapszulah\u00e9j (hidroxipropil-metilcellul\u00f3z), t\u00f6lt\u0151anyag (mikrokrist\u00e1lyos cellul\u00f3z), kolin-bitartar\u00e1t, piridoxal-5-foszf\u00e1t, riboflavin-5-n\u00e1trium-foszf\u00e1t, tiamin-hidroklorid, csom\u00f3sod\u00e1sg\u00e1tl\u00f3 (aminosav-leucin), nikotinamid, kalcium-L-metilfol\u00e1t, D-biotin, metil-kobalamin, adenozil-kobalamin.<\/p>\n<p data-start=\"1574\" data-end=\"1631\"><strong data-start=\"1574\" data-end=\"1600\">Aj\u00e1nlott adagol\u00e1s: <\/strong>Napi 1 kapszula \u00e9tkez\u00e9s ut\u00e1n.<\/p>\n<p data-start=\"1633\" data-end=\"1773\"><strong data-start=\"1633\" data-end=\"1649\">T\u00e1rol\u00e1s: <\/strong>Sz\u00e1raz, k\u00f6zvetlen napf\u00e9nyt\u0151l v\u00e9dett helyen, szobah\u0151m\u00e9rs\u00e9kleten t\u00e1rolja. Gyermekek el\u0151l elz\u00e1rva tartand\u00f3.<\/p>\n<p data-start=\"1775\" data-end=\"1793\"><strong data-start=\"1775\" data-end=\"1791\">Figyelmeztet\u00e9s:\u00a0<\/strong>Gyermekek el\u0151l elz\u00e1rva tartand\u00f3! Az aj\u00e1nlott napi adagot nem szabad t\u00fall\u00e9pni. Az \u00e9trend-kieg\u00e9sz\u00edt\u0151 nem helyettes\u00edtheti a v\u00e1ltozatos \u00e9s kiegyens\u00falyozott \u00e9trendet \u00e9s az eg\u00e9szs\u00e9ges \u00e9letm\u00f3dot. Ne haszn\u00e1lja, ha \u00e9rz\u00e9keny vagy allergi\u00e1s a term\u00e9k b\u00e1rmely \u00f6sszetev\u0151j\u00e9re.<\/p>\n<p data-start=\"2070\" data-end=\"2094\"><strong data-start=\"2070\" data-end=\"2082\">Csomagol\u00e1s:<\/strong> 60 db<\/p>","protected":false},"excerpt":{"rendered":"<p>Nordvital B-komplex Veg\u00e1n obsahuje v\u0161etky d\u00f4le\u017eit\u00e9 vitam\u00edny skupiny B \u2013 vr\u00e1tane vitam\u00ednov B1, B2, B3, B5, B6, B7, B9 a B12.Je vytvoren\u00fd \u0161peci\u00e1lne pre osoby s rastlinnou stravou, v \u013eahko d\u00e1vkovate\u013enej forme.Vitam\u00edny skupiny B s\u00fa \u010dastou s\u00fa\u010das\u0165ou vedom\u00e9ho dop\u013a\u0148ania v\u00fd\u017eivy a tento pr\u00edpravok sa jednoducho zarad\u00ed do ka\u017edodennej rutiny. Akt\u00edvne l\u00e1tky v 1 kapsule: Vitam\u00edn [&hellip;]<\/p>","protected":false},"featured_media":9814,"comment_status":"open","ping_status":"closed","template":"","meta":{"inline_featured_image":false},"product_brand":[112],"product_cat":[69,140,142],"product_tag":[],"class_list":{"0":"post-9224","1":"product","2":"type-product","3":"status-publish","4":"has-post-thumbnail","6":"product_brand-nordvital","7":"product_cat-vyzivove-doplnky","8":"product_cat-posilnenie-imunity","9":"product_cat-srdcovo-cievny-system","11":"first","12":"instock","13":"taxable","14":"shipping-taxable","15":"purchasable","16":"product-type-simple"},"aioseo_notices":[],"_links":{"self":[{"href":"https:\/\/www.biokari.sk\/hu\/wp-json\/wp\/v2\/product\/9224","targetHints":{"allow":["GET"]}}],"collection":[{"href":"https:\/\/www.biokari.sk\/hu\/wp-json\/wp\/v2\/product"}],"about":[{"href":"https:\/\/www.biokari.sk\/hu\/wp-json\/wp\/v2\/types\/product"}],"replies":[{"embeddable":true,"href":"https:\/\/www.biokari.sk\/hu\/wp-json\/wp\/v2\/comments?post=9224"}],"wp:featuredmedia":[{"embeddable":true,"href":"https:\/\/www.biokari.sk\/hu\/wp-json\/wp\/v2\/media\/9814"}],"wp:attachment":[{"href":"https:\/\/www.biokari.sk\/hu\/wp-json\/wp\/v2\/media?parent=9224"}],"wp:term":[{"taxonomy":"product_brand","embeddable":true,"href":"https:\/\/www.biokari.sk\/hu\/wp-json\/wp\/v2\/product_brand?post=9224"},{"taxonomy":"product_cat","embeddable":true,"href":"https:\/\/www.biokari.sk\/hu\/wp-json\/wp\/v2\/product_cat?post=9224"},{"taxonomy":"product_tag","embeddable":true,"href":"https:\/\/www.biokari.sk\/hu\/wp-json\/wp\/v2\/product_tag?post=9224"}],"curies":[{"name":"wp","href":"https:\/\/api.w.org\/{rel}","templated":true}]}}