{"id":9228,"date":"2025-07-01T14:37:46","date_gmt":"2025-07-01T12:37:46","guid":{"rendered":"https:\/\/www.biokari.sk\/produkt\/nordvital-d3-vitamin-kvapky-4000ne-240davok\/"},"modified":"2026-04-23T19:01:20","modified_gmt":"2026-04-23T17:01:20","slug":"nordvital-d3-vitamin-kvapky-4000ne-240davok","status":"publish","type":"product","link":"https:\/\/www.biokari.sk\/hu\/termek\/nordvital-d3-vitamin-kvapky-4000ne-240davok\/","title":{"rendered":"Nordvital D3-vitamin csepp 4000NE 240dose"},"content":{"rendered":"<p data-start=\"213\" data-end=\"591\"><strong data-start=\"213\" data-end=\"250\">Nordvital D3-vitamin foly\u00e9kony form\u00e1ban<\/strong> 30 ml-es kiszerel\u00e9sben D3-vitamint tartalmaz, amely praktikus form\u00e1ban seg\u00edt kieg\u00e9sz\u00edteni a napi vitaminbevitelt.<br data-start=\"349\" data-end=\"352\" \/>A cseppes adagol\u00e1s k\u00e9nyelmes megold\u00e1s azok sz\u00e1m\u00e1ra, akiknek neh\u00e9zs\u00e9get okoz a tablett\u00e1k vagy kapszul\u00e1k szed\u00e9se.<br data-start=\"459\" data-end=\"462\" \/>A D-vitamin a szervezet sz\u00e1m\u00e1ra fontos mikrot\u00e1panyag, amelyr\u0151l k\u00fcl\u00f6n\u00f6sen a napf\u00e9nyhi\u00e1nyos id\u0151szakokban kell gondoskodni.<\/p>\n<p data-start=\"593\" data-end=\"614\"><strong data-start=\"593\" data-end=\"612\">Akt\u00edv \u00f6sszetev\u0151k: <\/strong>D3-vitamin (kolekalciferol) - 100 \u03bcg = 4000 NE (2000 % RVH*)<br \/>\n*RVH = \u00e9trendi referencia\u00e9rt\u00e9k<\/p>\n<p data-start=\"721\" data-end=\"861\"><strong data-start=\"721\" data-end=\"734\">\u00d6sszet\u00e9tel: <\/strong>MCT olaj (RSPO tan\u00fas\u00edtv\u00e1nnyal rendelkez\u0151 p\u00e1lma- \u00e9s k\u00f3kuszolajb\u00f3l), kolekalciferol, antioxid\u00e1ns (term\u00e9szetes kevert tokoferolok).<\/p>\n<p data-start=\"863\" data-end=\"891\"><strong data-start=\"863\" data-end=\"889\">Aj\u00e1nlott adagol\u00e1s:<\/strong><\/p>\n<ul data-start=\"892\" data-end=\"1229\">\n<li data-start=\"892\" data-end=\"1022\">\n<p data-start=\"894\" data-end=\"1022\">Feln\u0151ttek: napi 4 csepp k\u00f6zvetlen\u00fcl a sz\u00e1jba vagy \u00e9telhez adva.<br data-start=\"954\" data-end=\"957\" \/>(Ne h\u00edg\u00edtsa folyad\u00e9kkal!) Legjobb reggel, az els\u0151 \u00e9tkez\u00e9skor bevenni.<\/p>\n<\/li>\n<li data-start=\"1023\" data-end=\"1058\">\n<p data-start=\"1025\" data-end=\"1058\">1 csepp = 1000 NE D3-vitamin.<\/p>\n<\/li>\n<li data-start=\"1059\" data-end=\"1229\">\n<p data-start=\"1061\" data-end=\"1229\">Gyermekek: 20 kg testt\u00f6megenk\u00e9nt 1 csepp aj\u00e1nlott.<br data-start=\"1124\" data-end=\"1127\" \/>Sz\u00e1jba csepegtet\u00e9skor a pipetta nem \u00e9rhet a nyelvhez, mivel a term\u00e9k <strong data-start=\"1194\" data-end=\"1226\">nem tartalmaz tart\u00f3s\u00edt\u00f3szert<\/strong>.<\/p>\n<\/li>\n<\/ul>\n<p data-start=\"1231\" data-end=\"1371\"><strong data-start=\"1231\" data-end=\"1247\">T\u00e1rol\u00e1s: <\/strong>Sz\u00e1raz, k\u00f6zvetlen napf\u00e9nyt\u0151l v\u00e9dett helyen, szobah\u0151m\u00e9rs\u00e9kleten t\u00e1rolja. Gyermekek el\u0151l elz\u00e1rva tartand\u00f3.<\/p>\n<p data-start=\"1373\" data-end=\"1391\"><strong data-start=\"1373\" data-end=\"1389\">Figyelmeztet\u00e9s:\u00a0<\/strong>Gyermekek el\u0151l elz\u00e1rva tartand\u00f3! Az aj\u00e1nlott napi adagot nem szabad t\u00fall\u00e9pni. Az \u00e9trend-kieg\u00e9sz\u00edt\u0151 nem helyettes\u00edtheti a v\u00e1ltozatos \u00e9s kiegyens\u00falyozott \u00e9trendet \u00e9s az eg\u00e9szs\u00e9ges \u00e9letm\u00f3dot. Ne haszn\u00e1lja, ha \u00e9rz\u00e9keny vagy allergi\u00e1s a term\u00e9k b\u00e1rmely \u00f6sszetev\u0151j\u00e9re.<\/p>\n<p data-start=\"1668\" data-end=\"1686\"><strong data-start=\"1668\" data-end=\"1678\">K\u00f6tet:<\/strong> 30 ml<\/p>","protected":false},"excerpt":{"rendered":"<p>Nordvital D3-vitam\u00edn tekut\u00e1 forma v balen\u00ed 30 ml obsahuje vitam\u00edn D3, ktor\u00fd praktickou formou pom\u00e1ha doplni\u0165 denn\u00fd pr\u00edjem vitam\u00ednov.Kvapkadlov\u00e9 d\u00e1vkovanie je pohodln\u00fdm rie\u0161en\u00edm pre t\u00fdch, ktor\u00ed maj\u00fa \u0165a\u017ekosti s u\u017e\u00edvan\u00edm tabliet alebo kaps\u00fal.Vitam\u00edn D je pre organizmus d\u00f4le\u017eit\u00fd mikronutrient, na ktor\u00fd je vhodn\u00e9 dba\u0165 najm\u00e4 v obdobiach s nedostatkom slne\u010dn\u00e9ho \u017eiarenia. Akt\u00edvne zlo\u017eky: D3-vitam\u00edn (cholekalciferol) [&hellip;]<\/p>","protected":false},"featured_media":9809,"comment_status":"open","ping_status":"closed","template":"","meta":{"inline_featured_image":false},"product_brand":[112],"product_cat":[69,145,140,142],"product_tag":[],"class_list":{"0":"post-9228","1":"product","2":"type-product","3":"status-publish","4":"has-post-thumbnail","6":"product_brand-nordvital","7":"product_cat-vyzivove-doplnky","8":"product_cat-krasa","9":"product_cat-posilnenie-imunity","10":"product_cat-srdcovo-cievny-system","12":"first","13":"instock","14":"taxable","15":"shipping-taxable","16":"purchasable","17":"product-type-simple"},"aioseo_notices":[],"_links":{"self":[{"href":"https:\/\/www.biokari.sk\/hu\/wp-json\/wp\/v2\/product\/9228","targetHints":{"allow":["GET"]}}],"collection":[{"href":"https:\/\/www.biokari.sk\/hu\/wp-json\/wp\/v2\/product"}],"about":[{"href":"https:\/\/www.biokari.sk\/hu\/wp-json\/wp\/v2\/types\/product"}],"replies":[{"embeddable":true,"href":"https:\/\/www.biokari.sk\/hu\/wp-json\/wp\/v2\/comments?post=9228"}],"wp:featuredmedia":[{"embeddable":true,"href":"https:\/\/www.biokari.sk\/hu\/wp-json\/wp\/v2\/media\/9809"}],"wp:attachment":[{"href":"https:\/\/www.biokari.sk\/hu\/wp-json\/wp\/v2\/media?parent=9228"}],"wp:term":[{"taxonomy":"product_brand","embeddable":true,"href":"https:\/\/www.biokari.sk\/hu\/wp-json\/wp\/v2\/product_brand?post=9228"},{"taxonomy":"product_cat","embeddable":true,"href":"https:\/\/www.biokari.sk\/hu\/wp-json\/wp\/v2\/product_cat?post=9228"},{"taxonomy":"product_tag","embeddable":true,"href":"https:\/\/www.biokari.sk\/hu\/wp-json\/wp\/v2\/product_tag?post=9228"}],"curies":[{"name":"wp","href":"https:\/\/api.w.org\/{rel}","templated":true}]}}