{"id":9235,"date":"2025-07-01T14:37:47","date_gmt":"2025-07-01T12:37:47","guid":{"rendered":"https:\/\/www.biokari.sk\/produkt\/nordvital-papaya-koncentrat-500ml\/"},"modified":"2026-04-25T19:02:14","modified_gmt":"2026-04-25T17:02:14","slug":"nordvital-papaya-koncentrat-500ml","status":"publish","type":"product","link":"https:\/\/www.biokari.sk\/hu\/termek\/nordvital-papaya-koncentrat-500ml\/","title":{"rendered":"Nordvital Papaya koncentr\u00e1tum 500ml"},"content":{"rendered":"<p data-start=\"212\" data-end=\"425\"><strong data-start=\"212\" data-end=\"235\">Bez pridan\u00e9ho cukru<\/strong>, vyroben\u00fd bioferment\u00e1ciou, doplnen\u00fd o pr\u00edrodn\u00fa \u0161\u0165avu z plodov Noni.<br data-start=\"303\" data-end=\"306\" \/>V\u00fdrobok <strong data-start=\"314\" data-end=\"340\">neobsahuje umel\u00e9 ar\u00f3my<\/strong>.<br data-start=\"341\" data-end=\"344\" \/>Jedine\u010dn\u00fa chu\u0165 dod\u00e1va harmonick\u00e1 kombin\u00e1cia fermentovanej pap\u00e1je a ovocia Noni.<\/p>\n<p data-start=\"427\" data-end=\"471\"><strong data-start=\"427\" data-end=\"469\">Zlo\u017eenie (denn\u00e1 d\u00e1vka 30 ml obsahuje): <\/strong>fermentovan\u00e1 pap\u00e1jov\u00e1 \u0161\u0165ava \u2013 25,5 ml, pap\u00e1jov\u00e1 du\u017eina \u2013 2,4 ml, \u0161\u0165ava z Noni (Morinda Citrifolia L.) \u2013 0,3 ml<\/p>\n<p data-start=\"427\" data-end=\"471\"><strong data-start=\"594\" data-end=\"611\">\u00d6sszet\u00e9tel: <\/strong>fermentovan\u00e1 pap\u00e1jov\u00e1 \u0161\u0165ava, pap\u00e1jov\u00e1 du\u017eina, \u010disten\u00e1 voda, \u0161\u0165ava z plodov Noni (Morinda Citrifolia L.), zahus\u0165ovadlo (xant\u00e1nov\u00e1 guma), konzerva\u010dn\u00e1 l\u00e1tka (sorban draseln\u00fd).<\/p>\n<p data-start=\"790\" data-end=\"1062\"><strong data-start=\"790\" data-end=\"816\">Aj\u00e1nlott adagol\u00e1s: <\/strong>Denn\u00e1 d\u00e1vka: 30 ml (3 polievkov\u00e9 ly\u017eice) rozdelen\u00e1 na 2 \u010dasti, najlep\u0161ie pred jedlom, samostatne alebo zrieden\u00e9 v cca 2 dl vody. Pred pou\u017eit\u00edm pretrepa\u0165. Odpor\u00fa\u010dan\u00e1 doba u\u017e\u00edvania: minim\u00e1lne 50 dn\u00ed (3 f\u013ea\u0161e), maxim\u00e1lne 160 dn\u00ed (10 flia\u0161).<\/p>\n<p data-start=\"1064\" data-end=\"1204\"><strong data-start=\"1064\" data-end=\"1080\">T\u00e1rol\u00e1s: <\/strong>Sz\u00e1raz, k\u00f6zvetlen napf\u00e9nyt\u0151l v\u00e9dett helyen, szobah\u0151m\u00e9rs\u00e9kleten t\u00e1rolja. Gyermekek el\u0151l elz\u00e1rva tartand\u00f3.<\/p>\n<p data-start=\"1206\" data-end=\"1224\"><strong data-start=\"1206\" data-end=\"1222\">Figyelmeztet\u00e9s:\u00a0<\/strong>Gyermekek el\u0151l elz\u00e1rva tartand\u00f3! Az aj\u00e1nlott napi adagot nem szabad t\u00fall\u00e9pni. Az \u00e9trend-kieg\u00e9sz\u00edt\u0151 nem helyettes\u00edtheti a v\u00e1ltozatos \u00e9s kiegyens\u00falyozott \u00e9trendet \u00e9s az eg\u00e9szs\u00e9ges \u00e9letm\u00f3dot. Ne haszn\u00e1lja, ha \u00e9rz\u00e9keny vagy allergi\u00e1s a term\u00e9k b\u00e1rmely \u00f6sszetev\u0151j\u00e9re.<\/p>\n<p data-start=\"1501\" data-end=\"1520\"><strong data-start=\"1501\" data-end=\"1511\">K\u00f6tet:<\/strong> 500 ml<\/p>","protected":false},"excerpt":{"rendered":"<p>Bez pridan\u00e9ho cukru, vyroben\u00fd bioferment\u00e1ciou, doplnen\u00fd o pr\u00edrodn\u00fa \u0161\u0165avu z plodov Noni.V\u00fdrobok neobsahuje umel\u00e9 ar\u00f3my.Jedine\u010dn\u00fa chu\u0165 dod\u00e1va harmonick\u00e1 kombin\u00e1cia fermentovanej pap\u00e1je a ovocia Noni. Zlo\u017eenie (denn\u00e1 d\u00e1vka 30 ml obsahuje): fermentovan\u00e1 pap\u00e1jov\u00e1 \u0161\u0165ava \u2013 25,5 ml, pap\u00e1jov\u00e1 du\u017eina \u2013 2,4 ml, \u0161\u0165ava z Noni (Morinda Citrifolia L.) \u2013 0,3 ml Zlo\u017eenie: fermentovan\u00e1 pap\u00e1jov\u00e1 \u0161\u0165ava, pap\u00e1jov\u00e1 [&hellip;]<\/p>","protected":false},"featured_media":9802,"comment_status":"open","ping_status":"closed","template":"","meta":{"inline_featured_image":false},"product_brand":[112],"product_cat":[69,141,140,143],"product_tag":[],"class_list":{"0":"post-9235","1":"product","2":"type-product","3":"status-publish","4":"has-post-thumbnail","6":"product_brand-nordvital","7":"product_cat-vyzivove-doplnky","8":"product_cat-chudnutie","9":"product_cat-posilnenie-imunity","10":"product_cat-zaludok-a-crevna-cinnost","12":"first","13":"instock","14":"taxable","15":"shipping-taxable","16":"purchasable","17":"product-type-simple"},"aioseo_notices":[],"_links":{"self":[{"href":"https:\/\/www.biokari.sk\/hu\/wp-json\/wp\/v2\/product\/9235","targetHints":{"allow":["GET"]}}],"collection":[{"href":"https:\/\/www.biokari.sk\/hu\/wp-json\/wp\/v2\/product"}],"about":[{"href":"https:\/\/www.biokari.sk\/hu\/wp-json\/wp\/v2\/types\/product"}],"replies":[{"embeddable":true,"href":"https:\/\/www.biokari.sk\/hu\/wp-json\/wp\/v2\/comments?post=9235"}],"wp:featuredmedia":[{"embeddable":true,"href":"https:\/\/www.biokari.sk\/hu\/wp-json\/wp\/v2\/media\/9802"}],"wp:attachment":[{"href":"https:\/\/www.biokari.sk\/hu\/wp-json\/wp\/v2\/media?parent=9235"}],"wp:term":[{"taxonomy":"product_brand","embeddable":true,"href":"https:\/\/www.biokari.sk\/hu\/wp-json\/wp\/v2\/product_brand?post=9235"},{"taxonomy":"product_cat","embeddable":true,"href":"https:\/\/www.biokari.sk\/hu\/wp-json\/wp\/v2\/product_cat?post=9235"},{"taxonomy":"product_tag","embeddable":true,"href":"https:\/\/www.biokari.sk\/hu\/wp-json\/wp\/v2\/product_tag?post=9235"}],"curies":[{"name":"wp","href":"https:\/\/api.w.org\/{rel}","templated":true}]}}