{"id":9237,"date":"2025-07-01T14:37:47","date_gmt":"2025-07-01T12:37:47","guid":{"rendered":"https:\/\/www.biokari.sk\/produkt\/nordvital-l-lizin-prasok-120g\/"},"modified":"2026-02-15T18:01:29","modified_gmt":"2026-02-15T17:01:29","slug":"nordvital-l-lizin-prasok-120g","status":"publish","type":"product","link":"https:\/\/www.biokari.sk\/hu\/termek\/nordvital-l-lizin-prasok-120g\/","title":{"rendered":"Nordvital L-lizin por 120g"},"content":{"rendered":"<p data-start=\"271\" data-end=\"623\"><strong data-start=\"271\" data-end=\"282\">L-lyz\u00edn<\/strong> je esenci\u00e1lna aminokyselina, ktor\u00fa si organizmus nedok\u00e1\u017ee s\u00e1m vytvori\u0165, preto je mo\u017en\u00e9 ju prija\u0165 v\u00fdlu\u010dne prostredn\u00edctvom stravy. Medzi jej prirodzen\u00e9 zdroje patria \u010derven\u00e9 m\u00e4so, ryby, mlie\u010dne v\u00fdrobky, vajcia, s\u00f3jov\u00e9 produkty (napr. tofu, tempeh), ako aj celozrnn\u00e9 obilniny.<br data-start=\"556\" data-end=\"559\" \/>L-lyz\u00edn sa \u010dasto pou\u017e\u00edva ako s\u00fa\u010das\u0165 vedomej doplnkovej v\u00fd\u017eivy.<\/p>\n<p data-start=\"625\" data-end=\"656\"><strong data-start=\"625\" data-end=\"638\">\u00d6sszet\u00e9tel: <\/strong>100 % L-lyz\u00edn<\/p>\n<p data-start=\"658\" data-end=\"796\"><strong data-start=\"658\" data-end=\"684\">Aj\u00e1nlott adagol\u00e1s: <\/strong>Denn\u00e1 d\u00e1vka: 2 g L-lyz\u00ednu rozpusten\u00e9ho v tekutine.<br data-start=\"737\" data-end=\"740\" \/>Mo\u017eno u\u017e\u00edva\u0165 kedyko\u013evek po\u010das d\u0148a, nez\u00e1visle od jedla.<\/p>\n<p data-start=\"798\" data-end=\"931\"><strong data-start=\"798\" data-end=\"814\">T\u00e1rol\u00e1s: <\/strong>Uchov\u00e1vajte v suchu, chr\u00e1nen\u00e9 pred priamym slne\u010dn\u00fdm \u017eiaren\u00edm, pri izbovej teplote. Uchov\u00e1vajte mimo dosahu det\u00ed.<\/p>\n<p data-start=\"933\" data-end=\"951\"><strong data-start=\"933\" data-end=\"949\">Figyelmeztet\u00e9s:\u00a0<\/strong>Uchov\u00e1vajte mimo dosahu det\u00ed! Odpor\u00fa\u010dan\u00e1 denn\u00e1 d\u00e1vka sa nesmie prekro\u010di\u0165.\u00a0\u00a0V\u00fd\u017eivov\u00fd doplnok sa nesmie pou\u017e\u00edva\u0165 ako n\u00e1hrada pestrej a vyv\u00e1\u017eenej stravy a zdrav\u00e9ho \u017eivotn\u00e9ho \u0161t\u00fdlu.\u00a0<\/p>\n\n\n<p><strong>S\u00faly: <\/strong>120g<br>Sz\u00e1raz helyen t\u00e1rolja.<br><strong>Minim\u00e1lis eltarthat\u00f3s\u00e1gi id\u0151:<\/strong> l\u00e1sd a csomagol\u00e1st.<\/p>","protected":false},"excerpt":{"rendered":"<p>L-lyz\u00edn je esenci\u00e1lna aminokyselina, ktor\u00fa si organizmus nedok\u00e1\u017ee s\u00e1m vytvori\u0165, preto je mo\u017en\u00e9 ju prija\u0165 v\u00fdlu\u010dne prostredn\u00edctvom stravy. Medzi jej prirodzen\u00e9 zdroje patria \u010derven\u00e9 m\u00e4so, ryby, mlie\u010dne v\u00fdrobky, vajcia, s\u00f3jov\u00e9 produkty (napr. tofu, tempeh), ako aj celozrnn\u00e9 obilniny.L-lyz\u00edn sa \u010dasto pou\u017e\u00edva ako s\u00fa\u010das\u0165 vedomej doplnkovej v\u00fd\u017eivy. Zlo\u017eenie: 100 % L-lyz\u00edn Odpor\u00fa\u010dan\u00e9 d\u00e1vkovanie: Denn\u00e1 d\u00e1vka: 2 [&hellip;]<\/p>","protected":false},"featured_media":9800,"comment_status":"open","ping_status":"closed","template":"","meta":{"inline_featured_image":false},"product_brand":[112],"product_cat":[69,145,140],"product_tag":[],"class_list":{"0":"post-9237","1":"product","2":"type-product","3":"status-publish","4":"has-post-thumbnail","6":"product_brand-nordvital","7":"product_cat-vyzivove-doplnky","8":"product_cat-krasa","9":"product_cat-posilnenie-imunity","11":"first","12":"onbackorder","13":"taxable","14":"shipping-taxable","15":"purchasable","16":"product-type-simple"},"aioseo_notices":[],"_links":{"self":[{"href":"https:\/\/www.biokari.sk\/hu\/wp-json\/wp\/v2\/product\/9237","targetHints":{"allow":["GET"]}}],"collection":[{"href":"https:\/\/www.biokari.sk\/hu\/wp-json\/wp\/v2\/product"}],"about":[{"href":"https:\/\/www.biokari.sk\/hu\/wp-json\/wp\/v2\/types\/product"}],"replies":[{"embeddable":true,"href":"https:\/\/www.biokari.sk\/hu\/wp-json\/wp\/v2\/comments?post=9237"}],"wp:featuredmedia":[{"embeddable":true,"href":"https:\/\/www.biokari.sk\/hu\/wp-json\/wp\/v2\/media\/9800"}],"wp:attachment":[{"href":"https:\/\/www.biokari.sk\/hu\/wp-json\/wp\/v2\/media?parent=9237"}],"wp:term":[{"taxonomy":"product_brand","embeddable":true,"href":"https:\/\/www.biokari.sk\/hu\/wp-json\/wp\/v2\/product_brand?post=9237"},{"taxonomy":"product_cat","embeddable":true,"href":"https:\/\/www.biokari.sk\/hu\/wp-json\/wp\/v2\/product_cat?post=9237"},{"taxonomy":"product_tag","embeddable":true,"href":"https:\/\/www.biokari.sk\/hu\/wp-json\/wp\/v2\/product_tag?post=9237"}],"curies":[{"name":"wp","href":"https:\/\/api.w.org\/{rel}","templated":true}]}}