{"id":9241,"date":"2025-07-01T14:37:48","date_gmt":"2025-07-01T12:37:48","guid":{"rendered":"https:\/\/www.biokari.sk\/produkt\/nordivtal-horcik-l-laktat-prasok-200g\/"},"modified":"2026-01-27T08:41:55","modified_gmt":"2026-01-27T07:41:55","slug":"nordivtal-horcik-l-laktat-prasok-200g","status":"publish","type":"product","link":"https:\/\/www.biokari.sk\/hu\/termek\/nordivtal-horcik-l-laktat-prasok-200g\/","title":{"rendered":"Nordivtal Magn\u00e9zium L-lakt\u00e1t por 200g"},"content":{"rendered":"<p data-start=\"77\" data-end=\"309\"><strong data-start=\"77\" data-end=\"99\">Magn\u00e9zium-L-lakt\u00e1t<\/strong> je zl\u00fa\u010denina hor\u010d\u00edka a L-kyseliny mlie\u010dnej, pri\u010dom ozna\u010denie \u201eL\u201d poukazuje na prirodzen\u00fa formu lakt\u00e1tu. Tento typ hor\u010d\u00edka si \u010dasto vyberaj\u00fa t\u00ed, ktor\u00ed h\u013eadaj\u00fa \u0161etrn\u00e9 rie\u0161enie pre ka\u017edodenn\u00e9 dop\u013a\u0148anie hor\u010d\u00edka.<\/p>\n<p data-start=\"311\" data-end=\"353\"><strong data-start=\"311\" data-end=\"324\">\u00d6sszet\u00e9tel: <\/strong>100 % Magn\u00e9zium-L-lakt\u00e1t<\/p>\n<p data-start=\"355\" data-end=\"478\"><strong data-start=\"355\" data-end=\"371\">T\u00e1rol\u00e1s: <\/strong>Sz\u00e1raz, napf\u00e9nyt\u0151l v\u00e9dett helyen, szobah\u0151m\u00e9rs\u00e9kleten \u00e9s gyermekek el\u0151l elz\u00e1rva t\u00e1roland\u00f3.<\/p>\n<p data-start=\"480\" data-end=\"498\"><strong data-start=\"480\" data-end=\"496\">Figyelmeztet\u00e9s: <\/strong>Neprekra\u010dujte odpor\u00fa\u010dan\u00fa denn\u00fa d\u00e1vku! V\u00fd\u017eivov\u00fd doplnok nie je n\u00e1hradou pestrej a vyv\u00e1\u017eenej stravy a zdrav\u00e9ho \u017eivotn\u00e9ho \u0161t\u00fdlu. Neu\u017e\u00edvajte pr\u00edpravok, ak ste alergick\u00fd alebo precitliven\u00fd na ktor\u00fako\u013evek zlo\u017eku. Vyroben\u00e9 v z\u00e1vode, ktor\u00fd spracov\u00e1va ara\u0161idy, orechy a sezam.<\/p>\n<p data-start=\"784\" data-end=\"817\"><strong data-start=\"784\" data-end=\"797\">S\u00faly:<\/strong> 200 g \/ 100 d\u00e1vok<\/p>","protected":false},"excerpt":{"rendered":"<p>Magn\u00e9zium-L-lakt\u00e1t je zl\u00fa\u010denina hor\u010d\u00edka a L-kyseliny mlie\u010dnej, pri\u010dom ozna\u010denie \u201eL\u201d poukazuje na prirodzen\u00fa formu lakt\u00e1tu. Tento typ hor\u010d\u00edka si \u010dasto vyberaj\u00fa t\u00ed, ktor\u00ed h\u013eadaj\u00fa \u0161etrn\u00e9 rie\u0161enie pre ka\u017edodenn\u00e9 dop\u013a\u0148anie hor\u010d\u00edka. Zlo\u017eenie: 100 % Magn\u00e9zium-L-lakt\u00e1t Skladovanie: Uchov\u00e1vajte na suchom mieste, chr\u00e1nen\u00e9 pred slne\u010dn\u00fdm \u017eiaren\u00edm, pri izbovej teplote a mimo dosahu det\u00ed. Upozornenie: Neprekra\u010dujte odpor\u00fa\u010dan\u00fa denn\u00fa d\u00e1vku! [&hellip;]<\/p>","protected":false},"featured_media":9797,"comment_status":"open","ping_status":"closed","template":"","meta":{"inline_featured_image":false},"product_brand":[],"product_cat":[69,71],"product_tag":[],"class_list":{"0":"post-9241","1":"product","2":"type-product","3":"status-publish","4":"has-post-thumbnail","6":"product_cat-vyzivove-doplnky","7":"product_cat-potraviny","9":"first","10":"instock","11":"taxable","12":"shipping-taxable","13":"purchasable","14":"product-type-simple"},"aioseo_notices":[],"_links":{"self":[{"href":"https:\/\/www.biokari.sk\/hu\/wp-json\/wp\/v2\/product\/9241","targetHints":{"allow":["GET"]}}],"collection":[{"href":"https:\/\/www.biokari.sk\/hu\/wp-json\/wp\/v2\/product"}],"about":[{"href":"https:\/\/www.biokari.sk\/hu\/wp-json\/wp\/v2\/types\/product"}],"replies":[{"embeddable":true,"href":"https:\/\/www.biokari.sk\/hu\/wp-json\/wp\/v2\/comments?post=9241"}],"wp:featuredmedia":[{"embeddable":true,"href":"https:\/\/www.biokari.sk\/hu\/wp-json\/wp\/v2\/media\/9797"}],"wp:attachment":[{"href":"https:\/\/www.biokari.sk\/hu\/wp-json\/wp\/v2\/media?parent=9241"}],"wp:term":[{"taxonomy":"product_brand","embeddable":true,"href":"https:\/\/www.biokari.sk\/hu\/wp-json\/wp\/v2\/product_brand?post=9241"},{"taxonomy":"product_cat","embeddable":true,"href":"https:\/\/www.biokari.sk\/hu\/wp-json\/wp\/v2\/product_cat?post=9241"},{"taxonomy":"product_tag","embeddable":true,"href":"https:\/\/www.biokari.sk\/hu\/wp-json\/wp\/v2\/product_tag?post=9241"}],"curies":[{"name":"wp","href":"https:\/\/api.w.org\/{rel}","templated":true}]}}