{"id":9247,"date":"2025-07-01T14:37:49","date_gmt":"2025-07-01T12:37:49","guid":{"rendered":"https:\/\/www.biokari.sk\/produkt\/nordvital-k2d3-forte-kvapky-30ml\/"},"modified":"2026-04-13T19:01:56","modified_gmt":"2026-04-13T17:01:56","slug":"nordvital-k2d3-forte-kvapky-30ml","status":"publish","type":"product","link":"https:\/\/www.biokari.sk\/hu\/termek\/nordvital-k2d3-forte-kvapky-30ml\/","title":{"rendered":"Nordvital K2+D3 FORTE cseppek 30ml"},"content":{"rendered":"<p data-start=\"88\" data-end=\"133\">D3- \u00e9s K2-vitaminjainkat tan\u00fas\u00edtottan fenntarthat\u00f3 (RSPO, \"orangut\u00e1nbar\u00e1t\") k\u00f3kuszdi\u00f3- \u00e9s p\u00e1lmaolajb\u00f3l sz\u00e1rmaz\u00f3 MCT-olajban oldjuk fel. A K2-vitamin kiz\u00e1r\u00f3lag az MK-7 transz-izomer form\u00e1j\u00e1ban van jelen, amelyet a natto ferment\u00e1ci\u00f3val nyer\u00fcnk. Ezt a formul\u00e1t a tudatos fogyaszt\u00f3knak sz\u00e1njuk a napi \u00e9trend kieg\u00e9sz\u00edt\u00e9sek\u00e9nt.<\/p>\n<p data-start=\"88\" data-end=\"133\"><strong data-start=\"88\" data-end=\"131\">\u00d6sszet\u00e9tel (napi adagban - 15 csepp):<\/strong><\/p>\n<ul data-start=\"134\" data-end=\"399\">\n<li data-start=\"134\" data-end=\"185\">\n<p data-start=\"136\" data-end=\"185\">D3-vitamin (kolekalciferol) - 100 \u03bcg = 4000 NE<\/p>\n<\/li>\n<li data-start=\"186\" data-end=\"230\">\n<p data-start=\"188\" data-end=\"230\">K2-vitamin (menakinon-7, MK-7) - 100 \u03bcg<\/p>\n<\/li>\n<li data-start=\"231\" data-end=\"399\">\n<p data-start=\"233\" data-end=\"399\">MCT olaj (RSPO min\u0151s\u00edtett p\u00e1lma- \u00e9s k\u00f3kuszolajb\u00f3l), menakinon-7 (K2-vitamin), kolekalciferol (D3-vitamin), antioxid\u00e1ns (term\u00e9szetes kevert tokoferolok).<\/p>\n<\/li>\n<\/ul>\n<p data-start=\"401\" data-end=\"690\"><strong data-start=\"401\" data-end=\"427\">Aj\u00e1nlott adagol\u00e1s: <\/strong>Feln\u0151tteknek aj\u00e1nlott <strong data-start=\"458\" data-end=\"478\">15 csepp naponta<\/strong>, k\u00f6zvetlen\u00fcl a sz\u00e1jba csepegtetve vagy az \u00e9telhez adva. Ne csepegtesse folyad\u00e9kba! Legjobb reggel, az els\u0151 \u00e9tkez\u00e9skor bevenni. A pipetta nem \u00e9rhet a nyelvhez a sz\u00e1jba csepegtet\u00e9skor, mivel a term\u00e9k nem tartalmaz tart\u00f3s\u00edt\u00f3szert.<\/p>\n<p data-start=\"692\" data-end=\"710\"><strong data-start=\"692\" data-end=\"708\">Figyelmeztet\u00e9s: <\/strong>Sz\u00e1raz, napf\u00e9nyt\u0151l v\u00e9dett helyen, szobah\u0151m\u00e9rs\u00e9kleten \u00e9s gyermekek el\u0151l elz\u00e1rva t\u00e1roland\u00f3. Ne l\u00e9pje t\u00fal az aj\u00e1nlott napi adagot! Ez az \u00e9trend-kieg\u00e9sz\u00edt\u0151 nem helyettes\u00edti a v\u00e1ltozatos \u00e9s kiegyens\u00falyozott \u00e9trendet \u00e9s az eg\u00e9szs\u00e9ges \u00e9letm\u00f3dot. Ne szedje a term\u00e9ket, ha allergi\u00e1s vagy t\u00fal\u00e9rz\u00e9keny b\u00e1rmely \u00f6sszetev\u0151re.<\/p>\n<p data-start=\"1038\" data-end=\"1390\">","protected":false},"excerpt":{"rendered":"<p>Na\u0161e vitam\u00edny D3 a K2 s\u00fa rozpusten\u00e9 v MCT oleji poch\u00e1dzaj\u00facom z certifikovan\u00e9ho udr\u017eate\u013en\u00e9ho hospod\u00e1rstva (RSPO, \u201epriate\u013esk\u00e9 k orangutanom\u201c), z kokosu a palmy. Vitam\u00edn K2 je v\u00fdhradne vo forme MK-7 trans-izom\u00e9ru, z\u00edskan\u00fd ferment\u00e1ciou z natto. T\u00e1to formula je ur\u010den\u00e1 pre vedom\u00fdch spotrebite\u013eov ako doplnok ka\u017edodennej stravy. Zlo\u017eenie (v dennej d\u00e1vke \u2013 15 kvapiek): Vitam\u00edn D3 [&hellip;]<\/p>","protected":false},"featured_media":9790,"comment_status":"open","ping_status":"closed","template":"","meta":{"inline_featured_image":false},"product_brand":[112],"product_cat":[69,146,140,142],"product_tag":[],"class_list":{"0":"post-9247","1":"product","2":"type-product","3":"status-publish","4":"has-post-thumbnail","6":"product_brand-nordvital","7":"product_cat-vyzivove-doplnky","8":"product_cat-klby-a-reuma","9":"product_cat-posilnenie-imunity","10":"product_cat-srdcovo-cievny-system","12":"first","13":"instock","14":"taxable","15":"shipping-taxable","16":"purchasable","17":"product-type-simple"},"aioseo_notices":[],"_links":{"self":[{"href":"https:\/\/www.biokari.sk\/hu\/wp-json\/wp\/v2\/product\/9247","targetHints":{"allow":["GET"]}}],"collection":[{"href":"https:\/\/www.biokari.sk\/hu\/wp-json\/wp\/v2\/product"}],"about":[{"href":"https:\/\/www.biokari.sk\/hu\/wp-json\/wp\/v2\/types\/product"}],"replies":[{"embeddable":true,"href":"https:\/\/www.biokari.sk\/hu\/wp-json\/wp\/v2\/comments?post=9247"}],"wp:featuredmedia":[{"embeddable":true,"href":"https:\/\/www.biokari.sk\/hu\/wp-json\/wp\/v2\/media\/9790"}],"wp:attachment":[{"href":"https:\/\/www.biokari.sk\/hu\/wp-json\/wp\/v2\/media?parent=9247"}],"wp:term":[{"taxonomy":"product_brand","embeddable":true,"href":"https:\/\/www.biokari.sk\/hu\/wp-json\/wp\/v2\/product_brand?post=9247"},{"taxonomy":"product_cat","embeddable":true,"href":"https:\/\/www.biokari.sk\/hu\/wp-json\/wp\/v2\/product_cat?post=9247"},{"taxonomy":"product_tag","embeddable":true,"href":"https:\/\/www.biokari.sk\/hu\/wp-json\/wp\/v2\/product_tag?post=9247"}],"curies":[{"name":"wp","href":"https:\/\/api.w.org\/{rel}","templated":true}]}}