{"id":9251,"date":"2025-07-01T14:37:50","date_gmt":"2025-07-01T12:37:50","guid":{"rendered":"https:\/\/www.biokari.sk\/produkt\/nordvital-kapsuly-na-chudnutie-60ks\/"},"modified":"2026-04-27T19:02:10","modified_gmt":"2026-04-27T17:02:10","slug":"nordvital-kapsuly-na-chudnutie-60ks","status":"publish","type":"product","link":"https:\/\/www.biokari.sk\/hu\/termek\/nordvital-karcsusito-kapszula-60db\/","title":{"rendered":"Nordvital karcs\u00fas\u00edt\u00f3 kapszula 60db"},"content":{"rendered":"<p data-start=\"40\" data-end=\"431\">Ez a k\u00e9sz\u00edtm\u00e9ny kr\u00f3mot, valamint gy\u00f6mb\u00e9rt, fekete borsot, pitypangot, indiai harpophyta, garcinia cambogia \u00e9s cayenne borsot tartalmaz. Ezeket az \u00f6sszetev\u0151ket gyakran haszn\u00e1lj\u00e1k t\u00e1pl\u00e1l\u00e9kkieg\u00e9sz\u00edt\u0151kben a kiegyens\u00falyozott \u00e9trend \u00e9s \u00e9letm\u00f3d t\u00e1mogat\u00e1s\u00e1ra. A kr\u00f3m egy alapvet\u0151 fontoss\u00e1g\u00fa nyomelem, amely szerepet j\u00e1tszhat a szervezet anyagcsere-folyamataiban. A n\u00f6v\u00e9nyi kivonatok hagyom\u00e1nyos haszn\u00e1latb\u00f3l ismertek.<\/p>\n<p data-start=\"433\" data-end=\"462\"><strong data-start=\"433\" data-end=\"460\">\u00d6sszetev\u0151k (1 kapszul\u00e1ban):<\/strong><\/p>\n<ul data-start=\"463\" data-end=\"1047\">\n<li data-start=\"463\" data-end=\"522\">\n<p data-start=\"465\" data-end=\"522\">Kr\u00f3m (szervesen k\u00f6t\u00f6tt kr\u00f3m-pikolin\u00e1tb\u00f3l) - 200 \u00b5g<\/p>\n<\/li>\n<li data-start=\"523\" data-end=\"623\">\n<p data-start=\"525\" data-end=\"623\">Indiai csal\u00e1n (Coleus forskohlii) kivonat (4:1, ami 800 mg indiai csal\u00e1nnak felel meg) - 200 mg<\/p>\n<\/li>\n<li data-start=\"624\" data-end=\"706\">\n<p data-start=\"626\" data-end=\"706\">Garcinia cambogia kivonat (4:1, egyen\u00e9rt\u00e9k\u0171 800 mg Garcinia cambogia-val) - 200 mg<\/p>\n<\/li>\n<li data-start=\"707\" data-end=\"812\">\n<p data-start=\"709\" data-end=\"812\">Cayenne-bors kivonat (Capsicum annuum L.) (4:1, 600 mg cayenne-borsnak megfelel\u0151) - 150 mg<\/p>\n<\/li>\n<li data-start=\"813\" data-end=\"882\">\n<p data-start=\"815\" data-end=\"882\">Gyermekl\u00e1ncf\u0171 - lev\u00e9lpor (Taraxacum officinale) - 150 mg<\/p>\n<\/li>\n<li data-start=\"883\" data-end=\"967\">\n<p data-start=\"885\" data-end=\"967\">Gy\u00f6mb\u00e9rkivonat (Zingiber officinale) (4:1, ami 200 mg gy\u00f6mb\u00e9rnek felel meg) - 50 mg<\/p>\n<\/li>\n<li data-start=\"968\" data-end=\"1047\">\n<p data-start=\"970\" data-end=\"1047\">BioPerine\u00ae (Piper nigrum kivonat, 95 % piperin) - 1 mg<\/p>\n<\/li>\n<\/ul>\n<p data-start=\"1049\" data-end=\"1373\"><strong data-start=\"1049\" data-end=\"1070\">Kapszula \u00f6sszet\u00e9tele:<\/strong> Indiai csal\u00e1ngy\u00f6k\u00e9r kivonat, Garcinia cambogia gy\u00fcm\u00f6lcskivonat, cayenne bors gy\u00fcm\u00f6lcskivonat, pitypang lev\u00e9lpor, hidroxipropil-metilcellul\u00f3z (veg\u00e1n kapszula), gy\u00f6mb\u00e9rgy\u00f6k\u00e9r kivonat, csom\u00f3sod\u00e1sg\u00e1tl\u00f3: leucin, kr\u00f3m-pikolin\u00e1t, BioPerine\u00ae (fekete bors gy\u00fcm\u00f6lcskivonat).<\/p>\n<p data-start=\"1375\" data-end=\"1420\"><strong data-start=\"1375\" data-end=\"1401\">Aj\u00e1nlott adagol\u00e1s:<\/strong> Napi 1 kapszula.<\/p>\n<p data-start=\"1422\" data-end=\"1703\"><strong data-start=\"1422\" data-end=\"1438\">Figyelmeztet\u00e9s: <\/strong>Sz\u00e1raz, napf\u00e9nyt\u0151l v\u00e9dett helyen, szobah\u0151m\u00e9rs\u00e9kleten \u00e9s gyermekek el\u0151l elz\u00e1rva t\u00e1roland\u00f3.<br data-start=\"1543\" data-end=\"1546\" \/>Gyermekek el\u0151l elz\u00e1rva tartand\u00f3! Ne l\u00e9pje t\u00fal az aj\u00e1nlott napi adagot! Az \u00e9trend-kieg\u00e9sz\u00edt\u0151 nem helyettes\u00edti a v\u00e1ltozatos \u00e9s kiegyens\u00falyozott \u00e9trendet \u00e9s az eg\u00e9szs\u00e9ges \u00e9letm\u00f3dot.<\/p>\n\n\n<p><strong>Mennyis\u00e9g:<\/strong> 60db<\/p>\n\n\n\n<p><\/p>","protected":false},"excerpt":{"rendered":"<p>Tento pr\u00edpravok obsahuje chr\u00f3m, ako aj z\u00e1zvor, \u010dierne korenie, p\u00fapavu lek\u00e1rsku, indick\u00fa harpof\u00fdtu, garc\u00edniu kambod\u017esk\u00fa a kajensk\u00e9 korenie. Tieto zlo\u017eky sa \u010dasto pou\u017e\u00edvaj\u00fa v doplnkoch v\u00fd\u017eivy, ktor\u00e9 podporuj\u00fa vyv\u00e1\u017een\u00fa stravu a \u017eivotn\u00fd \u0161t\u00fdl. Chr\u00f3m je esenci\u00e1lny stopov\u00fd prvok, ktor\u00fd m\u00f4\u017ee zohr\u00e1va\u0165 \u00falohu v metabolick\u00fdch procesoch organizmu. Rastlinn\u00e9 extrakty s\u00fa zn\u00e1me z tradi\u010dn\u00e9ho pou\u017e\u00edvania. Zlo\u017eenie (v [&hellip;]<\/p>","protected":false},"featured_media":9785,"comment_status":"open","ping_status":"closed","template":"","meta":{"inline_featured_image":false},"product_brand":[112],"product_cat":[69,141,143],"product_tag":[],"class_list":{"0":"post-9251","1":"product","2":"type-product","3":"status-publish","4":"has-post-thumbnail","6":"product_brand-nordvital","7":"product_cat-vyzivove-doplnky","8":"product_cat-chudnutie","9":"product_cat-zaludok-a-crevna-cinnost","11":"first","12":"onbackorder","13":"taxable","14":"shipping-taxable","15":"purchasable","16":"product-type-simple"},"aioseo_notices":[],"_links":{"self":[{"href":"https:\/\/www.biokari.sk\/hu\/wp-json\/wp\/v2\/product\/9251","targetHints":{"allow":["GET"]}}],"collection":[{"href":"https:\/\/www.biokari.sk\/hu\/wp-json\/wp\/v2\/product"}],"about":[{"href":"https:\/\/www.biokari.sk\/hu\/wp-json\/wp\/v2\/types\/product"}],"replies":[{"embeddable":true,"href":"https:\/\/www.biokari.sk\/hu\/wp-json\/wp\/v2\/comments?post=9251"}],"wp:featuredmedia":[{"embeddable":true,"href":"https:\/\/www.biokari.sk\/hu\/wp-json\/wp\/v2\/media\/9785"}],"wp:attachment":[{"href":"https:\/\/www.biokari.sk\/hu\/wp-json\/wp\/v2\/media?parent=9251"}],"wp:term":[{"taxonomy":"product_brand","embeddable":true,"href":"https:\/\/www.biokari.sk\/hu\/wp-json\/wp\/v2\/product_brand?post=9251"},{"taxonomy":"product_cat","embeddable":true,"href":"https:\/\/www.biokari.sk\/hu\/wp-json\/wp\/v2\/product_cat?post=9251"},{"taxonomy":"product_tag","embeddable":true,"href":"https:\/\/www.biokari.sk\/hu\/wp-json\/wp\/v2\/product_tag?post=9251"}],"curies":[{"name":"wp","href":"https:\/\/api.w.org\/{rel}","templated":true}]}}