{"id":9253,"date":"2025-07-01T14:37:50","date_gmt":"2025-07-01T12:37:50","guid":{"rendered":"https:\/\/www.biokari.sk\/produkt\/nordvital-kapsuly-na-klby-60ks\/"},"modified":"2026-04-30T19:01:25","modified_gmt":"2026-04-30T17:01:25","slug":"nordvital-kapsuly-na-klby-60ks","status":"publish","type":"product","link":"https:\/\/www.biokari.sk\/hu\/termek\/nordvital-kapszula-60db\/","title":{"rendered":"Nordvital kapszula k\u00e1romkod\u00e1sra 60db"},"content":{"rendered":"<p data-start=\"98\" data-end=\"582\"><strong data-start=\"98\" data-end=\"165\">T\u00e1pl\u00e1l\u00e9kkieg\u00e9sz\u00edt\u0151 kapszula form\u00e1j\u00e1ban - komplex az \u00edz\u00fcletek \u00e9s a porcok sz\u00e1m\u00e1ra<\/strong> kiv\u00e1lasztott n\u00f6v\u00e9nyi kivonatokkal \u00e9s mikrot\u00e1panyagokkal.<br data-start=\"218\" data-end=\"221\" \/>A megfogalmaz\u00e1sban szerepel <strong data-start=\"247\" data-end=\"261\">Boswellin\u00ae<\/strong>, <strong data-start=\"263\" data-end=\"274\">Kurkuma<\/strong>, <strong data-start=\"276\" data-end=\"294\">fekete bors<\/strong>, valamint <strong data-start=\"303\" data-end=\"316\">C-vitamin<\/strong> a <strong data-start=\"319\" data-end=\"329\">Mang\u00e1n<\/strong>.<br data-start=\"330\" data-end=\"333\" \/>A C-vitamin \u00e9s a mang\u00e1n fontos mikrot\u00e1panyagok a szervezet sz\u00e1m\u00e1ra, m\u00edg a kurkuma \u00e9s a Boswellin\u00ae hagyom\u00e1nyosan a fokozott fizikai aktivit\u00e1ssal j\u00e1r\u00f3 id\u0151szakokhoz kapcsol\u00f3dik. A kapszul\u00e1k j\u00f3l alkalmazhat\u00f3k a v\u00e1ltozatos \u00e9s kiegyens\u00falyozott \u00e9trend kieg\u00e9sz\u00edt\u00e9s\u00e9re, akt\u00edv \u00e9letm\u00f3d mellett is.<\/p>\n<p data-start=\"589\" data-end=\"633\"><strong data-start=\"589\" data-end=\"631\">\u00d6sszetev\u0151k (napi adagban - 2 kapszula):<\/strong><\/p>\n<ul data-start=\"634\" data-end=\"1048\">\n<li data-start=\"634\" data-end=\"656\">\n<p data-start=\"636\" data-end=\"656\">C-vitamin - 100 mg<\/p>\n<\/li>\n<li data-start=\"657\" data-end=\"674\">\n<p data-start=\"659\" data-end=\"674\">Mang\u00e1n - 3 mg<\/p>\n<\/li>\n<li data-start=\"675\" data-end=\"709\">\n<p data-start=\"677\" data-end=\"709\">ESM\u00ae Toj\u00e1smembr\u00e1n - 500 mg<\/p>\n<\/li>\n<li data-start=\"710\" data-end=\"741\">\n<p data-start=\"712\" data-end=\"741\">Kondroitin-szulf\u00e1t - 400 mg<\/p>\n<\/li>\n<li data-start=\"742\" data-end=\"779\">\n<p data-start=\"744\" data-end=\"779\">Metilszulfonil-met\u00e1n (MSM) - 200 mg<\/p>\n<\/li>\n<li data-start=\"780\" data-end=\"861\">\n<p data-start=\"782\" data-end=\"861\">Frankincense kivonat (Boswellia serrata, 65 % boswelinsav) - 100 mg<\/p>\n<\/li>\n<li data-start=\"862\" data-end=\"913\">\n<p data-start=\"864\" data-end=\"913\">Kurkuma kivonat (95 % kurkuminoid) - 100 mg<\/p>\n<\/li>\n<li data-start=\"914\" data-end=\"970\">\n<p data-start=\"916\" data-end=\"970\">Magn\u00e9zium (magn\u00e9zium-biszglicin\u00e1tb\u00f3l, 10 % Mg) - 50 mg<\/p>\n<\/li>\n<li data-start=\"971\" data-end=\"1048\">\n<p data-start=\"973\" data-end=\"1048\">BioPerine\u00ae (fekete bors kivonat [Piper nigrum], 95 % piperin) - 3 mg<\/p>\n<\/li>\n<\/ul>\n<p data-start=\"1055\" data-end=\"1369\"><strong data-start=\"1055\" data-end=\"1076\">Kapszula \u00f6sszet\u00e9tele: <\/strong>ESM\u00ae toj\u00e1sh\u00e1rtyapor, kondroitin-szulf\u00e1t, hidroxipropil-metilcellul\u00f3z (veg\u00e1n kapszula), metilszulfonil-met\u00e1n, magn\u00e9zium-L-aszkorb\u00e1t, t\u00f6mj\u00e9nkivonat, kurkuma gy\u00f6k\u00e9rkivonat, csom\u00f3sod\u00e1sg\u00e1tl\u00f3: leucin, mang\u00e1n-biszglicin\u00e1t, BioPerine\u00ae (fekete bors kivonat).<\/p>\n<p data-start=\"1376\" data-end=\"1437\"><strong data-start=\"1376\" data-end=\"1402\">Aj\u00e1nlott adagol\u00e1s: <\/strong>Napi 2 kapszula \u00e9tkez\u00e9s k\u00f6zben.<\/p>\n<p data-start=\"1439\" data-end=\"1576\"><strong data-start=\"1439\" data-end=\"1455\">T\u00e1rol\u00e1s: <\/strong>Sz\u00e1raz helyen, k\u00f6zvetlen napf\u00e9nyt\u0151l v\u00e9dve, szobah\u0151m\u00e9rs\u00e9kleten t\u00e1rolja. Gyermekek el\u0151l elz\u00e1rva tartand\u00f3.<\/p>\n<p data-start=\"1583\" data-end=\"1796\"><strong data-start=\"1583\" data-end=\"1599\">Figyelmeztet\u00e9s: <\/strong>A t\u00e1pl\u00e1l\u00e9kkieg\u00e9sz\u00edt\u0151 nem helyettes\u00edti a v\u00e1ltozatos, kiegyens\u00falyozott \u00e9s eg\u00e9szs\u00e9ges \u00e9trendet. Ne l\u00e9pje t\u00fal az aj\u00e1nlott napi adagot!<br data-start=\"1709\" data-end=\"1712\" \/>Ne szedje a term\u00e9ket, ha allergi\u00e1s vagy t\u00fal\u00e9rz\u00e9keny az \u00f6sszetev\u0151k b\u00e1rmelyik\u00e9re.<\/p>\n<p data-start=\"1583\" data-end=\"1796\"><strong>Mennyis\u00e9g:\u00a0<\/strong>60db<\/p>","protected":false},"excerpt":{"rendered":"<p>V\u00fd\u017eivov\u00fd doplnok vo forme kaps\u00fal \u2013 komplex pre k\u013aby a chrupavky s vybran\u00fdmi rastlinn\u00fdmi extraktmi a mikronutrientmi.Vo formul\u00e1cii sa nach\u00e1dza Boswellin\u00ae, kurkuma, \u010dierne korenie, ako aj vitam\u00edn C a mang\u00e1n.Vitam\u00edn C a mang\u00e1n s\u00fa d\u00f4le\u017eit\u00e9 mikronutrienty pre organizmus, zatia\u013e \u010do kurkuma a Boswellin\u00ae sa tradi\u010dne sp\u00e1jali s obdob\u00edm zv\u00fd\u0161enej fyzickej aktivity. Kapsuly sa v\u00fdborne hodia [&hellip;]<\/p>","protected":false},"featured_media":9784,"comment_status":"open","ping_status":"closed","template":"","meta":{"inline_featured_image":false},"product_brand":[112],"product_cat":[69,146],"product_tag":[],"class_list":{"0":"post-9253","1":"product","2":"type-product","3":"status-publish","4":"has-post-thumbnail","6":"product_brand-nordvital","7":"product_cat-vyzivove-doplnky","8":"product_cat-klby-a-reuma","10":"first","11":"instock","12":"taxable","13":"shipping-taxable","14":"purchasable","15":"product-type-simple"},"aioseo_notices":[],"_links":{"self":[{"href":"https:\/\/www.biokari.sk\/hu\/wp-json\/wp\/v2\/product\/9253","targetHints":{"allow":["GET"]}}],"collection":[{"href":"https:\/\/www.biokari.sk\/hu\/wp-json\/wp\/v2\/product"}],"about":[{"href":"https:\/\/www.biokari.sk\/hu\/wp-json\/wp\/v2\/types\/product"}],"replies":[{"embeddable":true,"href":"https:\/\/www.biokari.sk\/hu\/wp-json\/wp\/v2\/comments?post=9253"}],"wp:featuredmedia":[{"embeddable":true,"href":"https:\/\/www.biokari.sk\/hu\/wp-json\/wp\/v2\/media\/9784"}],"wp:attachment":[{"href":"https:\/\/www.biokari.sk\/hu\/wp-json\/wp\/v2\/media?parent=9253"}],"wp:term":[{"taxonomy":"product_brand","embeddable":true,"href":"https:\/\/www.biokari.sk\/hu\/wp-json\/wp\/v2\/product_brand?post=9253"},{"taxonomy":"product_cat","embeddable":true,"href":"https:\/\/www.biokari.sk\/hu\/wp-json\/wp\/v2\/product_cat?post=9253"},{"taxonomy":"product_tag","embeddable":true,"href":"https:\/\/www.biokari.sk\/hu\/wp-json\/wp\/v2\/product_tag?post=9253"}],"curies":[{"name":"wp","href":"https:\/\/api.w.org\/{rel}","templated":true}]}}