{"id":9262,"date":"2025-07-01T14:37:52","date_gmt":"2025-07-01T12:37:52","guid":{"rendered":"https:\/\/www.biokari.sk\/produkt\/nordvital-cajova-zmes-na-reflux-90g\/"},"modified":"2026-01-27T08:41:55","modified_gmt":"2026-01-27T07:41:55","slug":"nordvital-cajova-zmes-na-reflux-90g","status":"publish","type":"product","link":"https:\/\/www.biokari.sk\/hu\/termek\/nordvital-cajova-zmes-na-reflux-90g\/","title":{"rendered":"Nordvital Reflux teakever\u00e9k 90g"},"content":{"rendered":"<p data-start=\"32\" data-end=\"300\">T\u00e1ta \u010dajov\u00e1 zmes obsahuje necht\u00edk, fenikel, m\u00e4tu pieporn\u00fa a an\u00edz \u2013 bylinky, ktor\u00e9 sa v tradi\u010dnom pou\u017e\u00edvan\u00ed \u010dasto vyu\u017e\u00edvali v s\u00favislosti s tr\u00e1ven\u00edm. V\u010faka pr\u00edjemnej, harmonickej chuti je ide\u00e1lnou vo\u013ebou pre t\u00fdch, ktor\u00ed chc\u00fa svoj jed\u00e1lni\u010dek obohati\u0165 o pr\u00edrodn\u00e9 zlo\u017eky.<\/p>\n<p data-start=\"302\" data-end=\"565\"><strong data-start=\"302\" data-end=\"315\">\u00d6sszet\u00e9tel: <\/strong>M\u00e4ta pieporn\u00e1 \u2013 list (Menthae piperitae folium), Harman\u010dek prav\u00fd \u2013 kvet (Matricariae flos \/ Chamomillae anthodium), Medovka lek\u00e1rska \u2013 list (Melissae folium), Pamajor\u00e1n oby\u010dajn\u00fd \u2013 v\u0148a\u0165 (Origani vulgaris herba), Rasca l\u00fa\u010dna \u2013 plod (Carvi fructus)<\/p>\n<p data-start=\"567\" data-end=\"727\"><strong data-start=\"567\" data-end=\"589\">Haszn\u00e1lati utas\u00edt\u00e1s: <\/strong>2 \u010dajov\u00e9 ly\u017ei\u010dky zmesi zalia\u0165 2,5 dl vriacej vody, prikry\u0165 a necha\u0165 l\u00fahova\u0165 10 min\u00fat. Odpor\u00fa\u010dan\u00e1 denn\u00e1 d\u00e1vka: 2\u20133 \u0161\u00e1lky, pred jedlom.<\/p>\n<p data-start=\"729\" data-end=\"826\"><strong data-start=\"729\" data-end=\"749\">Ellenjavallatok: <\/strong>Kr\u00ed\u017eov\u00e1 alergia na rastliny z \u010de\u013eade astrovit\u00fdch, tehotenstvo, doj\u010denie.<\/p>\n<p data-start=\"828\" data-end=\"1176\">NORDVITAL Gastro-Plus \u010dajov\u00e1 zmes je potravinov\u00fd v\u00fdrobok, jej u\u017e\u00edvanie nenahr\u00e1dza potrebn\u00fa lek\u00e1rsku lie\u010dbu! V pr\u00edpade precitlivenosti na ktor\u00fako\u013evek zlo\u017eku \u010dajovej zmesi sa jej konzum\u00e1cia neodpor\u00fa\u010da. Ak pravidelne u\u017e\u00edvate lieky alebo sa nach\u00e1dzate v dlhodobej lek\u00e1rskej starostlivosti, pora\u010fte sa pred pou\u017eit\u00edm so svoj\u00edm lek\u00e1rom alebo lek\u00e1rnikom.<\/p>\n\n\n<p><strong>S\u00faly:<\/strong> 90g<br>Sz\u00e1raz helyen t\u00e1rolja.<br><strong>Minim\u00e1lis eltarthat\u00f3s\u00e1gi id\u0151:<\/strong> l\u00e1sd a csomagol\u00e1st.<\/p>","protected":false},"excerpt":{"rendered":"<p>T\u00e1ta \u010dajov\u00e1 zmes obsahuje necht\u00edk, fenikel, m\u00e4tu pieporn\u00fa a an\u00edz \u2013 bylinky, ktor\u00e9 sa v tradi\u010dnom pou\u017e\u00edvan\u00ed \u010dasto vyu\u017e\u00edvali v s\u00favislosti s tr\u00e1ven\u00edm. V\u010faka pr\u00edjemnej, harmonickej chuti je ide\u00e1lnou vo\u013ebou pre t\u00fdch, ktor\u00ed chc\u00fa svoj jed\u00e1lni\u010dek obohati\u0165 o pr\u00edrodn\u00e9 zlo\u017eky. Zlo\u017eenie: M\u00e4ta pieporn\u00e1 \u2013 list (Menthae piperitae folium), Harman\u010dek prav\u00fd \u2013 kvet (Matricariae flos \/ [&hellip;]<\/p>","protected":false},"featured_media":9775,"comment_status":"open","ping_status":"closed","template":"","meta":{"inline_featured_image":false},"product_brand":[112],"product_cat":[148,152],"product_tag":[310],"class_list":{"0":"post-9262","1":"product","2":"type-product","3":"status-publish","4":"has-post-thumbnail","6":"product_brand-nordvital","7":"product_cat-liecive-rastliny","8":"product_cat-zaludok-a-crevna-cinnost-liecive-rastliny","9":"product_tag-top-liecive-rastliny","11":"first","12":"onbackorder","13":"taxable","14":"shipping-taxable","15":"purchasable","16":"product-type-simple"},"aioseo_notices":[],"_links":{"self":[{"href":"https:\/\/www.biokari.sk\/hu\/wp-json\/wp\/v2\/product\/9262","targetHints":{"allow":["GET"]}}],"collection":[{"href":"https:\/\/www.biokari.sk\/hu\/wp-json\/wp\/v2\/product"}],"about":[{"href":"https:\/\/www.biokari.sk\/hu\/wp-json\/wp\/v2\/types\/product"}],"replies":[{"embeddable":true,"href":"https:\/\/www.biokari.sk\/hu\/wp-json\/wp\/v2\/comments?post=9262"}],"wp:featuredmedia":[{"embeddable":true,"href":"https:\/\/www.biokari.sk\/hu\/wp-json\/wp\/v2\/media\/9775"}],"wp:attachment":[{"href":"https:\/\/www.biokari.sk\/hu\/wp-json\/wp\/v2\/media?parent=9262"}],"wp:term":[{"taxonomy":"product_brand","embeddable":true,"href":"https:\/\/www.biokari.sk\/hu\/wp-json\/wp\/v2\/product_brand?post=9262"},{"taxonomy":"product_cat","embeddable":true,"href":"https:\/\/www.biokari.sk\/hu\/wp-json\/wp\/v2\/product_cat?post=9262"},{"taxonomy":"product_tag","embeddable":true,"href":"https:\/\/www.biokari.sk\/hu\/wp-json\/wp\/v2\/product_tag?post=9262"}],"curies":[{"name":"wp","href":"https:\/\/api.w.org\/{rel}","templated":true}]}}