{"id":9264,"date":"2025-07-01T14:37:52","date_gmt":"2025-07-01T12:37:52","guid":{"rendered":"https:\/\/www.biokari.sk\/produkt\/nordvital-cajova-zmes-na-klimax-90g\/"},"modified":"2026-01-27T08:41:55","modified_gmt":"2026-01-27T07:41:55","slug":"nordvital-cajova-zmes-na-klimax-90g","status":"publish","type":"product","link":"https:\/\/www.biokari.sk\/hu\/termek\/nordvital-teakeverek-a-klimaxra-90g\/","title":{"rendered":"Nordvital teakever\u00e9k a klimaxra 90g"},"content":{"rendered":"<p data-start=\"32\" data-end=\"268\">T\u00e1to ve\u010dern\u00e1 \u010dajov\u00e1 zmes obsahuje bylinky ako \u0161\u00edpka a \u010fatelina l\u00fa\u010dna, ktor\u00e9 sa pri tradi\u010dnom pou\u017e\u00edvan\u00ed \u010dasto vyu\u017e\u00edvali v obdob\u00ed klimakt\u00e9ria. Jemn\u00e1 chu\u0165 m\u00f4\u017ee navodi\u0165 pokojn\u00fa atmosf\u00e9ru ve\u010dern\u00fdch hod\u00edn a pom\u00f4c\u0165 pri uvo\u013enen\u00ed po dlhom dni.<\/p>\n<p data-start=\"270\" data-end=\"505\"><strong data-start=\"270\" data-end=\"283\">\u00d6sszet\u00e9tel: <\/strong>\u010eatelina l\u00fa\u010dna \u2013 kvet (Trifolii pratensis flos), Yzop lek\u00e1rsky \u2013 v\u0148a\u0165 (Hyssopi herba), Medovka lek\u00e1rska \u2013 list (Melissae folium), \u0160alvia lek\u00e1rska \u2013 list (Salviae folium), \u0160\u00edpka \u2013 plod (Rosae \/ Cynosbati pseudofructus)<\/p>\n<p data-start=\"507\" data-end=\"688\"><strong data-start=\"507\" data-end=\"529\">Haszn\u00e1lati utas\u00edt\u00e1s: <\/strong>2 \u010dajov\u00e9 ly\u017ei\u010dky zmesi zalia\u0165 2,5 dl vriacej vody, prikry\u0165 a necha\u0165 l\u00fahova\u0165 15 min\u00fat. Odpor\u00fa\u010dan\u00e1 denn\u00e1 d\u00e1vka: 2\u20133 \u0161\u00e1lky, maxim\u00e1lne 6 t\u00fd\u017ed\u0148ov v r\u00e1mci k\u00fary.<\/p>\n<p data-start=\"690\" data-end=\"843\"><strong data-start=\"690\" data-end=\"710\">Ellenjavallatok: <\/strong>Tehotenstvo, doj\u010denie, hormon\u00e1lne citliv\u00e9 stavy (napr. estrog\u00e9n-dependentn\u00fd n\u00e1dor prsn\u00edka, maternice, vaje\u010dn\u00edkov, endometri\u00f3za).<\/p>\n<p data-start=\"845\" data-end=\"1205\">NORDVITAL \u010dajov\u00e1 zmes pre obdobie klimakt\u00e9ria je potravinov\u00fd v\u00fdrobok, jej u\u017e\u00edvanie nenahr\u00e1dza potrebn\u00fa lek\u00e1rsku lie\u010dbu! V pr\u00edpade precitlivenosti na ktor\u00fako\u013evek zlo\u017eku \u010dajovej zmesi sa jej konzum\u00e1cia neodpor\u00fa\u010da. Ak pravidelne u\u017e\u00edvate lieky alebo sa nach\u00e1dzate v dlhodobej lek\u00e1rskej starostlivosti, pora\u010fte sa pred pou\u017eit\u00edm so svoj\u00edm lek\u00e1rom alebo lek\u00e1rnikom.<\/p>\n<p data-start=\"845\" data-end=\"1205\"><strong>S\u00faly:<\/strong> 90g<br \/>\nSz\u00e1raz helyen t\u00e1rolja.<br \/>\n<strong>Minim\u00e1lis eltarthat\u00f3s\u00e1gi id\u0151:<\/strong> l\u00e1sd a csomagol\u00e1st.<\/p>","protected":false},"excerpt":{"rendered":"<p>T\u00e1to ve\u010dern\u00e1 \u010dajov\u00e1 zmes obsahuje bylinky ako \u0161\u00edpka a \u010fatelina l\u00fa\u010dna, ktor\u00e9 sa pri tradi\u010dnom pou\u017e\u00edvan\u00ed \u010dasto vyu\u017e\u00edvali v obdob\u00ed klimakt\u00e9ria. Jemn\u00e1 chu\u0165 m\u00f4\u017ee navodi\u0165 pokojn\u00fa atmosf\u00e9ru ve\u010dern\u00fdch hod\u00edn a pom\u00f4c\u0165 pri uvo\u013enen\u00ed po dlhom dni. Zlo\u017eenie: \u010eatelina l\u00fa\u010dna \u2013 kvet (Trifolii pratensis flos), Yzop lek\u00e1rsky \u2013 v\u0148a\u0165 (Hyssopi herba), Medovka lek\u00e1rska \u2013 list (Melissae [&hellip;]<\/p>","protected":false},"featured_media":9773,"comment_status":"open","ping_status":"closed","template":"","meta":{"inline_featured_image":false},"product_brand":[112],"product_cat":[69],"product_tag":[],"class_list":{"0":"post-9264","1":"product","2":"type-product","3":"status-publish","4":"has-post-thumbnail","6":"product_brand-nordvital","7":"product_cat-vyzivove-doplnky","9":"first","10":"onbackorder","11":"taxable","12":"shipping-taxable","13":"purchasable","14":"product-type-simple"},"aioseo_notices":[],"_links":{"self":[{"href":"https:\/\/www.biokari.sk\/hu\/wp-json\/wp\/v2\/product\/9264","targetHints":{"allow":["GET"]}}],"collection":[{"href":"https:\/\/www.biokari.sk\/hu\/wp-json\/wp\/v2\/product"}],"about":[{"href":"https:\/\/www.biokari.sk\/hu\/wp-json\/wp\/v2\/types\/product"}],"replies":[{"embeddable":true,"href":"https:\/\/www.biokari.sk\/hu\/wp-json\/wp\/v2\/comments?post=9264"}],"wp:featuredmedia":[{"embeddable":true,"href":"https:\/\/www.biokari.sk\/hu\/wp-json\/wp\/v2\/media\/9773"}],"wp:attachment":[{"href":"https:\/\/www.biokari.sk\/hu\/wp-json\/wp\/v2\/media?parent=9264"}],"wp:term":[{"taxonomy":"product_brand","embeddable":true,"href":"https:\/\/www.biokari.sk\/hu\/wp-json\/wp\/v2\/product_brand?post=9264"},{"taxonomy":"product_cat","embeddable":true,"href":"https:\/\/www.biokari.sk\/hu\/wp-json\/wp\/v2\/product_cat?post=9264"},{"taxonomy":"product_tag","embeddable":true,"href":"https:\/\/www.biokari.sk\/hu\/wp-json\/wp\/v2\/product_tag?post=9264"}],"curies":[{"name":"wp","href":"https:\/\/api.w.org\/{rel}","templated":true}]}}