{"id":9266,"date":"2025-07-01T14:37:52","date_gmt":"2025-07-01T12:37:52","guid":{"rendered":"https:\/\/www.biokari.sk\/produkt\/nordvital-cajova-zmes-na-hrdlo-90g\/"},"modified":"2026-01-27T08:41:55","modified_gmt":"2026-01-27T07:41:55","slug":"nordvital-cajova-zmes-na-hrdlo-90g","status":"publish","type":"product","link":"https:\/\/www.biokari.sk\/hu\/termek\/nordvital-cajova-zmes-na-hrdlo-90g\/","title":{"rendered":"Nordvital toroktea kever\u00e9k 90g"},"content":{"rendered":"<p data-start=\"32\" data-end=\"301\">T\u00e1to \u010dajov\u00e1 zmes obsahuje bylinky ako tymi\u00e1n a lipov\u00fd kvet, ktor\u00e9 sa v \u013eudovom lie\u010dite\u013estve tradi\u010dne pou\u017e\u00edvali na podporu komfortu d\u00fdchac\u00edch ciest, najm\u00e4 v chladnej\u0161\u00edch mesiacoch. V\u010faka pr\u00edjemnej chuti sa m\u00f4\u017ee sta\u0165 s\u00fa\u010das\u0165ou dennej rutiny ako tepl\u00fd, upokojuj\u00faci n\u00e1poj.<\/p>\n<p data-start=\"303\" data-end=\"470\"><strong data-start=\"303\" data-end=\"316\">\u00d6sszet\u00e9tel: <\/strong>Lipov\u00fd kvet (Tiliae flos), Tymi\u00e1n (Thymi herba), Kvet divozela (Verbasci flos), Jabl\u010dn\u00edk oby\u010dajn\u00fd (Marrubii herba), Baza \u010dierna \u2013 kvet (Sambuci flos)<\/p>\n<p data-start=\"472\" data-end=\"629\"><strong data-start=\"472\" data-end=\"494\">Haszn\u00e1lati utas\u00edt\u00e1s: <\/strong>2 \u010dajov\u00e9 ly\u017ei\u010dky zmesi zalia\u0165 2,5 dl vriacej vody, prikry\u0165 a necha\u0165 l\u00fahova\u0165 15 min\u00fat. Odpor\u00fa\u010dan\u00e1 denn\u00e1 d\u00e1vka: 2\u20133 \u0161\u00e1lky po\u010das d\u0148a.<\/p>\n<p data-start=\"631\" data-end=\"678\"><strong data-start=\"631\" data-end=\"651\">Ellenjavallatok: <\/strong>Tehotenstvo, doj\u010denie.<\/p>\n<p data-start=\"680\" data-end=\"1030\">NORDVITAL hlienolytick\u00e1 \u010dajov\u00e1 zmes je potravinov\u00fd v\u00fdrobok, jej u\u017e\u00edvanie nenahr\u00e1dza potrebn\u00fa lek\u00e1rsku lie\u010dbu! V pr\u00edpade precitlivenosti na ktor\u00fako\u013evek zlo\u017eku \u010dajovej zmesi sa jej konzum\u00e1cia neodpor\u00fa\u010da. Ak pravidelne u\u017e\u00edvate lieky alebo sa nach\u00e1dzate v dlhodobej lek\u00e1rskej starostlivosti, pora\u010fte sa pred pou\u017eit\u00edm so svoj\u00edm lek\u00e1rom alebo lek\u00e1rnikom.<\/p>\n\n\n<p><strong>S\u00faly:<\/strong> 80g<br>Sz\u00e1raz helyen t\u00e1rolja.<br><strong>Minim\u00e1lis eltarthat\u00f3s\u00e1gi id\u0151:<\/strong> l\u00e1sd a csomagol\u00e1st.<\/p>","protected":false},"excerpt":{"rendered":"<p>T\u00e1to \u010dajov\u00e1 zmes obsahuje bylinky ako tymi\u00e1n a lipov\u00fd kvet, ktor\u00e9 sa v \u013eudovom lie\u010dite\u013estve tradi\u010dne pou\u017e\u00edvali na podporu komfortu d\u00fdchac\u00edch ciest, najm\u00e4 v chladnej\u0161\u00edch mesiacoch. V\u010faka pr\u00edjemnej chuti sa m\u00f4\u017ee sta\u0165 s\u00fa\u010das\u0165ou dennej rutiny ako tepl\u00fd, upokojuj\u00faci n\u00e1poj. Zlo\u017eenie: Lipov\u00fd kvet (Tiliae flos), Tymi\u00e1n (Thymi herba), Kvet divozela (Verbasci flos), Jabl\u010dn\u00edk oby\u010dajn\u00fd (Marrubii herba), [&hellip;]<\/p>","protected":false},"featured_media":9770,"comment_status":"open","ping_status":"closed","template":"","meta":{"inline_featured_image":false},"product_brand":[112],"product_cat":[148,153,149],"product_tag":[310],"class_list":{"0":"post-9266","1":"product","2":"type-product","3":"status-publish","4":"has-post-thumbnail","6":"product_brand-nordvital","7":"product_cat-liecive-rastliny","8":"product_cat-dychacie-cesty-liecive-rastliny","9":"product_cat-liecive-rastliny-posilnenie-imunity","10":"product_tag-top-liecive-rastliny","12":"first","13":"onbackorder","14":"taxable","15":"shipping-taxable","16":"purchasable","17":"product-type-simple"},"aioseo_notices":[],"_links":{"self":[{"href":"https:\/\/www.biokari.sk\/hu\/wp-json\/wp\/v2\/product\/9266","targetHints":{"allow":["GET"]}}],"collection":[{"href":"https:\/\/www.biokari.sk\/hu\/wp-json\/wp\/v2\/product"}],"about":[{"href":"https:\/\/www.biokari.sk\/hu\/wp-json\/wp\/v2\/types\/product"}],"replies":[{"embeddable":true,"href":"https:\/\/www.biokari.sk\/hu\/wp-json\/wp\/v2\/comments?post=9266"}],"wp:featuredmedia":[{"embeddable":true,"href":"https:\/\/www.biokari.sk\/hu\/wp-json\/wp\/v2\/media\/9770"}],"wp:attachment":[{"href":"https:\/\/www.biokari.sk\/hu\/wp-json\/wp\/v2\/media?parent=9266"}],"wp:term":[{"taxonomy":"product_brand","embeddable":true,"href":"https:\/\/www.biokari.sk\/hu\/wp-json\/wp\/v2\/product_brand?post=9266"},{"taxonomy":"product_cat","embeddable":true,"href":"https:\/\/www.biokari.sk\/hu\/wp-json\/wp\/v2\/product_cat?post=9266"},{"taxonomy":"product_tag","embeddable":true,"href":"https:\/\/www.biokari.sk\/hu\/wp-json\/wp\/v2\/product_tag?post=9266"}],"curies":[{"name":"wp","href":"https:\/\/api.w.org\/{rel}","templated":true}]}}