{"id":9270,"date":"2025-07-01T14:37:53","date_gmt":"2025-07-01T12:37:53","guid":{"rendered":"https:\/\/www.biokari.sk\/produkt\/nordvital-cajova-zmes-na-stress-90g\/"},"modified":"2026-01-27T08:41:55","modified_gmt":"2026-01-27T07:41:55","slug":"nordvital-cajova-zmes-na-stress-90g","status":"publish","type":"product","link":"https:\/\/www.biokari.sk\/hu\/termek\/nordvital-cajova-zmes-na-stress-90g\/","title":{"rendered":"Nordvital Stressz teakever\u00e9k 90g"},"content":{"rendered":"<p data-start=\"159\" data-end=\"390\">T\u00e1to \u010dajov\u00e1 zmes obsahuje medovku, harman\u010dek a levandu\u013eu, ktor\u00e9 sa v tradi\u010dnom pou\u017e\u00edvan\u00ed \u010dasto aplikovali na podporu uvo\u013enenia a relax\u00e1cie.<br data-start=\"1146\" data-end=\"1149\" \/>V\u010faka jemnej a pr\u00edjemnej chuti je ide\u00e1lna ako doplnok ve\u010dernej pohody, na upokojenie a zakon\u010denie d\u0148a.<\/p>\n<p data-start=\"159\" data-end=\"390\"><strong data-start=\"159\" data-end=\"172\">\u00d6sszet\u00e9tel: <\/strong>Medovka lek\u00e1rska \u2013 list (Melissae folium), \u0160\u00edpka \u2013 plod (Rosae \/ Cynosbati pseudofructus), Levandu\u013ea \u00fazkolist\u00e1 \u2013 kvet (Lavandulae flos), Hloh \u2013 kvitn\u00faci vrchol (Crataegi folium cum flore \/ Crataegi summitas)<\/p>\n<p data-start=\"392\" data-end=\"563\"><strong data-start=\"392\" data-end=\"405\">Alkalmaz\u00e1s: <\/strong>2 \u010dajov\u00e9 ly\u017ei\u010dky zmesi zalejeme 2,5 dl vriacej vody a nech\u00e1me l\u00fahova\u0165 10\u201315 min\u00fat.<br data-start=\"490\" data-end=\"493\" \/>Odpor\u00fa\u010dan\u00e1 denn\u00e1 d\u00e1vka: 2\u20133 \u0161\u00e1lky, v k\u00fare minim\u00e1lne po\u010das 6 t\u00fd\u017ed\u0148ov.<\/p>\n<p data-start=\"565\" data-end=\"612\"><strong data-start=\"565\" data-end=\"585\">Ellenjavallatok: <\/strong>tehotenstvo, doj\u010denie.<\/p>\n<p data-start=\"614\" data-end=\"976\"><strong data-start=\"614\" data-end=\"630\">Figyelmeztet\u00e9s: <\/strong>NORDVITAL stres uvo\u013e\u0148uj\u00faca \u010dajov\u00e1 zmes je potravinov\u00fd v\u00fdrobok, ktor\u00e9ho pou\u017eitie nenahr\u00e1dza potrebn\u00fa lek\u00e1rsku lie\u010dbu!<br data-start=\"749\" data-end=\"752\" \/>V pr\u00edpade precitlivenosti na ktor\u00fako\u013evek zlo\u017eku \u010dajovej zmesi sa jeho konzum\u00e1cia neodpor\u00fa\u010da.<br data-start=\"844\" data-end=\"847\" \/>Ak pravidelne u\u017e\u00edvate lieky alebo podstupujete dlhodob\u00fa lie\u010dbu, pora\u010fte sa pred konzum\u00e1ciou so svoj\u00edm lek\u00e1rom alebo lek\u00e1rnikom.<\/p>\n<p data-start=\"978\" data-end=\"1253\">\n<p data-start=\"978\" data-end=\"1253\"><strong>S\u00faly:<\/strong> 90g<br \/>\nSz\u00e1raz helyen t\u00e1rolja.<br \/>\n<strong>Minim\u00e1lis eltarthat\u00f3s\u00e1gi id\u0151:<\/strong> l\u00e1sd a csomagol\u00e1st.<\/p>","protected":false},"excerpt":{"rendered":"<p>T\u00e1to \u010dajov\u00e1 zmes obsahuje medovku, harman\u010dek a levandu\u013eu, ktor\u00e9 sa v tradi\u010dnom pou\u017e\u00edvan\u00ed \u010dasto aplikovali na podporu uvo\u013enenia a relax\u00e1cie.V\u010faka jemnej a pr\u00edjemnej chuti je ide\u00e1lna ako doplnok ve\u010dernej pohody, na upokojenie a zakon\u010denie d\u0148a. Zlo\u017eenie: Medovka lek\u00e1rska \u2013 list (Melissae folium), \u0160\u00edpka \u2013 plod (Rosae \/ Cynosbati pseudofructus), Levandu\u013ea \u00fazkolist\u00e1 \u2013 kvet (Lavandulae flos), [&hellip;]<\/p>","protected":false},"featured_media":9768,"comment_status":"open","ping_status":"closed","template":"","meta":{"inline_featured_image":false},"product_brand":[112],"product_cat":[148],"product_tag":[],"class_list":{"0":"post-9270","1":"product","2":"type-product","3":"status-publish","4":"has-post-thumbnail","6":"product_brand-nordvital","7":"product_cat-liecive-rastliny","9":"first","10":"onbackorder","11":"taxable","12":"shipping-taxable","13":"purchasable","14":"product-type-simple"},"aioseo_notices":[],"_links":{"self":[{"href":"https:\/\/www.biokari.sk\/hu\/wp-json\/wp\/v2\/product\/9270","targetHints":{"allow":["GET"]}}],"collection":[{"href":"https:\/\/www.biokari.sk\/hu\/wp-json\/wp\/v2\/product"}],"about":[{"href":"https:\/\/www.biokari.sk\/hu\/wp-json\/wp\/v2\/types\/product"}],"replies":[{"embeddable":true,"href":"https:\/\/www.biokari.sk\/hu\/wp-json\/wp\/v2\/comments?post=9270"}],"wp:featuredmedia":[{"embeddable":true,"href":"https:\/\/www.biokari.sk\/hu\/wp-json\/wp\/v2\/media\/9768"}],"wp:attachment":[{"href":"https:\/\/www.biokari.sk\/hu\/wp-json\/wp\/v2\/media?parent=9270"}],"wp:term":[{"taxonomy":"product_brand","embeddable":true,"href":"https:\/\/www.biokari.sk\/hu\/wp-json\/wp\/v2\/product_brand?post=9270"},{"taxonomy":"product_cat","embeddable":true,"href":"https:\/\/www.biokari.sk\/hu\/wp-json\/wp\/v2\/product_cat?post=9270"},{"taxonomy":"product_tag","embeddable":true,"href":"https:\/\/www.biokari.sk\/hu\/wp-json\/wp\/v2\/product_tag?post=9270"}],"curies":[{"name":"wp","href":"https:\/\/api.w.org\/{rel}","templated":true}]}}