{"id":9272,"date":"2025-07-01T14:37:53","date_gmt":"2025-07-01T12:37:53","guid":{"rendered":"https:\/\/www.biokari.sk\/produkt\/nordvital-cajova-zmes-na-vylucovaci-system-90g\/"},"modified":"2026-01-27T08:41:55","modified_gmt":"2026-01-27T07:41:55","slug":"nordvital-cajova-zmes-na-vylucovaci-system-90g","status":"publish","type":"product","link":"https:\/\/www.biokari.sk\/hu\/termek\/nordvital-cajova-zmes-na-vylucovaci-system-90g\/","title":{"rendered":"Nordvital kiv\u00e1laszt\u00f3 rendszer teakever\u00e9k 90g"},"content":{"rendered":"<p><strong data-start=\"81\" data-end=\"127\">Na\u0161a \u010dajov\u00e1 zmes pri z\u00e1pale mo\u010dov\u00fdch ciest<\/strong> obsahuje lie\u010div\u00e9 rastliny, ako s\u00fa kore\u0148 ononisu, v\u0148a\u0165 zlatobyle, kvitn\u00faca v\u0148a\u0165 echinacey a kvitn\u00faca v\u0148a\u0165 rebr\u00ed\u010dka. Tieto byliny sa v \u013eudovom lie\u010dite\u013estve tradi\u010dne pou\u017e\u00edvali na podporu komfortu mo\u010dov\u00fdch ciest. V\u010faka pr\u00edjemnej chuti sa \u010dajov\u00e1 zmes v\u00fdborne hod\u00ed do ka\u017edodennej rutiny najm\u00e4 v chladnej\u0161\u00edch obdobiach roka.<\/p>\n<p data-start=\"160\" data-end=\"175\"><strong data-start=\"160\" data-end=\"173\">\u00d6sszet\u00e9tel:\u00a0<\/strong>Kore\u0148 ononisu \u2013\u00a0<em data-start=\"194\" data-end=\"210\">Ononidis radix,\u00a0<\/em>Zlatoby\u013e oby\u010dajn\u00e1 \u2013\u00a0<em data-start=\"235\" data-end=\"254\">Solidaginis herba,\u00a0<\/em>Echinacea \u2013 kvitn\u00faca v\u0148a\u0165 \u2013\u00a0<em data-start=\"287\" data-end=\"305\">Echinaceae herba,\u00a0<\/em>Rebr\u00ed\u010dek oby\u010dajn\u00fd \u2013 kvitn\u00faca v\u0148a\u0165 \u2013\u00a0<em data-start=\"346\" data-end=\"363\">Achilleae herba, <\/em>Kvet ibi\u0161teka sud\u00e1nskeho \u2013 <em data-start=\"395\" data-end=\"421\">Hibisci sabdariffae flos<\/em><\/p>\n<p data-start=\"425\" data-end=\"611\"><strong data-start=\"425\" data-end=\"447\">Haszn\u00e1lati utas\u00edt\u00e1s: <\/strong>2 \u010dajov\u00e9 ly\u017ei\u010dky zmesi zalejte 2,5 dl vriacej vody, nechajte l\u00fahova\u0165 15 min\u00fat.<br data-start=\"528\" data-end=\"531\" \/>Odpor\u00fa\u010dan\u00e1 denn\u00e1 d\u00e1vka: 2\u20133 \u0161\u00e1lky, u\u017e\u00edva\u0165 k\u00farovito, najviac po dobu 2 t\u00fd\u017ed\u0148ov.<\/p>\n<p data-start=\"613\" data-end=\"635\"><strong data-start=\"613\" data-end=\"633\">Ellenjavallatok: <\/strong>precitlivenos\u0165 na rastliny z \u010de\u013eade astrovit\u00e9 (kr\u00ed\u017eov\u00e1 alergia), srdcov\u00e1 a obli\u010dkov\u00e1 nedostato\u010dnos\u0165, tehotenstvo a doj\u010denie.<\/p>\n<p data-start=\"774\" data-end=\"1145\"><strong data-start=\"774\" data-end=\"790\">Figyelmeztet\u00e9s: <\/strong>\u010cajov\u00e1 zmes NORDVITAL pri z\u00e1pale mo\u010dov\u00fdch ciest je potravinov\u00fd pr\u00edpravok, ktor\u00e9ho pou\u017e\u00edvanie nenahr\u00e1dza potrebn\u00fa lek\u00e1rsku lie\u010dbu.<br data-start=\"922\" data-end=\"925\" \/>V pr\u00edpade precitlivenosti na ktor\u00fako\u013evek zlo\u017eku \u010dajovej zmesi sa u\u017e\u00edvanie neodpor\u00fa\u010da.<br data-start=\"1010\" data-end=\"1013\" \/>Ak pravidelne u\u017e\u00edvate lieky alebo sa podrobujete dlhodobej lie\u010dbe, pred konzum\u00e1ciou sa pora\u010fte so svoj\u00edm lek\u00e1rom alebo lek\u00e1rnikom.<\/p>\n<p data-start=\"774\" data-end=\"1145\"><strong>S\u00faly:<\/strong> 90g<br \/>\nSz\u00e1raz helyen t\u00e1rolja.<br \/>\n<strong>Minim\u00e1lis eltarthat\u00f3s\u00e1gi id\u0151:<\/strong> l\u00e1sd a csomagol\u00e1st.<\/p>","protected":false},"excerpt":{"rendered":"<p>Na\u0161a \u010dajov\u00e1 zmes pri z\u00e1pale mo\u010dov\u00fdch ciest obsahuje lie\u010div\u00e9 rastliny, ako s\u00fa kore\u0148 ononisu, v\u0148a\u0165 zlatobyle, kvitn\u00faca v\u0148a\u0165 echinacey a kvitn\u00faca v\u0148a\u0165 rebr\u00ed\u010dka. Tieto byliny sa v \u013eudovom lie\u010dite\u013estve tradi\u010dne pou\u017e\u00edvali na podporu komfortu mo\u010dov\u00fdch ciest. V\u010faka pr\u00edjemnej chuti sa \u010dajov\u00e1 zmes v\u00fdborne hod\u00ed do ka\u017edodennej rutiny najm\u00e4 v chladnej\u0161\u00edch obdobiach roka. Zlo\u017eenie:\u00a0Kore\u0148 ononisu \u2013\u00a0Ononidis [&hellip;]<\/p>","protected":false},"featured_media":9763,"comment_status":"open","ping_status":"closed","template":"","meta":{"inline_featured_image":false},"product_brand":[112],"product_cat":[148,149],"product_tag":[310],"class_list":{"0":"post-9272","1":"product","2":"type-product","3":"status-publish","4":"has-post-thumbnail","6":"product_brand-nordvital","7":"product_cat-liecive-rastliny","8":"product_cat-liecive-rastliny-posilnenie-imunity","9":"product_tag-top-liecive-rastliny","11":"first","12":"instock","13":"taxable","14":"shipping-taxable","15":"purchasable","16":"product-type-simple"},"aioseo_notices":[],"_links":{"self":[{"href":"https:\/\/www.biokari.sk\/hu\/wp-json\/wp\/v2\/product\/9272","targetHints":{"allow":["GET"]}}],"collection":[{"href":"https:\/\/www.biokari.sk\/hu\/wp-json\/wp\/v2\/product"}],"about":[{"href":"https:\/\/www.biokari.sk\/hu\/wp-json\/wp\/v2\/types\/product"}],"replies":[{"embeddable":true,"href":"https:\/\/www.biokari.sk\/hu\/wp-json\/wp\/v2\/comments?post=9272"}],"wp:featuredmedia":[{"embeddable":true,"href":"https:\/\/www.biokari.sk\/hu\/wp-json\/wp\/v2\/media\/9763"}],"wp:attachment":[{"href":"https:\/\/www.biokari.sk\/hu\/wp-json\/wp\/v2\/media?parent=9272"}],"wp:term":[{"taxonomy":"product_brand","embeddable":true,"href":"https:\/\/www.biokari.sk\/hu\/wp-json\/wp\/v2\/product_brand?post=9272"},{"taxonomy":"product_cat","embeddable":true,"href":"https:\/\/www.biokari.sk\/hu\/wp-json\/wp\/v2\/product_cat?post=9272"},{"taxonomy":"product_tag","embeddable":true,"href":"https:\/\/www.biokari.sk\/hu\/wp-json\/wp\/v2\/product_tag?post=9272"}],"curies":[{"name":"wp","href":"https:\/\/api.w.org\/{rel}","templated":true}]}}