{"id":9274,"date":"2025-07-01T14:37:54","date_gmt":"2025-07-01T12:37:54","guid":{"rendered":"https:\/\/www.biokari.sk\/produkt\/nordvital-kyselina-askorobova-500g\/"},"modified":"2026-05-02T19:01:07","modified_gmt":"2026-05-02T17:01:07","slug":"nordvital-kyselina-askorobova-500g","status":"publish","type":"product","link":"https:\/\/www.biokari.sk\/hu\/termek\/nordvital-aszkorbinsav-500g\/","title":{"rendered":"Nordvital aszkorbinsav 500g"},"content":{"rendered":"<p data-start=\"146\" data-end=\"183\">1000 mg C-vitamin napi adagban. A C-vitamin egy v\u00edzben old\u00f3d\u00f3 vitamin, amelyet gyakran haszn\u00e1lnak a napi \u00e9trend kieg\u00e9sz\u00edt\u00e9s\u00e9re. Ez egy j\u00f3l ismert \u00e9s sz\u00e9les k\u00f6rben elterjedt \u00f6sszetev\u0151, amely gyakran megtal\u00e1lhat\u00f3 a k\u00fcl\u00f6nb\u00f6z\u0151 \u00e9trend-kieg\u00e9sz\u00edt\u0151kben \u00e9s multivitamin k\u00e9sz\u00edtm\u00e9nyekben.<\/p>\n<p data-start=\"422\" data-end=\"486\"><strong data-start=\"422\" data-end=\"439\">Akt\u00edv \u00f6sszetev\u0151: <\/strong>C-vitamin (L-aszkorbinsav) - 1000 mg<\/p>\n<p data-start=\"488\" data-end=\"530\"><strong data-start=\"488\" data-end=\"501\">\u00d6sszet\u00e9tel: <\/strong>100 % L-aszkorbinsav<\/p>\n<p data-start=\"537\" data-end=\"680\"><strong data-start=\"537\" data-end=\"563\">Aj\u00e1nlott adagol\u00e1s: <\/strong>Napi 1 g por v\u00edzben vagy m\u00e1s italban elkeverve. A nap b\u00e1rmely szak\u00e1ban bevehet\u0151, \u00e9tkez\u00e9st\u0151l f\u00fcggetlen\u00fcl.<\/p>\n<p data-start=\"687\" data-end=\"785\"><strong data-start=\"687\" data-end=\"703\">T\u00e1rol\u00e1s: <\/strong>Sz\u00e1raz, s\u00f6t\u00e9t helyen, szobah\u0151m\u00e9rs\u00e9kleten t\u00e1rolja, <strong data-start=\"764\" data-end=\"784\">gyermekek el\u0151l elz\u00e1rva<\/strong>.<\/p>\n<p data-start=\"792\" data-end=\"1020\"><strong data-start=\"792\" data-end=\"808\">Figyelmeztet\u00e9s: <\/strong>T\u00e1pl\u00e1l\u00e9kkieg\u00e9sz\u00edt\u0151 <strong data-start=\"828\" data-end=\"847\">nem helyettes\u00edti<\/strong> v\u00e1ltozatos \u00e9s kiegyens\u00falyozott \u00e9trend vagy eg\u00e9szs\u00e9ges \u00e9letm\u00f3d. Ne l\u00e9pje t\u00fal az aj\u00e1nlott napi adagot! Ne szedje, ha allergi\u00e1s vagy t\u00fal\u00e9rz\u00e9keny az \u00f6sszetev\u0151k b\u00e1rmelyik\u00e9re.<\/p>","protected":false},"excerpt":{"rendered":"<p>1000 mg vitam\u00ednu C v dennej d\u00e1vke.\u00a0Vitam\u00edn C je vo vode rozpustn\u00fd vitam\u00edn, ktor\u00fd sa \u010dasto pou\u017e\u00edva na dop\u013a\u0148anie ka\u017edodennej stravy. Je to dobre zn\u00e1ma a \u0161iroko roz\u0161\u00edren\u00e1 zlo\u017eka, ktor\u00e1 sa be\u017ene nach\u00e1dza v r\u00f4znych v\u00fd\u017eivov\u00fdch doplnkoch a multivitam\u00ednov\u00fdch formul\u00e1ch. \u00da\u010dinn\u00e1 l\u00e1tka: Vitam\u00edn C (kyselina L-askorbov\u00e1) \u2013 1000 mg Zlo\u017eenie: 100 % L-askorbov\u00e1 kyselina Odpor\u00fa\u010dan\u00e9 [&hellip;]<\/p>","protected":false},"featured_media":9601,"comment_status":"open","ping_status":"closed","template":"","meta":{"inline_featured_image":false},"product_brand":[112],"product_cat":[69,140],"product_tag":[],"class_list":{"0":"post-9274","1":"product","2":"type-product","3":"status-publish","4":"has-post-thumbnail","6":"product_brand-nordvital","7":"product_cat-vyzivove-doplnky","8":"product_cat-posilnenie-imunity","10":"first","11":"instock","12":"taxable","13":"shipping-taxable","14":"purchasable","15":"product-type-simple"},"aioseo_notices":[],"_links":{"self":[{"href":"https:\/\/www.biokari.sk\/hu\/wp-json\/wp\/v2\/product\/9274","targetHints":{"allow":["GET"]}}],"collection":[{"href":"https:\/\/www.biokari.sk\/hu\/wp-json\/wp\/v2\/product"}],"about":[{"href":"https:\/\/www.biokari.sk\/hu\/wp-json\/wp\/v2\/types\/product"}],"replies":[{"embeddable":true,"href":"https:\/\/www.biokari.sk\/hu\/wp-json\/wp\/v2\/comments?post=9274"}],"wp:featuredmedia":[{"embeddable":true,"href":"https:\/\/www.biokari.sk\/hu\/wp-json\/wp\/v2\/media\/9601"}],"wp:attachment":[{"href":"https:\/\/www.biokari.sk\/hu\/wp-json\/wp\/v2\/media?parent=9274"}],"wp:term":[{"taxonomy":"product_brand","embeddable":true,"href":"https:\/\/www.biokari.sk\/hu\/wp-json\/wp\/v2\/product_brand?post=9274"},{"taxonomy":"product_cat","embeddable":true,"href":"https:\/\/www.biokari.sk\/hu\/wp-json\/wp\/v2\/product_cat?post=9274"},{"taxonomy":"product_tag","embeddable":true,"href":"https:\/\/www.biokari.sk\/hu\/wp-json\/wp\/v2\/product_tag?post=9274"}],"curies":[{"name":"wp","href":"https:\/\/api.w.org\/{rel}","templated":true}]}}