{"id":9276,"date":"2025-07-01T14:37:54","date_gmt":"2025-07-01T12:37:54","guid":{"rendered":"https:\/\/www.biokari.sk\/produkt\/nordvital-vitamin-pre-zeny-pocas-tehotenstva-a-dojcania-30-davok\/"},"modified":"2026-02-12T18:02:09","modified_gmt":"2026-02-12T17:02:09","slug":"nordvital-vitamin-pre-zeny-pocas-tehotenstva-a-dojcania-30-davok","status":"publish","type":"product","link":"https:\/\/www.biokari.sk\/hu\/termek\/nordvital-vitamin-noknek-terhesseg-es-szoptatas-alatt-30-adag\/","title":{"rendered":"Nordvital Vitamin n\u0151knek terhess\u00e9g \u00e9s szoptat\u00e1s alatt 30 adag"},"content":{"rendered":"<p data-start=\"168\" data-end=\"231\">A terhess\u00e9g el\u0151tti, a terhess\u00e9g alatti \u00e9s a sz\u00fcl\u00e9s ut\u00e1ni id\u0151szakra. Gondosan \u00f6ssze\u00e1ll\u00edtott, a n\u0151k ig\u00e9nyeihez igaz\u00edtott t\u00e1pl\u00e1l\u00e9kkieg\u00e9sz\u00edt\u0151 a kismam\u00e1k teljes id\u0151szak\u00e1ban - a terhess\u00e9g el\u0151tt, alatt \u00e9s ut\u00e1n. Vitaminokat, \u00e1sv\u00e1nyi anyagokat, kolint, gy\u00f6mb\u00e9rkivonatot, papain enzimet \u00e9s omega-3 zs\u00edrsavakat tartalmaz, hogy t\u00e1mogassa a szervezetet e rendk\u00edv\u00fcli id\u0151szak minden szakasz\u00e1ban.<\/p>\n<p><strong data-start=\"563\" data-end=\"597\">Hat\u00f3anyagok (napi adagban):<br \/>\nB7-vitamin (D-biotin):<\/strong> 200 \u00b5g<br \/>\n<strong data-start=\"638\" data-end=\"675\">B9-vitamin (kalcium-L-metilfol\u00e1t):<\/strong> 1000 \u00b5g<br \/>\n<strong data-start=\"688\" data-end=\"724\">Magn\u00e9zium (magn\u00e9zium-biszglicin\u00e1tb\u00f3l):<\/strong> 65 mg<br \/>\n<strong data-start=\"735\" data-end=\"777\">Szel\u00e9n (szel\u00e9nnel d\u00fas\u00edtott \u00e9leszt\u0151b\u0151l):<\/strong> 50 \u00b5g<br \/>\n<strong data-start=\"788\" data-end=\"823\">Vas (vas-biszglicin\u00e1tb\u00f3l):<\/strong> 18 mg<br \/>\n<strong data-start=\"834\" data-end=\"868\">Kolin (kolin-bitartar\u00e1tb\u00f3l):<\/strong> 20 mg<br \/>\n<strong data-start=\"879\" data-end=\"932\">Gy\u00f6mb\u00e9rkivonat (4:1, 100 mg gy\u00f6k\u00e9rnek megfelel\u0151):<\/strong> 25 mg<br \/>\n<strong data-start=\"943\" data-end=\"954\">Papain:<\/strong> 12 500 U<br \/>\n<strong data-start=\"968\" data-end=\"1001\">D3-vitamin (kolekalciferol):<\/strong> 50 \u00b5g = 2000 NE<br \/>\n<strong data-start=\"1022\" data-end=\"1073\">E-vitamin (term\u00e9szetes tokoferolok \u00e9s tokotrienolok):<\/strong> 7 mg<br \/>\n<strong data-start=\"1083\" data-end=\"1105\">K2-vitamin (MK-7):<\/strong> 90 \u00b5g<br \/>\n<strong data-start=\"1116\" data-end=\"1138\">Omega-3 halolaj:<\/strong> ebb\u0151l 350 mg <strong data-start=\"1159\" data-end=\"1167\">EPA:<\/strong> 126 mg ebb\u0151l <strong data-start=\"1188\" data-end=\"1196\">DHA:<\/strong> 84 mg<\/p>\n<h4 data-start=\"1211\" data-end=\"1229\"><strong data-start=\"1216\" data-end=\"1229\">\u00d6sszet\u00e9tel:<br \/>\n<\/strong><strong data-start=\"1231\" data-end=\"1258\">Kem\u00e9ny veg\u00e1n kapszula: <\/strong>Magn\u00e9zium-biszglicin\u00e1t, hidroxipropil-metilcellul\u00f3z (kapszula), vas-biszglicin\u00e1t, kolin-bitartar\u00e1t, \u00e9leszt\u0151 szel\u00e9nnel, gy\u00f6mb\u00e9rgy\u00f6k\u00e9r kivonat, papain, csom\u00f3sod\u00e1sg\u00e1tl\u00f3: leucin, kalcium-L-metilfol\u00e1t, D-biotin.<br \/>\n<strong data-start=\"1476\" data-end=\"1505\">L\u00e1gy zselatin kapszula: <\/strong>Halolaj (TG forma, m\u00e9lytengeri halak Perub\u00f3l)*, zselatinbevonat (zselatin, glicerin, tiszt\u00edtott v\u00edz), menakinon-7 (K2-vitamin), term\u00e9szetes tokoferolok \u00e9s tokotrienolok, kolekalciferol (D3-vitamin).<br data-start=\"1701\" data-end=\"1704\" \/>*<strong>Eredet:<\/strong> Peru<\/h4>\n<h4 data-start=\"1723\" data-end=\"1745\"><strong data-start=\"1728\" data-end=\"1743\">Adagol\u00e1s:\u00a0<\/strong>Naponta 1 kem\u00e9ny \u00e9s 1 l\u00e1gy g\u00e9l \u00e9tkez\u00e9s ut\u00e1n.<\/h4>\n<p><strong data-start=\"1799\" data-end=\"1815\">T\u00e1rol\u00e1s:\u00a0<\/strong>Sz\u00e1raz, s\u00f6t\u00e9t helyen, szobah\u0151m\u00e9rs\u00e9kleten t\u00e1rolja. Gyermekek el\u0151l elz\u00e1rva tartand\u00f3.<\/p>\n<h4 data-start=\"1914\" data-end=\"1937\"><strong data-start=\"1919\" data-end=\"1935\">Figyelmeztet\u00e9s:\u00a0<\/strong>A t\u00e1pl\u00e1l\u00e9kkieg\u00e9sz\u00edt\u0151 nem helyettes\u00edti a v\u00e1ltozatos \u00e9s kiegyens\u00falyozott \u00e9trendet \u00e9s az eg\u00e9szs\u00e9ges \u00e9letm\u00f3dot. Ne l\u00e9pje t\u00fal az aj\u00e1nlott napi adagot! Ne szedje, ha allergi\u00e1s vagy t\u00fal\u00e9rz\u00e9keny a term\u00e9k b\u00e1rmely \u00f6sszetev\u0151j\u00e9re!<\/h4>\n<p><strong>Mennyis\u00e9g:<\/strong> 30+30 kapszula<\/p>","protected":false},"excerpt":{"rendered":"<p>Na obdobie pred tehotenstvom, po\u010das tehotenstva a po p\u00f4rode.\u00a0Starostlivo zostaven\u00fd doplnok v\u00fd\u017eivy prisp\u00f4soben\u00fd potreb\u00e1m \u017eien po\u010das cel\u00e9ho obdobia materstva \u2013 pred otehotnen\u00edm, po\u010das tehotenstva aj po p\u00f4rode. Obsahuje vitam\u00edny, miner\u00e1ly, chol\u00edn, z\u00e1zvorov\u00fd extrakt, enz\u00fdm papain a omega-3 mastn\u00e9 kyseliny, ktor\u00e9 podporuj\u00fa organizmus v ka\u017edej f\u00e1ze tohto v\u00fdnimo\u010dn\u00e9ho obdobia. \u00da\u010dinn\u00e9 l\u00e1tky (v dennej d\u00e1vke): Vitam\u00edn B7 [&hellip;]<\/p>","protected":false},"featured_media":9600,"comment_status":"open","ping_status":"closed","template":"","meta":{"inline_featured_image":false},"product_brand":[112],"product_cat":[69],"product_tag":[],"class_list":{"0":"post-9276","1":"product","2":"type-product","3":"status-publish","4":"has-post-thumbnail","6":"product_brand-nordvital","7":"product_cat-vyzivove-doplnky","9":"first","10":"onbackorder","11":"taxable","12":"shipping-taxable","13":"purchasable","14":"product-type-simple"},"aioseo_notices":[],"_links":{"self":[{"href":"https:\/\/www.biokari.sk\/hu\/wp-json\/wp\/v2\/product\/9276","targetHints":{"allow":["GET"]}}],"collection":[{"href":"https:\/\/www.biokari.sk\/hu\/wp-json\/wp\/v2\/product"}],"about":[{"href":"https:\/\/www.biokari.sk\/hu\/wp-json\/wp\/v2\/types\/product"}],"replies":[{"embeddable":true,"href":"https:\/\/www.biokari.sk\/hu\/wp-json\/wp\/v2\/comments?post=9276"}],"wp:featuredmedia":[{"embeddable":true,"href":"https:\/\/www.biokari.sk\/hu\/wp-json\/wp\/v2\/media\/9600"}],"wp:attachment":[{"href":"https:\/\/www.biokari.sk\/hu\/wp-json\/wp\/v2\/media?parent=9276"}],"wp:term":[{"taxonomy":"product_brand","embeddable":true,"href":"https:\/\/www.biokari.sk\/hu\/wp-json\/wp\/v2\/product_brand?post=9276"},{"taxonomy":"product_cat","embeddable":true,"href":"https:\/\/www.biokari.sk\/hu\/wp-json\/wp\/v2\/product_cat?post=9276"},{"taxonomy":"product_tag","embeddable":true,"href":"https:\/\/www.biokari.sk\/hu\/wp-json\/wp\/v2\/product_tag?post=9276"}],"curies":[{"name":"wp","href":"https:\/\/api.w.org\/{rel}","templated":true}]}}