{"id":9280,"date":"2025-07-01T14:37:55","date_gmt":"2025-07-01T12:37:55","guid":{"rendered":"https:\/\/www.biokari.sk\/produkt\/nordvital-l-gultamin-prasok-250g\/"},"modified":"2026-04-16T19:03:46","modified_gmt":"2026-04-16T17:03:46","slug":"nordvital-l-gultamin-prasok-250g","status":"publish","type":"product","link":"https:\/\/www.biokari.sk\/hu\/termek\/nordvital-l-gultamin-prasok-250g\/","title":{"rendered":"Nordvital L-Gultamin por 250g"},"content":{"rendered":"<hr data-start=\"66\" data-end=\"69\" \/>\n<p data-start=\"247\" data-end=\"527\">Az L-glutamin az emberi szervezetben legnagyobb mennyis\u00e9gben el\u0151fordul\u00f3 aminosav, amely sz\u00e1mos biol\u00f3giai folyamatban kulcsszerepet j\u00e1tszik. A feh\u00e9rjeszint\u00e9zis egyik alapvet\u0151 \u00e9p\u00edt\u0151k\u00f6ve, seg\u00edti az izmok regener\u00e1l\u00f3d\u00e1s\u00e1t \u00e9s a sz\u00f6vetek helyre\u00e1ll\u00edt\u00e1s\u00e1t fizikai megterhel\u00e9s ut\u00e1n. T\u00e1mogatja az immunrendszert is, \u00e9s hozz\u00e1j\u00e1rul az em\u00e9szt\u0151rendszer egyens\u00faly\u00e1nak fenntart\u00e1s\u00e1hoz, k\u00fcl\u00f6n\u00f6sen a b\u00e9lny\u00e1lkah\u00e1rtya sejtjeinek t\u00e1pl\u00e1l\u00e9kak\u00e9nt. A Nordvital L-Glutamin ide\u00e1lis sportol\u00f3knak \u00e9s mindazoknak, akik szeretn\u00e9k meg\u0151rizni vitalit\u00e1sukat, egyens\u00falyukat \u00e9s energi\u00e1jukat a dolgos napok sor\u00e1n.<\/p>\n<p><strong data-start=\"820\" data-end=\"833\">\u00d6sszet\u00e9tel: <\/strong>100 % L-Glutamin<\/p>\n<p data-start=\"820\" data-end=\"953\"><strong data-start=\"855\" data-end=\"868\">Allerg\u00e9nek:<\/strong> Olyan \u00fczemben k\u00e9sz\u00fclt, ahol f\u00f6ldimogyor\u00f3t, di\u00f3f\u00e9l\u00e9ket \u00e9s szez\u00e1mmagot is feldolgoznak.<\/p>\n<p data-start=\"960\" data-end=\"1117\"><strong data-start=\"960\" data-end=\"986\">Aj\u00e1nlott adagol\u00e1s: <\/strong>10 g port keverjen el egy poh\u00e1r v\u00edzben vagy a kedvenc ital\u00e1ban.<\/p>\n<p data-start=\"1119\" data-end=\"1313\"><strong data-start=\"1119\" data-end=\"1135\">Figyelmeztet\u00e9s: <\/strong>A t\u00e1pl\u00e1l\u00e9kkieg\u00e9sz\u00edt\u0151 nem helyettes\u00edti a v\u00e1ltozatos \u00e9s kiegyens\u00falyozott \u00e9trendet vagy az eg\u00e9szs\u00e9ges \u00e9letm\u00f3dot. Ne szedje a term\u00e9ket, ha allergi\u00e1s vagy t\u00fal\u00e9rz\u00e9keny b\u00e1rmely \u00f6sszetev\u0151j\u00e9re. Ne l\u00e9pje t\u00fal az aj\u00e1nlott napi adagot!<\/p>\n<p data-start=\"1320\" data-end=\"1368\"><strong data-start=\"1320\" data-end=\"1368\">\u00c1tlagos t\u00e1p\u00e9rt\u00e9kek 100 g term\u00e9kre vet\u00edtve: <br \/><\/strong>Energia: 1700 kJ \/ 400 kcal<br \/>Zs\u00edr: 0 g ebb\u0151l tel\u00edtett zs\u00edrsavak: 0 g<br \/>Sz\u00e9nhidr\u00e1tok: 0 g ebb\u0151l cukor: 0 g<br \/>Feh\u00e9rje (L-glutamin): 100g<\/p>\n\n\n<p><strong>S\u00faly: <\/strong>250g<\/p>\n\n\n\n<p><\/p>","protected":false},"excerpt":{"rendered":"<p>L-glutam\u00edn je aminokyselina, ktor\u00e1 sa nach\u00e1dza v najv\u00e4\u010d\u0161om mno\u017estve v \u013eudskom tele a zohr\u00e1va k\u013e\u00fa\u010dov\u00fa \u00falohu v mnoh\u00fdch biologick\u00fdch procesoch. Je jedn\u00fdm zo z\u00e1kladn\u00fdch stavebn\u00fdch kame\u0148ov pri synt\u00e9ze bielkov\u00edn, pom\u00e1ha pri regener\u00e1cii svalov a obnove tkan\u00edv po fyzickej z\u00e1\u0165a\u017ei.\u00a0Z\u00e1rove\u0148 podporuje imunitn\u00fd syst\u00e9m a prispieva k udr\u017eaniu rovnov\u00e1hy v tr\u00e1viacom trakte, najm\u00e4 ako v\u00fd\u017eiva pre bunky [&hellip;]<\/p>","protected":false},"featured_media":9596,"comment_status":"open","ping_status":"closed","template":"","meta":{"inline_featured_image":false},"product_brand":[112],"product_cat":[69,141,140],"product_tag":[],"class_list":{"0":"post-9280","1":"product","2":"type-product","3":"status-publish","4":"has-post-thumbnail","6":"product_brand-nordvital","7":"product_cat-vyzivove-doplnky","8":"product_cat-chudnutie","9":"product_cat-posilnenie-imunity","11":"first","12":"instock","13":"taxable","14":"shipping-taxable","15":"purchasable","16":"product-type-simple"},"aioseo_notices":[],"_links":{"self":[{"href":"https:\/\/www.biokari.sk\/hu\/wp-json\/wp\/v2\/product\/9280","targetHints":{"allow":["GET"]}}],"collection":[{"href":"https:\/\/www.biokari.sk\/hu\/wp-json\/wp\/v2\/product"}],"about":[{"href":"https:\/\/www.biokari.sk\/hu\/wp-json\/wp\/v2\/types\/product"}],"replies":[{"embeddable":true,"href":"https:\/\/www.biokari.sk\/hu\/wp-json\/wp\/v2\/comments?post=9280"}],"wp:featuredmedia":[{"embeddable":true,"href":"https:\/\/www.biokari.sk\/hu\/wp-json\/wp\/v2\/media\/9596"}],"wp:attachment":[{"href":"https:\/\/www.biokari.sk\/hu\/wp-json\/wp\/v2\/media?parent=9280"}],"wp:term":[{"taxonomy":"product_brand","embeddable":true,"href":"https:\/\/www.biokari.sk\/hu\/wp-json\/wp\/v2\/product_brand?post=9280"},{"taxonomy":"product_cat","embeddable":true,"href":"https:\/\/www.biokari.sk\/hu\/wp-json\/wp\/v2\/product_cat?post=9280"},{"taxonomy":"product_tag","embeddable":true,"href":"https:\/\/www.biokari.sk\/hu\/wp-json\/wp\/v2\/product_tag?post=9280"}],"curies":[{"name":"wp","href":"https:\/\/api.w.org\/{rel}","templated":true}]}}