{"id":9282,"date":"2025-07-01T14:37:55","date_gmt":"2025-07-01T12:37:55","guid":{"rendered":"https:\/\/www.biokari.sk\/produkt\/nordvital-hovezy-kolagen-300g\/"},"modified":"2026-01-27T08:41:55","modified_gmt":"2026-01-27T07:41:55","slug":"nordvital-hovezy-kolagen-300g","status":"publish","type":"product","link":"https:\/\/www.biokari.sk\/hu\/termek\/nordvital-hovezy-kollagen-300g\/","title":{"rendered":"Nordvital szarvasmarha kollag\u00e9n 300g"},"content":{"rendered":"<p data-start=\"1177\" data-end=\"1468\">A Nordvital Bovine Collagen magas feh\u00e9rjetartalm\u00fa (~90 %) Rousselot\u00ae I. \u00e9s III. t\u00edpus\u00fa kollag\u00e9n peptideket tartalmaz. Aminosavprofilj\u00e1nak \u00e9s kiv\u00e1l\u00f3 oldhat\u00f3s\u00e1g\u00e1nak k\u00f6sz\u00f6nhet\u0151en j\u00f3l keverhet\u0151 forr\u00f3 \u00e9s hideg italokkal, \u00e9s k\u00f6nnyen beilleszthet\u0151 a napi \u00e9trendbe.<\/p>\n<p data-start=\"1470\" data-end=\"1511\"><strong data-start=\"1470\" data-end=\"1509\">Hat\u00f3anyag a napi adagban (10 g):<br \/>\n<\/strong>Hidroliz\u00e1lt szarvasmarha kollag\u00e9n (Rousselot\u00ae) - 10 000 mg<\/p>\n<p data-start=\"1570\" data-end=\"1636\"><strong data-start=\"1570\" data-end=\"1584\">Rousselot\u00ae<\/strong> a Vion Group bejegyzett v\u00e9djegye.<\/p>\n<p data-start=\"1638\" data-end=\"1767\"><strong data-start=\"1638\" data-end=\"1654\">T\u00e1rol\u00e1s: <\/strong>Sz\u00e1raz, k\u00f6zvetlen napf\u00e9nyt\u0151l v\u00e9dett helyen, szobah\u0151m\u00e9rs\u00e9kleten. Gyermekek el\u0151l elz\u00e1rva tartand\u00f3.<\/p>\n<p data-start=\"1769\" data-end=\"1787\"><strong data-start=\"1769\" data-end=\"1785\">Figyelmeztet\u00e9s: <\/strong>Ne l\u00e9pje t\u00fal az aj\u00e1nlott napi adagot. Az \u00e9trend-kieg\u00e9sz\u00edt\u0151 nem helyettes\u00edti a v\u00e1ltozatos \u00e9s kiegyens\u00falyozott \u00e9trendet vagy az eg\u00e9szs\u00e9ges \u00e9letm\u00f3dot. Gyermekek el\u0151l elz\u00e1rva tartand\u00f3!<\/p>\n<p data-start=\"1945\" data-end=\"2035\"><strong data-start=\"1945\" data-end=\"1972\">Allerg\u00e9n figyelmeztet\u00e9s: <\/strong>Olyan \u00fczemben k\u00e9sz\u00fclt, ahol f\u00f6ldimogyor\u00f3t, di\u00f3f\u00e9l\u00e9ket \u00e9s szez\u00e1mmagot is feldolgoznak.<\/p>\n<p data-start=\"1945\" data-end=\"2035\"><strong>S\u00faly:<\/strong> 300g<\/p>","protected":false},"excerpt":{"rendered":"<p>Nordvital Hov\u00e4dz\u00ed kolag\u00e9n obsahuje kolag\u00e9nov\u00e9 peptidy zna\u010dky Rousselot\u00ae typu I a III s vysok\u00fdm obsahom bielkov\u00edn (~90\u202f%). V\u010faka svojmu aminokyselinov\u00e9mu profilu a v\u00fdbornej rozpustnosti sa dobre mie\u0161a s tepl\u00fdmi aj studen\u00fdmi n\u00e1pojmi a \u013eahko sa za\u010dlen\u00ed do ka\u017edodenn\u00e9ho jed\u00e1lni\u010dka. \u00da\u010dinn\u00e1 l\u00e1tka v dennej d\u00e1vke (10 g): Hydrolyzovan\u00fd hov\u00e4dz\u00ed kolag\u00e9n (Rousselot\u00ae) \u2013 10 000 mg Rousselot\u00ae [&hellip;]<\/p>","protected":false},"featured_media":9589,"comment_status":"open","ping_status":"closed","template":"","meta":{"inline_featured_image":false},"product_brand":[112],"product_cat":[71],"product_tag":[],"class_list":{"0":"post-9282","1":"product","2":"type-product","3":"status-publish","4":"has-post-thumbnail","6":"product_brand-nordvital","7":"product_cat-potraviny","9":"first","10":"onbackorder","11":"taxable","12":"shipping-taxable","13":"purchasable","14":"product-type-simple"},"aioseo_notices":[],"_links":{"self":[{"href":"https:\/\/www.biokari.sk\/hu\/wp-json\/wp\/v2\/product\/9282","targetHints":{"allow":["GET"]}}],"collection":[{"href":"https:\/\/www.biokari.sk\/hu\/wp-json\/wp\/v2\/product"}],"about":[{"href":"https:\/\/www.biokari.sk\/hu\/wp-json\/wp\/v2\/types\/product"}],"replies":[{"embeddable":true,"href":"https:\/\/www.biokari.sk\/hu\/wp-json\/wp\/v2\/comments?post=9282"}],"wp:featuredmedia":[{"embeddable":true,"href":"https:\/\/www.biokari.sk\/hu\/wp-json\/wp\/v2\/media\/9589"}],"wp:attachment":[{"href":"https:\/\/www.biokari.sk\/hu\/wp-json\/wp\/v2\/media?parent=9282"}],"wp:term":[{"taxonomy":"product_brand","embeddable":true,"href":"https:\/\/www.biokari.sk\/hu\/wp-json\/wp\/v2\/product_brand?post=9282"},{"taxonomy":"product_cat","embeddable":true,"href":"https:\/\/www.biokari.sk\/hu\/wp-json\/wp\/v2\/product_cat?post=9282"},{"taxonomy":"product_tag","embeddable":true,"href":"https:\/\/www.biokari.sk\/hu\/wp-json\/wp\/v2\/product_tag?post=9282"}],"curies":[{"name":"wp","href":"https:\/\/api.w.org\/{rel}","templated":true}]}}