{"id":9284,"date":"2025-07-01T14:37:55","date_gmt":"2025-07-01T12:37:55","guid":{"rendered":"https:\/\/www.biokari.sk\/produkt\/nordvital-taurin-prasok-250g\/"},"modified":"2026-04-10T19:02:49","modified_gmt":"2026-04-10T17:02:49","slug":"nordvital-taurin-prasok-250g","status":"publish","type":"product","link":"https:\/\/www.biokari.sk\/hu\/termek\/nordvital-taurin-prasok-250g\/","title":{"rendered":"Nordvital Taurin por 250g"},"content":{"rendered":"<p data-start=\"704\" data-end=\"961\">A taurin egy k\u00e9ntartalm\u00fa, nem feh\u00e9rjetartalm\u00fa aminosav, amely r\u00e9szt vehet az emberi szervezet k\u00fcl\u00f6nb\u00f6z\u0151 anyagcsere-folyamataiban. Term\u00e9szetes m\u00f3don fordul el\u0151 a szervezetben, \u00e9s olyan \u00e9lelmiszerekben is megtal\u00e1lhat\u00f3, mint a h\u00fas, a hal, a tejterm\u00e9kek \u00e9s az anyatej. A taurin n\u00e9pszer\u0171 \u00f6sszetev\u0151 azok k\u00f6r\u00e9ben, akik a tudatos t\u00e1pl\u00e1l\u00e9kkieg\u00e9sz\u00edt\u00e9sre \u00f6sszpontos\u00edtanak, k\u00fcl\u00f6n\u00f6sen az akt\u00edv \u00e9letm\u00f3dot folytat\u00f3k vagy a speci\u00e1lis t\u00e1pl\u00e1lkoz\u00e1si c\u00e9lokkal rendelkez\u0151k k\u00f6r\u00e9ben.<\/p>\n<p data-start=\"850\" data-end=\"909\"><strong data-start=\"850\" data-end=\"867\">Akt\u00edv \u00f6sszetev\u0151:<\/strong> 100 % taurin<br data-start=\"880\" data-end=\"883\" \/><strong data-start=\"883\" data-end=\"896\">\u00d6sszet\u00e9tel:<\/strong> 100 % taurin<\/p>\n<p data-start=\"911\" data-end=\"1000\"><strong data-start=\"911\" data-end=\"926\">Adagol\u00e1s: <\/strong>Keverjen el 1 g port egy poh\u00e1r v\u00edzben vagy a kedvenc ital\u00e1ban, naponta 1 alkalommal.<\/p>\n<p data-start=\"1002\" data-end=\"1141\"><strong data-start=\"1002\" data-end=\"1018\">T\u00e1rol\u00e1s: <\/strong>Sz\u00e1raz, k\u00f6zvetlen napf\u00e9nyt\u0151l v\u00e9dett helyen, szobah\u0151m\u00e9rs\u00e9kleten t\u00e1rolja. Gyermekek el\u0151l elz\u00e1rva tartand\u00f3.<\/p>\n<p data-start=\"1143\" data-end=\"1161\"><strong data-start=\"1143\" data-end=\"1159\">Figyelmeztet\u00e9s: <\/strong>Ne l\u00e9pje t\u00fal az aj\u00e1nlott napi adagot! Az \u00e9trend-kieg\u00e9sz\u00edt\u0151 nem helyettes\u00edti a v\u00e1ltozatos \u00e9s kiegyens\u00falyozott \u00e9trendet vagy az eg\u00e9szs\u00e9ges \u00e9letm\u00f3dot. Gyermekek el\u0151l elz\u00e1rva tartand\u00f3!\u00a0<\/p>\n<p data-start=\"1331\" data-end=\"1421\"><strong data-start=\"1331\" data-end=\"1358\">Allerg\u00e9n figyelmeztet\u00e9s: <\/strong>Olyan \u00fczemben k\u00e9sz\u00fclt, ahol f\u00f6ldimogyor\u00f3t, di\u00f3f\u00e9l\u00e9ket \u00e9s szez\u00e1mmagot is feldolgoznak.<\/p>\n\n\n<p><strong>S\u00faly:<\/strong> 250g<\/p>\n\n\n\n<p>Sz\u00e1raz helyen t\u00e1rolja. <br><strong>Minim\u00e1lis eltarthat\u00f3s\u00e1gi id\u0151:<\/strong> L\u00e1sd a bor\u00edt\u00f3t. <\/p>\n\n\n\n<p><\/p>","protected":false},"excerpt":{"rendered":"<p>Taur\u00edn je s\u00edru obsahuj\u00faca neprote\u00ednov\u00e1 aminokyselina, ktor\u00e1 sa m\u00f4\u017ee podie\u013ea\u0165 na r\u00f4znych metabolick\u00fdch procesoch v \u013eudskom tele. Prirodzene sa vyskytuje v organizme a nach\u00e1dza sa aj v potravin\u00e1ch, ako s\u00fa m\u00e4so, ryby, mlie\u010dne v\u00fdrobky a matersk\u00e9 mlieko.\u00a0Taur\u00edn je ob\u013e\u00fabenou zlo\u017ekou medzi t\u00fdmi, ktor\u00ed sa zameriavaj\u00fa na vedom\u00e9 dop\u013a\u0148anie v\u00fd\u017eivy, najm\u00e4 pri akt\u00edvnom \u017eivotnom \u0161t\u00fdle alebo [&hellip;]<\/p>","protected":false},"featured_media":9563,"comment_status":"open","ping_status":"closed","template":"","meta":{"inline_featured_image":false},"product_brand":[112],"product_cat":[69],"product_tag":[],"class_list":{"0":"post-9284","1":"product","2":"type-product","3":"status-publish","4":"has-post-thumbnail","6":"product_brand-nordvital","7":"product_cat-vyzivove-doplnky","9":"first","10":"instock","11":"taxable","12":"shipping-taxable","13":"purchasable","14":"product-type-simple"},"aioseo_notices":[],"_links":{"self":[{"href":"https:\/\/www.biokari.sk\/hu\/wp-json\/wp\/v2\/product\/9284","targetHints":{"allow":["GET"]}}],"collection":[{"href":"https:\/\/www.biokari.sk\/hu\/wp-json\/wp\/v2\/product"}],"about":[{"href":"https:\/\/www.biokari.sk\/hu\/wp-json\/wp\/v2\/types\/product"}],"replies":[{"embeddable":true,"href":"https:\/\/www.biokari.sk\/hu\/wp-json\/wp\/v2\/comments?post=9284"}],"wp:featuredmedia":[{"embeddable":true,"href":"https:\/\/www.biokari.sk\/hu\/wp-json\/wp\/v2\/media\/9563"}],"wp:attachment":[{"href":"https:\/\/www.biokari.sk\/hu\/wp-json\/wp\/v2\/media?parent=9284"}],"wp:term":[{"taxonomy":"product_brand","embeddable":true,"href":"https:\/\/www.biokari.sk\/hu\/wp-json\/wp\/v2\/product_brand?post=9284"},{"taxonomy":"product_cat","embeddable":true,"href":"https:\/\/www.biokari.sk\/hu\/wp-json\/wp\/v2\/product_cat?post=9284"},{"taxonomy":"product_tag","embeddable":true,"href":"https:\/\/www.biokari.sk\/hu\/wp-json\/wp\/v2\/product_tag?post=9284"}],"curies":[{"name":"wp","href":"https:\/\/api.w.org\/{rel}","templated":true}]}}