{"id":9286,"date":"2025-07-01T14:37:56","date_gmt":"2025-07-01T12:37:56","guid":{"rendered":"https:\/\/www.biokari.sk\/produkt\/nordvital-cajova-zmes-na-chudnutie-90g\/"},"modified":"2026-01-27T08:41:55","modified_gmt":"2026-01-27T07:41:55","slug":"nordvital-cajova-zmes-na-chudnutie-90g","status":"publish","type":"product","link":"https:\/\/www.biokari.sk\/hu\/termek\/nordvital-teakeverek-a-fogyashoz-90g\/","title":{"rendered":"Nordvital karcs\u00fas\u00edt\u00f3 teakever\u00e9k 90g"},"content":{"rendered":"<p data-start=\"1458\" data-end=\"1766\">Friss\u00fclj\u00f6n fel \u00e9s \u00e9lvezze az \u00edzek t\u00f6k\u00e9letes harm\u00f3ni\u00e1j\u00e1t!<br data-start=\"1511\" data-end=\"1514\" \/>Ez a 100 % term\u00e9szetes gy\u00f3gyn\u00f6v\u00e9nyb\u0151l \u00e1ll\u00f3 illatos teakever\u00e9k egyes\u00edti a mate lev\u00e9l jellegzetes \u00edz\u00e9t, a csal\u00e1n \u00e9s a ny\u00edrfa hagyom\u00e1nyos haszn\u00e1lat\u00e1t, a borsmenta frissess\u00e9g\u00e9t, a gy\u00f6mb\u00e9r meleg\u00edt\u0151 jelleg\u00e9t \u00e9s a ceyloni fah\u00e9j finoman \u00e9des arom\u00e1j\u00e1t.<\/p>\n<p data-start=\"1768\" data-end=\"1783\"><strong data-start=\"1768\" data-end=\"1781\">\u00d6sszet\u00e9tel: <\/strong>P\u00e1ratlan levelek (<em data-start=\"1798\" data-end=\"1811\">Mate f\u00f3lia<\/em>), csal\u00e1nlev\u00e9l (<em data-start=\"1832\" data-end=\"1848\">Urticae folium<\/em>), ny\u00edrfalevelek (<em data-start=\"1867\" data-end=\"1883\">Betulae folium<\/em>), borsmenta (<em data-start=\"1904\" data-end=\"1930\">Menthae piperitae folium<\/em>), gy\u00f6mb\u00e9rgy\u00f6k\u00e9r (<em data-start=\"1951\" data-end=\"1971\">Zingiber rhizoma<\/em>), fah\u00e9jk\u00e9reg - Ceylon (<em data-start=\"2005\" data-end=\"2023\">Cinnamomi cortex<\/em>)<\/p>\n<p data-start=\"2026\" data-end=\"2181\"><strong data-start=\"2026\" data-end=\"2052\">Elk\u00e9sz\u00edt\u00e9s \u00e9s adagol\u00e1s: <\/strong>\u00d6nts\u00fcnk 2 te\u00e1skan\u00e1lnyi kever\u00e9ket 2,5 dl forr\u00f3 v\u00edzzel, fedj\u00fck le, \u00e9s hagyjuk \u00e1llni 15 percig. <br \/><strong data-start=\"2143\" data-end=\"2170\">Aj\u00e1nlott napi adag:<\/strong> 2-3 cs\u00e9sze.<\/p>\n<p data-start=\"2183\" data-end=\"2485\"><strong>Figyelmeztet\u00e9s:<\/strong> A Nordvital anyagcsere-t\u00e1mogat\u00f3 teakever\u00e9k egy \u00e9lelmiszer, nem helyettes\u00edti az orvosi kezel\u00e9st.<br data-start=\"2292\" data-end=\"2295\" \/>Ne haszn\u00e1lja, ha allergi\u00e1s vagy t\u00fal\u00e9rz\u00e9keny az \u00f6sszetev\u0151k b\u00e1rmelyik\u00e9re.<br data-start=\"2368\" data-end=\"2371\" \/>Ha rendszeresen szed gy\u00f3gyszert, vagy orvosi fel\u00fcgyelet alatt \u00e1ll, a szed\u00e9s el\u0151tt konzult\u00e1ljon kezel\u0151orvos\u00e1val vagy gy\u00f3gyszer\u00e9sz\u00e9vel.<\/p>\n\n\n<p><strong>S\u00faly:<\/strong> 90g<\/p>\n\n\n\n<p>Sz\u00e1raz helyen t\u00e1rolja. <\/p>","protected":false},"excerpt":{"rendered":"<p>Osvie\u017e sa a vychutnaj si dokonal\u00fa harm\u00f3niu chut\u00ed!T\u00e1to vo\u0148av\u00e1 \u010dajov\u00e1 zmes zlo\u017een\u00e1 zo 100\u202f% pr\u00edrodn\u00fdch byl\u00edn sp\u00e1ja charakteristick\u00fa chu\u0165 mat\u00e9 listov, tradi\u010dn\u00e9 pou\u017eitie \u017eih\u013eavy a brezy, svie\u017eos\u0165 m\u00e4ty piepornej, hrejiv\u00fd charakter z\u00e1zvoru a jemne sladkast\u00fa ar\u00f3mu cejl\u00f3nskej \u0161korice. Zlo\u017eenie: Listy mat\u00e9 (Mat\u00e9 folium), Listy \u017eih\u013eavy (Urticae folium), Listy brezy (Betulae folium), M\u00e4ta pieporn\u00e1 (Menthae piperitae [&hellip;]<\/p>","protected":false},"featured_media":9583,"comment_status":"open","ping_status":"closed","template":"","meta":{"inline_featured_image":false},"product_brand":[112],"product_cat":[69],"product_tag":[],"class_list":{"0":"post-9286","1":"product","2":"type-product","3":"status-publish","4":"has-post-thumbnail","6":"product_brand-nordvital","7":"product_cat-vyzivove-doplnky","9":"first","10":"instock","11":"taxable","12":"shipping-taxable","13":"purchasable","14":"product-type-simple"},"aioseo_notices":[],"_links":{"self":[{"href":"https:\/\/www.biokari.sk\/hu\/wp-json\/wp\/v2\/product\/9286","targetHints":{"allow":["GET"]}}],"collection":[{"href":"https:\/\/www.biokari.sk\/hu\/wp-json\/wp\/v2\/product"}],"about":[{"href":"https:\/\/www.biokari.sk\/hu\/wp-json\/wp\/v2\/types\/product"}],"replies":[{"embeddable":true,"href":"https:\/\/www.biokari.sk\/hu\/wp-json\/wp\/v2\/comments?post=9286"}],"wp:featuredmedia":[{"embeddable":true,"href":"https:\/\/www.biokari.sk\/hu\/wp-json\/wp\/v2\/media\/9583"}],"wp:attachment":[{"href":"https:\/\/www.biokari.sk\/hu\/wp-json\/wp\/v2\/media?parent=9286"}],"wp:term":[{"taxonomy":"product_brand","embeddable":true,"href":"https:\/\/www.biokari.sk\/hu\/wp-json\/wp\/v2\/product_brand?post=9286"},{"taxonomy":"product_cat","embeddable":true,"href":"https:\/\/www.biokari.sk\/hu\/wp-json\/wp\/v2\/product_cat?post=9286"},{"taxonomy":"product_tag","embeddable":true,"href":"https:\/\/www.biokari.sk\/hu\/wp-json\/wp\/v2\/product_tag?post=9286"}],"curies":[{"name":"wp","href":"https:\/\/api.w.org\/{rel}","templated":true}]}}