{"id":9294,"date":"2025-07-01T14:37:57","date_gmt":"2025-07-01T12:37:57","guid":{"rendered":"https:\/\/www.biokari.sk\/produkt\/gal-kolagenove-prasok-z-osipanych-300g\/"},"modified":"2026-04-02T19:03:29","modified_gmt":"2026-04-02T17:03:29","slug":"gal-kolagenove-prasok-z-osipanych-300g","status":"publish","type":"product","link":"https:\/\/www.biokari.sk\/hu\/termek\/gal-kolagenove-prasok-z-osipanych-300g\/","title":{"rendered":"Gal sert\u00e9s kollag\u00e9n por 300g"},"content":{"rendered":"<p data-start=\"227\" data-end=\"719\">Obsahuje kolag\u00e9n vo forme hydrolyzovan\u00fdch kolag\u00e9nov\u00fdch peptidov, v\u010faka \u010domu je \u013eahko str\u00e1vite\u013en\u00fd a r\u00fdchlo sa vstreb\u00e1va. Pravideln\u00e1 konzum\u00e1cia podporuje hydrat\u00e1ciu poko\u017eky, zni\u017euje vr\u00e1sky a prispieva k zdraviu vlasov. Podporuje pru\u017enos\u0165 k\u013abov a chrupaviek, preto je obzvl\u00e1\u0161\u0165 odpor\u00fa\u010dan\u00fd pre \u0161portovcov a star\u0161iu gener\u00e1ciu. Spev\u0148uje nechty, m\u00f4\u017ee pom\u00f4c\u0165 zn\u00ed\u017ei\u0165 l\u00e1mavos\u0165 a sten\u010denie nechtov\u00e9ho l\u00f4\u017eka. Bez chuti a z\u00e1pachu, dobre rozpustn\u00fd pr\u00e1\u0161ok, ktor\u00fd sa jednoducho zarad\u00ed do ka\u017edodennej stravy.<\/p>\n<h4 data-start=\"726\" data-end=\"746\"><strong data-start=\"729\" data-end=\"744\">Ako u\u017e\u00edva\u0165?<\/strong><\/h4>\n<p data-start=\"747\" data-end=\"1026\">Odpor\u00fa\u010dan\u00e1 denn\u00e1 d\u00e1vka je 10 g kolag\u00e9nov\u00e9ho pr\u00e1\u0161ku (zodpoved\u00e1 jednej vrchovatej polievkovej ly\u017eici). M\u00f4\u017ee sa mie\u0161a\u0165 do tepl\u00fdch aj studen\u00fdch n\u00e1pojov, prida\u0165 do smoothie, polievok alebo jogurtu. Pravideln\u00e1 ka\u017edodenn\u00e1 konzum\u00e1cia podporuje dlhodob\u00e9 zdravie poko\u017eky, vlasov a k\u013abov.<\/p>\n<p data-start=\"1028\" data-end=\"1255\"><strong data-start=\"1028\" data-end=\"1043\">Adagol\u00e1s:<\/strong> 10 g denne (1 vrchovat\u00e1 polievkov\u00e1 ly\u017eica) 1\u20132 kr\u00e1t denne. Nem\u00e1 chu\u0165, av\u0161ak m\u00e1 mierny z\u00e1pach, preto sa odpor\u00fa\u010da mie\u0161a\u0165 do pomaran\u010dov\u00e9ho d\u017e\u00fasu, kakaa alebo mlie\u010dno-vanilkov\u00e9ho n\u00e1poja, ktor\u00e9 ho v\u00fdborne prekryj\u00fa.<\/p>\n<h4 data-start=\"1262\" data-end=\"1299\"><strong data-start=\"1265\" data-end=\"1297\">Komu sa odpor\u00fa\u010da konzum\u00e1cia?<\/strong><\/h4>\n<ul data-start=\"1300\" data-end=\"1571\">\n<li data-start=\"1300\" data-end=\"1365\">\n<p data-start=\"1302\" data-end=\"1365\">V\u0161etk\u00fdm, ktor\u00ed chc\u00fa podpori\u0165 zdravie poko\u017eky, vlasov a k\u013abov.<\/p>\n<\/li>\n<li data-start=\"1366\" data-end=\"1432\">\n<p data-start=\"1368\" data-end=\"1432\">\u0160portovcom a akt\u00edvnym \u013eu\u010fom, preto\u017ee pom\u00e1ha regener\u00e1cii k\u013abov.<\/p>\n<\/li>\n<li data-start=\"1433\" data-end=\"1571\">\n<p data-start=\"1435\" data-end=\"1571\">Star\u0161ej gener\u00e1cii, ke\u010f\u017ee s prib\u00fadaj\u00facim vekom produkcia kolag\u00e9nu v tele kles\u00e1 a dop\u013a\u0148anie m\u00f4\u017ee prispie\u0165 k udr\u017eaniu pohybov\u00e9ho apar\u00e1tu.<\/p>\n<\/li>\n<\/ul>\n<h4 data-start=\"1578\" data-end=\"1613\"><strong data-start=\"1581\" data-end=\"1611\">\u010casto kladen\u00e9 ot\u00e1zky (FAQ)<\/strong><\/h4>\n<ul data-start=\"1614\" data-end=\"1925\">\n<li data-start=\"1614\" data-end=\"1666\">\n<p data-start=\"1616\" data-end=\"1666\">Produkt obsahuje 100 % pr\u00edrodn\u00fd hov\u00e4dz\u00ed kolag\u00e9n.<\/p>\n<\/li>\n<li data-start=\"1667\" data-end=\"1721\">\n<p data-start=\"1669\" data-end=\"1721\">Neobsahuje umel\u00e9 pr\u00edsady, farbiv\u00e1 ani konzervanty.<\/p>\n<\/li>\n<li data-start=\"1722\" data-end=\"1802\">\n<p data-start=\"1724\" data-end=\"1802\">Bezlepkov\u00fd, bezlakt\u00f3zov\u00fd a bez cukru, \u013eahko zaradite\u013en\u00fd do \u0161peci\u00e1lnych di\u00e9t.<\/p>\n<\/li>\n<li data-start=\"1803\" data-end=\"1872\">\n<p data-start=\"1805\" data-end=\"1872\">Pri ka\u017edodennej konzum\u00e1cii podporuje regener\u00e1ciu poko\u017eky a k\u013abov.<\/p>\n<\/li>\n<li data-start=\"1873\" data-end=\"1925\">\n<p data-start=\"1875\" data-end=\"1925\">\u00da\u010dinky s\u00fa najviac cite\u013en\u00e9 pri dlhodobom u\u017e\u00edvan\u00ed.\u00f3<\/p>\n<\/li>\n<\/ul>\n<h4 data-start=\"2541\" data-end=\"2562\"><strong data-start=\"2544\" data-end=\"2560\">Upozornenia:<\/strong><\/h4>\n<ul data-start=\"2563\" data-end=\"2719\">\n<li data-start=\"2563\" data-end=\"2604\">\n<p data-start=\"2565\" data-end=\"2604\">Odpor\u00fa\u010dan\u00fa denn\u00fa d\u00e1vku neprekra\u010dujte!<\/p>\n<\/li>\n<li data-start=\"2605\" data-end=\"2685\">\n<p data-start=\"2607\" data-end=\"2685\">V\u00fd\u017eivov\u00fd doplnok nenahr\u00e1dza vyv\u00e1\u017een\u00fa, pestr\u00fa stravu ani zdrav\u00fd \u017eivotn\u00fd \u0161t\u00fdl.<\/p>\n<\/li>\n<li data-start=\"2686\" data-end=\"2719\">\n<p data-start=\"2688\" data-end=\"2719\">Gyermekek el\u0151l elz\u00e1rva tartand\u00f3!<\/p>\n<\/li>\n<\/ul>\n<p><strong>S\u00faly:<\/strong> 300g<br \/>\nSz\u00e1raz helyen t\u00e1rolja.<br \/>\n<strong>Minim\u00e1lis eltarthat\u00f3s\u00e1gi id\u0151:<\/strong> l\u00e1sd a csomagol\u00e1st<\/p>","protected":false},"excerpt":{"rendered":"<p>Obsahuje kolag\u00e9n vo forme hydrolyzovan\u00fdch kolag\u00e9nov\u00fdch peptidov, v\u010faka \u010domu je \u013eahko str\u00e1vite\u013en\u00fd a r\u00fdchlo sa vstreb\u00e1va. Pravideln\u00e1 konzum\u00e1cia podporuje hydrat\u00e1ciu poko\u017eky, zni\u017euje vr\u00e1sky a prispieva k zdraviu vlasov. Podporuje pru\u017enos\u0165 k\u013abov a chrupaviek, preto je obzvl\u00e1\u0161\u0165 odpor\u00fa\u010dan\u00fd pre \u0161portovcov a star\u0161iu gener\u00e1ciu. Spev\u0148uje nechty, m\u00f4\u017ee pom\u00f4c\u0165 zn\u00ed\u017ei\u0165 l\u00e1mavos\u0165 a sten\u010denie nechtov\u00e9ho l\u00f4\u017eka. Bez chuti a [&hellip;]<\/p>","protected":false},"featured_media":9760,"comment_status":"open","ping_status":"closed","template":"","meta":{"inline_featured_image":false},"product_brand":[113],"product_cat":[69,146,145],"product_tag":[],"class_list":{"0":"post-9294","1":"product","2":"type-product","3":"status-publish","4":"has-post-thumbnail","6":"product_brand-gal","7":"product_cat-vyzivove-doplnky","8":"product_cat-klby-a-reuma","9":"product_cat-krasa","11":"first","12":"instock","13":"taxable","14":"shipping-taxable","15":"purchasable","16":"product-type-simple"},"aioseo_notices":[],"_links":{"self":[{"href":"https:\/\/www.biokari.sk\/hu\/wp-json\/wp\/v2\/product\/9294","targetHints":{"allow":["GET"]}}],"collection":[{"href":"https:\/\/www.biokari.sk\/hu\/wp-json\/wp\/v2\/product"}],"about":[{"href":"https:\/\/www.biokari.sk\/hu\/wp-json\/wp\/v2\/types\/product"}],"replies":[{"embeddable":true,"href":"https:\/\/www.biokari.sk\/hu\/wp-json\/wp\/v2\/comments?post=9294"}],"wp:featuredmedia":[{"embeddable":true,"href":"https:\/\/www.biokari.sk\/hu\/wp-json\/wp\/v2\/media\/9760"}],"wp:attachment":[{"href":"https:\/\/www.biokari.sk\/hu\/wp-json\/wp\/v2\/media?parent=9294"}],"wp:term":[{"taxonomy":"product_brand","embeddable":true,"href":"https:\/\/www.biokari.sk\/hu\/wp-json\/wp\/v2\/product_brand?post=9294"},{"taxonomy":"product_cat","embeddable":true,"href":"https:\/\/www.biokari.sk\/hu\/wp-json\/wp\/v2\/product_cat?post=9294"},{"taxonomy":"product_tag","embeddable":true,"href":"https:\/\/www.biokari.sk\/hu\/wp-json\/wp\/v2\/product_tag?post=9294"}],"curies":[{"name":"wp","href":"https:\/\/api.w.org\/{rel}","templated":true}]}}