{"id":9300,"date":"2025-07-01T14:37:58","date_gmt":"2025-07-01T12:37:58","guid":{"rendered":"https:\/\/www.biokari.sk\/produkt\/nordvital-kreatin-prasok-500g\/"},"modified":"2026-05-01T19:01:09","modified_gmt":"2026-05-01T17:01:09","slug":"nordvital-kreatin-prasok-500g","status":"publish","type":"product","link":"https:\/\/www.biokari.sk\/hu\/termek\/nordvital-kreatin-prasok-500g\/","title":{"rendered":"Nordvital kreatin por 500g"},"content":{"rendered":"<p data-start=\"1462\" data-end=\"1779\">Nordvital Mikronizovan\u00fd Kreat\u00edn-monohydr\u00e1t je vysoko \u010dist\u00fd doplnok v\u00fd\u017eivy bez pr\u00eddavn\u00fdch l\u00e1tok, ur\u010den\u00fd pre \u0161portovcov a \u013eud\u00ed s akt\u00edvnym \u017eivotn\u00fdm \u0161t\u00fdlom. Mikronizovan\u00e1 forma znamen\u00e1 jemnej\u0161ie \u010dastice, \u010do zais\u0165uje lep\u0161iu rozpustnos\u0165 vo vode alebo inom n\u00e1poji. Ide\u00e1lny na u\u017e\u00edvanie pred alebo po tr\u00e9ningu.<\/p>\n<p data-start=\"1781\" data-end=\"1850\"><strong data-start=\"1781\" data-end=\"1809\">\u00da\u010dinn\u00e1 l\u00e1tka \/ Zlo\u017eenie: <\/strong>100\u202f% mikronizovan\u00fd kreat\u00edn-monohydr\u00e1t<\/p>\n<p data-start=\"1852\" data-end=\"2028\"><strong data-start=\"1852\" data-end=\"1867\">Adagol\u00e1s: <\/strong>Zmie\u0161ajte 1 d\u00e1vku (5 g) pr\u00e1\u0161ku s cca 200 ml vody.<br data-start=\"1919\" data-end=\"1922\" \/><strong>Haszn\u00e1lat:<\/strong><br data-start=\"1931\" data-end=\"1934\" \/>\u2013 <strong data-start=\"1936\" data-end=\"1956\">v tr\u00e9ningov\u00e9 dni<\/strong>: 15 min\u00fat pred tr\u00e9ningom<br data-start=\"1981\" data-end=\"1984\" \/>\u2013 <strong data-start=\"1986\" data-end=\"2005\">v dni odpo\u010dinku<\/strong>: r\u00e1no s prv\u00fdm jedlom<\/p>\n<p data-start=\"2030\" data-end=\"2137\">Odm\u011brka v balen\u00ed sl\u00fa\u017ei len na orienta\u010dn\u00e9 meranie. Pre presn\u00e9 d\u00e1vkovanie v\u017edy pou\u017e\u00edvajte digit\u00e1lnu v\u00e1hu.<\/p>\n<p data-start=\"2139\" data-end=\"2233\"><strong data-start=\"2139\" data-end=\"2155\">T\u00e1rol\u00e1s: <\/strong>Na suchom, chladnom mieste, mimo dosahu det\u00ed a priameho slne\u010dn\u00e9ho \u017eiarenia.<\/p>\n<p data-start=\"2235\" data-end=\"2524\"><strong data-start=\"2235\" data-end=\"2251\">Figyelmeztet\u00e9s: <\/strong>V\u00fd\u017eivov\u00fd doplnok nie je n\u00e1hradou pestrej a vyv\u00e1\u017eenej stravy ani zdrav\u00e9ho \u017eivotn\u00e9ho \u0161t\u00fdlu.<br data-start=\"2343\" data-end=\"2346\" \/>Ne l\u00e9pje t\u00fal az aj\u00e1nlott napi adagot!<br data-start=\"2383\" data-end=\"2386\" \/>Neu\u017e\u00edvajte, ak ste alergick\u00fd na ktor\u00fako\u013evek zo zlo\u017eiek.<br data-start=\"2441\" data-end=\"2444\" \/>Pred pou\u017eit\u00edm sa odpor\u00fa\u010da poradi\u0165 sa s tr\u00e9nerom alebo zdravotn\u00edckym pracovn\u00edkom.<\/p>\n<p data-start=\"1647\" data-end=\"1743\"><strong>S\u00faly: <\/strong>500g<\/p>\n<p data-start=\"1647\" data-end=\"1743\">Sz\u00e1raz helyen t\u00e1rolja.<br \/>\n<strong>Minim\u00e1lis eltarthat\u00f3s\u00e1gi id\u0151:<\/strong> l\u00e1sd a csomagol\u00e1st.<\/p>","protected":false},"excerpt":{"rendered":"<p>Nordvital Mikronizovan\u00fd Kreat\u00edn-monohydr\u00e1t je vysoko \u010dist\u00fd doplnok v\u00fd\u017eivy bez pr\u00eddavn\u00fdch l\u00e1tok, ur\u010den\u00fd pre \u0161portovcov a \u013eud\u00ed s akt\u00edvnym \u017eivotn\u00fdm \u0161t\u00fdlom. Mikronizovan\u00e1 forma znamen\u00e1 jemnej\u0161ie \u010dastice, \u010do zais\u0165uje lep\u0161iu rozpustnos\u0165 vo vode alebo inom n\u00e1poji. Ide\u00e1lny na u\u017e\u00edvanie pred alebo po tr\u00e9ningu. \u00da\u010dinn\u00e1 l\u00e1tka \/ Zlo\u017eenie: 100\u202f% mikronizovan\u00fd kreat\u00edn-monohydr\u00e1t D\u00e1vkovanie: Zmie\u0161ajte 1 d\u00e1vku (5 g) pr\u00e1\u0161ku [&hellip;]<\/p>","protected":false},"featured_media":9564,"comment_status":"open","ping_status":"closed","template":"","meta":{"inline_featured_image":false},"product_brand":[112],"product_cat":[69],"product_tag":[],"class_list":{"0":"post-9300","1":"product","2":"type-product","3":"status-publish","4":"has-post-thumbnail","6":"product_brand-nordvital","7":"product_cat-vyzivove-doplnky","9":"first","10":"instock","11":"taxable","12":"shipping-taxable","13":"purchasable","14":"product-type-simple"},"aioseo_notices":[],"_links":{"self":[{"href":"https:\/\/www.biokari.sk\/hu\/wp-json\/wp\/v2\/product\/9300","targetHints":{"allow":["GET"]}}],"collection":[{"href":"https:\/\/www.biokari.sk\/hu\/wp-json\/wp\/v2\/product"}],"about":[{"href":"https:\/\/www.biokari.sk\/hu\/wp-json\/wp\/v2\/types\/product"}],"replies":[{"embeddable":true,"href":"https:\/\/www.biokari.sk\/hu\/wp-json\/wp\/v2\/comments?post=9300"}],"wp:featuredmedia":[{"embeddable":true,"href":"https:\/\/www.biokari.sk\/hu\/wp-json\/wp\/v2\/media\/9564"}],"wp:attachment":[{"href":"https:\/\/www.biokari.sk\/hu\/wp-json\/wp\/v2\/media?parent=9300"}],"wp:term":[{"taxonomy":"product_brand","embeddable":true,"href":"https:\/\/www.biokari.sk\/hu\/wp-json\/wp\/v2\/product_brand?post=9300"},{"taxonomy":"product_cat","embeddable":true,"href":"https:\/\/www.biokari.sk\/hu\/wp-json\/wp\/v2\/product_cat?post=9300"},{"taxonomy":"product_tag","embeddable":true,"href":"https:\/\/www.biokari.sk\/hu\/wp-json\/wp\/v2\/product_tag?post=9300"}],"curies":[{"name":"wp","href":"https:\/\/api.w.org\/{rel}","templated":true}]}}