{"id":9304,"date":"2025-07-01T14:37:59","date_gmt":"2025-07-01T12:37:59","guid":{"rendered":"https:\/\/www.biokari.sk\/produkt\/nordvital-cajova-zmes-na-srdce-90g-2\/"},"modified":"2026-01-27T08:41:55","modified_gmt":"2026-01-27T07:41:55","slug":"nordvital-cajova-zmes-na-srdce-90g-2","status":"publish","type":"product","link":"https:\/\/www.biokari.sk\/hu\/termek\/nordvital-teakeverek-a-szivnek-90g-2\/","title":{"rendered":"Nordvital teakever\u00e9k a sz\u00edv\u00e9rt 90g"},"content":{"rendered":"<p data-start=\"1619\" data-end=\"1952\">A Nordvital sz\u00edvet t\u00e1mogat\u00f3 teakever\u00e9ke galagonyavir\u00e1gv\u00e9geket, sz\u00edvlevel\u0171 k\u00f6k\u00e9nyt, citromf\u0171levelet, csipkebogy\u00f3t \u00e9s hibiszkuszvir\u00e1got tartalmaz. Ezeket a gy\u00f3gyn\u00f6v\u00e9nyeket a hagyom\u00e1nyos n\u00e9pi gy\u00f3gy\u00e1szatban a sz\u00edv- \u00e9s \u00e9rrendszer komfort\u00e9rzet\u00e9nek t\u00e1mogat\u00e1s\u00e1val hozt\u00e1k \u00f6sszef\u00fcgg\u00e9sbe.<br data-start=\"1865\" data-end=\"1868\" \/>A kiegyens\u00falyozott formula kellemes \u00edzt k\u00edn\u00e1l, \u00e9s alkalmas a mindennapi tudatos te\u00e1z\u00e1s sz\u00e1m\u00e1ra.<\/p>\n<p data-start=\"1954\" data-end=\"1969\"><strong data-start=\"1954\" data-end=\"1967\">\u00d6sszet\u00e9tel:\u00a0<\/strong>A galagonya vir\u00e1gz\u00f3 v\u00e9gei (Crataegi folium cum flore), a gyermekl\u00e1ncf\u0171 (Leonuri cardiacae herba), a melissa levelei (Melissae folium), a csipkebogy\u00f3 (Rosae pseudofructus), a hibiszkusz vir\u00e1gai (Hibisci sabdariffae flos).<\/p>\n<p data-start=\"2211\" data-end=\"2396\"><strong>Haszn\u00e1lati utas\u00edt\u00e1s:<\/strong>\u00d6nts\u00f6n 1 te\u00e1skan\u00e1lnyi kever\u00e9ket 1,5 dl forr\u00f3 v\u00edzzel, fedje le, \u00e9s hagyja \u00e1llni 10 percig.<\/p>\n<p data-start=\"2211\" data-end=\"2396\"><strong data-start=\"2324\" data-end=\"2351\">Aj\u00e1nlott napi adag:<\/strong> 3-4 cs\u00e9sze naponta, legal\u00e1bb 6 h\u00e9ten kereszt\u00fcl.<\/p>\n<p data-start=\"2398\" data-end=\"2416\"><strong data-start=\"2398\" data-end=\"2414\">Figyelmeztet\u00e9s: <\/strong>Terhes \u00e9s szoptat\u00f3 n\u0151k sz\u00e1m\u00e1ra nem alkalmas. A term\u00e9k \u00e9lelmiszer, nem helyettes\u00edti az orvosi kezel\u00e9st. Nem alkalmas olyan szem\u00e9lyek sz\u00e1m\u00e1ra, akik allergi\u00e1sak vagy t\u00fal\u00e9rz\u00e9kenyek b\u00e1rmelyik \u00f6sszetev\u0151re. Ha gy\u00f3gyszert szed vagy folyamatos orvosi kezel\u00e9s alatt \u00e1ll, haszn\u00e1lat el\u0151tt konzult\u00e1ljon orvos\u00e1val vagy gy\u00f3gyszer\u00e9sz\u00e9vel.\u00a0<\/p>\n\n\n<p>S\u00faly: 90g<\/p>\n\n\n\n<p>Sz\u00e1raz helyen t\u00e1rolja. <br><strong>Minim\u00e1lis eltarthat\u00f3s\u00e1gi id\u0151:<\/strong> l\u00e1sd a csomagol\u00e1st.<\/p>\n\n\n\n<p><\/p>","protected":false},"excerpt":{"rendered":"<p>\u010cajov\u00e1 zmes Nordvital na podporu srdca obsahuje kvetn\u00e9 konce hlohu, pamajor\u00e1n srdcovit\u00fd, listy medovky, plody \u0161\u00edpky a kvety ibi\u0161teka. Tieto byliny sa v tradi\u010dnom \u013eudovom lie\u010dite\u013estve sp\u00e1jali s podporou komfortu srdcovo-cievneho syst\u00e9mu.Vyv\u00e1\u017een\u00e1 recept\u00fara pon\u00faka pr\u00edjemn\u00fa chu\u0165 a je vhodn\u00e1 na ka\u017edodenn\u00e9 vedom\u00e9 pitie \u010daju. Zlo\u017eenie:\u00a0Kvetn\u00e9 konce hlohu (Crataegi folium cum flore), Pamajor\u00e1n srdcovit\u00fd (Leonuri cardiacae [&hellip;]<\/p>","protected":false},"featured_media":9559,"comment_status":"open","ping_status":"closed","template":"","meta":{"inline_featured_image":false},"product_brand":[112],"product_cat":[148,151],"product_tag":[],"class_list":{"0":"post-9304","1":"product","2":"type-product","3":"status-publish","4":"has-post-thumbnail","6":"product_brand-nordvital","7":"product_cat-liecive-rastliny","8":"product_cat-srdcovo-cievny-system-liecive-rastliny","10":"first","11":"onbackorder","12":"taxable","13":"shipping-taxable","14":"purchasable","15":"product-type-simple"},"aioseo_notices":[],"_links":{"self":[{"href":"https:\/\/www.biokari.sk\/hu\/wp-json\/wp\/v2\/product\/9304","targetHints":{"allow":["GET"]}}],"collection":[{"href":"https:\/\/www.biokari.sk\/hu\/wp-json\/wp\/v2\/product"}],"about":[{"href":"https:\/\/www.biokari.sk\/hu\/wp-json\/wp\/v2\/types\/product"}],"replies":[{"embeddable":true,"href":"https:\/\/www.biokari.sk\/hu\/wp-json\/wp\/v2\/comments?post=9304"}],"wp:featuredmedia":[{"embeddable":true,"href":"https:\/\/www.biokari.sk\/hu\/wp-json\/wp\/v2\/media\/9559"}],"wp:attachment":[{"href":"https:\/\/www.biokari.sk\/hu\/wp-json\/wp\/v2\/media?parent=9304"}],"wp:term":[{"taxonomy":"product_brand","embeddable":true,"href":"https:\/\/www.biokari.sk\/hu\/wp-json\/wp\/v2\/product_brand?post=9304"},{"taxonomy":"product_cat","embeddable":true,"href":"https:\/\/www.biokari.sk\/hu\/wp-json\/wp\/v2\/product_cat?post=9304"},{"taxonomy":"product_tag","embeddable":true,"href":"https:\/\/www.biokari.sk\/hu\/wp-json\/wp\/v2\/product_tag?post=9304"}],"curies":[{"name":"wp","href":"https:\/\/api.w.org\/{rel}","templated":true}]}}