{"id":9306,"date":"2025-07-01T14:38:00","date_gmt":"2025-07-01T12:38:00","guid":{"rendered":"https:\/\/www.biokari.sk\/produkt\/nordvital-stress-control-kapsuly-60ks\/"},"modified":"2026-04-30T19:01:26","modified_gmt":"2026-04-30T17:01:26","slug":"nordvital-stress-control-kapsuly-60ks","status":"publish","type":"product","link":"https:\/\/www.biokari.sk\/hu\/termek\/nordvital-stress-control-kapsuly-60ks\/","title":{"rendered":"Nordvital Stresszkontroll kapszula 60db"},"content":{"rendered":"<p data-start=\"2025\" data-end=\"2359\">Stress Control kapsula je v\u00fd\u017eivov\u00fd doplnok s vybran\u00fdmi rastlinn\u00fdmi extraktmi a d\u00f4le\u017eit\u00fdmi vitam\u00ednmi a miner\u00e1lmi.<br data-start=\"2141\" data-end=\"2144\" \/>Obsahuje ashwagandhu KSM-66\u00ae, medovku, rozchodnicu ru\u017eov\u00fa, L-tean\u00edn, GABA, ako aj vitam\u00edny skupiny B a hor\u010d\u00edk \u2013 l\u00e1tky, ktor\u00e9 sa tradi\u010dne pou\u017e\u00edvaj\u00fa po\u010das stresov\u00fdch obdob\u00ed. Vhodn\u00e9 ako s\u00fa\u010das\u0165 denn\u00e9ho doplnenia v\u00fd\u017eivy.<\/p>\n<p data-start=\"2361\" data-end=\"2394\"><strong data-start=\"2361\" data-end=\"2394\">\u00da\u010dinn\u00e9 l\u00e1tky (v 2 kapsul\u00e1ch):<br \/>\n<\/strong> Tiam\u00edn (vitam\u00edn B1): 25 mg (*)<br \/>\nRiboflav\u00edn (vitam\u00edn B2): 25 mg (*)<br \/>\nVitam\u00edn B6: 12 mg (*)<br \/>\nHor\u010d\u00edk: 57 mg (*)<br \/>\nL-tean\u00edn: 200 mg (**)<br \/>\nKSM-66\u00ae ashwagandha extrakt z kore\u0148a: 249 mg (**)<br \/>\nGABA (kyselina gama-aminomaslov\u00e1): 200 mg (**)<br \/>\nExtrakt z medovky lek\u00e1rskej 4:1: 100 mg (**)<br \/>\nExtrakt z rozchodnice ru\u017eovej 4:1: 100 mg (**)<\/p>\n<p data-start=\"2731\" data-end=\"2817\">(*) Referen\u010dn\u00e1 hodnota pr\u00edjmu pre dospel\u00fdch<br data-start=\"2774\" data-end=\"2777\" \/>(**) Referen\u010dn\u00e1 hodnota nie je stanoven\u00e1<\/p>\n<p data-start=\"2819\" data-end=\"3074\"><strong data-start=\"2819\" data-end=\"2832\">\u00d6sszet\u00e9tel:<\/strong> hor\u010d\u00edk-bisglycin\u00e1t, extrakt zo zelen\u00e9ho \u010daju, hydroxypropylmetylcelul\u00f3za (veg\u00e1nska kapsula), KSM-66\u00ae ashwagandha, GABA, extrakt z rozchodnice ru\u017eovej, extrakt z medovky, leuc\u00edn, tiam\u00edn-mononitr\u00e1t, riboflav\u00edn, pyridoxal-5-fosf\u00e1t, ry\u017eov\u00e1 m\u00faka.<\/p>\n<p data-start=\"3076\" data-end=\"3244\"><strong data-start=\"3076\" data-end=\"3091\">Adagol\u00e1s:<\/strong> 2 kapsuly denne spolu s jedlom.<br data-start=\"3123\" data-end=\"3126\" \/><strong data-start=\"3126\" data-end=\"3142\">T\u00e1rol\u00e1s:<\/strong> uchov\u00e1vajte na suchom mieste mimo priameho slne\u010dn\u00e9ho \u017eiarenia, pri izbovej teplote, mimo dosahu det\u00ed.<\/p>\n<p data-start=\"3246\" data-end=\"3464\"><strong data-start=\"3246\" data-end=\"3262\">Figyelmeztet\u00e9s: <\/strong>V\u00fd\u017eivov\u00fd doplnok nie je n\u00e1hradou pestrej a vyv\u00e1\u017eenej stravy ani zdrav\u00e9ho \u017eivotn\u00e9ho \u0161t\u00fdlu. Neprekra\u010dujte odpor\u00fa\u010dan\u00fa denn\u00fa d\u00e1vku. Neu\u017e\u00edvajte, ak ste alergick\u00fd alebo precitliven\u00fd na niektor\u00fa zo zlo\u017eiek.<\/p>","protected":false},"excerpt":{"rendered":"<p>Stress Control kapsula je v\u00fd\u017eivov\u00fd doplnok s vybran\u00fdmi rastlinn\u00fdmi extraktmi a d\u00f4le\u017eit\u00fdmi vitam\u00ednmi a miner\u00e1lmi.Obsahuje ashwagandhu KSM-66\u00ae, medovku, rozchodnicu ru\u017eov\u00fa, L-tean\u00edn, GABA, ako aj vitam\u00edny skupiny B a hor\u010d\u00edk \u2013 l\u00e1tky, ktor\u00e9 sa tradi\u010dne pou\u017e\u00edvaj\u00fa po\u010das stresov\u00fdch obdob\u00ed. Vhodn\u00e9 ako s\u00fa\u010das\u0165 denn\u00e9ho doplnenia v\u00fd\u017eivy. \u00da\u010dinn\u00e9 l\u00e1tky (v 2 kapsul\u00e1ch): Tiam\u00edn (vitam\u00edn B1): 25 mg (*) [&hellip;]<\/p>","protected":false},"featured_media":9558,"comment_status":"open","ping_status":"closed","template":"","meta":{"inline_featured_image":false},"product_brand":[112],"product_cat":[69],"product_tag":[],"class_list":{"0":"post-9306","1":"product","2":"type-product","3":"status-publish","4":"has-post-thumbnail","6":"product_brand-nordvital","7":"product_cat-vyzivove-doplnky","9":"first","10":"instock","11":"taxable","12":"shipping-taxable","13":"purchasable","14":"product-type-simple"},"aioseo_notices":[],"_links":{"self":[{"href":"https:\/\/www.biokari.sk\/hu\/wp-json\/wp\/v2\/product\/9306","targetHints":{"allow":["GET"]}}],"collection":[{"href":"https:\/\/www.biokari.sk\/hu\/wp-json\/wp\/v2\/product"}],"about":[{"href":"https:\/\/www.biokari.sk\/hu\/wp-json\/wp\/v2\/types\/product"}],"replies":[{"embeddable":true,"href":"https:\/\/www.biokari.sk\/hu\/wp-json\/wp\/v2\/comments?post=9306"}],"wp:featuredmedia":[{"embeddable":true,"href":"https:\/\/www.biokari.sk\/hu\/wp-json\/wp\/v2\/media\/9558"}],"wp:attachment":[{"href":"https:\/\/www.biokari.sk\/hu\/wp-json\/wp\/v2\/media?parent=9306"}],"wp:term":[{"taxonomy":"product_brand","embeddable":true,"href":"https:\/\/www.biokari.sk\/hu\/wp-json\/wp\/v2\/product_brand?post=9306"},{"taxonomy":"product_cat","embeddable":true,"href":"https:\/\/www.biokari.sk\/hu\/wp-json\/wp\/v2\/product_cat?post=9306"},{"taxonomy":"product_tag","embeddable":true,"href":"https:\/\/www.biokari.sk\/hu\/wp-json\/wp\/v2\/product_tag?post=9306"}],"curies":[{"name":"wp","href":"https:\/\/api.w.org\/{rel}","templated":true}]}}