{"id":9313,"date":"2025-07-01T15:01:54","date_gmt":"2025-07-01T13:01:54","guid":{"rendered":"https:\/\/www.biokari.sk\/produkt\/gyorgytea-cajova-zmes-skorocel-no-42-100g\/"},"modified":"2026-04-30T19:01:24","modified_gmt":"2026-04-30T17:01:24","slug":"gyorgytea-cajova-zmes-skorocel-no-42-100g","status":"publish","type":"product","link":"https:\/\/www.biokari.sk\/hu\/termek\/gyorgytea-teakeverek-plantain-no-42-100g\/","title":{"rendered":"Gy\u00f6rgytea teakever\u00e9k - G\u00f6r\u00f6gsz\u00e9na - No. 42 - 100g"},"content":{"rendered":"<p data-start=\"0\" data-end=\"332\">Seg\u00edt a pollenallergi\u00e1ban szenved\u0151knek, hogy szinte t\u00fcnetmentesen v\u00e9szelj\u00e9k \u00e1t a neh\u00e9z id\u0151szakot. Olyan n\u00f6v\u00e9nyeket tartalmaz, amelyek szab\u00e1lyozz\u00e1k az immunrendszer aktivit\u00e1s\u00e1t \u00e9s t\u00e1mogatj\u00e1k a szervezet v\u00e9dekez\u0151 mechanizmusait. A kever\u00e9kben l\u00e9v\u0151 gy\u00f3gyn\u00f6v\u00e9nyek egym\u00e1s hat\u00e1s\u00e1t er\u0151s\u00edtik.<\/p>\n<p data-start=\"334\" data-end=\"482\">Gyakori k\u00e9rd\u00e9s, hogy a teakever\u00e9k alkalmas-e arra is, hogy <strong data-start=\"383\" data-end=\"417\">allergia a l\u00e1ndzs\u00e1s level\u0171 gyalogak\u00e1cra<\/strong>. B\u00e1csi Gyuri elmagyar\u00e1zza, mikor aj\u00e1nlja a teaiv\u00e1st <strong data-start=\"465\" data-end=\"479\">allergia eset\u00e9n<\/strong>.<\/p>\n<p data-start=\"489\" data-end=\"504\"><strong data-start=\"489\" data-end=\"502\">\u00d6sszet\u00e9tel: <\/strong>l\u00e1ndzs\u00e1smenta, kakukkf\u0171, \u00fatif\u0171lev\u00e9l.<\/p>\n<p data-start=\"598\" data-end=\"740\"><strong data-start=\"598\" data-end=\"611\">El\u0151k\u00e9sz\u00edt\u00e9s: <\/strong>1 halmozott ev\u0151kan\u00e1l (3 g) a teakever\u00e9kb\u0151l \u00f6nts\u00fcnk le <strong data-start=\"660\" data-end=\"683\">2,5 dl forr\u00f3 v\u00edz<\/strong>,<br data-start=\"684\" data-end=\"687\" \/>15 perc eltelt\u00e9vel lecs\u00f6p\u00f6gtetj\u00fck. <strong data-start=\"710\" data-end=\"738\">Ne haszn\u00e1ljon f\u00e9m sz\u0171r\u0151t!<\/strong><\/p>\n<p data-start=\"747\" data-end=\"969\"><strong data-start=\"747\" data-end=\"760\">Haszn\u00e1lat: <\/strong>A nap b\u00e1rmely szak\u00e1ban fogyaszthat\u00f3, <strong data-start=\"789\" data-end=\"815\">lehet\u0151leg \u00edzes\u00edtetlen<\/strong>.<br data-start=\"816\" data-end=\"819\" \/>Napi adag: <strong data-start=\"832\" data-end=\"849\">1 cs\u00e9sze naponta<\/strong>, lehet inni <strong data-start=\"864\" data-end=\"888\">korl\u00e1tlan id\u0151<\/strong>.<br data-start=\"889\" data-end=\"892\" \/>Pollenallergia eset\u00e9n el kell kezdeni inni <strong data-start=\"928\" data-end=\"966\">legk\u00e9s\u0151bb a t\u00e9li id\u0151szak v\u00e9g\u00e9n<\/strong>.<\/p>\n<p data-start=\"976\" data-end=\"998\"><strong data-start=\"976\" data-end=\"996\">Ellenjavallatok:\u00a0 <\/strong>nem aj\u00e1nlott <strong data-start=\"1021\" data-end=\"1047\">terhess\u00e9g \u00e9s szoptat\u00e1s<\/strong>, a gyermekek a <strong data-start=\"1062\" data-end=\"1073\">6 \u00e9v<\/strong> h\u00edg\u00edtva t\u00e1laljuk (1 te\u00e1skan\u00e1l teakever\u00e9k 2,5 dl v\u00edzhez).<\/p>\n<p data-start=\"1157\" data-end=\"1189\" data-is-last-node=\"\" data-is-only-node=\"\"><strong data-start=\"1157\" data-end=\"1178\">Csomag s\u00falya:<\/strong> <strong data-start=\"1179\" data-end=\"1188\">100 g<\/strong>.<\/p>","protected":false},"excerpt":{"rendered":"<p>Pom\u00e1ha \u013eu\u010fom trpiacim na pe\u013eov\u00fa alergiu pre\u017ei\u0165 \u0165a\u017ek\u00e9 obdobie takmer bez pr\u00edznakov. Obsahuje rastliny, ktor\u00e9 reguluj\u00fa \u010dinnos\u0165 imunitn\u00e9ho syst\u00e9mu a podporuj\u00fa obrann\u00e9 mechanizmy organizmu. Lie\u010div\u00e9 byliny v zmesi sa navz\u00e1jom vo svojom \u00fa\u010dinku posil\u0148uj\u00fa. \u010cast\u00e1 ot\u00e1zka je, \u010di je \u010dajov\u00e1 zmes vhodn\u00e1 aj pri alergii na skorocel kopijovit\u00fd. Gyuri b\u00e1csi vysvet\u013euje, kedy odpor\u00fa\u010da pi\u0165 \u010daj [&hellip;]<\/p>","protected":false},"featured_media":9634,"comment_status":"open","ping_status":"closed","template":"","meta":{"inline_featured_image":false},"product_brand":[],"product_cat":[148,153,149],"product_tag":[],"class_list":{"0":"post-9313","1":"product","2":"type-product","3":"status-publish","4":"has-post-thumbnail","6":"product_cat-liecive-rastliny","7":"product_cat-dychacie-cesty-liecive-rastliny","8":"product_cat-liecive-rastliny-posilnenie-imunity","10":"first","11":"instock","12":"taxable","13":"shipping-taxable","14":"purchasable","15":"product-type-simple"},"aioseo_notices":[],"_links":{"self":[{"href":"https:\/\/www.biokari.sk\/hu\/wp-json\/wp\/v2\/product\/9313","targetHints":{"allow":["GET"]}}],"collection":[{"href":"https:\/\/www.biokari.sk\/hu\/wp-json\/wp\/v2\/product"}],"about":[{"href":"https:\/\/www.biokari.sk\/hu\/wp-json\/wp\/v2\/types\/product"}],"replies":[{"embeddable":true,"href":"https:\/\/www.biokari.sk\/hu\/wp-json\/wp\/v2\/comments?post=9313"}],"wp:featuredmedia":[{"embeddable":true,"href":"https:\/\/www.biokari.sk\/hu\/wp-json\/wp\/v2\/media\/9634"}],"wp:attachment":[{"href":"https:\/\/www.biokari.sk\/hu\/wp-json\/wp\/v2\/media?parent=9313"}],"wp:term":[{"taxonomy":"product_brand","embeddable":true,"href":"https:\/\/www.biokari.sk\/hu\/wp-json\/wp\/v2\/product_brand?post=9313"},{"taxonomy":"product_cat","embeddable":true,"href":"https:\/\/www.biokari.sk\/hu\/wp-json\/wp\/v2\/product_cat?post=9313"},{"taxonomy":"product_tag","embeddable":true,"href":"https:\/\/www.biokari.sk\/hu\/wp-json\/wp\/v2\/product_tag?post=9313"}],"curies":[{"name":"wp","href":"https:\/\/api.w.org\/{rel}","templated":true}]}}